{"id":1177,"date":"2020-05-15T03:47:47","date_gmt":"2020-05-15T03:47:47","guid":{"rendered":"https:\/\/www.ftepeyac.com.mx\/?page_id=1177"},"modified":"2021-04-26T22:50:19","modified_gmt":"2021-04-26T22:50:19","slug":"noticias","status":"publish","type":"page","link":"https:\/\/www.ftepeyac.com.mx\/en\/noticias\/","title":{"rendered":"News"},"content":{"rendered":"<div class=\"vc_row wpb_row vc_row-fluid p-0 news-hero vc_row-o-equal-height vc_row-flex\"><div class=\"p-0 btn-hero col-sm-12 col-md-12 col-lg-7 wpb_column vc_column_container vc_col-sm-12\"><div class=\"vc_column-inner vc_custom_1591831316117\"><div class=\"wpb_wrapper\">\r\n<div class=\"vc_grid-container-wrapper vc_clearfix\">\r\n\t<div class=\"vc_grid-container vc_clearfix wpb_content_element vc_basic_grid max-hero\" data-initial-loading-animation=\"fadeIn\" data-vc-grid-settings=\"{&quot;page_id&quot;:1177,&quot;style&quot;:&quot;all&quot;,&quot;action&quot;:&quot;vc_get_vc_grid_data&quot;,&quot;shortcode_id&quot;:&quot;1619477401766-d1d4efd8-984a-5&quot;,&quot;tag&quot;:&quot;vc_basic_grid&quot;}\" data-vc-request=\"https:\/\/www.ftepeyac.com.mx\/wp-admin\/admin-ajax.php\" data-vc-post-id=\"1177\" data-vc-public-nonce=\"4473e56bfb\">\r\n\t\t\r\n\t<\/div>\r\n<\/div><\/div><\/div><\/div><div class=\"col-sm-12 col-md-12 col-lg-5 wpb_column vc_column_container vc_col-sm-12 vc_col-lg-5 vc_col-md-12 vc_col-xs-12\"><div class=\"vc_column-inner vc_custom_1591831344352\"><div class=\"wpb_wrapper\">\r\n<div class=\"vc_grid-container-wrapper vc_clearfix\">\r\n\t<div class=\"vc_grid-container vc_clearfix wpb_content_element vc_basic_grid vc_custom_1591024730680 max-hero-2\" data-initial-loading-animation=\"fadeIn\" data-vc-grid-settings=\"{&quot;page_id&quot;:1177,&quot;style&quot;:&quot;all&quot;,&quot;action&quot;:&quot;vc_get_vc_grid_data&quot;,&quot;shortcode_id&quot;:&quot;1619477401768-3446d511-ef11-10&quot;,&quot;tag&quot;:&quot;vc_basic_grid&quot;}\" data-vc-request=\"https:\/\/www.ftepeyac.com.mx\/wp-admin\/admin-ajax.php\" data-vc-post-id=\"1177\" data-vc-public-nonce=\"4473e56bfb\">\r\n\t\t\r\n\t<\/div>\r\n<\/div>\r\n<div class=\"vc_grid-container-wrapper vc_clearfix\">\r\n\t<div class=\"vc_grid-container vc_clearfix wpb_content_element vc_basic_grid vc_custom_1591026175481 max-hero-2\" data-initial-loading-animation=\"fadeIn\" data-vc-grid-settings=\"{&quot;page_id&quot;:1177,&quot;style&quot;:&quot;all&quot;,&quot;action&quot;:&quot;vc_get_vc_grid_data&quot;,&quot;shortcode_id&quot;:&quot;1619477401769-9f80cfe1-3f55-9&quot;,&quot;tag&quot;:&quot;vc_basic_grid&quot;}\" data-vc-request=\"https:\/\/www.ftepeyac.com.mx\/wp-admin\/admin-ajax.php\" data-vc-post-id=\"1177\" data-vc-public-nonce=\"4473e56bfb\">\r\n\t\t\r\n\t<\/div>\r\n<\/div><\/div><\/div><\/div><\/div><div class=\"vc_row wpb_row vc_row-fluid container mx-auto mt-5 vc_column-gap-20\"><div class=\"jumbotron sidebar p-3 wpb_column vc_column_container vc_col-sm-12 vc_hidden-lg vc_hidden-md vc_hidden-sm\"><div class=\"vc_column-inner\"><div class=\"wpb_wrapper\"><div  class=\"wpb_widgetised_column wpb_content_element m-0\">\r\n\t\t<div class=\"wpb_wrapper\">\r\n\t\t\t\r\n\t\t\t<aside id=\"categories-3\" class=\"widget widget_categories\"><h5 class=\"widget-title\">Categorias<\/h5>\n\t\t\t<ul>\n\t\t\t\t\t<li class=\"cat-item cat-item-95\"><a href=\"https:\/\/www.ftepeyac.com.mx\/en\/category\/agricultura-sostenible\/\">Agricultura Sostenible<\/a>\n<\/li>\n\t<li class=\"cat-item cat-item-159\"><a href=\"https:\/\/www.ftepeyac.com.mx\/en\/category\/tecnologia-agricola\/\">Tecnolog\u00eda agr\u00edcola<\/a>\n<\/li>\n\t\t\t<\/ul>\n\n\t\t\t<\/aside><aside id=\"woocommerce_product_categories-3\" class=\"widget woocommerce widget_product_categories\"><h5 class=\"widget-title\">Categor\u00edas del producto<\/h5><ul class=\"product-categories\"><li class=\"cat-item cat-item-77\"><a href=\"https:\/\/www.ftepeyac.com.mx\/en\/product-category\/acondicionador-de-suelo\/\">Acondicionador de suelo<\/a><\/li>\n<li class=\"cat-item cat-item-55 cat-parent\"><a href=\"https:\/\/www.ftepeyac.com.mx\/en\/product-category\/agricultura-protegida\/\">Protected agriculture<\/a><ul class='children'>\n<li class=\"cat-item cat-item-81\"><a href=\"https:\/\/www.ftepeyac.com.mx\/en\/product-category\/agricultura-protegida\/allganic-organico\/\">Allganic org\u00e1nico<\/a><\/li>\n<li class=\"cat-item cat-item-80\"><a href=\"https:\/\/www.ftepeyac.com.mx\/en\/product-category\/agricultura-protegida\/kerley\/\">Kerley<\/a><\/li>\n<li class=\"cat-item cat-item-82\"><a href=\"https:\/\/www.ftepeyac.com.mx\/en\/product-category\/agricultura-protegida\/qrop-organico\/\">Qrop org\u00e1nico<\/a><\/li>\n<li class=\"cat-item cat-item-83\"><a href=\"https:\/\/www.ftepeyac.com.mx\/en\/product-category\/agricultura-protegida\/speedfol-organico\/\">Speedfol org\u00e1nico<\/a><\/li>\n<li class=\"cat-item cat-item-84\"><a href=\"https:\/\/www.ftepeyac.com.mx\/en\/product-category\/agricultura-protegida\/ultrasol-organico\/\">Ultrasol org\u00e1nico<\/a><\/li>\n<\/ul>\n<\/li>\n<li class=\"cat-item cat-item-85\"><a href=\"https:\/\/www.ftepeyac.com.mx\/en\/product-category\/agroquimicos\/\">Agroqu\u00edmicos<\/a><\/li>\n<li class=\"cat-item cat-item-58 cat-parent\"><a href=\"https:\/\/www.ftepeyac.com.mx\/en\/product-category\/industria\/\">Industry<\/a><ul class='children'>\n<li class=\"cat-item cat-item-63\"><a href=\"https:\/\/www.ftepeyac.com.mx\/en\/product-category\/industria\/explosivos-industriales\/\">Explosivos industriales<\/a><\/li>\n<li class=\"cat-item cat-item-78\"><a href=\"https:\/\/www.ftepeyac.com.mx\/en\/product-category\/industria\/industria-maderera\/\">Wood industry<\/a><\/li>\n<li class=\"cat-item cat-item-61\"><a href=\"https:\/\/www.ftepeyac.com.mx\/en\/product-category\/industria\/industria-quimica\/\">Chemical industry<\/a><\/li>\n<li class=\"cat-item cat-item-79\"><a href=\"https:\/\/www.ftepeyac.com.mx\/en\/product-category\/industria\/nutricion-animal\/\">Animal nutrition<\/a><\/li>\n<\/ul>\n<\/li>\n<li class=\"cat-item cat-item-43 cat-parent\"><a href=\"https:\/\/www.ftepeyac.com.mx\/en\/product-category\/nutricion-vegetal\/\">Vegetal nutrition<\/a><ul class='children'>\n<li class=\"cat-item cat-item-67\"><a href=\"https:\/\/www.ftepeyac.com.mx\/en\/product-category\/nutricion-vegetal\/complejos-quimicos\/\">Chemical complexes<\/a><\/li>\n<li class=\"cat-item cat-item-65\"><a href=\"https:\/\/www.ftepeyac.com.mx\/en\/product-category\/nutricion-vegetal\/fertilizantes-foliares\/\">Foliar fertilizers<\/a><\/li>\n<li class=\"cat-item cat-item-68\"><a href=\"https:\/\/www.ftepeyac.com.mx\/en\/product-category\/nutricion-vegetal\/fertilizantes-liquidos\/\">Liquid fertilizers<\/a><\/li>\n<li class=\"cat-item cat-item-69\"><a href=\"https:\/\/www.ftepeyac.com.mx\/en\/product-category\/nutricion-vegetal\/fertilizantes-organicos\/\">Organic fertilizers<\/a><\/li>\n<li class=\"cat-item cat-item-66\"><a href=\"https:\/\/www.ftepeyac.com.mx\/en\/product-category\/nutricion-vegetal\/fertilizantes-solidos\/\">Solid fertilizers<\/a><\/li>\n<li class=\"cat-item cat-item-71\"><a href=\"https:\/\/www.ftepeyac.com.mx\/en\/product-category\/nutricion-vegetal\/fertilizantes-solubles\/\">Soluble fertilizers<\/a><\/li>\n<li class=\"cat-item cat-item-31\"><a href=\"https:\/\/www.ftepeyac.com.mx\/en\/product-category\/nutricion-vegetal\/mejoradores\/\">Mejoradores<\/a><\/li>\n<li class=\"cat-item cat-item-70\"><a href=\"https:\/\/www.ftepeyac.com.mx\/en\/product-category\/nutricion-vegetal\/mejoradores-de-suelos\/\">Soil improvers<\/a><\/li>\n<li class=\"cat-item cat-item-29\"><a href=\"https:\/\/www.ftepeyac.com.mx\/en\/product-category\/nutricion-vegetal\/mezclas-fisicas\/\">Physical mixtures<\/a><\/li>\n<\/ul>\n<\/li>\n<li class=\"cat-item cat-item-98 cat-parent\"><a href=\"https:\/\/www.ftepeyac.com.mx\/en\/product-category\/producto-indiapac\/\">Producto Indiapac<\/a><ul class='children'>\n<li class=\"cat-item cat-item-102\"><a href=\"https:\/\/www.ftepeyac.com.mx\/en\/product-category\/producto-indiapac\/bioestimulantes-indiapac\/\">Bioestimulantes<\/a><\/li>\n<li class=\"cat-item cat-item-100\"><a href=\"https:\/\/www.ftepeyac.com.mx\/en\/product-category\/producto-indiapac\/fungicidas-indiapac\/\">Fungicides<\/a><\/li>\n<li class=\"cat-item cat-item-99\"><a href=\"https:\/\/www.ftepeyac.com.mx\/en\/product-category\/producto-indiapac\/herbicidas-indiapac\/\">Herbicides<\/a><\/li>\n<li class=\"cat-item cat-item-101\"><a href=\"https:\/\/www.ftepeyac.com.mx\/en\/product-category\/producto-indiapac\/insecticidas-indiapac\/\">Insecticides<\/a><\/li>\n<\/ul>\n<\/li>\n<li class=\"cat-item cat-item-47 cat-parent\"><a href=\"https:\/\/www.ftepeyac.com.mx\/en\/product-category\/proteccion-de-cultivos\/\">Crop protection<\/a><ul class='children'>\n<li class=\"cat-item cat-item-73\"><a href=\"https:\/\/www.ftepeyac.com.mx\/en\/product-category\/proteccion-de-cultivos\/acaricidas\/\">Acaricides<\/a><\/li>\n<li class=\"cat-item cat-item-74\"><a href=\"https:\/\/www.ftepeyac.com.mx\/en\/product-category\/proteccion-de-cultivos\/coadyuvantes\/\">Adjuvants<\/a><\/li>\n<li class=\"cat-item cat-item-72\"><a href=\"https:\/\/www.ftepeyac.com.mx\/en\/product-category\/proteccion-de-cultivos\/fungicidas\/\">Fungicides<\/a><\/li>\n<li class=\"cat-item cat-item-52\"><a href=\"https:\/\/www.ftepeyac.com.mx\/en\/product-category\/proteccion-de-cultivos\/herbicidas\/\">Herbicides<\/a><\/li>\n<li class=\"cat-item cat-item-51\"><a href=\"https:\/\/www.ftepeyac.com.mx\/en\/product-category\/proteccion-de-cultivos\/insecticidas\/\">Insecticides<\/a><\/li>\n<li class=\"cat-item cat-item-49\"><a href=\"https:\/\/www.ftepeyac.com.mx\/en\/product-category\/proteccion-de-cultivos\/nematicidas\/\">Nematicides<\/a><\/li>\n<li class=\"cat-item cat-item-86\"><a href=\"https:\/\/www.ftepeyac.com.mx\/en\/product-category\/proteccion-de-cultivos\/reguladores-proteccion-de-cultivos\/\">Reguladores<\/a><\/li>\n<li class=\"cat-item cat-item-75\"><a href=\"https:\/\/www.ftepeyac.com.mx\/en\/product-category\/proteccion-de-cultivos\/rodenticidas\/\">Rodenticides<\/a><\/li>\n<\/ul>\n<\/li>\n<li class=\"cat-item cat-item-76\"><a href=\"https:\/\/www.ftepeyac.com.mx\/en\/product-category\/reguladores\/\">Reguladores<\/a><\/li>\n<li class=\"cat-item cat-item-18\"><a href=\"https:\/\/www.ftepeyac.com.mx\/en\/product-category\/sin-categoria\/\">Sin categor\u00eda<\/a><\/li>\n<\/ul><\/aside>\r\n\t\t<\/div>\r\n\t<\/div>\r\n<\/div><\/div><\/div><div class=\"col-sm-12 col-md-7 col-lg-9 wpb_column vc_column_container vc_col-sm-12\"><div class=\"vc_column-inner vc_custom_1591845491525\"><div class=\"wpb_wrapper\">\r\n<div class=\"vc_grid-container-wrapper vc_clearfix\">\r\n\t<div class=\"vc_grid-container vc_clearfix wpb_content_element vc_basic_grid block-post\" data-initial-loading-animation=\"fadeIn\" data-vc-grid-settings=\"{&quot;page_id&quot;:1177,&quot;style&quot;:&quot;load-more&quot;,&quot;action&quot;:&quot;vc_get_vc_grid_data&quot;,&quot;shortcode_id&quot;:&quot;1619477401772-74acb1dc-f770-2&quot;,&quot;items_per_page&quot;:&quot;6&quot;,&quot;btn_data&quot;:{&quot;title&quot;:&quot;Load more&quot;,&quot;style&quot;:&quot;flat&quot;,&quot;gradient_color_1&quot;:&quot;flat&quot;,&quot;gradient_color_2&quot;:&quot;flat&quot;,&quot;gradient_custom_color_1&quot;:&quot;flat&quot;,&quot;gradient_custom_color_2&quot;:&quot;flat&quot;,&quot;gradient_text_color&quot;:&quot;flat&quot;,&quot;custom_background&quot;:&quot;#ededed&quot;,&quot;custom_text&quot;:&quot;#666&quot;,&quot;outline_custom_color&quot;:&quot;#666&quot;,&quot;outline_custom_hover_background&quot;:&quot;#666&quot;,&quot;outline_custom_hover_text&quot;:&quot;#fff&quot;,&quot;shape&quot;:&quot;rounded&quot;,&quot;color&quot;:&quot;success&quot;,&quot;size&quot;:&quot;md&quot;,&quot;align&quot;:&quot;inline&quot;,&quot;button_block&quot;:&quot;&quot;,&quot;add_icon&quot;:&quot;&quot;,&quot;i_align&quot;:&quot;left&quot;,&quot;i_type&quot;:&quot;fontawesome&quot;,&quot;i_icon_fontawesome&quot;:&quot;fas fa-adjust&quot;,&quot;i_icon_openiconic&quot;:&quot;vc-oi vc-oi-dial&quot;,&quot;i_icon_typicons&quot;:&quot;typcn typcn-adjust-brightness&quot;,&quot;i_icon_entypo&quot;:&quot;entypo-icon entypo-icon-note&quot;,&quot;i_icon_linecons&quot;:&quot;vc_li vc_li-heart&quot;,&quot;i_icon_monosocial&quot;:&quot;vc_li vc_li-heart&quot;,&quot;i_icon_material&quot;:&quot;vc_li vc_li-heart&quot;,&quot;i_icon_pixelicons&quot;:&quot;vc_pixel_icon vc_pixel_icon-alert&quot;,&quot;el_id&quot;:&quot;btn btn-success&quot;,&quot;custom_onclick&quot;:&quot;&quot;,&quot;custom_onclick_code&quot;:&quot;&quot;},&quot;tag&quot;:&quot;vc_basic_grid&quot;}\" data-vc-request=\"https:\/\/www.ftepeyac.com.mx\/wp-admin\/admin-ajax.php\" data-vc-post-id=\"1177\" data-vc-public-nonce=\"4473e56bfb\">\r\n\t\t\r\n\t<\/div>\r\n<\/div><\/div><\/div><\/div><div class=\"col-sm-12 col-md-5 col-lg-3 wpb_column vc_column_container vc_col-sm-12 vc_hidden-xs\"><div class=\"vc_column-inner vc_custom_1591842913906\"><div class=\"wpb_wrapper\"><div class=\"vc_row wpb_row vc_inner vc_row-fluid vc_custom_1591845463609\"><div class=\"jumbotron sidebar p-3 col-md-12 wpb_column vc_column_container vc_col-sm-12 vc_col-lg-12 vc_col-xs-12\"><div class=\"vc_column-inner\"><div class=\"wpb_wrapper\"><\/div><\/div><\/div><\/div><\/div><\/div><\/div><\/div>","protected":false},"excerpt":{"rendered":"<p> [&#8230;]<\/p>\n<p><a class=\"btn btn-secondary understrap-read-more-link\" href=\"https:\/\/www.ftepeyac.com.mx\/en\/noticias\/\">Read More&#8230;<\/a><\/p>","protected":false},"author":1,"featured_media":0,"parent":0,"menu_order":0,"comment_status":"closed","ping_status":"closed","template":"page-templates\/empty.php","meta":{"inline_featured_image":false,"footnotes":""},"class_list":["post-1177","page","type-page","status-publish","hentry"],"yoast_head":"<!-- This site is optimized with the Yoast SEO plugin v24.9 - https:\/\/yoast.com\/wordpress\/plugins\/seo\/ -->\n<title>Noticias - Fertilizantes Tepeyac<\/title>\n<meta name=\"robots\" content=\"index, follow, max-snippet:-1, max-image-preview:large, max-video-preview:-1\" \/>\n<link rel=\"canonical\" href=\"https:\/\/www.ftepeyac.com.mx\/en\/noticias\/\" \/>\n<meta property=\"og:locale\" content=\"en_US\" \/>\n<meta property=\"og:type\" content=\"article\" \/>\n<meta property=\"og:title\" content=\"Noticias - Fertilizantes Tepeyac\" \/>\n<meta property=\"og:description\" content=\"[...]Read More...\" \/>\n<meta property=\"og:url\" content=\"https:\/\/www.ftepeyac.com.mx\/en\/noticias\/\" \/>\n<meta property=\"og:site_name\" content=\"Fertilizantes Tepeyac\" \/>\n<meta property=\"article:publisher\" content=\"https:\/\/www.facebook.com\/tepeyacgrupo\" \/>\n<meta property=\"article:modified_time\" content=\"2021-04-26T22:50:19+00:00\" \/>\n<meta name=\"twitter:card\" content=\"summary_large_image\" \/>\n<meta name=\"twitter:label1\" content=\"Est. reading time\" \/>\n\t<meta name=\"twitter:data1\" content=\"2 minutes\" \/>\n<script type=\"application\/ld+json\" class=\"yoast-schema-graph\">{\"@context\":\"https:\/\/schema.org\",\"@graph\":[{\"@type\":\"WebPage\",\"@id\":\"https:\/\/www.ftepeyac.com.mx\/noticias\/\",\"url\":\"https:\/\/www.ftepeyac.com.mx\/noticias\/\",\"name\":\"Noticias - Fertilizantes Tepeyac\",\"isPartOf\":{\"@id\":\"https:\/\/www.ftepeyac.com.mx\/#website\"},\"datePublished\":\"2020-05-15T03:47:47+00:00\",\"dateModified\":\"2021-04-26T22:50:19+00:00\",\"breadcrumb\":{\"@id\":\"https:\/\/www.ftepeyac.com.mx\/noticias\/#breadcrumb\"},\"inLanguage\":\"en-US\",\"potentialAction\":[{\"@type\":\"ReadAction\",\"target\":[\"https:\/\/www.ftepeyac.com.mx\/noticias\/\"]}]},{\"@type\":\"BreadcrumbList\",\"@id\":\"https:\/\/www.ftepeyac.com.mx\/noticias\/#breadcrumb\",\"itemListElement\":[{\"@type\":\"ListItem\",\"position\":1,\"name\":\"Portada\",\"item\":\"https:\/\/www.ftepeyac.com.mx\/\"},{\"@type\":\"ListItem\",\"position\":2,\"name\":\"Noticias\"}]},{\"@type\":\"WebSite\",\"@id\":\"https:\/\/www.ftepeyac.com.mx\/#website\",\"url\":\"https:\/\/www.ftepeyac.com.mx\/\",\"name\":\"Fertilizantes Tepeyac | Soluciones en Nutrici\u00f3n Vegetal y Protecci\u00f3n de Cultivos\",\"description\":\"Ofrecemos un gran cat\u00e1logo de soluciones en agricultura, nos distinguimos por nuestra atenci\u00f3n personalizada sin intermediarios.\",\"publisher\":{\"@id\":\"https:\/\/www.ftepeyac.com.mx\/#organization\"},\"potentialAction\":[{\"@type\":\"SearchAction\",\"target\":{\"@type\":\"EntryPoint\",\"urlTemplate\":\"https:\/\/www.ftepeyac.com.mx\/?s={search_term_string}\"},\"query-input\":{\"@type\":\"PropertyValueSpecification\",\"valueRequired\":true,\"valueName\":\"search_term_string\"}}],\"inLanguage\":\"en-US\"},{\"@type\":\"Organization\",\"@id\":\"https:\/\/www.ftepeyac.com.mx\/#organization\",\"name\":\"Fertilizantes Tepeyac | Soluciones en Nutrici\u00f3n Vegetal y Protecci\u00f3n de Cultivos\",\"url\":\"https:\/\/www.ftepeyac.com.mx\/\",\"logo\":{\"@type\":\"ImageObject\",\"inLanguage\":\"en-US\",\"@id\":\"https:\/\/www.ftepeyac.com.mx\/#\/schema\/logo\/image\/\",\"url\":\"https:\/\/www.ftepeyac.com.mx\/wp-content\/uploads\/2019\/09\/tepeyac75-logo.png\",\"contentUrl\":\"https:\/\/www.ftepeyac.com.mx\/wp-content\/uploads\/2019\/09\/tepeyac75-logo.png\",\"width\":700,\"height\":150,\"caption\":\"Fertilizantes Tepeyac | Soluciones en Nutrici\u00f3n Vegetal y Protecci\u00f3n de Cultivos\"},\"image\":{\"@id\":\"https:\/\/www.ftepeyac.com.mx\/#\/schema\/logo\/image\/\"},\"sameAs\":[\"https:\/\/www.facebook.com\/tepeyacgrupo\",\"https:\/\/www.instagram.com\/fertilizantes.tepeyac\/\",\"https:\/\/mx.linkedin.com\/company\/fertilizantes-tepeyac-del-noroeste\"]}]}<\/script>\n<!-- \/ Yoast SEO plugin. -->","yoast_head_json":{"title":"Noticias - Fertilizantes Tepeyac","robots":{"index":"index","follow":"follow","max-snippet":"max-snippet:-1","max-image-preview":"max-image-preview:large","max-video-preview":"max-video-preview:-1"},"canonical":"https:\/\/www.ftepeyac.com.mx\/en\/noticias\/","og_locale":"en_US","og_type":"article","og_title":"Noticias - Fertilizantes Tepeyac","og_description":"[...]Read More...","og_url":"https:\/\/www.ftepeyac.com.mx\/en\/noticias\/","og_site_name":"Fertilizantes Tepeyac","article_publisher":"https:\/\/www.facebook.com\/tepeyacgrupo","article_modified_time":"2021-04-26T22:50:19+00:00","twitter_card":"summary_large_image","twitter_misc":{"Est. reading time":"2 minutes"},"schema":{"@context":"https:\/\/schema.org","@graph":[{"@type":"WebPage","@id":"https:\/\/www.ftepeyac.com.mx\/noticias\/","url":"https:\/\/www.ftepeyac.com.mx\/noticias\/","name":"Noticias - Fertilizantes Tepeyac","isPartOf":{"@id":"https:\/\/www.ftepeyac.com.mx\/#website"},"datePublished":"2020-05-15T03:47:47+00:00","dateModified":"2021-04-26T22:50:19+00:00","breadcrumb":{"@id":"https:\/\/www.ftepeyac.com.mx\/noticias\/#breadcrumb"},"inLanguage":"en-US","potentialAction":[{"@type":"ReadAction","target":["https:\/\/www.ftepeyac.com.mx\/noticias\/"]}]},{"@type":"BreadcrumbList","@id":"https:\/\/www.ftepeyac.com.mx\/noticias\/#breadcrumb","itemListElement":[{"@type":"ListItem","position":1,"name":"Portada","item":"https:\/\/www.ftepeyac.com.mx\/"},{"@type":"ListItem","position":2,"name":"Noticias"}]},{"@type":"WebSite","@id":"https:\/\/www.ftepeyac.com.mx\/#website","url":"https:\/\/www.ftepeyac.com.mx\/","name":"Fertilizantes Tepeyac | Soluciones en Nutrici\u00f3n Vegetal y Protecci\u00f3n de Cultivos","description":"Ofrecemos un gran cat\u00e1logo de soluciones en agricultura, nos distinguimos por nuestra atenci\u00f3n personalizada sin intermediarios.","publisher":{"@id":"https:\/\/www.ftepeyac.com.mx\/#organization"},"potentialAction":[{"@type":"SearchAction","target":{"@type":"EntryPoint","urlTemplate":"https:\/\/www.ftepeyac.com.mx\/?s={search_term_string}"},"query-input":{"@type":"PropertyValueSpecification","valueRequired":true,"valueName":"search_term_string"}}],"inLanguage":"en-US"},{"@type":"Organization","@id":"https:\/\/www.ftepeyac.com.mx\/#organization","name":"Fertilizantes Tepeyac | Soluciones en Nutrici\u00f3n Vegetal y Protecci\u00f3n de Cultivos","url":"https:\/\/www.ftepeyac.com.mx\/","logo":{"@type":"ImageObject","inLanguage":"en-US","@id":"https:\/\/www.ftepeyac.com.mx\/#\/schema\/logo\/image\/","url":"https:\/\/www.ftepeyac.com.mx\/wp-content\/uploads\/2019\/09\/tepeyac75-logo.png","contentUrl":"https:\/\/www.ftepeyac.com.mx\/wp-content\/uploads\/2019\/09\/tepeyac75-logo.png","width":700,"height":150,"caption":"Fertilizantes Tepeyac | Soluciones en Nutrici\u00f3n Vegetal y Protecci\u00f3n de Cultivos"},"image":{"@id":"https:\/\/www.ftepeyac.com.mx\/#\/schema\/logo\/image\/"},"sameAs":["https:\/\/www.facebook.com\/tepeyacgrupo","https:\/\/www.instagram.com\/fertilizantes.tepeyac\/","https:\/\/mx.linkedin.com\/company\/fertilizantes-tepeyac-del-noroeste"]}]}},"_links":{"self":[{"href":"https:\/\/www.ftepeyac.com.mx\/en\/wp-json\/wp\/v2\/pages\/1177","targetHints":{"allow":["GET"]}}],"collection":[{"href":"https:\/\/www.ftepeyac.com.mx\/en\/wp-json\/wp\/v2\/pages"}],"about":[{"href":"https:\/\/www.ftepeyac.com.mx\/en\/wp-json\/wp\/v2\/types\/page"}],"author":[{"embeddable":true,"href":"https:\/\/www.ftepeyac.com.mx\/en\/wp-json\/wp\/v2\/users\/1"}],"replies":[{"embeddable":true,"href":"https:\/\/www.ftepeyac.com.mx\/en\/wp-json\/wp\/v2\/comments?post=1177"}],"version-history":[{"count":66,"href":"https:\/\/www.ftepeyac.com.mx\/en\/wp-json\/wp\/v2\/pages\/1177\/revisions"}],"predecessor-version":[{"id":3238,"href":"https:\/\/www.ftepeyac.com.mx\/en\/wp-json\/wp\/v2\/pages\/1177\/revisions\/3238"}],"wp:attachment":[{"href":"https:\/\/www.ftepeyac.com.mx\/en\/wp-json\/wp\/v2\/media?parent=1177"}],"curies":[{"name":"wp","href":"https:\/\/api.w.org\/{rel}","templated":true}]}}