{"id":3263,"date":"2021-04-27T20:03:20","date_gmt":"2021-04-27T20:03:20","guid":{"rendered":"https:\/\/www.ftepeyac.com.mx\/?page_id=3263"},"modified":"2021-04-27T20:13:58","modified_gmt":"2021-04-27T20:13:58","slug":"aviso-de-privacidad","status":"publish","type":"page","link":"https:\/\/www.ftepeyac.com.mx\/en\/aviso-de-privacidad\/","title":{"rendered":"Aviso de privacidad"},"content":{"rendered":"<section data-vc-parallax=\"1.5\" class=\"vc_section pt-5 pb-5 mt-5 vc_custom_1619553599510 vc_section-has-fill vc_section-o-content-middle vc_section-flex vc_general vc_parallax vc_parallax-content-moving\"><div class=\"vc_row wpb_row vc_row-fluid container mx-auto\"><div class=\"wpb_column vc_column_container vc_col-sm-12\"><div class=\"vc_column-inner\"><div class=\"wpb_wrapper\">\r\n\t<div class=\"wpb_text_column wpb_content_element  text-light\" >\r\n\t\t<div class=\"wpb_wrapper\">\r\n\t\t\t<h1 style=\"text-align: center; color: #3a3a3a;\"><strong>AVISO DE PRIVACIDAD<\/strong><\/h1>\n\r\n\t\t<\/div>\r\n\t<\/div>\r\n<div class=\"vc_row wpb_row vc_inner vc_row-fluid\"><div class=\"text-center wpb_column vc_column_container vc_col-sm-2\"><div class=\"vc_column-inner\"><div class=\"wpb_wrapper\"><\/div><\/div><\/div><div class=\"wpb_column vc_column_container vc_col-sm-8\"><div class=\"vc_column-inner\"><div class=\"wpb_wrapper\">\r\n\t<div class=\"wpb_text_column wpb_content_element\" >\r\n\t\t<div class=\"wpb_wrapper\">\r\n\t\t\t<p>FERTILIZANTES TEPEYAC, S.A. DE C.V., y\/o empresas filiales: PRODUCTORA DE FERTILIZANTES DEL NOROESTE, S.A. DE C.V., SERVICIOS Y FERTILIZANTES DEL NOROESTE, S.A. DE C.V., FERTILIZANTES Y PRODUCTOS AGROQUIMICOS, S.A. DE C.V., TRANSPORTADORA Y DISTRIBUIDORA DE FERTILIZANTES, S.A. DE C.V., DISTRIBUIDORA DE FERTILIZANTES DEL NOROESTE, S.A. DE C.V., EDIFICIO LA HERRADURA, S.A. DE C.V., SERVICIOS DE ASESORIA DEL NOROESTE, S.A. DE C.V., TECNICA DE OPERACIONES Y SERVICIOS, S.A. DE C.V., ALGODONERA TEPEYAC, S.A. DE C.V., INTEGRADORA AGRO COMERCIAL, S.A. DE C.V., INSECTICIDAS DEL PACIFICO, S.A. DE C.V., ESPACIOS PRODUCTIVOS TEPEYAC, S.A. DE C.V., (en lo sucesivo \u201cTEPEYAC\u201d), se\u00f1alando para efectos del presente Aviso de Privacidad el domicilio ubicado en calle Miguel Alem\u00e1n y Nainari s\/n Colonia Centro, C.P. 85000 en Ciudad Obreg\u00f3n, Sonora, es el responsable del tratamiento de los Datos personales que le hayan sido proporcionados por las personas f\u00edsicas ( en lo sucesivo \u201cTitular\u201d\/\u201dTitulares\u201d) a quienes correspondan los mismos.<\/p>\n<p>\u201cTEPEYAC\u201d se dedica a comercializar al por mayor fertilizantes, plaguicidas y semillas para siembra, \u201cTEPEYAC\u201d tambi\u00e9n se dedica a administrar todo g\u00e9nero de empresas, proporcionar y recibir toda clase de servicios de consultor\u00eda o asesor\u00eda, administrativos, t\u00e9cnicos y de supervisi\u00f3n, de personas f\u00edsicas y morales; en virtud de lo anterior \u201cTEPEYAC\u201d interact\u00faa y ha interactuado con diversas personas f\u00edsicas, quienes son los \u201cTitulares\u201d de los Datos personales (en lo sucesivo \u201cDatos\u201d) que en alg\u00fan momento se recabaron de los mismos, o bien, que en este acto se recaban por lo que \u201cTEPEYAC\u201d hace de su reconocimiento el tipo de \u201cDatos\u201d que se recaba, el perfil de cada persona f\u00edsica y el tratamiento y\/o finalidad que se le da a los mismos, de conformidad a lo siguiente:<\/p>\n<p>respecto de los \u201cDatos\u201d del PERSONAL LABORAL (candidatos, empleados, ex empleados, personal por honorarios, practicantes), \u201cTEPEYAC\u201d recaba informaci\u00f3n de forma personal y\/o de forma directa de los mencionados \u201cTitulares\u201d en atenci\u00f3n a los servicios y\/o funciones a desempe\u00f1ar, los cuales son el nombre completo, direcci\u00f3n, Registro Federal de Contribuyentes (RFC), Clave \u00danica de Registro Poblacional (CURP), numero de seguridad social (IMSS), tel\u00e9fono, correo electr\u00f3nico, experiencia profesional, carta de no antecedentes penales, afiliaci\u00f3n sindical, comprobante de estudios, comprobante de domicilio y copia de una identificaci\u00f3n oficial; con la finalidad de determinar la contraprestaci\u00f3n y\/o remuneraci\u00f3n de los servicios prestados y la realizaci\u00f3n del pago determinado, as\u00ed como la comunicaci\u00f3n y localizaci\u00f3n de la persona, identificaci\u00f3n de la misma, elaboraci\u00f3n de un perfil profesional que sirva para la evaluaci\u00f3n y capacitaci\u00f3n de estos, as\u00ed como para realizar alguna recomendaci\u00f3n laboral; \u201cTEPEYAC\u201d podr\u00e1 solicitar el nombre completo y numero telef\u00f3nico de familiares directos (ascendientes y\/o descendientes y\/o colaterales y\/o c\u00f3nyuge), para efectos de referencias laborales. en el caso que \u201cTEPEYAC\u201d recabe informaci\u00f3n sobre alguna cuenta bancaria del PERSONAL LABORALdichos datos son de car\u00e1cter financiero, \u00fanicamente ser\u00e1n recopilados con el prop\u00f3sito de facilitar el pago, ya sea en banco o mediante transferencia electr\u00f3nica, de alg\u00fan servicio y\/o suministro de alg\u00fan bien prestado y\/o proporcionado. \u201cTEPEYAC\u201d en su momento puede pedir, de alguno de los mencionados \u201cTitulares\u201d, alguna informaci\u00f3n y\/o realizar evaluaciones de tipo socio-econ\u00f3mico, psicom\u00e9trico y\/o medico (estado de salud), con fines institucionales que ayuden a definir del \u201cTitular\u201d con el prop\u00f3sito de determinar y\/o proporcionar alg\u00fan tipo de beneficio en las prestaciones y\/o apoyos en situaciones particulares \u201cTEPEYAC\u201d tambi\u00e9n puede solicitar y \/o recabar \u201cDatos\u201d del PERSONAL LABORAL y\/o sobre sus familiares directos (ascendientes y\/o descendientes y\/o colaterales y\/o c\u00f3nyuge), informaci\u00f3n que consiste en enfermedades y\/o accidentes sufridos (estado de salud) de los mencionados \u201cTitulares\u201d, as\u00ed como de los autom\u00f3viles que \u00e9stos hagan uso; lo anterior, con la finalidad de evaluar, cotizar y en su caso; proporcionar alg\u00fan tipo de seguro de gastos m\u00e9dicos y\/o seguro de vida y\/o seguro de autom\u00f3vil, como alg\u00fan tipo de prestaci\u00f3n laboral en atenci\u00f3n a su cargo y\/o puesto y\/o funciones. Dentro de todos los \u201cDatos\u201d que se recaban de los \u201cTitulares\u201d y\/o de los familiares de los mismos, hay informaci\u00f3n considerada como \u201cDato Personal Sensible\u201d, cuyo tratamiento se autoriza a favor de \u201cTEPEYAC\u201d al aceptar el presente Aviso de Privacidad o al no oponerse ni negarse al tratamiento de los mismos.<\/p>\n<p>Respecto de los \u201cDatos\u201d de Clientes, \u201cTEPEYAC\u201d recaba informaci\u00f3n personal de dos tipos de clientes 1.- Cliente-Distribuidor, de quien se solicita su nombre completo, direcci\u00f3n, tel\u00e9fono y\/o correo electr\u00f3nico, Registro Federal de Contribuyente (RFC), Datos de cuenta bancaria, copia de alguna identificaci\u00f3n oficial: con la finalidad de determinar la contraprestaci\u00f3n y\/o remuneraci\u00f3n por el suministro de los productos y\/o servicios que \u201cTEPEYAC\u201d proporciona, la realizaci\u00f3n del cobro y pago correspondiente, as\u00ed como la comunicaci\u00f3n y localizaci\u00f3n del Cliente-Distribuidor. 2.- Cliente-Consumidor, de quien se solicita el nombre completo, direcci\u00f3n, tel\u00e9fono y\/o correo electr\u00f3nico, fecha de nacimiento, para efectos de evaluaciones sobre los productos y\/o marcas y\/o servicios de \u201cTEPEYAC\u201d, con la finalidad de obtener un resultado de Estudios de Mercado, as\u00ed como para contactarlos para el env\u00edo de publicidad y\/o aclaraciones, por correo electr\u00f3nico y\/o por otro medio de comunicaci\u00f3n. Respecto de los \u201cDatos\u201d de PROVEEDORES, \u201cTEPEYAC\u201d recaba informaci\u00f3n la cual consiste en el nombre completo, direcci\u00f3n, Registro Federal de Contribuyentes (RFC), tel\u00e9fono, correo electr\u00f3nico , cotizaci\u00f3n y\/o presupuesto, comprobante de domicilio y alguna identificaci\u00f3n oficial; con la finalidad de identificar, localizar al \u201cTitular\u201d, para determinar la contraprestaci\u00f3n y\/o remuneraci\u00f3n por los servicios y\/o bienes prestados y\/o suministrados a \u201cTEPEYAC\u201d, as\u00ed como para la realizaci\u00f3n del pago antes referido, En el caso que se recabe informaci\u00f3n sobre alguna cuenta bancaria de los \u201cTitulares\u201d antes referidos, dichos Datos que son de car\u00e1cter financiero, \u00fanicamente ser\u00e1n recopilados con el prop\u00f3sito de facilitar el pago, ya sea en banco o mediante transferencia electr\u00f3nica, de alg\u00fan servicio y\/o suministro.<\/p>\n<p>\u201cTEPEYAC\u201d mantendr\u00e1 e implementar\u00e1 las acciones o mecanismos de protecci\u00f3n adecuados, los cuales consistir\u00e1n en Medidas Administrativas, F\u00edsicas y T\u00e9cnicas necesarias en atenci\u00f3n a su capacidad y del tipo de \u201cDatos\u201d que trate; o anterior , con el prop\u00f3sito de garantizar la seguridad, integridad y privacidad de los \u201cDatos\u201d.<\/p>\n<p>El tratamiento de los \u201cDatos\u201d que se han puesto a disposici\u00f3n de \u201cTEPEYAC\u201d ya sea de forma personal, directa y\/o indirecta de su \u201cTitular\u201d, podr\u00e1 ser efectuado de conformidad con los presentes t\u00e9rminos y condiciones por lo que, desde este momento se entiende, que los \u201cTitulares\u201d otorgan su consentimiento para dicho tratamiento, salvo que exista una comunicaci\u00f3n expresa de la misma forma en la que se recabaron los \u201cDatos\u201d, para que el \u201cTitular\u201d manifieste a \u201cTEPEYAC\u201d su negativa al tratamiento de sus \u201cDatos\u201d siguiendo los mecanismos que posteriormente se se\u00f1alan, mediante la solicitud de los derechos ARCO.<\/p>\n<p>\u201cTEPEYAC\u201d es el responsable de la recolecci\u00f3n, resguardo y tratamiento de los \u201cDatos\u201d. Usted podr\u00e1 en todo momento ejercer sus derechos ARCO (acceso, rectificaci\u00f3n, cancelaci\u00f3n y oposici\u00f3n) respecto de sus \u201cDatos\u201d mediante solicitud escrita dirigida a \u201cTEPEYAC\u201d Departamento de Datos Personales, notificada el siguiente domicilio: Miguel Alem\u00e1n y Nainari S\/N, Colonia Centro en Ciudad Obreg\u00f3n, Sonora C.P. 85000, en d\u00edas y horas h\u00e1biles, o bien, al correo electr\u00f3nico privacidad@ftepeyac.com.mx Tambi\u00e9n podr\u00e1, a trav\u00e9s de esos medios, manifestar su negativa al tratamiento y transferencia de sus \u201cDatos\u201d, as\u00ed como revocar el consentimiento al tratamiento de \u00e9stos y la limitaci\u00f3n al uso o divulgaci\u00f3n de sus \u201cDatos\u201d. Usted podr\u00e1 en todo momento, tener acceso a la Solicitud de Derechos ARCO, en el domicilio antes se\u00f1alado, solicit\u00e1ndola al correo electr\u00f3nico a que se hace menci\u00f3n, as\u00ed como en nuestra p\u00e1gina de internet: www.ftepeyac.com.mx.<\/p>\n<p>El derecho del \u201cTitular\u201d a acceder a sus \u201cDatos\u201d, lo podr\u00e1 hacer efectivo \u201cTEPEYAC\u201d poni\u00e9ndolos a disposici\u00f3n del \u201cTitular\u201d en su domicilio por un periodo no mayor de 15 d\u00edas h\u00e1biles, o bien, mediante la expedici\u00f3n de copias simples, acceso a su sitio web mediante una clave \u00fanica y que haga inidentificable al solicitante, as\u00ed como a trav\u00e9s de medios magn\u00e9ticos, \u00f3pticos, sonoros, visuales u hologr\u00e1ficos.<\/p>\n<p>\u201cTEPEYAC\u201d podr\u00e1 acceder y\/o transferir los \u201cDatos\u201d, tanto a personas f\u00edsicas como morales, nacionales o extranjeras. Si Usted como \u201c Titular\u201d firma este Aviso o no ejerce un derecho de oposici\u00f3n conforme a lo previsto en el presente Aviso de Privacidad, se autoriza, de ser necesario, a criterio de \u201cTEPEYAC\u201d la cesi\u00f3n y\/o transmisi\u00f3n de sus \u201cDatos\u201d. Los receptores de tales \u201cDatos\u201d quedar\u00e1n sujetos a lo establecido en el presente Aviso de Privacidad; en t\u00e9rminos de lo anterior, es posible que \u201cTEPEYAC\u201d requiera transferir los \u201cDatos\u201d a terceras partes con cuales mantiene relaciones comerciales o profesionales, de igual forma \u201cTEPEYAC\u201d puede transferir a terceros \u201cDatos\u201d correspondientes a sus empleados, practicantes y \/o personal por honorarios, como pueden ser a despachos externos, laboratorios y\/o cl\u00ednicas, \u00fanicamente con el prop\u00f3sito de que realicen investigaciones, evaluaciones, ex\u00e1menes m\u00e9dicos, selecci\u00f3n, opiniones relacionadas con su personal. Estas terceras partes, \u00fanicamente y exclusivamente, recibir\u00e1n los \u201cDatos\u201d como parte de la relaci\u00f3n comercial y\/o profesional con \u201cTEPEYAC\u201d, como parte del alcance y\/o como informaci\u00f3n necesaria para el perfeccionamiento de las relaciones internas, comerciales y\/o profesionales acordadas entre \u201cTEPEYAC\u201d y los \u201cTitulares\u201d. \u201cTEPEYAC\u201d seleccionar\u00e1 \u00fanicamente a terceros que se comprometan formalmente a instalar las medidas de seguridad necesarias para garantizar el nivel adecuado de privacidad de los \u201cDatos\u201d. \u201cTEPEYAC\u201d ser\u00e1 responsable de notificar a los terceros el contenido de este Aviso, as\u00ed como cualquier modificaci\u00f3n o cancelaci\u00f3n de \u201cDatos\u201d en virtud del ejercicio de sus derechos que hagan en su momento algunos de los \u201cTitulares\u201d.<\/p>\n<p>\u201cTEPEYAC\u201d en atenci\u00f3n a las tecnolog\u00edas implementadas para la realizaci\u00f3n cotidiana de sus funciones, podr\u00e1 recabar a trav\u00e9s de su p\u00e1gina de internet informaci\u00f3n que contenga \u201cDatos Personales\u201d, sin embargo, no recaba este tipo de informaci\u00f3n por medio de cookies y\/o web beacons, as\u00ed como tampoco por medios de redes sociales.<\/p>\n<p>Cualquier cambio al alcance de este Aviso de Privacidad podr\u00e1 consultarlo a trav\u00e9s de internet en nuestro sitio.<\/p>\n\r\n\t\t<\/div>\r\n\t<\/div>\r\n<\/div><\/div><\/div><div class=\"wpb_column vc_column_container vc_col-sm-2\"><div class=\"vc_column-inner\"><div class=\"wpb_wrapper\"><\/div><\/div><\/div><\/div><\/div><\/div><\/div><\/div><\/section>","protected":false},"excerpt":{"rendered":"<p> [&#8230;]<\/p>\n<p><a class=\"btn btn-secondary understrap-read-more-link\" href=\"https:\/\/www.ftepeyac.com.mx\/en\/aviso-de-privacidad\/\">Read More&#8230;<\/a><\/p>","protected":false},"author":1,"featured_media":0,"parent":0,"menu_order":0,"comment_status":"closed","ping_status":"closed","template":"page-templates\/empty.php","meta":{"inline_featured_image":false,"footnotes":""},"class_list":["post-3263","page","type-page","status-publish","hentry"],"yoast_head":"<!-- This site is optimized with the Yoast SEO plugin v24.9 - https:\/\/yoast.com\/wordpress\/plugins\/seo\/ -->\n<title>Aviso de privacidad - Fertilizantes Tepeyac<\/title>\n<meta name=\"robots\" content=\"index, follow, max-snippet:-1, max-image-preview:large, max-video-preview:-1\" \/>\n<link rel=\"canonical\" href=\"https:\/\/www.ftepeyac.com.mx\/en\/aviso-de-privacidad\/\" \/>\n<meta property=\"og:locale\" content=\"en_US\" \/>\n<meta property=\"og:type\" content=\"article\" \/>\n<meta property=\"og:title\" content=\"Aviso de privacidad - Fertilizantes Tepeyac\" \/>\n<meta property=\"og:description\" content=\"[...]Read More...\" \/>\n<meta property=\"og:url\" content=\"https:\/\/www.ftepeyac.com.mx\/en\/aviso-de-privacidad\/\" \/>\n<meta property=\"og:site_name\" content=\"Fertilizantes Tepeyac\" \/>\n<meta property=\"article:publisher\" content=\"https:\/\/www.facebook.com\/tepeyacgrupo\" \/>\n<meta property=\"article:modified_time\" content=\"2021-04-27T20:13:58+00:00\" \/>\n<meta name=\"twitter:card\" content=\"summary_large_image\" \/>\n<meta name=\"twitter:label1\" content=\"Est. reading time\" \/>\n\t<meta name=\"twitter:data1\" content=\"10 minutes\" \/>\n<script type=\"application\/ld+json\" class=\"yoast-schema-graph\">{\"@context\":\"https:\/\/schema.org\",\"@graph\":[{\"@type\":\"WebPage\",\"@id\":\"https:\/\/www.ftepeyac.com.mx\/aviso-de-privacidad\/\",\"url\":\"https:\/\/www.ftepeyac.com.mx\/aviso-de-privacidad\/\",\"name\":\"Aviso de privacidad - Fertilizantes Tepeyac\",\"isPartOf\":{\"@id\":\"https:\/\/www.ftepeyac.com.mx\/#website\"},\"datePublished\":\"2021-04-27T20:03:20+00:00\",\"dateModified\":\"2021-04-27T20:13:58+00:00\",\"breadcrumb\":{\"@id\":\"https:\/\/www.ftepeyac.com.mx\/aviso-de-privacidad\/#breadcrumb\"},\"inLanguage\":\"en-US\",\"potentialAction\":[{\"@type\":\"ReadAction\",\"target\":[\"https:\/\/www.ftepeyac.com.mx\/aviso-de-privacidad\/\"]}]},{\"@type\":\"BreadcrumbList\",\"@id\":\"https:\/\/www.ftepeyac.com.mx\/aviso-de-privacidad\/#breadcrumb\",\"itemListElement\":[{\"@type\":\"ListItem\",\"position\":1,\"name\":\"Portada\",\"item\":\"https:\/\/www.ftepeyac.com.mx\/\"},{\"@type\":\"ListItem\",\"position\":2,\"name\":\"Aviso de privacidad\"}]},{\"@type\":\"WebSite\",\"@id\":\"https:\/\/www.ftepeyac.com.mx\/#website\",\"url\":\"https:\/\/www.ftepeyac.com.mx\/\",\"name\":\"Fertilizantes Tepeyac | Soluciones en Nutrici\u00f3n Vegetal y Protecci\u00f3n de Cultivos\",\"description\":\"Ofrecemos un gran cat\u00e1logo de soluciones en agricultura, nos distinguimos por nuestra atenci\u00f3n personalizada sin intermediarios.\",\"publisher\":{\"@id\":\"https:\/\/www.ftepeyac.com.mx\/#organization\"},\"potentialAction\":[{\"@type\":\"SearchAction\",\"target\":{\"@type\":\"EntryPoint\",\"urlTemplate\":\"https:\/\/www.ftepeyac.com.mx\/?s={search_term_string}\"},\"query-input\":{\"@type\":\"PropertyValueSpecification\",\"valueRequired\":true,\"valueName\":\"search_term_string\"}}],\"inLanguage\":\"en-US\"},{\"@type\":\"Organization\",\"@id\":\"https:\/\/www.ftepeyac.com.mx\/#organization\",\"name\":\"Fertilizantes Tepeyac | Soluciones en Nutrici\u00f3n Vegetal y Protecci\u00f3n de Cultivos\",\"url\":\"https:\/\/www.ftepeyac.com.mx\/\",\"logo\":{\"@type\":\"ImageObject\",\"inLanguage\":\"en-US\",\"@id\":\"https:\/\/www.ftepeyac.com.mx\/#\/schema\/logo\/image\/\",\"url\":\"https:\/\/www.ftepeyac.com.mx\/wp-content\/uploads\/2019\/09\/tepeyac75-logo.png\",\"contentUrl\":\"https:\/\/www.ftepeyac.com.mx\/wp-content\/uploads\/2019\/09\/tepeyac75-logo.png\",\"width\":700,\"height\":150,\"caption\":\"Fertilizantes Tepeyac | Soluciones en Nutrici\u00f3n Vegetal y Protecci\u00f3n de Cultivos\"},\"image\":{\"@id\":\"https:\/\/www.ftepeyac.com.mx\/#\/schema\/logo\/image\/\"},\"sameAs\":[\"https:\/\/www.facebook.com\/tepeyacgrupo\",\"https:\/\/www.instagram.com\/fertilizantes.tepeyac\/\",\"https:\/\/mx.linkedin.com\/company\/fertilizantes-tepeyac-del-noroeste\"]}]}<\/script>\n<!-- \/ Yoast SEO plugin. -->","yoast_head_json":{"title":"Aviso de privacidad - Fertilizantes Tepeyac","robots":{"index":"index","follow":"follow","max-snippet":"max-snippet:-1","max-image-preview":"max-image-preview:large","max-video-preview":"max-video-preview:-1"},"canonical":"https:\/\/www.ftepeyac.com.mx\/en\/aviso-de-privacidad\/","og_locale":"en_US","og_type":"article","og_title":"Aviso de privacidad - Fertilizantes Tepeyac","og_description":"[...]Read More...","og_url":"https:\/\/www.ftepeyac.com.mx\/en\/aviso-de-privacidad\/","og_site_name":"Fertilizantes Tepeyac","article_publisher":"https:\/\/www.facebook.com\/tepeyacgrupo","article_modified_time":"2021-04-27T20:13:58+00:00","twitter_card":"summary_large_image","twitter_misc":{"Est. reading time":"10 minutes"},"schema":{"@context":"https:\/\/schema.org","@graph":[{"@type":"WebPage","@id":"https:\/\/www.ftepeyac.com.mx\/aviso-de-privacidad\/","url":"https:\/\/www.ftepeyac.com.mx\/aviso-de-privacidad\/","name":"Aviso de privacidad - Fertilizantes Tepeyac","isPartOf":{"@id":"https:\/\/www.ftepeyac.com.mx\/#website"},"datePublished":"2021-04-27T20:03:20+00:00","dateModified":"2021-04-27T20:13:58+00:00","breadcrumb":{"@id":"https:\/\/www.ftepeyac.com.mx\/aviso-de-privacidad\/#breadcrumb"},"inLanguage":"en-US","potentialAction":[{"@type":"ReadAction","target":["https:\/\/www.ftepeyac.com.mx\/aviso-de-privacidad\/"]}]},{"@type":"BreadcrumbList","@id":"https:\/\/www.ftepeyac.com.mx\/aviso-de-privacidad\/#breadcrumb","itemListElement":[{"@type":"ListItem","position":1,"name":"Portada","item":"https:\/\/www.ftepeyac.com.mx\/"},{"@type":"ListItem","position":2,"name":"Aviso de privacidad"}]},{"@type":"WebSite","@id":"https:\/\/www.ftepeyac.com.mx\/#website","url":"https:\/\/www.ftepeyac.com.mx\/","name":"Fertilizantes Tepeyac | Soluciones en Nutrici\u00f3n Vegetal y Protecci\u00f3n de Cultivos","description":"Ofrecemos un gran cat\u00e1logo de soluciones en agricultura, nos distinguimos por nuestra atenci\u00f3n personalizada sin intermediarios.","publisher":{"@id":"https:\/\/www.ftepeyac.com.mx\/#organization"},"potentialAction":[{"@type":"SearchAction","target":{"@type":"EntryPoint","urlTemplate":"https:\/\/www.ftepeyac.com.mx\/?s={search_term_string}"},"query-input":{"@type":"PropertyValueSpecification","valueRequired":true,"valueName":"search_term_string"}}],"inLanguage":"en-US"},{"@type":"Organization","@id":"https:\/\/www.ftepeyac.com.mx\/#organization","name":"Fertilizantes Tepeyac | Soluciones en Nutrici\u00f3n Vegetal y Protecci\u00f3n de Cultivos","url":"https:\/\/www.ftepeyac.com.mx\/","logo":{"@type":"ImageObject","inLanguage":"en-US","@id":"https:\/\/www.ftepeyac.com.mx\/#\/schema\/logo\/image\/","url":"https:\/\/www.ftepeyac.com.mx\/wp-content\/uploads\/2019\/09\/tepeyac75-logo.png","contentUrl":"https:\/\/www.ftepeyac.com.mx\/wp-content\/uploads\/2019\/09\/tepeyac75-logo.png","width":700,"height":150,"caption":"Fertilizantes Tepeyac | Soluciones en Nutrici\u00f3n Vegetal y Protecci\u00f3n de Cultivos"},"image":{"@id":"https:\/\/www.ftepeyac.com.mx\/#\/schema\/logo\/image\/"},"sameAs":["https:\/\/www.facebook.com\/tepeyacgrupo","https:\/\/www.instagram.com\/fertilizantes.tepeyac\/","https:\/\/mx.linkedin.com\/company\/fertilizantes-tepeyac-del-noroeste"]}]}},"_links":{"self":[{"href":"https:\/\/www.ftepeyac.com.mx\/en\/wp-json\/wp\/v2\/pages\/3263","targetHints":{"allow":["GET"]}}],"collection":[{"href":"https:\/\/www.ftepeyac.com.mx\/en\/wp-json\/wp\/v2\/pages"}],"about":[{"href":"https:\/\/www.ftepeyac.com.mx\/en\/wp-json\/wp\/v2\/types\/page"}],"author":[{"embeddable":true,"href":"https:\/\/www.ftepeyac.com.mx\/en\/wp-json\/wp\/v2\/users\/1"}],"replies":[{"embeddable":true,"href":"https:\/\/www.ftepeyac.com.mx\/en\/wp-json\/wp\/v2\/comments?post=3263"}],"version-history":[{"count":6,"href":"https:\/\/www.ftepeyac.com.mx\/en\/wp-json\/wp\/v2\/pages\/3263\/revisions"}],"predecessor-version":[{"id":3270,"href":"https:\/\/www.ftepeyac.com.mx\/en\/wp-json\/wp\/v2\/pages\/3263\/revisions\/3270"}],"wp:attachment":[{"href":"https:\/\/www.ftepeyac.com.mx\/en\/wp-json\/wp\/v2\/media?parent=3263"}],"curies":[{"name":"wp","href":"https:\/\/api.w.org\/{rel}","templated":true}]}}