{"id":3569,"date":"2021-05-09T06:45:50","date_gmt":"2021-05-09T06:45:50","guid":{"rendered":"https:\/\/www.ftepeyac.com.mx\/?page_id=3569"},"modified":"2025-11-11T06:24:13","modified_gmt":"2025-11-11T06:24:13","slug":"agricultura-protegida","status":"publish","type":"page","link":"https:\/\/www.ftepeyac.com.mx\/en\/agricultura-protegida\/","title":{"rendered":"Protected agriculture"},"content":{"rendered":"<div data-vc-parallax=\"1.5\" class=\"vc_row wpb_row vc_row-fluid vc_custom_1621454785370 vc_row-has-fill vc_general vc_parallax vc_parallax-content-moving\"><div class=\"container mx-auto wpb_column vc_column_container vc_col-sm-12 vc_col-lg-12 vc_col-md-12 vc_col-xs-12\"><div class=\"vc_column-inner vc_custom_1618622880943\"><div class=\"wpb_wrapper\"><\/div><\/div><\/div><\/div><div data-vc-parallax=\"1.5\" class=\"vc_row wpb_row vc_row-fluid vc_custom_1618596032345 vc_row-has-fill vc_general vc_parallax vc_parallax-content-moving\"><div class=\"container mx-auto wpb_column vc_column_container vc_col-sm-12 vc_col-lg-12 vc_col-md-12 vc_col-xs-12\"><div class=\"vc_column-inner vc_custom_1618622880943\"><div class=\"wpb_wrapper\">\r\n\t<div class=\"wpb_text_column wpb_content_element  justified-text\" >\r\n\t\t<div class=\"wpb_wrapper\">\r\n\t\t\t<h2 style=\"font-size: 1.2rem; font-weight: normal;\">Sabemos lo importante que es cuidar la inversi\u00f3n en los cultivos de alto valor de la agricultura protegida. Para eso contamos con una gran experiencia y compromiso atendiendo este mercado, as\u00ed como una extensa l\u00ednea de productos que han sido cuidadosamente seleccionados bajo el criterio de calidad y beneficio para nuestros clientes.<\/h2>\n\r\n\t\t<\/div>\r\n\t<\/div>\r\n<\/div><\/div><\/div><\/div><div data-vc-full-width=\"true\" data-vc-full-width-init=\"false\" data-vc-stretch-content=\"true\" class=\"vc_row wpb_row vc_row-fluid vc_custom_1619929198422 vc_column-gap-10\"><div class=\"product-sidebar-custom product-sidebar-custom-2 wpb_column vc_column_container vc_col-sm-3\"><div class=\"vc_column-inner vc_custom_1629490518111\"><div class=\"wpb_wrapper\">\r\n\t<div class=\"wpb_text_column wpb_content_element  vc_custom_1634535050840\" >\r\n\t\t<div class=\"wpb_wrapper\">\r\n\t\t\t<p style=\"text-align: left;\"><a href=\"https:\/\/www.ftepeyac.com.mx\/en\/nutricion-vegetal\/\"><span style=\"color: #ffffff;\">Vegetal Nutrition<\/span><\/a><\/p>\n\r\n\t\t<\/div>\r\n\t<\/div>\r\n\r\n\t<div class=\"wpb_text_column wpb_content_element  vc_custom_1634535059533\" >\r\n\t\t<div class=\"wpb_wrapper\">\r\n\t\t\t<p style=\"text-align: left;\"><a href=\"https:\/\/www.ftepeyac.com.mx\/en\/proteccion-de-cultivos\/\"><span style=\"color: #ffffff;\">Crop protection<\/span><\/a><\/p>\n\r\n\t\t<\/div>\r\n\t<\/div>\r\n\r\n\t<div class=\"wpb_text_column wpb_content_element  vc_custom_1634535069479\" >\r\n\t\t<div class=\"wpb_wrapper\">\r\n\t\t\t<p style=\"text-align: left;\"><a href=\"https:\/\/www.ftepeyac.com.mx\/en\/servicios\/\"><span style=\"color: #ffffff;\">Services<\/span><\/a><\/p>\n\r\n\t\t<\/div>\r\n\t<\/div>\r\n\r\n\t<div  class=\"wpb_single_image wpb_content_element vc_align_center\">\r\n\t\t\r\n\t\t<figure class=\"wpb_wrapper vc_figure\">\r\n\t\t\t<div class=\"vc_single_image-wrapper   vc_box_border_grey\"><img decoding=\"async\" width=\"80\" height=\"90\" src=\"https:\/\/www.ftepeyac.com.mx\/wp-content\/uploads\/2021\/05\/agricultura_protegida.png\" class=\"vc_single_image-img attachment-full\" alt=\"agricultura_protegida\" srcset=\"https:\/\/www.ftepeyac.com.mx\/wp-content\/uploads\/2021\/05\/agricultura_protegida.png 80w, https:\/\/www.ftepeyac.com.mx\/wp-content\/uploads\/2021\/05\/agricultura_protegida-11x12.png 11w\" sizes=\"(max-width: 80px) 100vw, 80px\" \/><\/div>\r\n\t\t<\/figure>\r\n\t<\/div>\r\n\r\n\t<div class=\"wpb_text_column wpb_content_element  vc_custom_1762841513698\" >\r\n\t\t<div class=\"wpb_wrapper\">\r\n\t\t\t<h1 style=\"font-size: 1.5rem; text-align: center;\"><span style=\"color: #ffffff;\">Protected Agriculture<\/span><\/h1>\n\r\n\t\t<\/div>\r\n\t<\/div>\r\n\r\n\t<div class=\"wpb_text_column wpb_content_element  vc_custom_1634535078588\" >\r\n\t\t<div class=\"wpb_wrapper\">\r\n\t\t\t<p style=\"text-align: left;\"><a href=\"https:\/\/www.ftepeyac.com.mx\/en\/industria\/\"><span style=\"color: #ffffff;\">Industry<\/span><\/a><\/p>\n\r\n\t\t<\/div>\r\n\t<\/div>\r\n\r\n\t<div class=\"wpb_text_column wpb_content_element  vc_custom_1675929503302\" >\r\n\t\t<div class=\"wpb_wrapper\">\r\n\t\t\t<p style=\"text-align: left;\"><a href=\"https:\/\/www.ftepeyac.com.mx\/en\/financiamientos\/\"><span style=\"color: #ffffff;\">Financing<\/span><\/a><\/p>\n\r\n\t\t<\/div>\r\n\t<\/div>\r\n\r\n\t<div class=\"wpb_text_column wpb_content_element\" >\r\n\t\t<div class=\"wpb_wrapper\">\r\n\t\t\t<p style=\"text-align: left;\"><a href=\"https:\/\/www.ftepeyac.com.mx\/en\/productos-indiapac\/\"><span style=\"color: #ffffff;\">Productos Indiapac<\/span><\/a><\/p>\n\r\n\t\t<\/div>\r\n\t<\/div>\r\n<\/div><\/div><\/div><div class=\"wpb_column vc_column_container vc_col-sm-9\"><div class=\"vc_column-inner\"><div class=\"wpb_wrapper\"><div class=\"vc_row wpb_row vc_inner vc_row-fluid\"><div class=\"wpb_column vc_column_container vc_col-sm-6\"><div class=\"vc_column-inner vc_custom_1625194425014\"><div class=\"wpb_wrapper\">\r\n\t<div class=\"wpb_text_column wpb_content_element  vc_custom_1762842251231\" >\r\n\t\t<div class=\"wpb_wrapper\">\r\n\t\t\t<h3 style=\"text-align: center;\"><a style=\"color: #3a3a3a; text-decoration: none;\" href=\"https:\/\/www.ftepeyac.com.mx\/en\/ultrasol-organico\/\">Fertilizantes Ultrasol<\/a><\/h3>\n\r\n\t\t<\/div>\r\n\t<\/div>\r\n\r\n\t<div  class=\"wpb_single_image wpb_content_element vc_align_center  vc_custom_1762842238493\">\r\n\t\t\r\n\t\t<figure class=\"wpb_wrapper vc_figure\">\r\n\t\t\t<a href=\"https:\/\/www.ftepeyac.com.mx\/en\/ultrasol-organico\/\" target=\"_self\" class=\"vc_single_image-wrapper   vc_box_border_grey\"><img decoding=\"async\" width=\"301\" height=\"101\" src=\"https:\/\/www.ftepeyac.com.mx\/wp-content\/uploads\/2021\/06\/ultrasol.png\" class=\"vc_single_image-img attachment-full\" alt=\"ultrasol\" srcset=\"https:\/\/www.ftepeyac.com.mx\/wp-content\/uploads\/2021\/06\/ultrasol.png 301w, https:\/\/www.ftepeyac.com.mx\/wp-content\/uploads\/2021\/06\/ultrasol-16x5.png 16w\" sizes=\"(max-width: 301px) 100vw, 301px\" \/><\/a>\r\n\t\t<\/figure>\r\n\t<\/div>\r\n\r\n\t<div class=\"wpb_text_column wpb_content_element  vc_custom_1623882612420\" >\r\n\t\t<div class=\"wpb_wrapper\">\r\n\t\t\t<p style=\"text-align: center;\">Completa gama de soluciones nutritivas solubles en agua, dise\u00f1ada para ofrecer una soluci\u00f3n integral en fertirrigaci\u00f3n a partir de la necesidad de la planta por fase fenol\u00f3gica. Las f\u00f3rmulas de Ultrasol\u00ae incluyen macro y micronutrientes, son completamente solubles en agua y libres de cloruro, lo que contribuye a una eficiente absorci\u00f3n de los nutrientes.<\/p>\n\r\n\t\t<\/div>\r\n\t<\/div>\r\n\r\n\t<div  class=\"wpb_single_image wpb_content_element vc_align_center\">\r\n\t\t\r\n\t\t<figure class=\"wpb_wrapper vc_figure\">\r\n\t\t\t<a href=\"https:\/\/www.ftepeyac.com.mx\/en\/ultrasol-organico\/\" target=\"_self\" class=\"vc_single_image-wrapper   vc_box_border_grey\"><img decoding=\"async\" width=\"56\" height=\"56\" src=\"https:\/\/www.ftepeyac.com.mx\/wp-content\/uploads\/2021\/04\/btn-1.png\" class=\"vc_single_image-img attachment-full\" alt=\"\" srcset=\"https:\/\/www.ftepeyac.com.mx\/wp-content\/uploads\/2021\/04\/btn-1.png 56w, https:\/\/www.ftepeyac.com.mx\/wp-content\/uploads\/2021\/04\/btn-1-40x40.png 40w\" sizes=\"(max-width: 56px) 100vw, 56px\" \/><\/a>\r\n\t\t<\/figure>\r\n\t<\/div>\r\n<\/div><\/div><\/div><div class=\"wpb_column vc_column_container vc_col-sm-6\"><div class=\"vc_column-inner vc_custom_1625194429680\"><div class=\"wpb_wrapper\">\r\n\t<div class=\"wpb_text_column wpb_content_element  vc_custom_1762842228410\" >\r\n\t\t<div class=\"wpb_wrapper\">\r\n\t\t\t<h3 style=\"text-align: center;\"><a style=\"color: #3a3a3a; text-decoration: none;\" href=\"https:\/\/www.ftepeyac.com.mx\/en\/qrop-organico\/\">Fertilizantes Qrop<\/a><\/h3>\n\r\n\t\t<\/div>\r\n\t<\/div>\r\n\r\n\t<div  class=\"wpb_single_image wpb_content_element vc_align_center  vc_custom_1762842209754\">\r\n\t\t\r\n\t\t<figure class=\"wpb_wrapper vc_figure\">\r\n\t\t\t<a href=\"https:\/\/www.ftepeyac.com.mx\/en\/qrop-organico\/\" target=\"_self\" class=\"vc_single_image-wrapper   vc_box_border_grey\"><img loading=\"lazy\" decoding=\"async\" width=\"301\" height=\"101\" src=\"https:\/\/www.ftepeyac.com.mx\/wp-content\/uploads\/2021\/06\/qrop.png\" class=\"vc_single_image-img attachment-full\" alt=\"qrop\" srcset=\"https:\/\/www.ftepeyac.com.mx\/wp-content\/uploads\/2021\/06\/qrop.png 301w, https:\/\/www.ftepeyac.com.mx\/wp-content\/uploads\/2021\/06\/qrop-16x5.png 16w\" sizes=\"(max-width: 301px) 100vw, 301px\" \/><\/a>\r\n\t\t<\/figure>\r\n\t<\/div>\r\n\r\n\t<div class=\"wpb_text_column wpb_content_element  vc_custom_1623882829881\" >\r\n\t\t<div class=\"wpb_wrapper\">\r\n\t\t\t<p style=\"text-align: center;\">Completa l\u00ednea de soluciones nutricionales dise\u00f1ada para aplicaci\u00f3n directa al suelo y con una gran variedad de f\u00f3rmulas especializadas y mezclas \u00fanicas, altamente precisas y r\u00e1pidamente disponibles para la planta. Todos los productos de la l\u00ednea Qrop\u00ae abordan los cultivos y condiciones de suelo m\u00e1s espec\u00edficas, permiti\u00e9ndote obtener el m\u00e1ximo rendimiento, ya que entrega los nutrientes necesarios para una correcta nutrici\u00f3n, como el potasio y el nitr\u00f3geno n\u00edtrico.<\/p>\n\r\n\t\t<\/div>\r\n\t<\/div>\r\n\r\n\t<div  class=\"wpb_single_image wpb_content_element vc_align_center\">\r\n\t\t\r\n\t\t<figure class=\"wpb_wrapper vc_figure\">\r\n\t\t\t<a href=\"https:\/\/www.ftepeyac.com.mx\/en\/qrop-organico\/\" target=\"_self\" class=\"vc_single_image-wrapper   vc_box_border_grey\"><img decoding=\"async\" width=\"56\" height=\"56\" src=\"https:\/\/www.ftepeyac.com.mx\/wp-content\/uploads\/2021\/04\/btn-1.png\" class=\"vc_single_image-img attachment-full\" alt=\"\" srcset=\"https:\/\/www.ftepeyac.com.mx\/wp-content\/uploads\/2021\/04\/btn-1.png 56w, https:\/\/www.ftepeyac.com.mx\/wp-content\/uploads\/2021\/04\/btn-1-40x40.png 40w\" sizes=\"(max-width: 56px) 100vw, 56px\" \/><\/a>\r\n\t\t<\/figure>\r\n\t<\/div>\r\n<\/div><\/div><\/div><\/div><div class=\"vc_row wpb_row vc_inner vc_row-fluid\"><div class=\"wpb_column vc_column_container vc_col-sm-6\"><div class=\"vc_column-inner vc_custom_1625194436203\"><div class=\"wpb_wrapper\">\r\n\t<div class=\"wpb_text_column wpb_content_element  vc_custom_1762842199589\" >\r\n\t\t<div class=\"wpb_wrapper\">\r\n\t\t\t<h3 style=\"text-align: center;\"><a style=\"color: #3a3a3a; text-decoration: none;\" href=\"https:\/\/www.ftepeyac.com.mx\/en\/speedfol-organico\/\">Fertilizantes Speedfol<\/a><\/h3>\n\r\n\t\t<\/div>\r\n\t<\/div>\r\n\r\n\t<div  class=\"wpb_single_image wpb_content_element vc_align_center  vc_custom_1762842190158\">\r\n\t\t\r\n\t\t<figure class=\"wpb_wrapper vc_figure\">\r\n\t\t\t<a href=\"https:\/\/www.ftepeyac.com.mx\/en\/speedfol-organico\/\" target=\"_self\" class=\"vc_single_image-wrapper   vc_box_border_grey\"><img loading=\"lazy\" decoding=\"async\" width=\"301\" height=\"101\" src=\"https:\/\/www.ftepeyac.com.mx\/wp-content\/uploads\/2021\/06\/speedfol.png\" class=\"vc_single_image-img attachment-full\" alt=\"speedfol\" srcset=\"https:\/\/www.ftepeyac.com.mx\/wp-content\/uploads\/2021\/06\/speedfol.png 301w, https:\/\/www.ftepeyac.com.mx\/wp-content\/uploads\/2021\/06\/speedfol-16x5.png 16w\" sizes=\"(max-width: 301px) 100vw, 301px\" \/><\/a>\r\n\t\t<\/figure>\r\n\t<\/div>\r\n\r\n\t<div class=\"wpb_text_column wpb_content_element  vc_custom_1623883649971\" >\r\n\t\t<div class=\"wpb_wrapper\">\r\n\t\t\t<p style=\"text-align: center;\">Programa de Nutrici\u00f3n Vegetal de Especialidad para Aplicaci\u00f3n Foliar, el \u00fanico con triple acci\u00f3n. Esto significa que, adem\u00e1s de corregir y prevenir r\u00e1pidamente las deficiencias nutricionales, proporciona elementos activos especiales que bioestimulan los cultivos desde sus hojas garantizando una calidad de cultivo \u00fanico.<\/p>\n\r\n\t\t<\/div>\r\n\t<\/div>\r\n\r\n\t<div  class=\"wpb_single_image wpb_content_element vc_align_center\">\r\n\t\t\r\n\t\t<figure class=\"wpb_wrapper vc_figure\">\r\n\t\t\t<a href=\"https:\/\/www.ftepeyac.com.mx\/en\/speedfol-organico\/\" target=\"_self\" class=\"vc_single_image-wrapper   vc_box_border_grey\"><img decoding=\"async\" width=\"56\" height=\"56\" src=\"https:\/\/www.ftepeyac.com.mx\/wp-content\/uploads\/2021\/04\/btn-1.png\" class=\"vc_single_image-img attachment-full\" alt=\"\" srcset=\"https:\/\/www.ftepeyac.com.mx\/wp-content\/uploads\/2021\/04\/btn-1.png 56w, https:\/\/www.ftepeyac.com.mx\/wp-content\/uploads\/2021\/04\/btn-1-40x40.png 40w\" sizes=\"(max-width: 56px) 100vw, 56px\" \/><\/a>\r\n\t\t<\/figure>\r\n\t<\/div>\r\n<\/div><\/div><\/div><div class=\"wpb_column vc_column_container vc_col-sm-6\"><div class=\"vc_column-inner vc_custom_1625194440983\"><div class=\"wpb_wrapper\">\r\n\t<div class=\"wpb_text_column wpb_content_element  vc_custom_1762842181603\" >\r\n\t\t<div class=\"wpb_wrapper\">\r\n\t\t\t<h3 style=\"text-align: center;\"><a style=\"color: #3a3a3a; text-decoration: none;\" href=\"https:\/\/www.ftepeyac.com.mx\/en\/allganic-organico\/\">Fertilizantes Allganic<\/a><\/h3>\n\r\n\t\t<\/div>\r\n\t<\/div>\r\n\r\n\t<div  class=\"wpb_single_image wpb_content_element vc_align_center  vc_custom_1762842170976\">\r\n\t\t\r\n\t\t<figure class=\"wpb_wrapper vc_figure\">\r\n\t\t\t<a href=\"https:\/\/www.ftepeyac.com.mx\/en\/allganic-organico\/\" target=\"_self\" class=\"vc_single_image-wrapper   vc_box_border_grey\"><img loading=\"lazy\" decoding=\"async\" width=\"301\" height=\"101\" src=\"https:\/\/www.ftepeyac.com.mx\/wp-content\/uploads\/2021\/06\/allganic.png\" class=\"vc_single_image-img attachment-full\" alt=\"allganic\" srcset=\"https:\/\/www.ftepeyac.com.mx\/wp-content\/uploads\/2021\/06\/allganic.png 301w, https:\/\/www.ftepeyac.com.mx\/wp-content\/uploads\/2021\/06\/allganic-16x5.png 16w\" sizes=\"(max-width: 301px) 100vw, 301px\" \/><\/a>\r\n\t\t<\/figure>\r\n\t<\/div>\r\n\r\n\t<div class=\"wpb_text_column wpb_content_element  vc_custom_1623883703185\" >\r\n\t\t<div class=\"wpb_wrapper\">\r\n\t\t\t<p style=\"text-align: center;\">Familia de fertilizantes totalmente org\u00e1nicos de SQM. Todos los fertilizantes de Allganic\u00ae son naturales y amigables con el medio ambiente. Allganic\u00ae mejora la vida de los cultivos en suelos org\u00e1nicos para obtener cosechas de alta calidad, generando alimentos sanos y nutritivos para una mejor calidad de vida.<\/p>\n\r\n\t\t<\/div>\r\n\t<\/div>\r\n\r\n\t<div  class=\"wpb_single_image wpb_content_element vc_align_center\">\r\n\t\t\r\n\t\t<figure class=\"wpb_wrapper vc_figure\">\r\n\t\t\t<a href=\"https:\/\/www.ftepeyac.com.mx\/en\/allganic-organico\/\" target=\"_self\" class=\"vc_single_image-wrapper   vc_box_border_grey\"><img decoding=\"async\" width=\"56\" height=\"56\" src=\"https:\/\/www.ftepeyac.com.mx\/wp-content\/uploads\/2021\/04\/btn-1.png\" class=\"vc_single_image-img attachment-full\" alt=\"\" srcset=\"https:\/\/www.ftepeyac.com.mx\/wp-content\/uploads\/2021\/04\/btn-1.png 56w, https:\/\/www.ftepeyac.com.mx\/wp-content\/uploads\/2021\/04\/btn-1-40x40.png 40w\" sizes=\"(max-width: 56px) 100vw, 56px\" \/><\/a>\r\n\t\t<\/figure>\r\n\t<\/div>\r\n<\/div><\/div><\/div><\/div><div class=\"vc_row wpb_row vc_inner vc_row-fluid\"><div class=\"wpb_column vc_column_container vc_col-sm-6\"><div class=\"vc_column-inner vc_custom_1625194446500\"><div class=\"wpb_wrapper\">\r\n\t<div class=\"wpb_text_column wpb_content_element  vc_custom_1762841939343\" >\r\n\t\t<div class=\"wpb_wrapper\">\r\n\t\t\t<h3 style=\"text-align: center;\"><a style=\"color: #3a3a3a; text-decoration: none;\" href=\"https:\/\/www.ftepeyac.com.mx\/en\/tessenderlo-kerley-organico\/\">Fertilizantes Crop Vitality<\/a><\/h3>\n\r\n\t\t<\/div>\r\n\t<\/div>\r\n\r\n\t<div  class=\"wpb_single_image wpb_content_element vc_align_center  vc_custom_1634535159842\">\r\n\t\t\r\n\t\t<figure class=\"wpb_wrapper vc_figure\">\r\n\t\t\t<a href=\"https:\/\/www.ftepeyac.com.mx\/en\/tessenderlo-kerley-organico\/\" target=\"_self\" class=\"vc_single_image-wrapper   vc_box_border_grey\"><img loading=\"lazy\" decoding=\"async\" width=\"301\" height=\"151\" src=\"https:\/\/www.ftepeyac.com.mx\/wp-content\/uploads\/2021\/06\/crop-vitality.png\" class=\"vc_single_image-img attachment-full\" alt=\"crop-vitality\" srcset=\"https:\/\/www.ftepeyac.com.mx\/wp-content\/uploads\/2021\/06\/crop-vitality.png 301w, https:\/\/www.ftepeyac.com.mx\/wp-content\/uploads\/2021\/06\/crop-vitality-16x8.png 16w\" sizes=\"(max-width: 301px) 100vw, 301px\" \/><\/a>\r\n\t\t<\/figure>\r\n\t<\/div>\r\n\r\n\t<div class=\"wpb_text_column wpb_content_element  vc_custom_1623883837807\" >\r\n\t\t<div class=\"wpb_wrapper\">\r\n\t\t\t<p style=\"text-align: center;\">Productos de nutrientes para cultivos de clase mundial y es el principal productor mundial de productos de nutrici\u00f3n para cultivos a base de azufre utilizados en la industria agr\u00edcola. Crop Vitality ofrece una cartera diversa de productos que son vitales para la salud de los cultivos, incluidos Thio-Sul\u00ae, KTS\u00ae, K-Row 23\u00ae, CaTs\u00ae, GranuPotasse\u00ae y SoluPotasse\u00ae.<\/p>\n\r\n\t\t<\/div>\r\n\t<\/div>\r\n\r\n\t<div  class=\"wpb_single_image wpb_content_element vc_align_center\">\r\n\t\t\r\n\t\t<figure class=\"wpb_wrapper vc_figure\">\r\n\t\t\t<a href=\"https:\/\/www.ftepeyac.com.mx\/en\/tessenderlo-kerley-organico\/\" target=\"_self\" class=\"vc_single_image-wrapper   vc_box_border_grey\"><img decoding=\"async\" width=\"56\" height=\"56\" src=\"https:\/\/www.ftepeyac.com.mx\/wp-content\/uploads\/2021\/04\/btn-1.png\" class=\"vc_single_image-img attachment-full\" alt=\"\" srcset=\"https:\/\/www.ftepeyac.com.mx\/wp-content\/uploads\/2021\/04\/btn-1.png 56w, https:\/\/www.ftepeyac.com.mx\/wp-content\/uploads\/2021\/04\/btn-1-40x40.png 40w\" sizes=\"(max-width: 56px) 100vw, 56px\" \/><\/a>\r\n\t\t<\/figure>\r\n\t<\/div>\r\n<\/div><\/div><\/div><div class=\"wpb_column vc_column_container vc_col-sm-6\"><div class=\"vc_column-inner\"><div class=\"wpb_wrapper\"><\/div><\/div><\/div><\/div><\/div><\/div><\/div><\/div><div class=\"vc_row-full-width vc_clearfix\"><\/div>","protected":false},"excerpt":{"rendered":"<p> [&#8230;]<\/p>\n<p><a class=\"btn btn-secondary understrap-read-more-link\" href=\"https:\/\/www.ftepeyac.com.mx\/en\/agricultura-protegida\/\">Read More&#8230;<\/a><\/p>","protected":false},"author":1,"featured_media":0,"parent":0,"menu_order":0,"comment_status":"closed","ping_status":"closed","template":"page-templates\/empty.php","meta":{"inline_featured_image":false,"footnotes":""},"class_list":["post-3569","page","type-page","status-publish","hentry"],"yoast_head":"<!-- This site is optimized with the Yoast SEO plugin v24.9 - https:\/\/yoast.com\/wordpress\/plugins\/seo\/ -->\n<title>Agricultura protegida - Fertilizantes Tepeyac<\/title>\n<meta name=\"robots\" content=\"index, follow, max-snippet:-1, max-image-preview:large, max-video-preview:-1\" \/>\n<link rel=\"canonical\" href=\"https:\/\/www.ftepeyac.com.mx\/en\/agricultura-protegida\/\" \/>\n<meta property=\"og:locale\" content=\"en_US\" \/>\n<meta property=\"og:type\" content=\"article\" \/>\n<meta property=\"og:title\" content=\"Agricultura protegida - Fertilizantes Tepeyac\" \/>\n<meta property=\"og:description\" content=\"[...]Read More...\" \/>\n<meta property=\"og:url\" content=\"https:\/\/www.ftepeyac.com.mx\/en\/agricultura-protegida\/\" \/>\n<meta property=\"og:site_name\" content=\"Fertilizantes Tepeyac\" \/>\n<meta property=\"article:publisher\" content=\"https:\/\/www.facebook.com\/tepeyacgrupo\" \/>\n<meta property=\"article:modified_time\" content=\"2025-11-11T06:24:13+00:00\" \/>\n<meta name=\"twitter:card\" content=\"summary_large_image\" \/>\n<meta name=\"twitter:label1\" content=\"Est. reading time\" \/>\n\t<meta name=\"twitter:data1\" content=\"3 minutes\" \/>\n<script type=\"application\/ld+json\" class=\"yoast-schema-graph\">{\"@context\":\"https:\/\/schema.org\",\"@graph\":[{\"@type\":\"WebPage\",\"@id\":\"https:\/\/www.ftepeyac.com.mx\/agricultura-protegida\/\",\"url\":\"https:\/\/www.ftepeyac.com.mx\/agricultura-protegida\/\",\"name\":\"Agricultura protegida - Fertilizantes Tepeyac\",\"isPartOf\":{\"@id\":\"https:\/\/www.ftepeyac.com.mx\/#website\"},\"datePublished\":\"2021-05-09T06:45:50+00:00\",\"dateModified\":\"2025-11-11T06:24:13+00:00\",\"breadcrumb\":{\"@id\":\"https:\/\/www.ftepeyac.com.mx\/agricultura-protegida\/#breadcrumb\"},\"inLanguage\":\"en-US\",\"potentialAction\":[{\"@type\":\"ReadAction\",\"target\":[\"https:\/\/www.ftepeyac.com.mx\/agricultura-protegida\/\"]}]},{\"@type\":\"BreadcrumbList\",\"@id\":\"https:\/\/www.ftepeyac.com.mx\/agricultura-protegida\/#breadcrumb\",\"itemListElement\":[{\"@type\":\"ListItem\",\"position\":1,\"name\":\"Portada\",\"item\":\"https:\/\/www.ftepeyac.com.mx\/\"},{\"@type\":\"ListItem\",\"position\":2,\"name\":\"Agricultura protegida\"}]},{\"@type\":\"WebSite\",\"@id\":\"https:\/\/www.ftepeyac.com.mx\/#website\",\"url\":\"https:\/\/www.ftepeyac.com.mx\/\",\"name\":\"Fertilizantes Tepeyac | Soluciones en Nutrici\u00f3n Vegetal y Protecci\u00f3n de Cultivos\",\"description\":\"Ofrecemos un gran cat\u00e1logo de soluciones en agricultura, nos distinguimos por nuestra atenci\u00f3n personalizada sin intermediarios.\",\"publisher\":{\"@id\":\"https:\/\/www.ftepeyac.com.mx\/#organization\"},\"potentialAction\":[{\"@type\":\"SearchAction\",\"target\":{\"@type\":\"EntryPoint\",\"urlTemplate\":\"https:\/\/www.ftepeyac.com.mx\/?s={search_term_string}\"},\"query-input\":{\"@type\":\"PropertyValueSpecification\",\"valueRequired\":true,\"valueName\":\"search_term_string\"}}],\"inLanguage\":\"en-US\"},{\"@type\":\"Organization\",\"@id\":\"https:\/\/www.ftepeyac.com.mx\/#organization\",\"name\":\"Fertilizantes Tepeyac | Soluciones en Nutrici\u00f3n Vegetal y Protecci\u00f3n de Cultivos\",\"url\":\"https:\/\/www.ftepeyac.com.mx\/\",\"logo\":{\"@type\":\"ImageObject\",\"inLanguage\":\"en-US\",\"@id\":\"https:\/\/www.ftepeyac.com.mx\/#\/schema\/logo\/image\/\",\"url\":\"https:\/\/www.ftepeyac.com.mx\/wp-content\/uploads\/2019\/09\/tepeyac75-logo.png\",\"contentUrl\":\"https:\/\/www.ftepeyac.com.mx\/wp-content\/uploads\/2019\/09\/tepeyac75-logo.png\",\"width\":700,\"height\":150,\"caption\":\"Fertilizantes Tepeyac | Soluciones en Nutrici\u00f3n Vegetal y Protecci\u00f3n de Cultivos\"},\"image\":{\"@id\":\"https:\/\/www.ftepeyac.com.mx\/#\/schema\/logo\/image\/\"},\"sameAs\":[\"https:\/\/www.facebook.com\/tepeyacgrupo\",\"https:\/\/www.instagram.com\/fertilizantes.tepeyac\/\",\"https:\/\/mx.linkedin.com\/company\/fertilizantes-tepeyac-del-noroeste\"]}]}<\/script>\n<!-- \/ Yoast SEO plugin. -->","yoast_head_json":{"title":"Agricultura protegida - Fertilizantes Tepeyac","robots":{"index":"index","follow":"follow","max-snippet":"max-snippet:-1","max-image-preview":"max-image-preview:large","max-video-preview":"max-video-preview:-1"},"canonical":"https:\/\/www.ftepeyac.com.mx\/en\/agricultura-protegida\/","og_locale":"en_US","og_type":"article","og_title":"Agricultura protegida - Fertilizantes Tepeyac","og_description":"[...]Read More...","og_url":"https:\/\/www.ftepeyac.com.mx\/en\/agricultura-protegida\/","og_site_name":"Fertilizantes Tepeyac","article_publisher":"https:\/\/www.facebook.com\/tepeyacgrupo","article_modified_time":"2025-11-11T06:24:13+00:00","twitter_card":"summary_large_image","twitter_misc":{"Est. reading time":"3 minutes"},"schema":{"@context":"https:\/\/schema.org","@graph":[{"@type":"WebPage","@id":"https:\/\/www.ftepeyac.com.mx\/agricultura-protegida\/","url":"https:\/\/www.ftepeyac.com.mx\/agricultura-protegida\/","name":"Agricultura protegida - Fertilizantes Tepeyac","isPartOf":{"@id":"https:\/\/www.ftepeyac.com.mx\/#website"},"datePublished":"2021-05-09T06:45:50+00:00","dateModified":"2025-11-11T06:24:13+00:00","breadcrumb":{"@id":"https:\/\/www.ftepeyac.com.mx\/agricultura-protegida\/#breadcrumb"},"inLanguage":"en-US","potentialAction":[{"@type":"ReadAction","target":["https:\/\/www.ftepeyac.com.mx\/agricultura-protegida\/"]}]},{"@type":"BreadcrumbList","@id":"https:\/\/www.ftepeyac.com.mx\/agricultura-protegida\/#breadcrumb","itemListElement":[{"@type":"ListItem","position":1,"name":"Portada","item":"https:\/\/www.ftepeyac.com.mx\/"},{"@type":"ListItem","position":2,"name":"Agricultura protegida"}]},{"@type":"WebSite","@id":"https:\/\/www.ftepeyac.com.mx\/#website","url":"https:\/\/www.ftepeyac.com.mx\/","name":"Fertilizantes Tepeyac | Soluciones en Nutrici\u00f3n Vegetal y Protecci\u00f3n de Cultivos","description":"Ofrecemos un gran cat\u00e1logo de soluciones en agricultura, nos distinguimos por nuestra atenci\u00f3n personalizada sin intermediarios.","publisher":{"@id":"https:\/\/www.ftepeyac.com.mx\/#organization"},"potentialAction":[{"@type":"SearchAction","target":{"@type":"EntryPoint","urlTemplate":"https:\/\/www.ftepeyac.com.mx\/?s={search_term_string}"},"query-input":{"@type":"PropertyValueSpecification","valueRequired":true,"valueName":"search_term_string"}}],"inLanguage":"en-US"},{"@type":"Organization","@id":"https:\/\/www.ftepeyac.com.mx\/#organization","name":"Fertilizantes Tepeyac | Soluciones en Nutrici\u00f3n Vegetal y Protecci\u00f3n de Cultivos","url":"https:\/\/www.ftepeyac.com.mx\/","logo":{"@type":"ImageObject","inLanguage":"en-US","@id":"https:\/\/www.ftepeyac.com.mx\/#\/schema\/logo\/image\/","url":"https:\/\/www.ftepeyac.com.mx\/wp-content\/uploads\/2019\/09\/tepeyac75-logo.png","contentUrl":"https:\/\/www.ftepeyac.com.mx\/wp-content\/uploads\/2019\/09\/tepeyac75-logo.png","width":700,"height":150,"caption":"Fertilizantes Tepeyac | Soluciones en Nutrici\u00f3n Vegetal y Protecci\u00f3n de Cultivos"},"image":{"@id":"https:\/\/www.ftepeyac.com.mx\/#\/schema\/logo\/image\/"},"sameAs":["https:\/\/www.facebook.com\/tepeyacgrupo","https:\/\/www.instagram.com\/fertilizantes.tepeyac\/","https:\/\/mx.linkedin.com\/company\/fertilizantes-tepeyac-del-noroeste"]}]}},"_links":{"self":[{"href":"https:\/\/www.ftepeyac.com.mx\/en\/wp-json\/wp\/v2\/pages\/3569","targetHints":{"allow":["GET"]}}],"collection":[{"href":"https:\/\/www.ftepeyac.com.mx\/en\/wp-json\/wp\/v2\/pages"}],"about":[{"href":"https:\/\/www.ftepeyac.com.mx\/en\/wp-json\/wp\/v2\/types\/page"}],"author":[{"embeddable":true,"href":"https:\/\/www.ftepeyac.com.mx\/en\/wp-json\/wp\/v2\/users\/1"}],"replies":[{"embeddable":true,"href":"https:\/\/www.ftepeyac.com.mx\/en\/wp-json\/wp\/v2\/comments?post=3569"}],"version-history":[{"count":26,"href":"https:\/\/www.ftepeyac.com.mx\/en\/wp-json\/wp\/v2\/pages\/3569\/revisions"}],"predecessor-version":[{"id":11984,"href":"https:\/\/www.ftepeyac.com.mx\/en\/wp-json\/wp\/v2\/pages\/3569\/revisions\/11984"}],"wp:attachment":[{"href":"https:\/\/www.ftepeyac.com.mx\/en\/wp-json\/wp\/v2\/media?parent=3569"}],"curies":[{"name":"wp","href":"https:\/\/api.w.org\/{rel}","templated":true}]}}