{"id":3588,"date":"2021-05-09T07:43:57","date_gmt":"2021-05-09T07:43:57","guid":{"rendered":"https:\/\/www.ftepeyac.com.mx\/?page_id=3588"},"modified":"2023-02-09T07:23:24","modified_gmt":"2023-02-09T07:23:24","slug":"mezclas-fisicas","status":"publish","type":"page","link":"https:\/\/www.ftepeyac.com.mx\/en\/mezclas-fisicas\/","title":{"rendered":"Physical mixtures"},"content":{"rendered":"<div data-vc-full-width=\"true\" data-vc-full-width-init=\"false\" data-vc-stretch-content=\"true\" class=\"vc_row wpb_row vc_row-fluid vc_custom_1619929198422 vc_column-gap-10\"><div class=\"product-sidebar-custom wpb_column vc_column_container vc_col-sm-3\"><div class=\"vc_column-inner vc_custom_1620066901885\"><div class=\"wpb_wrapper\">\r\n\t<div  class=\"wpb_single_image wpb_content_element vc_align_center\">\r\n\t\t\r\n\t\t<figure class=\"wpb_wrapper vc_figure\">\r\n\t\t\t<div class=\"vc_single_image-wrapper   vc_box_border_grey\"><img decoding=\"async\" width=\"81\" height=\"91\" src=\"https:\/\/www.ftepeyac.com.mx\/wp-content\/uploads\/2021\/05\/nutricion_vegetal.png\" class=\"vc_single_image-img attachment-full\" alt=\"\" srcset=\"https:\/\/www.ftepeyac.com.mx\/wp-content\/uploads\/2021\/05\/nutricion_vegetal.png 81w, https:\/\/www.ftepeyac.com.mx\/wp-content\/uploads\/2021\/05\/nutricion_vegetal-11x12.png 11w\" sizes=\"(max-width: 81px) 100vw, 81px\" \/><\/div>\r\n\t\t<\/figure>\r\n\t<\/div>\r\n\r\n\t<div class=\"wpb_text_column wpb_content_element  vc_custom_1620066323773\" >\r\n\t\t<div class=\"wpb_wrapper\">\r\n\t\t\t<h3 style=\"text-align: center;\"><span style=\"color: #ffffff;\">Vegetal Nutrition<\/span><\/h3>\n\r\n\t\t<\/div>\r\n\t<\/div>\r\n\r\n\t<div class=\"wpb_text_column wpb_content_element\" >\r\n\t\t<div class=\"wpb_wrapper\">\r\n\t\t\t<ul>\n<li><span style=\"color: #ffffff;\"><a style=\"color: #ffffff;\" href=\"https:\/\/www.ftepeyac.com.mx\/en\/fertilizantes-solidos\/\">- Solid Fertilizers<\/a><\/span><\/li>\n<li><span style=\"color: #ffffff; font-weight: 600;\">- Physical Mixtures<\/span><\/li>\n<li><span style=\"color: #ffffff;\"><a style=\"color: #ffffff;\" href=\"https:\/\/www.ftepeyac.com.mx\/en\/fertilizantes-solubles\/\">- Soluble Fertilizers<\/a><\/span><\/li>\n<li><span style=\"color: #ffffff;\"><a style=\"color: #ffffff;\" href=\"https:\/\/www.ftepeyac.com.mx\/en\/fertilizantes-liquidos\/\">- Liquid Fertilizers<\/a><\/span><\/li>\n<li><span style=\"color: #ffffff;\"><a style=\"color: #ffffff;\" href=\"https:\/\/www.ftepeyac.com.mx\/en\/fertilizantes-organicos\/\">- Organic Fertilizers<\/a><\/span><\/li>\n<li><span style=\"color: #ffffff;\"><a style=\"color: #ffffff;\" href=\"https:\/\/www.ftepeyac.com.mx\/en\/mejoradores\/\">- Soil Improvers<\/a><\/span><\/li>\n<li><span style=\"color: #ffffff;\"><a style=\"color: #ffffff;\" href=\"https:\/\/www.ftepeyac.com.mx\/en\/complejos-quimicos\/\">- Chemical Complexes<\/a><\/span><\/li>\n<li><span style=\"color: #ffffff;\"><a style=\"color: #ffffff;\" href=\"https:\/\/www.ftepeyac.com.mx\/en\/fertilizantes-foliares\/\">- Foliar Fertilizers<\/a><\/span><\/li>\n<\/ul>\n\r\n\t\t<\/div>\r\n\t<\/div>\r\n\r\n\t<div class=\"wpb_text_column wpb_content_element  vc_custom_1634444618873\" >\r\n\t\t<div class=\"wpb_wrapper\">\r\n\t\t\t<p style=\"text-align: left;\"><a href=\"https:\/\/www.ftepeyac.com.mx\/en\/proteccion-de-cultivos\/\"><span style=\"color: #ffffff;\">Crop protection<\/span><\/a><\/p>\n\r\n\t\t<\/div>\r\n\t<\/div>\r\n\r\n\t<div class=\"wpb_text_column wpb_content_element  vc_custom_1634444628978\" >\r\n\t\t<div class=\"wpb_wrapper\">\r\n\t\t\t<p style=\"text-align: left;\"><a href=\"https:\/\/www.ftepeyac.com.mx\/en\/servicios\/\"><span style=\"color: #ffffff;\">Services<\/span><\/a><\/p>\n\r\n\t\t<\/div>\r\n\t<\/div>\r\n\r\n\t<div class=\"wpb_text_column wpb_content_element  vc_custom_1634444639311\" >\r\n\t\t<div class=\"wpb_wrapper\">\r\n\t\t\t<p style=\"text-align: left;\"><a href=\"https:\/\/www.ftepeyac.com.mx\/en\/agricultura-protegida\/\"><span style=\"color: #ffffff;\">Protected Agriculture<\/span><\/a><\/p>\n\r\n\t\t<\/div>\r\n\t<\/div>\r\n\r\n\t<div class=\"wpb_text_column wpb_content_element  vc_custom_1634444649354\" >\r\n\t\t<div class=\"wpb_wrapper\">\r\n\t\t\t<p style=\"text-align: left;\"><a href=\"https:\/\/www.ftepeyac.com.mx\/en\/industria\/\"><span style=\"color: #ffffff;\">Industry<\/span><\/a><\/p>\n\r\n\t\t<\/div>\r\n\t<\/div>\r\n\r\n\t<div class=\"wpb_text_column wpb_content_element  vc_custom_1675927399064\" >\r\n\t\t<div class=\"wpb_wrapper\">\r\n\t\t\t<p style=\"text-align: left;\"><a href=\"https:\/\/www.ftepeyac.com.mx\/en\/financiamientos\/\"><span style=\"color: #ffffff;\">Financing<\/span><\/a><\/p>\n\r\n\t\t<\/div>\r\n\t<\/div>\r\n\r\n\t<div class=\"wpb_text_column wpb_content_element\" >\r\n\t\t<div class=\"wpb_wrapper\">\r\n\t\t\t<p style=\"text-align: left;\"><a href=\"https:\/\/www.ftepeyac.com.mx\/en\/productos-indiapac\/\"><span style=\"color: #ffffff;\">Productos Indiapac<\/span><\/a><\/p>\n\r\n\t\t<\/div>\r\n\t<\/div>\r\n<\/div><\/div><\/div><div class=\"wpb_column vc_column_container vc_col-sm-9\"><div class=\"vc_column-inner vc_custom_1629588805481\"><div class=\"wpb_wrapper\"><div class=\"woocommerce columns-3\"><ul class=\"products columns-3\">\n\r\n<li class=\"product type-product post-3849 status-publish first instock product_cat-fertilizantes-organicos product_cat-mezclas-fisicas product_cat-qrop-organico has-post-thumbnail shipping-taxable product-type-simple\">\r\r\n\t<a href=\"https:\/\/www.ftepeyac.com.mx\/en\/product\/qrop-mix\/\">\r\r\n\t\t\r\n    <img decoding=\"async\" src=\"https:\/\/www.ftepeyac.com.mx\/wp-content\/uploads\/2021\/05\/Qrop_mix.jpg\" data-id=\"\">\r\r\n\t\t<h2 class=\"mt-2\">Qrop\u00ae\ufe0f mix<\/h2>\r\r\n\t<\/a>\r\r\n\t<div class=\"star-rating\" role=\"img\" aria-label=\"Rated 5.00 out of 5\" data-no-translation-aria-label=\"\"><span style=\"width:100%\" data-no-translation=\"\" data-trp-gettext=\"\">Rated <strong class=\"rating\">5.00<\/strong> out of 5<\/span><\/div>\n\r\n\t<p class=\"\"><h4>Qrop\u00ae\ufe0f mix<\/h4>\n<p class=\"no-show\">Qrop\u00ae\ufe0f es una l\u00ednea completa de soluciones nutricionales especialmente dise\u00f1ada para la aplicaci\u00f3n al suelo, con una gran variedad de formulaciones y mezclas especiales, precisas y de muy r\u00e1pida disponibilidad.<br \/>\nLas soluciones nutricionales Qrop\u00ae\ufe0f mix son elaboradas con Nitrato de Potasio (Qrop KS).<br \/>\nLas soluciones nutricionales Qrop\u00ae\ufe0f mix atienden las necesidades m\u00e1s espec\u00edficas del cultivo, obteniendo el m\u00e1ximo rendimiento y la mejor calidad, optimizando as\u00ed las ganancias del negocio. Qrop\u00ae\ufe0f mix concentra las mejores materias primas en mezclas balanceadas y dise\u00f1adas para satisfacer las altas demandas de los principales elementos del cultivo en todas las etapas fisiol\u00f3gicas.<\/p>\n<p class=\"no-show\"><strong style=\"font-weight: 600;\">Presentation:<\/strong> Saco 25 Kg.<\/p>\n<p class=\"no-show\"><strong style=\"font-weight: 600;\">Crops:<\/strong><\/p>\n<p><img decoding=\"async\" class=\"no-show\" src=\"https:\/\/www.ftepeyac.com.mx\/wp-content\/uploads\/2019\/09\/qrop_mix_cultivos.png\" alt=\"Mezcla f\u00edsica\"\/><\/p>\n<p class=\"no-show\"><strong style=\"font-weight: 600;\">Manufacturer:<\/strong> SQM<\/p>\n<p><a class=\"no-show\" href=\"https:\/\/www.ftepeyac.com.mx\/wp-content\/uploads\/2019\/09\/Qrop_mix_hoja_de_seguridad.pdf\" target=\"_blank\" rel=\"noopener\">Safety sheet<\/a><\/p>\n<p><a class=\"no-show\" href=\"https:\/\/www.ftepeyac.com.mx\/wp-content\/uploads\/2019\/09\/qrop_mix_ficha_tecnica.pdf\" target=\"_blank\" rel=\"noopener\">Technical sheet<\/a><\/p>\n<\/p>\r\r\n\t<a class=\"btn btn-success mt-3\" href=\"https:\/\/www.ftepeyac.com.mx\/en\/product\/qrop-mix\/\">\r\r\n\t\tSee product\r\r\n\t<\/a>\r\r\n<\/li>\r\r\n\r\n<li class=\"product type-product post-7180 status-publish instock product_cat-mezclas-fisicas has-post-thumbnail shipping-taxable product-type-simple\">\r\r\n\t<a href=\"https:\/\/www.ftepeyac.com.mx\/en\/product\/smart-blends-exact\/\">\r\r\n\t\t\r\n    <img decoding=\"async\" src=\"https:\/\/www.ftepeyac.com.mx\/wp-content\/uploads\/2019\/09\/sb-exact.jpg\" data-id=\"\">\r\r\n\t\t<h2 class=\"mt-2\">Smart Blends Exact<\/h2>\r\r\n\t<\/a>\r\r\n\t\n\r\n\t<p class=\"\"><h4>Smart Blends Exact<\/h4>\n<p class=\"no-show\">Smart Blends Exact Son mezclas f\u00edsicas de alta tecnolog\u00eda desarrolladas utilizando herramientas de Smart Farming; Tecnolog\u00eda Satelital e Inteligencia Artificial.<br \/>\nCon el apoyo de estas tecnolog\u00edas y aplicando ciencia de datos a las lecturas obtenidas, hemos desarrollado f\u00f3rmulas innovadoras y a la vanguardia tecnol\u00f3gica para la nutrici\u00f3n de cualquier tipo de cultivo en cualquier tierra de cultivo del pa\u00eds. Un grupo de expertos internacionales en nutrici\u00f3n vegetal han validado nuestras mezclas SMART BLENDS EXACT, la cual marcar\u00e1 un antes y un despu\u00e9s en la producci\u00f3n y rentabilidad de los cultivos en nuestro pa\u00eds.<\/p>\n<p class=\"no-show\"><strong style=\"font-weight: 600;\">Presentation:<\/strong> Saco 50 Kg.<\/p>\n<p class=\"no-show\"><strong style=\"font-weight: 600;\">Crops:<\/strong><\/p>\n<p><img decoding=\"async\" class=\"no-show\" src=\"https:\/\/www.ftepeyac.com.mx\/wp-content\/uploads\/2019\/09\/smart_blends_cultivos.png\" alt=\"Mezcla f\u00edsica\" \/><\/p>\n<p class=\"no-show\"><strong style=\"font-weight: 600;\">Manufacturer:<\/strong> Fertilizantes Tepeyac<\/p>\n<p><a class=\"no-show\" href=\"https:\/\/www.ftepeyac.com.mx\/wp-content\/uploads\/2019\/09\/sb_exact_hoja_seguridad.pdf\" target=\"_blank\" rel=\"noopener\">Safety sheet<\/a><\/p>\n<p><a class=\"no-show\" href=\"https:\/\/www.ftepeyac.com.mx\/wp-content\/uploads\/2019\/09\/sb_exact_ficha_tecnica.pdf\" target=\"_blank\" rel=\"noopener\">Technical sheet<\/a><\/p>\n<\/p>\r\r\n\t<a class=\"btn btn-success mt-3\" href=\"https:\/\/www.ftepeyac.com.mx\/en\/product\/smart-blends-exact\/\">\r\r\n\t\tSee product\r\r\n\t<\/a>\r\r\n<\/li>\r\r\n\r\n<li class=\"product type-product post-7181 status-publish last instock product_cat-mezclas-fisicas has-post-thumbnail shipping-taxable product-type-simple\">\r\r\n\t<a href=\"https:\/\/www.ftepeyac.com.mx\/en\/product\/smart-blends-original\/\">\r\r\n\t\t\r\n    <img decoding=\"async\" src=\"https:\/\/www.ftepeyac.com.mx\/wp-content\/uploads\/2019\/09\/sb-original.jpg\" data-id=\"\">\r\r\n\t\t<h2 class=\"mt-2\">Smart Blends Original<\/h2>\r\r\n\t<\/a>\r\r\n\t\n\r\n\t<p class=\"\"><h4>Smart Blends Original<\/h4>\n<p class=\"no-show\">Smart Blends Original Son mezclas f\u00edsicas de alta tecnolog\u00eda desarrolladas utilizando herramientas de Smart Farming; Tecnolog\u00eda Satelital e Inteligencia Artificial.<br \/>\nCon el apoyo de estas tecnolog\u00edas y aplicando ciencia de datos a las lecturas obtenidas, hemos desarrollado f\u00f3rmulas innovadoras y a la vanguardia tecnol\u00f3gica para la nutrici\u00f3n de cualquier tipo de cultivo en cualquier tierra de cultivo del pa\u00eds. Un grupo de expertos internacionales en nutrici\u00f3n vegetal han validado nuestras mezclas SMART BLENDS ORIGINAL, la cual marcar\u00e1 un antes y un despu\u00e9s en la producci\u00f3n y rentabilidad de los cultivos en nuestro pa\u00eds.<\/p>\n<p class=\"no-show\"><strong style=\"font-weight: 600;\">Presentation:<\/strong> Saco 50 Kg.<\/p>\n<p class=\"no-show\"><strong style=\"font-weight: 600;\">Crops:<\/strong><\/p>\n<p><img decoding=\"async\" class=\"no-show\" src=\"https:\/\/www.ftepeyac.com.mx\/wp-content\/uploads\/2019\/09\/smart_blends_cultivos.png\" alt=\"Mezcla f\u00edsica\" \/><\/p>\n<p class=\"no-show\"><strong style=\"font-weight: 600;\">Manufacturer:<\/strong> Fertilizantes Tepeyac<\/p>\n<p><a class=\"no-show\" href=\"https:\/\/www.ftepeyac.com.mx\/wp-content\/uploads\/2019\/09\/sb_original_hoja_seguridad.pdf\" target=\"_blank\" rel=\"noopener\">Safety sheet<\/a><\/p>\n<p><a class=\"no-show\" href=\"https:\/\/www.ftepeyac.com.mx\/wp-content\/uploads\/2019\/09\/sb_original_ficha_tecnica.pdf\" target=\"_blank\" rel=\"noopener\">Technical sheet<\/a><\/p>\n<\/p>\r\r\n\t<a class=\"btn btn-success mt-3\" href=\"https:\/\/www.ftepeyac.com.mx\/en\/product\/smart-blends-original\/\">\r\r\n\t\tSee product\r\r\n\t<\/a>\r\r\n<\/li>\r\r\n\r\n<li class=\"product type-product post-7168 status-publish first instock product_cat-mezclas-fisicas has-post-thumbnail shipping-taxable product-type-simple\">\r\r\n\t<a href=\"https:\/\/www.ftepeyac.com.mx\/en\/product\/sb-plus\/\">\r\r\n\t\t\r\n    <img decoding=\"async\" src=\"https:\/\/www.ftepeyac.com.mx\/wp-content\/uploads\/2019\/09\/sb-plus.jpg\" data-id=\"\">\r\r\n\t\t<h2 class=\"mt-2\">Smart Blends Plus<\/h2>\r\r\n\t<\/a>\r\r\n\t\n\r\n\t<p class=\"\"><h4>Smart Blends Plus<\/h4>\n<p class=\"no-show\">Smart Blends Plus Son mezclas f\u00edsicas de alta tecnolog\u00eda desarrolladas utilizando herramientas de Smart Farming; Tecnolog\u00eda Satelital e Inteligencia Artificial.<br \/>\nCon el apoyo de estas tecnolog\u00edas y aplicando ciencia de datos a las lecturas obtenidas, hemos desarrollado f\u00f3rmulas innovadoras y a la vanguardia tecnol\u00f3gica para la nutrici\u00f3n de cualquier tipo de cultivo en cualquier tierra de cultivo del pa\u00eds. Un grupo de expertos internacionales en nutrici\u00f3n vegetal han validado nuestras mezclas SMART BLENDS PLUS, la cual marcar\u00e1 un antes y un despu\u00e9s en la producci\u00f3n y rentabilidad de los cultivos en nuestro pa\u00eds.<\/p>\n<p class=\"no-show\"><strong style=\"font-weight: 600;\">Presentation:<\/strong> Saco 50 Kg.<\/p>\n<p class=\"no-show\"><strong style=\"font-weight: 600;\">Crops:<\/strong><\/p>\n<p><img decoding=\"async\" class=\"no-show\" src=\"https:\/\/www.ftepeyac.com.mx\/wp-content\/uploads\/2019\/09\/smart_blends_cultivos.png\" alt=\"Mezcla f\u00edsica\" \/><\/p>\n<p class=\"no-show\"><strong style=\"font-weight: 600;\">Manufacturer:<\/strong> Fertilizantes Tepeyac<\/p>\n<p><a class=\"no-show\" href=\"https:\/\/www.ftepeyac.com.mx\/wp-content\/uploads\/2019\/09\/sb_plus_hoja_seguridad.pdf\" target=\"_blank\" rel=\"noopener\">Safety sheet<\/a><\/p>\n<p><a class=\"no-show\" href=\"https:\/\/www.ftepeyac.com.mx\/wp-content\/uploads\/2019\/09\/sb_plus_ficha_tecnica.pdf\" target=\"_blank\" rel=\"noopener\">Technical sheet<\/a><\/p>\n<\/p>\r\r\n\t<a class=\"btn btn-success mt-3\" href=\"https:\/\/www.ftepeyac.com.mx\/en\/product\/sb-plus\/\">\r\r\n\t\tSee product\r\r\n\t<\/a>\r\r\n<\/li>\r\r\n<\/ul>\n<\/div><\/div><\/div><\/div><\/div><div class=\"vc_row-full-width vc_clearfix\"><\/div>","protected":false},"excerpt":{"rendered":"<p> [&#8230;]<\/p>\n<p><a class=\"btn btn-secondary understrap-read-more-link\" href=\"https:\/\/www.ftepeyac.com.mx\/en\/mezclas-fisicas\/\">Read More&#8230;<\/a><\/p>","protected":false},"author":1,"featured_media":0,"parent":0,"menu_order":0,"comment_status":"closed","ping_status":"closed","template":"page-templates\/empty.php","meta":{"inline_featured_image":false,"footnotes":""},"class_list":["post-3588","page","type-page","status-publish","hentry"],"yoast_head":"<!-- This site is optimized with the Yoast SEO plugin v24.9 - https:\/\/yoast.com\/wordpress\/plugins\/seo\/ -->\n<title>Mezclas f\u00edsicas - Fertilizantes Tepeyac<\/title>\n<meta name=\"robots\" content=\"index, follow, max-snippet:-1, max-image-preview:large, max-video-preview:-1\" \/>\n<link rel=\"canonical\" href=\"https:\/\/www.ftepeyac.com.mx\/en\/mezclas-fisicas\/\" \/>\n<meta property=\"og:locale\" content=\"en_US\" \/>\n<meta property=\"og:type\" content=\"article\" \/>\n<meta property=\"og:title\" content=\"Mezclas f\u00edsicas - Fertilizantes Tepeyac\" \/>\n<meta property=\"og:description\" content=\"[...]Read More...\" \/>\n<meta property=\"og:url\" content=\"https:\/\/www.ftepeyac.com.mx\/en\/mezclas-fisicas\/\" \/>\n<meta property=\"og:site_name\" content=\"Fertilizantes Tepeyac\" \/>\n<meta property=\"article:publisher\" content=\"https:\/\/www.facebook.com\/tepeyacgrupo\" \/>\n<meta property=\"article:modified_time\" content=\"2023-02-09T07:23:24+00:00\" \/>\n<meta name=\"twitter:card\" content=\"summary_large_image\" \/>\n<meta name=\"twitter:label1\" content=\"Est. reading time\" \/>\n\t<meta name=\"twitter:data1\" content=\"1 minute\" \/>\n<script type=\"application\/ld+json\" class=\"yoast-schema-graph\">{\"@context\":\"https:\/\/schema.org\",\"@graph\":[{\"@type\":\"WebPage\",\"@id\":\"https:\/\/www.ftepeyac.com.mx\/mezclas-fisicas\/\",\"url\":\"https:\/\/www.ftepeyac.com.mx\/mezclas-fisicas\/\",\"name\":\"Mezclas f\u00edsicas - Fertilizantes Tepeyac\",\"isPartOf\":{\"@id\":\"https:\/\/www.ftepeyac.com.mx\/#website\"},\"datePublished\":\"2021-05-09T07:43:57+00:00\",\"dateModified\":\"2023-02-09T07:23:24+00:00\",\"breadcrumb\":{\"@id\":\"https:\/\/www.ftepeyac.com.mx\/mezclas-fisicas\/#breadcrumb\"},\"inLanguage\":\"en-US\",\"potentialAction\":[{\"@type\":\"ReadAction\",\"target\":[\"https:\/\/www.ftepeyac.com.mx\/mezclas-fisicas\/\"]}]},{\"@type\":\"BreadcrumbList\",\"@id\":\"https:\/\/www.ftepeyac.com.mx\/mezclas-fisicas\/#breadcrumb\",\"itemListElement\":[{\"@type\":\"ListItem\",\"position\":1,\"name\":\"Portada\",\"item\":\"https:\/\/www.ftepeyac.com.mx\/\"},{\"@type\":\"ListItem\",\"position\":2,\"name\":\"Mezclas f\u00edsicas\"}]},{\"@type\":\"WebSite\",\"@id\":\"https:\/\/www.ftepeyac.com.mx\/#website\",\"url\":\"https:\/\/www.ftepeyac.com.mx\/\",\"name\":\"Fertilizantes Tepeyac | Soluciones en Nutrici\u00f3n Vegetal y Protecci\u00f3n de Cultivos\",\"description\":\"Ofrecemos un gran cat\u00e1logo de soluciones en agricultura, nos distinguimos por nuestra atenci\u00f3n personalizada sin intermediarios.\",\"publisher\":{\"@id\":\"https:\/\/www.ftepeyac.com.mx\/#organization\"},\"potentialAction\":[{\"@type\":\"SearchAction\",\"target\":{\"@type\":\"EntryPoint\",\"urlTemplate\":\"https:\/\/www.ftepeyac.com.mx\/?s={search_term_string}\"},\"query-input\":{\"@type\":\"PropertyValueSpecification\",\"valueRequired\":true,\"valueName\":\"search_term_string\"}}],\"inLanguage\":\"en-US\"},{\"@type\":\"Organization\",\"@id\":\"https:\/\/www.ftepeyac.com.mx\/#organization\",\"name\":\"Fertilizantes Tepeyac | Soluciones en Nutrici\u00f3n Vegetal y Protecci\u00f3n de Cultivos\",\"url\":\"https:\/\/www.ftepeyac.com.mx\/\",\"logo\":{\"@type\":\"ImageObject\",\"inLanguage\":\"en-US\",\"@id\":\"https:\/\/www.ftepeyac.com.mx\/#\/schema\/logo\/image\/\",\"url\":\"https:\/\/www.ftepeyac.com.mx\/wp-content\/uploads\/2019\/09\/tepeyac75-logo.png\",\"contentUrl\":\"https:\/\/www.ftepeyac.com.mx\/wp-content\/uploads\/2019\/09\/tepeyac75-logo.png\",\"width\":700,\"height\":150,\"caption\":\"Fertilizantes Tepeyac | Soluciones en Nutrici\u00f3n Vegetal y Protecci\u00f3n de Cultivos\"},\"image\":{\"@id\":\"https:\/\/www.ftepeyac.com.mx\/#\/schema\/logo\/image\/\"},\"sameAs\":[\"https:\/\/www.facebook.com\/tepeyacgrupo\",\"https:\/\/www.instagram.com\/fertilizantes.tepeyac\/\",\"https:\/\/mx.linkedin.com\/company\/fertilizantes-tepeyac-del-noroeste\"]}]}<\/script>\n<!-- \/ Yoast SEO plugin. -->","yoast_head_json":{"title":"Mezclas f\u00edsicas - Fertilizantes Tepeyac","robots":{"index":"index","follow":"follow","max-snippet":"max-snippet:-1","max-image-preview":"max-image-preview:large","max-video-preview":"max-video-preview:-1"},"canonical":"https:\/\/www.ftepeyac.com.mx\/en\/mezclas-fisicas\/","og_locale":"en_US","og_type":"article","og_title":"Mezclas f\u00edsicas - Fertilizantes Tepeyac","og_description":"[...]Read More...","og_url":"https:\/\/www.ftepeyac.com.mx\/en\/mezclas-fisicas\/","og_site_name":"Fertilizantes Tepeyac","article_publisher":"https:\/\/www.facebook.com\/tepeyacgrupo","article_modified_time":"2023-02-09T07:23:24+00:00","twitter_card":"summary_large_image","twitter_misc":{"Est. reading time":"1 minute"},"schema":{"@context":"https:\/\/schema.org","@graph":[{"@type":"WebPage","@id":"https:\/\/www.ftepeyac.com.mx\/mezclas-fisicas\/","url":"https:\/\/www.ftepeyac.com.mx\/mezclas-fisicas\/","name":"Mezclas f\u00edsicas - Fertilizantes Tepeyac","isPartOf":{"@id":"https:\/\/www.ftepeyac.com.mx\/#website"},"datePublished":"2021-05-09T07:43:57+00:00","dateModified":"2023-02-09T07:23:24+00:00","breadcrumb":{"@id":"https:\/\/www.ftepeyac.com.mx\/mezclas-fisicas\/#breadcrumb"},"inLanguage":"en-US","potentialAction":[{"@type":"ReadAction","target":["https:\/\/www.ftepeyac.com.mx\/mezclas-fisicas\/"]}]},{"@type":"BreadcrumbList","@id":"https:\/\/www.ftepeyac.com.mx\/mezclas-fisicas\/#breadcrumb","itemListElement":[{"@type":"ListItem","position":1,"name":"Portada","item":"https:\/\/www.ftepeyac.com.mx\/"},{"@type":"ListItem","position":2,"name":"Mezclas f\u00edsicas"}]},{"@type":"WebSite","@id":"https:\/\/www.ftepeyac.com.mx\/#website","url":"https:\/\/www.ftepeyac.com.mx\/","name":"Fertilizantes Tepeyac | Soluciones en Nutrici\u00f3n Vegetal y Protecci\u00f3n de Cultivos","description":"Ofrecemos un gran cat\u00e1logo de soluciones en agricultura, nos distinguimos por nuestra atenci\u00f3n personalizada sin intermediarios.","publisher":{"@id":"https:\/\/www.ftepeyac.com.mx\/#organization"},"potentialAction":[{"@type":"SearchAction","target":{"@type":"EntryPoint","urlTemplate":"https:\/\/www.ftepeyac.com.mx\/?s={search_term_string}"},"query-input":{"@type":"PropertyValueSpecification","valueRequired":true,"valueName":"search_term_string"}}],"inLanguage":"en-US"},{"@type":"Organization","@id":"https:\/\/www.ftepeyac.com.mx\/#organization","name":"Fertilizantes Tepeyac | Soluciones en Nutrici\u00f3n Vegetal y Protecci\u00f3n de Cultivos","url":"https:\/\/www.ftepeyac.com.mx\/","logo":{"@type":"ImageObject","inLanguage":"en-US","@id":"https:\/\/www.ftepeyac.com.mx\/#\/schema\/logo\/image\/","url":"https:\/\/www.ftepeyac.com.mx\/wp-content\/uploads\/2019\/09\/tepeyac75-logo.png","contentUrl":"https:\/\/www.ftepeyac.com.mx\/wp-content\/uploads\/2019\/09\/tepeyac75-logo.png","width":700,"height":150,"caption":"Fertilizantes Tepeyac | Soluciones en Nutrici\u00f3n Vegetal y Protecci\u00f3n de Cultivos"},"image":{"@id":"https:\/\/www.ftepeyac.com.mx\/#\/schema\/logo\/image\/"},"sameAs":["https:\/\/www.facebook.com\/tepeyacgrupo","https:\/\/www.instagram.com\/fertilizantes.tepeyac\/","https:\/\/mx.linkedin.com\/company\/fertilizantes-tepeyac-del-noroeste"]}]}},"_links":{"self":[{"href":"https:\/\/www.ftepeyac.com.mx\/en\/wp-json\/wp\/v2\/pages\/3588","targetHints":{"allow":["GET"]}}],"collection":[{"href":"https:\/\/www.ftepeyac.com.mx\/en\/wp-json\/wp\/v2\/pages"}],"about":[{"href":"https:\/\/www.ftepeyac.com.mx\/en\/wp-json\/wp\/v2\/types\/page"}],"author":[{"embeddable":true,"href":"https:\/\/www.ftepeyac.com.mx\/en\/wp-json\/wp\/v2\/users\/1"}],"replies":[{"embeddable":true,"href":"https:\/\/www.ftepeyac.com.mx\/en\/wp-json\/wp\/v2\/comments?post=3588"}],"version-history":[{"count":10,"href":"https:\/\/www.ftepeyac.com.mx\/en\/wp-json\/wp\/v2\/pages\/3588\/revisions"}],"predecessor-version":[{"id":9025,"href":"https:\/\/www.ftepeyac.com.mx\/en\/wp-json\/wp\/v2\/pages\/3588\/revisions\/9025"}],"wp:attachment":[{"href":"https:\/\/www.ftepeyac.com.mx\/en\/wp-json\/wp\/v2\/media?parent=3588"}],"curies":[{"name":"wp","href":"https:\/\/api.w.org\/{rel}","templated":true}]}}