{"id":4107,"date":"2021-05-18T21:40:20","date_gmt":"2021-05-18T21:40:20","guid":{"rendered":"https:\/\/www.ftepeyac.com.mx\/?page_id=4107"},"modified":"2023-02-09T08:14:07","modified_gmt":"2023-02-09T08:14:07","slug":"nutricion-animal","status":"publish","type":"page","link":"https:\/\/www.ftepeyac.com.mx\/en\/nutricion-animal\/","title":{"rendered":"Animal nutrition"},"content":{"rendered":"<div data-vc-full-width=\"true\" data-vc-full-width-init=\"false\" data-vc-stretch-content=\"true\" class=\"vc_row wpb_row vc_row-fluid vc_custom_1619929198422 vc_column-gap-10\"><div class=\"product-sidebar-custom wpb_column vc_column_container vc_col-sm-3\"><div class=\"vc_column-inner vc_custom_1620066901885\"><div class=\"wpb_wrapper\">\r\n\t<div class=\"wpb_text_column wpb_content_element  vc_custom_1634536882412\" >\r\n\t\t<div class=\"wpb_wrapper\">\r\n\t\t\t<p style=\"text-align: left;\"><a href=\"https:\/\/www.ftepeyac.com.mx\/en\/nutricion-vegetal\/\"><span style=\"color: #ffffff;\">Vegetal Nutrition<\/span><\/a><\/p>\n\r\n\t\t<\/div>\r\n\t<\/div>\r\n\r\n\t<div class=\"wpb_text_column wpb_content_element  vc_custom_1634536891492\" >\r\n\t\t<div class=\"wpb_wrapper\">\r\n\t\t\t<p style=\"text-align: left;\"><span style=\"color: #ffffff;\"><a style=\"color: #ffffff;\" href=\"https:\/\/www.ftepeyac.com.mx\/en\/proteccion-de-cultivos\/\">Crop Protection<\/a><\/span><\/p>\n\r\n\t\t<\/div>\r\n\t<\/div>\r\n\r\n\t<div class=\"wpb_text_column wpb_content_element  vc_custom_1634536899748\" >\r\n\t\t<div class=\"wpb_wrapper\">\r\n\t\t\t<p style=\"text-align: left;\"><a href=\"https:\/\/www.ftepeyac.com.mx\/en\/servicios\/\"><span style=\"color: #ffffff;\">Services<\/span><\/a><\/p>\n\r\n\t\t<\/div>\r\n\t<\/div>\r\n\r\n\t<div class=\"wpb_text_column wpb_content_element  vc_custom_1634536908570\" >\r\n\t\t<div class=\"wpb_wrapper\">\r\n\t\t\t<p style=\"text-align: left;\"><a href=\"https:\/\/www.ftepeyac.com.mx\/en\/agricultura-protegida\/\"><span style=\"color: #ffffff;\">Protected Agriculture<\/span><\/a><\/p>\n\r\n\t\t<\/div>\r\n\t<\/div>\r\n\r\n\t<div  class=\"wpb_single_image wpb_content_element vc_align_center  vc_custom_1621373400141\">\r\n\t\t\r\n\t\t<figure class=\"wpb_wrapper vc_figure\">\r\n\t\t\t<div class=\"vc_single_image-wrapper   vc_box_border_grey\"><img decoding=\"async\" width=\"80\" height=\"90\" src=\"https:\/\/www.ftepeyac.com.mx\/wp-content\/uploads\/2021\/05\/industria-1.png\" class=\"vc_single_image-img attachment-full\" alt=\"industria\" srcset=\"https:\/\/www.ftepeyac.com.mx\/wp-content\/uploads\/2021\/05\/industria-1.png 80w, https:\/\/www.ftepeyac.com.mx\/wp-content\/uploads\/2021\/05\/industria-1-11x12.png 11w\" sizes=\"(max-width: 80px) 100vw, 80px\" \/><\/div>\r\n\t\t<\/figure>\r\n\t<\/div>\r\n\r\n\t<div class=\"wpb_text_column wpb_content_element  vc_custom_1621373411136\" >\r\n\t\t<div class=\"wpb_wrapper\">\r\n\t\t\t<h3 style=\"text-align: center;\"><span style=\"color: #ffffff;\">Industry<\/span><\/h3>\n\r\n\t\t<\/div>\r\n\t<\/div>\r\n\r\n\t<div class=\"wpb_text_column wpb_content_element\" >\r\n\t\t<div class=\"wpb_wrapper\">\r\n\t\t\t<ul>\n<li><span style=\"color: #ffffff;\"><a style=\"color: #ffffff;\" href=\"https:\/\/www.ftepeyac.com.mx\/en\/industria-quimica\/\">&#8211; Industria Qu\u00edmica<\/a><\/span><\/li>\n<li><span style=\"color: #ffffff;\"><a style=\"color: #ffffff;\" href=\"https:\/\/www.ftepeyac.com.mx\/en\/industria-maderera\/\">&#8211; Industria Maderera<\/a><\/span><\/li>\n<li><span style=\"color: #ffffff; font-weight: 600;\">&#8211; Nutrici\u00f3n Animal<\/span><\/li>\n<\/ul>\n\r\n\t\t<\/div>\r\n\t<\/div>\r\n\r\n\t<div class=\"wpb_text_column wpb_content_element  vc_custom_1675930442031\" >\r\n\t\t<div class=\"wpb_wrapper\">\r\n\t\t\t<p style=\"text-align: left;\"><a href=\"https:\/\/www.ftepeyac.com.mx\/en\/financiamientos\/\"><span style=\"color: #ffffff;\">Financing<\/span><\/a><\/p>\n\r\n\t\t<\/div>\r\n\t<\/div>\r\n\r\n\t<div class=\"wpb_text_column wpb_content_element\" >\r\n\t\t<div class=\"wpb_wrapper\">\r\n\t\t\t<p style=\"text-align: left;\"><a href=\"https:\/\/www.ftepeyac.com.mx\/en\/productos-indiapac\/\"><span style=\"color: #ffffff;\">Productos Indiapac<\/span><\/a><\/p>\n\r\n\t\t<\/div>\r\n\t<\/div>\r\n<\/div><\/div><\/div><div class=\"wpb_column vc_column_container vc_col-sm-9\"><div class=\"vc_column-inner vc_custom_1629589412764\"><div class=\"wpb_wrapper\"><div class=\"woocommerce columns-3\"><ul class=\"products columns-3\">\n\r\n<li class=\"product type-product post-3852 status-publish first instock product_cat-fertilizantes-solubles product_cat-nutricion-animal has-post-thumbnail shipping-taxable product-type-simple\">\r\r\n\t<a href=\"https:\/\/www.ftepeyac.com.mx\/en\/product\/sam-ultrasoluble\/\">\r\r\n\t\t\r\n    <img decoding=\"async\" src=\"https:\/\/www.ftepeyac.com.mx\/wp-content\/uploads\/2021\/05\/Sam_ultrasoluble.jpg\" data-id=\"\">\r\r\n\t\t<h2 class=\"mt-2\">Sam Ultrasoluble<\/h2>\r\r\n\t<\/a>\r\r\n\t\n\r\n\t<p class=\"\"><h4>SAM Ultrasoluble<\/h4>\n<p class=\"no-show\">Fertilizante con bajo contenido de insolubles, alta pureza, adecuada solubilidad, y concentraci\u00f3n garantizada de nutrientes. Aporta Nitr\u00f3geno en forma de amonio (20.5%) y Sulfatos para la elaboraci\u00f3n de soluciones nutritivas limpias, eficientes y rentables para maximizar el rendimiento de cultivos establecidos en invernaderos y campo abierto.<br \/>\nLas soluciones nutricionales Qrop\u00ae\ufe0f mix son elaboradas con Nitrato de Potasio (Qrop KS).<br \/>\nLas soluciones nutricionales Qrop\u00ae\ufe0f mix atienden las necesidades m\u00e1s espec\u00edficas del cultivo, obteniendo el m\u00e1ximo rendimiento y la mejor calidad, optimizando as\u00ed las ganancias del negocio. Qrop\u00ae\ufe0f mix concentra las mejores materias primas en mezclas balanceadas y dise\u00f1adas para satisfacer las altas demandas de los principales elementos del cultivo en todas las etapas fisiol\u00f3gicas.<\/p>\n<p class=\"no-show\"><strong style=\"font-weight: 600;\">Crops:<\/strong><\/p>\n<p><img decoding=\"async\" class=\"no-show\" src=\"https:\/\/www.ftepeyac.com.mx\/wp-content\/uploads\/2021\/05\/Sam_ultrasoluble_cultivos.png\" alt=\"Solubles\" \/><\/p>\n<p class=\"no-show\"><strong style=\"font-weight: 600;\">Manufacturer:<\/strong> Greenhow<\/p>\n<p><a class=\"no-show\" href=\"https:\/\/www.ftepeyac.com.mx\/wp-content\/uploads\/2019\/09\/HDS-SAM-Ultrasoluble-SAMU.pdf\" target=\"_blank\" rel=\"noopener\">Safety sheet<\/a><\/p>\n<p><a class=\"no-show\" href=\"https:\/\/www.ftepeyac.com.mx\/wp-content\/uploads\/2021\/05\/Sam_ultrasoluble_ficha_tecnica.pdf\" target=\"_blank\" rel=\"noopener\">Technical sheet<\/a><\/p>\n<\/p>\r\r\n\t<a class=\"btn btn-success mt-3\" href=\"https:\/\/www.ftepeyac.com.mx\/en\/product\/sam-ultrasoluble\/\">\r\r\n\t\tSee product\r\r\n\t<\/a>\r\r\n<\/li>\r\r\n\r\n<li class=\"product type-product post-4480 status-publish instock product_cat-fertilizantes-solubles product_cat-nutricion-animal has-post-thumbnail shipping-taxable product-type-simple\">\r\r\n\t<a href=\"https:\/\/www.ftepeyac.com.mx\/en\/product\/ultra-sol-map\/\">\r\r\n\t\t\r\n    <img decoding=\"async\" src=\"https:\/\/www.ftepeyac.com.mx\/wp-content\/uploads\/2021\/06\/ultrasol-map.jpg\" data-id=\"\">\r\r\n\t\t<h2 class=\"mt-2\">Ultrasol Map<\/h2>\r\r\n\t<\/a>\r\r\n\t\n\r\n\t<p class=\"\"><h4>ULTRASOL\u00ae MAP Fostato monoam\u00f3nico soluble<\/h4>\n<p class=\"no-show\">Ultrasol\u00ae MAP es una fuente altamente concentrada de f\u00f3sforo, lo cual es esencial para el desarrollo de la ra\u00edz y para mejorar el establecimiento y desarrollo de los cultivos.<br \/>\nEl fosfato en Ultrasol\u00ae MAP neutraliza las soluciones de fertirrigaci\u00f3n, manteniendo el pH efectivamente estable alrededor de 4,5.<\/p>\n<p class=\"no-show\"><strong style=\"font-weight: 600;\">Presentation:<\/strong> Saco 25 Kg.<\/p>\n<p class=\"no-show\"><strong style=\"font-weight: 600;\">Crops:<\/strong><\/p>\n<p><img decoding=\"async\" class=\"no-show\" src=\"https:\/\/www.ftepeyac.com.mx\/wp-content\/uploads\/2019\/09\/ULTRA_SOL_MAP_CULTIVOS-1.png\" alt=\"Solubles\" \/><\/p>\n<p class=\"no-show\"><strong style=\"font-weight: 600;\">Manufacturer:<\/strong>SQM.<\/p>\n<p><a class=\"no-show\" href=\"https:\/\/www.ftepeyac.com.mx\/wp-content\/uploads\/2019\/09\/HDS-Ultrasol-map.pdf\" target=\"_blank\" rel=\"noopener\">Safety sheet<\/a><\/p>\n<p><a class=\"no-show\" href=\"https:\/\/www.ftepeyac.com.mx\/wp-content\/uploads\/2019\/09\/ULTRA_SOL_MAP_FICHA_TECNICA.pdf\" target=\"_blank\" rel=\"noopener\">Technical sheet<\/a><\/p>\n<\/p>\r\r\n\t<a class=\"btn btn-success mt-3\" href=\"https:\/\/www.ftepeyac.com.mx\/en\/product\/ultra-sol-map\/\">\r\r\n\t\tSee product\r\r\n\t<\/a>\r\r\n<\/li>\r\r\n\r\n<li class=\"product type-product post-4481 status-publish last instock product_cat-fertilizantes-solubles product_cat-nutricion-animal has-post-thumbnail shipping-taxable product-type-simple\">\r\r\n\t<a href=\"https:\/\/www.ftepeyac.com.mx\/en\/product\/ultra-sol-mop\/\">\r\r\n\t\t\r\n    <img decoding=\"async\" src=\"https:\/\/www.ftepeyac.com.mx\/wp-content\/uploads\/2021\/06\/ULTRA_SOL_MOP_PRODUCTO.jpg\" data-id=\"\">\r\r\n\t\t<h2 class=\"mt-2\">Ultrasol Mop<\/h2>\r\r\n\t<\/a>\r\r\n\t\n\r\n\t<p class=\"\"><h4>ULTRASOL\u00ae MOP<\/h4>\n<p class=\"no-show\">Ultrasol\u00ae MOP es el fertilizante cristalizado soluble con la m\u00e1s alta concentraci\u00f3n de Potasio del mercado (60% K2O). Esta caracter\u00edstica lo convierte en una buena fuente de potasio para corregir deficiencias y\/o aportar el potasio extra\u00eddo por los cultivos. Sin embargo, se debe considerar que su alta concentraci\u00f3n de Cloro no lo hace indicado para ser usado en cultivos sensibles a \u00e9ste elemento.<\/p>\n<p class=\"no-show\"><strong style=\"font-weight: 600;\">Presentation:<\/strong> Saco de 25 Kg.<\/p>\n<p class=\"no-show\"><strong style=\"font-weight: 600;\">Crops:<\/strong><\/p>\n<p><img decoding=\"async\" class=\"no-show\" src=\"https:\/\/www.ftepeyac.com.mx\/wp-content\/uploads\/2019\/09\/ULTRA_SOL_MOP_CULTIVOS.png\" alt=\"Solubles\" \/><\/p>\n<p class=\"no-show\"><strong style=\"font-weight: 600;\">Manufacturer:\u00a0<\/strong>SQM.<\/p>\n<p><a class=\"no-show\" href=\"https:\/\/www.ftepeyac.com.mx\/wp-content\/uploads\/2019\/09\/ULTRA_SOL_MOP_HOJA_SEGURIDAD.pdf\" target=\"_blank\" rel=\"noopener\">Safety sheet<\/a><\/p>\n<p><a class=\"no-show\" href=\"https:\/\/www.ftepeyac.com.mx\/wp-content\/uploads\/2019\/09\/ULTRA_SOL_MOP_FICHA_TECNICA.pdf\" target=\"_blank\" rel=\"noopener\">Technical sheet<\/a><\/p>\n<\/p>\r\r\n\t<a class=\"btn btn-success mt-3\" href=\"https:\/\/www.ftepeyac.com.mx\/en\/product\/ultra-sol-mop\/\">\r\r\n\t\tSee product\r\r\n\t<\/a>\r\r\n<\/li>\r\r\n\r\n<li class=\"product type-product post-4149 status-publish first instock product_cat-fertilizantes-solidos product_cat-industria-maderera product_cat-nutricion-animal has-post-thumbnail shipping-taxable product-type-simple\">\r\r\n\t<a href=\"https:\/\/www.ftepeyac.com.mx\/en\/product\/urea-granular\/\">\r\r\n\t\t\r\n    <img decoding=\"async\" src=\"https:\/\/www.ftepeyac.com.mx\/wp-content\/uploads\/2019\/09\/urea-granular.jpg\" data-id=\"\">\r\r\n\t\t<h2 class=\"mt-2\">Urea Granular<\/h2>\r\r\n\t<\/a>\r\r\n\t<div class=\"star-rating\" role=\"img\" aria-label=\"Rated 4.50 out of 5\" data-no-translation-aria-label=\"\"><span style=\"width:90%\" data-no-translation=\"\" data-trp-gettext=\"\">Rated <strong class=\"rating\">4.50<\/strong> out of 5<\/span><\/div>\n\r\n\t<p class=\"\"><h4>Urea Granular<\/h4>\n<p class=\"no-show\">Fertilizante qu\u00edmico granulado que se aplica directamente al suelo; fertilizante que aporta nitr\u00f3geno a sus cultivos. El nitr\u00f3geno es esencial para la s\u00edntesis de clorofila y de prote\u00ednas por las plantas. No realizar mezclas con sustancias fuertemente alcalinas. En caso de mezclas con otros productos realizar una prueba de compatibilidad.<br \/>\nDosis: a calcular en funci\u00f3n de las necesidades del cultivo y an\u00e1lisis del suelo.<\/p>\n<p class=\"no-show\"><strong style=\"font-weight: 600;\">Presentation:<\/strong> Sacos 25 Kg, 50 Kg y Granel.<\/p>\n<p class=\"no-show\"><strong style=\"font-weight: 600;\">Crops:<\/strong><\/p>\n<p><img decoding=\"async\" class=\"alignnone size-full wp-image-4146 no-show\" src=\"https:\/\/www.ftepeyac.com.mx\/wp-content\/uploads\/2021\/05\/urea_granular_cultivos.png\" alt=\"urea_granular_cultivos\" width=\"195\" height=\"61\" \/><\/p>\n<p class=\"no-show\"><strong style=\"font-weight: 600;\">Manufacturer:<\/strong> Diversos or\u00edgenes internacionales de Alta Calidad.<\/p>\n<p><a class=\"no-show\" href=\"https:\/\/www.ftepeyac.com.mx\/wp-content\/uploads\/2019\/09\/HDS-UREA-GRANULAR.pdf\" target=\"_blank\" rel=\"noopener\">Hoja de Seguridad<\/a><\/p>\n<p><a class=\"no-show\" href=\"https:\/\/www.ftepeyac.com.mx\/en\/wp content\/uploads\/2019\/09\/ficha_tecnica_urea_granular.pdf\/\" target=\"_blank\" rel=\"noopener\">Ficha T\u00e9cnica<\/a><\/p>\n<\/p>\r\r\n\t<a class=\"btn btn-success mt-3\" href=\"https:\/\/www.ftepeyac.com.mx\/en\/product\/urea-granular\/\">\r\r\n\t\tSee product\r\r\n\t<\/a>\r\r\n<\/li>\r\r\n\r\n<li class=\"product type-product post-4446 status-publish instock product_cat-fertilizantes-solidos product_cat-nutricion-animal has-post-thumbnail shipping-taxable product-type-simple\">\r\r\n\t<a href=\"https:\/\/www.ftepeyac.com.mx\/en\/product\/urea-prilada\/\">\r\r\n\t\t\r\n    <img decoding=\"async\" src=\"https:\/\/www.ftepeyac.com.mx\/wp-content\/uploads\/2019\/09\/urea-prilada.jpg\" data-id=\"\">\r\r\n\t\t<h2 class=\"mt-2\">Urea prilada<\/h2>\r\r\n\t<\/a>\r\r\n\t\n\r\n\t<p class=\"\"><h4>UREA PRILADA ENVASADA<\/h4>\n<p class=\"no-show\">La UREA es el fertilizante qu\u00edmico m\u00e1s popular es de uso agr\u00edcola, para aplicaci\u00f3n al suelo y\/o foliar. Corresponde al compuesto org\u00e1nico de f\u00f3rmula NH2CONH2 (Carbamida); con un contenido de Nitr\u00f3geno de 46% en peso, siendo la m\u00e1s concentrada de las fuentes de Nitr\u00f3geno (N) en estado s\u00f3lido.<br \/>\nEl Nitr\u00f3geno es esencial en la planta, forma parte de cada c\u00e9lula viva, adem\u00e1s es un elemento necesario para la s\u00edntesis de clorofila y proceso de la fotos\u00edntesis. Las plantas necesitan grandes cantidades de N para crecer normalmente, ya que este es esencial para incrementar la prote\u00edna de las plantas, estando directamente relacionado con la cantidad de hojas, brotes, tallos etc. La UREA es adecuada para todo tipo de cultivos: frutales, legumbres, granos, pastos y ornato.<\/p>\n<p class=\"no-show\"><strong style=\"font-weight: 600;\">Presentation:<\/strong> Sacos 25Kg., 50 Kg., Granel.<\/p>\n<p class=\"no-show\"><strong style=\"font-weight: 600;\">Crops:<\/strong><\/p>\n<p><img decoding=\"async\" class=\"no-show\" src=\"https:\/\/www.ftepeyac.com.mx\/wp-content\/uploads\/2021\/06\/Urea-prilada-cultivos.png\" alt=\"S\u00f3lidos\" \/><\/p>\n<p class=\"no-show\"><strong style=\"font-weight: 600;\">Manufacturer:<\/strong> Diversos or\u00edgenes internacionales de alta calidad.<\/p>\n<p><a class=\"no-show\" href=\"https:\/\/www.ftepeyac.com.mx\/wp-content\/uploads\/2019\/09\/HDS-UREA-PRILADA.pdf\" target=\"_blank\" rel=\"noopener\">Hoja de Seguridad<\/a><\/p>\n<p><a class=\"no-show\" href=\"https:\/\/www.ftepeyac.com.mx\/wp-content\/uploads\/2019\/09\/Urea-prilada-ficha-tecnica.pdf\" target=\"_blank\" rel=\"noopener\">Technical sheet<\/a><\/p>\n<\/p>\r\r\n\t<a class=\"btn btn-success mt-3\" href=\"https:\/\/www.ftepeyac.com.mx\/en\/product\/urea-prilada\/\">\r\r\n\t\tSee product\r\r\n\t<\/a>\r\r\n<\/li>\r\r\n<\/ul>\n<\/div><\/div><\/div><\/div><\/div><div class=\"vc_row-full-width vc_clearfix\"><\/div>","protected":false},"excerpt":{"rendered":"<p> [&#8230;]<\/p>\n<p><a class=\"btn btn-secondary understrap-read-more-link\" href=\"https:\/\/www.ftepeyac.com.mx\/en\/nutricion-animal\/\">Read More&#8230;<\/a><\/p>","protected":false},"author":1,"featured_media":0,"parent":0,"menu_order":0,"comment_status":"closed","ping_status":"closed","template":"page-templates\/empty.php","meta":{"inline_featured_image":false,"footnotes":""},"class_list":["post-4107","page","type-page","status-publish","hentry"],"yoast_head":"<!-- This site is optimized with the Yoast SEO plugin v24.9 - https:\/\/yoast.com\/wordpress\/plugins\/seo\/ -->\n<title>Nutrici\u00f3n animal - Fertilizantes Tepeyac<\/title>\n<meta name=\"robots\" content=\"index, follow, max-snippet:-1, max-image-preview:large, max-video-preview:-1\" \/>\n<link rel=\"canonical\" href=\"https:\/\/www.ftepeyac.com.mx\/en\/nutricion-animal\/\" \/>\n<meta property=\"og:locale\" content=\"en_US\" \/>\n<meta property=\"og:type\" content=\"article\" \/>\n<meta property=\"og:title\" content=\"Nutrici\u00f3n animal - Fertilizantes Tepeyac\" \/>\n<meta property=\"og:description\" content=\"[...]Read More...\" \/>\n<meta property=\"og:url\" content=\"https:\/\/www.ftepeyac.com.mx\/en\/nutricion-animal\/\" \/>\n<meta property=\"og:site_name\" content=\"Fertilizantes Tepeyac\" \/>\n<meta property=\"article:publisher\" content=\"https:\/\/www.facebook.com\/tepeyacgrupo\" \/>\n<meta property=\"article:modified_time\" content=\"2023-02-09T08:14:07+00:00\" \/>\n<meta name=\"twitter:card\" content=\"summary_large_image\" \/>\n<meta name=\"twitter:label1\" content=\"Est. reading time\" \/>\n\t<meta name=\"twitter:data1\" content=\"1 minute\" \/>\n<script type=\"application\/ld+json\" class=\"yoast-schema-graph\">{\"@context\":\"https:\/\/schema.org\",\"@graph\":[{\"@type\":\"WebPage\",\"@id\":\"https:\/\/www.ftepeyac.com.mx\/nutricion-animal\/\",\"url\":\"https:\/\/www.ftepeyac.com.mx\/nutricion-animal\/\",\"name\":\"Nutrici\u00f3n animal - Fertilizantes Tepeyac\",\"isPartOf\":{\"@id\":\"https:\/\/www.ftepeyac.com.mx\/#website\"},\"datePublished\":\"2021-05-18T21:40:20+00:00\",\"dateModified\":\"2023-02-09T08:14:07+00:00\",\"breadcrumb\":{\"@id\":\"https:\/\/www.ftepeyac.com.mx\/nutricion-animal\/#breadcrumb\"},\"inLanguage\":\"en-US\",\"potentialAction\":[{\"@type\":\"ReadAction\",\"target\":[\"https:\/\/www.ftepeyac.com.mx\/nutricion-animal\/\"]}]},{\"@type\":\"BreadcrumbList\",\"@id\":\"https:\/\/www.ftepeyac.com.mx\/nutricion-animal\/#breadcrumb\",\"itemListElement\":[{\"@type\":\"ListItem\",\"position\":1,\"name\":\"Portada\",\"item\":\"https:\/\/www.ftepeyac.com.mx\/\"},{\"@type\":\"ListItem\",\"position\":2,\"name\":\"Nutrici\u00f3n animal\"}]},{\"@type\":\"WebSite\",\"@id\":\"https:\/\/www.ftepeyac.com.mx\/#website\",\"url\":\"https:\/\/www.ftepeyac.com.mx\/\",\"name\":\"Fertilizantes Tepeyac | Soluciones en Nutrici\u00f3n Vegetal y Protecci\u00f3n de Cultivos\",\"description\":\"Ofrecemos un gran cat\u00e1logo de soluciones en agricultura, nos distinguimos por nuestra atenci\u00f3n personalizada sin intermediarios.\",\"publisher\":{\"@id\":\"https:\/\/www.ftepeyac.com.mx\/#organization\"},\"potentialAction\":[{\"@type\":\"SearchAction\",\"target\":{\"@type\":\"EntryPoint\",\"urlTemplate\":\"https:\/\/www.ftepeyac.com.mx\/?s={search_term_string}\"},\"query-input\":{\"@type\":\"PropertyValueSpecification\",\"valueRequired\":true,\"valueName\":\"search_term_string\"}}],\"inLanguage\":\"en-US\"},{\"@type\":\"Organization\",\"@id\":\"https:\/\/www.ftepeyac.com.mx\/#organization\",\"name\":\"Fertilizantes Tepeyac | Soluciones en Nutrici\u00f3n Vegetal y Protecci\u00f3n de Cultivos\",\"url\":\"https:\/\/www.ftepeyac.com.mx\/\",\"logo\":{\"@type\":\"ImageObject\",\"inLanguage\":\"en-US\",\"@id\":\"https:\/\/www.ftepeyac.com.mx\/#\/schema\/logo\/image\/\",\"url\":\"https:\/\/www.ftepeyac.com.mx\/wp-content\/uploads\/2019\/09\/tepeyac75-logo.png\",\"contentUrl\":\"https:\/\/www.ftepeyac.com.mx\/wp-content\/uploads\/2019\/09\/tepeyac75-logo.png\",\"width\":700,\"height\":150,\"caption\":\"Fertilizantes Tepeyac | Soluciones en Nutrici\u00f3n Vegetal y Protecci\u00f3n de Cultivos\"},\"image\":{\"@id\":\"https:\/\/www.ftepeyac.com.mx\/#\/schema\/logo\/image\/\"},\"sameAs\":[\"https:\/\/www.facebook.com\/tepeyacgrupo\",\"https:\/\/www.instagram.com\/fertilizantes.tepeyac\/\",\"https:\/\/mx.linkedin.com\/company\/fertilizantes-tepeyac-del-noroeste\"]}]}<\/script>\n<!-- \/ Yoast SEO plugin. -->","yoast_head_json":{"title":"Nutrici\u00f3n animal - Fertilizantes Tepeyac","robots":{"index":"index","follow":"follow","max-snippet":"max-snippet:-1","max-image-preview":"max-image-preview:large","max-video-preview":"max-video-preview:-1"},"canonical":"https:\/\/www.ftepeyac.com.mx\/en\/nutricion-animal\/","og_locale":"en_US","og_type":"article","og_title":"Nutrici\u00f3n animal - Fertilizantes Tepeyac","og_description":"[...]Read More...","og_url":"https:\/\/www.ftepeyac.com.mx\/en\/nutricion-animal\/","og_site_name":"Fertilizantes Tepeyac","article_publisher":"https:\/\/www.facebook.com\/tepeyacgrupo","article_modified_time":"2023-02-09T08:14:07+00:00","twitter_card":"summary_large_image","twitter_misc":{"Est. reading time":"1 minute"},"schema":{"@context":"https:\/\/schema.org","@graph":[{"@type":"WebPage","@id":"https:\/\/www.ftepeyac.com.mx\/nutricion-animal\/","url":"https:\/\/www.ftepeyac.com.mx\/nutricion-animal\/","name":"Nutrici\u00f3n animal - Fertilizantes Tepeyac","isPartOf":{"@id":"https:\/\/www.ftepeyac.com.mx\/#website"},"datePublished":"2021-05-18T21:40:20+00:00","dateModified":"2023-02-09T08:14:07+00:00","breadcrumb":{"@id":"https:\/\/www.ftepeyac.com.mx\/nutricion-animal\/#breadcrumb"},"inLanguage":"en-US","potentialAction":[{"@type":"ReadAction","target":["https:\/\/www.ftepeyac.com.mx\/nutricion-animal\/"]}]},{"@type":"BreadcrumbList","@id":"https:\/\/www.ftepeyac.com.mx\/nutricion-animal\/#breadcrumb","itemListElement":[{"@type":"ListItem","position":1,"name":"Portada","item":"https:\/\/www.ftepeyac.com.mx\/"},{"@type":"ListItem","position":2,"name":"Nutrici\u00f3n animal"}]},{"@type":"WebSite","@id":"https:\/\/www.ftepeyac.com.mx\/#website","url":"https:\/\/www.ftepeyac.com.mx\/","name":"Fertilizantes Tepeyac | Soluciones en Nutrici\u00f3n Vegetal y Protecci\u00f3n de Cultivos","description":"Ofrecemos un gran cat\u00e1logo de soluciones en agricultura, nos distinguimos por nuestra atenci\u00f3n personalizada sin intermediarios.","publisher":{"@id":"https:\/\/www.ftepeyac.com.mx\/#organization"},"potentialAction":[{"@type":"SearchAction","target":{"@type":"EntryPoint","urlTemplate":"https:\/\/www.ftepeyac.com.mx\/?s={search_term_string}"},"query-input":{"@type":"PropertyValueSpecification","valueRequired":true,"valueName":"search_term_string"}}],"inLanguage":"en-US"},{"@type":"Organization","@id":"https:\/\/www.ftepeyac.com.mx\/#organization","name":"Fertilizantes Tepeyac | Soluciones en Nutrici\u00f3n Vegetal y Protecci\u00f3n de Cultivos","url":"https:\/\/www.ftepeyac.com.mx\/","logo":{"@type":"ImageObject","inLanguage":"en-US","@id":"https:\/\/www.ftepeyac.com.mx\/#\/schema\/logo\/image\/","url":"https:\/\/www.ftepeyac.com.mx\/wp-content\/uploads\/2019\/09\/tepeyac75-logo.png","contentUrl":"https:\/\/www.ftepeyac.com.mx\/wp-content\/uploads\/2019\/09\/tepeyac75-logo.png","width":700,"height":150,"caption":"Fertilizantes Tepeyac | Soluciones en Nutrici\u00f3n Vegetal y Protecci\u00f3n de Cultivos"},"image":{"@id":"https:\/\/www.ftepeyac.com.mx\/#\/schema\/logo\/image\/"},"sameAs":["https:\/\/www.facebook.com\/tepeyacgrupo","https:\/\/www.instagram.com\/fertilizantes.tepeyac\/","https:\/\/mx.linkedin.com\/company\/fertilizantes-tepeyac-del-noroeste"]}]}},"_links":{"self":[{"href":"https:\/\/www.ftepeyac.com.mx\/en\/wp-json\/wp\/v2\/pages\/4107","targetHints":{"allow":["GET"]}}],"collection":[{"href":"https:\/\/www.ftepeyac.com.mx\/en\/wp-json\/wp\/v2\/pages"}],"about":[{"href":"https:\/\/www.ftepeyac.com.mx\/en\/wp-json\/wp\/v2\/types\/page"}],"author":[{"embeddable":true,"href":"https:\/\/www.ftepeyac.com.mx\/en\/wp-json\/wp\/v2\/users\/1"}],"replies":[{"embeddable":true,"href":"https:\/\/www.ftepeyac.com.mx\/en\/wp-json\/wp\/v2\/comments?post=4107"}],"version-history":[{"count":11,"href":"https:\/\/www.ftepeyac.com.mx\/en\/wp-json\/wp\/v2\/pages\/4107\/revisions"}],"predecessor-version":[{"id":9070,"href":"https:\/\/www.ftepeyac.com.mx\/en\/wp-json\/wp\/v2\/pages\/4107\/revisions\/9070"}],"wp:attachment":[{"href":"https:\/\/www.ftepeyac.com.mx\/en\/wp-json\/wp\/v2\/media?parent=4107"}],"curies":[{"name":"wp","href":"https:\/\/api.w.org\/{rel}","templated":true}]}}