{"id":4765,"date":"2021-06-24T22:52:09","date_gmt":"2021-06-24T22:52:09","guid":{"rendered":"https:\/\/www.ftepeyac.com.mx\/?page_id=4765"},"modified":"2023-02-09T08:04:02","modified_gmt":"2023-02-09T08:04:02","slug":"qrop-organico","status":"publish","type":"page","link":"https:\/\/www.ftepeyac.com.mx\/en\/qrop-organico\/","title":{"rendered":"Qrop org\u00e1nico"},"content":{"rendered":"<div data-vc-full-width=\"true\" data-vc-full-width-init=\"false\" data-vc-stretch-content=\"true\" class=\"vc_row wpb_row vc_row-fluid vc_custom_1619929198422 vc_column-gap-10\"><div class=\"product-sidebar-custom wpb_column vc_column_container vc_col-sm-3\"><div class=\"vc_column-inner vc_custom_1620066901885\"><div class=\"wpb_wrapper\">\r\n\t<div class=\"wpb_text_column wpb_content_element  vc_custom_1634535409767\" >\r\n\t\t<div class=\"wpb_wrapper\">\r\n\t\t\t<p style=\"text-align: left;\"><a href=\"https:\/\/www.ftepeyac.com.mx\/en\/agricultura-protegida\/\"><span style=\"color: #ffffff;\">Protected Agriculture<\/span><\/a><\/p>\n\r\n\t\t<\/div>\r\n\t<\/div>\r\n\r\n\t<div class=\"wpb_text_column wpb_content_element  vc_custom_1634535418218\" >\r\n\t\t<div class=\"wpb_wrapper\">\r\n\t\t\t<p style=\"text-align: left;\"><a href=\"https:\/\/www.ftepeyac.com.mx\/en\/proteccion-de-cultivos\/\"><span style=\"color: #ffffff;\">Crop Protection<\/span><\/a><\/p>\n\r\n\t\t<\/div>\r\n\t<\/div>\r\n\r\n\t<div class=\"wpb_text_column wpb_content_element  vc_custom_1634535427771\" >\r\n\t\t<div class=\"wpb_wrapper\">\r\n\t\t\t<p style=\"text-align: left;\"><a href=\"https:\/\/www.ftepeyac.com.mx\/en\/servicios\/\"><span style=\"color: #ffffff;\">Services<\/span><\/a><\/p>\n\r\n\t\t<\/div>\r\n\t<\/div>\r\n\r\n\t<div  class=\"wpb_single_image wpb_content_element vc_align_center  vc_custom_1624573821275\">\r\n\t\t\r\n\t\t<figure class=\"wpb_wrapper vc_figure\">\r\n\t\t\t<div class=\"vc_single_image-wrapper   vc_box_border_grey\"><img decoding=\"async\" width=\"80\" height=\"90\" src=\"https:\/\/www.ftepeyac.com.mx\/wp-content\/uploads\/2021\/05\/agricultura_protegida.png\" class=\"vc_single_image-img attachment-full\" alt=\"agricultura_protegida\" srcset=\"https:\/\/www.ftepeyac.com.mx\/wp-content\/uploads\/2021\/05\/agricultura_protegida.png 80w, https:\/\/www.ftepeyac.com.mx\/wp-content\/uploads\/2021\/05\/agricultura_protegida-11x12.png 11w\" sizes=\"(max-width: 80px) 100vw, 80px\" \/><\/div>\r\n\t\t<\/figure>\r\n\t<\/div>\r\n\r\n\t<div class=\"wpb_text_column wpb_content_element  vc_custom_1624573832377\" >\r\n\t\t<div class=\"wpb_wrapper\">\r\n\t\t\t<h3 style=\"text-align: center;\"><span style=\"color: #ffffff;\">Protected Agriculture<\/span><\/h3>\n\r\n\t\t<\/div>\r\n\t<\/div>\r\n\r\n\t<div class=\"wpb_text_column wpb_content_element\" >\r\n\t\t<div class=\"wpb_wrapper\">\r\n\t\t\t<ul>\n<li><span style=\"color: #ffffff;\"><a style=\"color: #ffffff;\" href=\"https:\/\/www.ftepeyac.com.mx\/en\/ultrasol-organico\/\">&#8211; Ultrasol<\/a><\/span><\/li>\n<li><span style=\"color: #ffffff; font-weight: 600;\">&#8211; Qrop<\/span><\/li>\n<li><span style=\"color: #ffffff;\"><a style=\"color: #ffffff;\" href=\"https:\/\/www.ftepeyac.com.mx\/en\/speedfol-organico\/\">&#8211; Speedfol<\/a><\/span><\/li>\n<li><span style=\"color: #ffffff;\"><a style=\"color: #ffffff;\" href=\"https:\/\/www.ftepeyac.com.mx\/en\/allganic-organico\/\">&#8211; Allganic<\/a><\/span><\/li>\n<li><span style=\"color: #ffffff;\"><a style=\"color: #ffffff;\" href=\"https:\/\/www.ftepeyac.com.mx\/en\/tessenderlo-kerley-organico\/\">&#8211; Tessenderlo Kerley<\/a><\/span><\/li>\n<\/ul>\n\r\n\t\t<\/div>\r\n\t<\/div>\r\n\r\n\t<div class=\"wpb_text_column wpb_content_element  vc_custom_1634535477393\" >\r\n\t\t<div class=\"wpb_wrapper\">\r\n\t\t\t<p style=\"text-align: left;\"><a href=\"https:\/\/www.ftepeyac.com.mx\/en\/industria\/\"><span style=\"color: #ffffff;\">Industry<\/span><\/a><\/p>\n\r\n\t\t<\/div>\r\n\t<\/div>\r\n\r\n\t<div class=\"wpb_text_column wpb_content_element  vc_custom_1675929837369\" >\r\n\t\t<div class=\"wpb_wrapper\">\r\n\t\t\t<p style=\"text-align: left;\"><a href=\"https:\/\/www.ftepeyac.com.mx\/en\/financiamientos\/\"><span style=\"color: #ffffff;\">Financing<\/span><\/a><\/p>\n\r\n\t\t<\/div>\r\n\t<\/div>\r\n\r\n\t<div class=\"wpb_text_column wpb_content_element\" >\r\n\t\t<div class=\"wpb_wrapper\">\r\n\t\t\t<p style=\"text-align: left;\"><a href=\"https:\/\/www.ftepeyac.com.mx\/en\/productos-indiapac\/\"><span style=\"color: #ffffff;\">Productos Indiapac<\/span><\/a><\/p>\n\r\n\t\t<\/div>\r\n\t<\/div>\r\n<\/div><\/div><\/div><div class=\"wpb_column vc_column_container vc_col-sm-9\"><div class=\"vc_column-inner vc_custom_1629588833252\"><div class=\"wpb_wrapper\"><div class=\"woocommerce columns-3\"><ul class=\"products columns-3\">\n\r\n<li class=\"product type-product post-4385 status-publish first instock product_cat-fertilizantes-organicos product_cat-fertilizantes-solubles product_cat-qrop-organico has-post-thumbnail shipping-taxable product-type-simple\">\r\r\n\t<a href=\"https:\/\/www.ftepeyac.com.mx\/en\/product\/boronat-envasado\/\">\r\r\n\t\t\r\n    <img decoding=\"async\" src=\"https:\/\/www.ftepeyac.com.mx\/wp-content\/uploads\/2021\/06\/Boronat-envasado.jpg\" data-id=\"\">\r\r\n\t\t<h2 class=\"mt-2\">Qrop\u00ae Boronat 30<\/h2>\r\r\n\t<\/a>\r\r\n\t\n\r\n\t<p class=\"\"><h4>Qrop\u00ae Boronat 30<\/h4>\n<p class=\"no-show\">Qrop\u00ae Boronat 30 es un producto de origen natural, ideal para satisfacer las necesidades de Boro de los cultivos y para obtener altos rendimientos y cosechas de calidad. Ha sido dise\u00f1ado para uso en mezclas NPK o para aplicaci\u00f3n directa.<br \/>\nSu contenido de Boro (30% B203) permite lograr mezclas m\u00e1s homog\u00e9neas, ya que se aplica un mayor n\u00famero de gr\u00e1nulos por metro cuadrado fertilizado. Esto implica una mayor eficiencia de uso del Boro y una disminuci\u00f3n del riesgo de fitotoxicidad causada por aplicaciones desuniformes.<\/p>\n<p class=\"no-show\"><strong style=\"font-weight: 600;\">Presentation:<\/strong> 25 Kg.<\/p>\n<p class=\"no-show\"><strong style=\"font-weight: 600;\">Crops:<\/strong><\/p>\n<p><img decoding=\"async\" class=\"no-show\" src=\"https:\/\/www.ftepeyac.com.mx\/wp-content\/uploads\/2019\/09\/qrop_boronat_30_cultivos.png\" alt=\"Solubles\"\/><\/p>\n<p class=\"no-show\"><strong style=\"font-weight: 600;\">Manufacturer:<\/strong> SQM<\/p>\n<p><a class=\"no-show\" href=\"https:\/\/www.ftepeyac.com.mx\/wp-content\/uploads\/2019\/09\/Boronat-envasado-hoja-de-seguridad-.pdf\" target=\"_blank\" rel=\"noopener\">Safety sheet<\/a><\/p>\n<p><a class=\"no-show\" href=\"https:\/\/www.ftepeyac.com.mx\/wp-content\/uploads\/2019\/09\/Boronat-envasado-ficha-tecnica-.pdf\" target=\"_blank\" rel=\"noopener\">Technical sheet<\/a><\/p>\n<\/p>\r\r\n\t<a class=\"btn btn-success mt-3\" href=\"https:\/\/www.ftepeyac.com.mx\/en\/product\/boronat-envasado\/\">\r\r\n\t\tSee product\r\r\n\t<\/a>\r\r\n<\/li>\r\r\n\r\n<li class=\"product type-product post-4697 status-publish instock product_cat-fertilizantes-organicos product_cat-qrop-organico has-post-thumbnail shipping-taxable product-type-simple\">\r\r\n\t<a href=\"https:\/\/www.ftepeyac.com.mx\/en\/product\/qrop-complex-top-k\/\">\r\r\n\t\t\r\n    <img decoding=\"async\" src=\"https:\/\/www.ftepeyac.com.mx\/wp-content\/uploads\/2021\/06\/qrop_complex_top_k.jpg\" data-id=\"\">\r\r\n\t\t<h2 class=\"mt-2\">Qrop\u00ae complex TOP K<\/h2>\r\r\n\t<\/a>\r\r\n\t\n\r\n\t<p class=\"\"><h4>Qrop\u00ae complex TOP K<\/h4>\n<p class=\"no-show\">Proporciona una importante fuente de K2O Nitrato de Potasio. Debido a su f\u00f3rmula nutricional balanceada: con nitr\u00f3geno, f\u00f3sforo, potasio, calcio y magnesio. Es adecuado para todos los cultivos y etapas de crecimiento incluyendo la flotaci\u00f3n y maduraci\u00f3n.<\/p>\n<p class=\"no-show\"><strong style=\"font-weight: 600;\">Presentation:<\/strong> Saco 25 Kg.<\/p>\n<p class=\"no-show\"><strong style=\"font-weight: 600;\">Crops:<\/strong><\/p>\n<p><img decoding=\"async\" class=\"no-show\" src=\"https:\/\/www.ftepeyac.com.mx\/wp-content\/uploads\/2019\/09\/Qrop_complex_TOP_K_cultivos.png\" alt=\"Mezcla f\u00edsica\"\/><\/p>\n<p class=\"no-show\"><strong style=\"font-weight: 600;\">Manufacturer:<\/strong>SQM<\/p>\n<p><a class=\"no-show\" href=\"https:\/\/www.ftepeyac.com.mx\/wp-content\/uploads\/2019\/09\/hoja_de_seguridad_qrop_complex_top_k.pdf\" target=\"_blank\" rel=\"noopener\">Safety sheet<\/a><\/p>\n<\/p>\r\r\n\t<a class=\"btn btn-success mt-3\" href=\"https:\/\/www.ftepeyac.com.mx\/en\/product\/qrop-complex-top-k\/\">\r\r\n\t\tSee product\r\r\n\t<\/a>\r\r\n<\/li>\r\r\n\r\n<li class=\"product type-product post-4707 status-publish last instock product_cat-fertilizantes-organicos product_cat-fertilizantes-solubles product_cat-qrop-organico has-post-thumbnail shipping-taxable product-type-simple\">\r\r\n\t<a href=\"https:\/\/www.ftepeyac.com.mx\/en\/product\/qrop-k-cr\/\">\r\r\n\t\t\r\n    <img decoding=\"async\" src=\"https:\/\/www.ftepeyac.com.mx\/wp-content\/uploads\/2021\/06\/qrop_k_cr.jpg\" data-id=\"\">\r\r\n\t\t<h2 class=\"mt-2\">Qrop\u00ae K CR<\/h2>\r\r\n\t<\/a>\r\r\n\t\n\r\n\t<p class=\"\"><h4>Qrop\u00ae K CR<\/h4>\n<p class=\"no-show\">Es un fertilizante \u00fanico que proporciona la nutrici\u00f3n se\u00f1alada (3, 6 +o 9 meses), de manera constante y uniforme dentro del tiempo especificado.<\/p>\n<p class=\"no-show\"><strong style=\"font-weight: 600;\">Presentation:<\/strong> Saco 25 Kg.<\/p>\n<p class=\"no-show\"><strong style=\"font-weight: 600;\">Crops:<\/strong><\/p>\n<p><img decoding=\"async\" class=\"no-show\" src=\"https:\/\/www.ftepeyac.com.mx\/wp-content\/uploads\/2019\/09\/qrop_k_cr_cultivos.png\" alt=\"Solubles\"\/><\/p>\n<p class=\"no-show\"><strong style=\"font-weight: 600;\">Manufacturer:<\/strong> SQM<\/p>\n<p><a class=\"no-show\" href=\"https:\/\/www.ftepeyac.com.mx\/wp-content\/uploads\/2019\/09\/ficha_tecnica_qrop_k_cr.pdf\" target=\"_blank\" rel=\"noopener\">Technical sheet<\/a><\/p>\n<\/p>\r\r\n\t<a class=\"btn btn-success mt-3\" href=\"https:\/\/www.ftepeyac.com.mx\/en\/product\/qrop-k-cr\/\">\r\r\n\t\tSee product\r\r\n\t<\/a>\r\r\n<\/li>\r\r\n\r\n<li class=\"product type-product post-3835 status-publish first instock product_cat-complejos-quimicos product_cat-fertilizantes-foliares product_cat-fertilizantes-organicos product_cat-qrop-organico has-post-thumbnail shipping-taxable product-type-simple\">\r\r\n\t<a href=\"https:\/\/www.ftepeyac.com.mx\/en\/product\/qrop-ks\/\">\r\r\n\t\t\r\n    <img decoding=\"async\" src=\"https:\/\/www.ftepeyac.com.mx\/wp-content\/uploads\/2021\/05\/qrop_ks-1.jpg\" data-id=\"\">\r\r\n\t\t<h2 class=\"mt-2\">Qrop\u00ae KS<\/h2>\r\r\n\t<\/a>\r\r\n\t\n\r\n\t<p class=\"\"><h4>Qrop\u00ae KS<\/h4>\n<p class=\"no-show\">Qrop\u00ae KS nitrato de potasio prilado \u2013 es una fuente de potasio de r\u00e1pida disponibilidad, que adem\u00e1s aporta nitr\u00f3geno n\u00edtrico, que es la fuente de nitr\u00f3geno predominantemente absorbida por las plantas.<\/p>\n<p class=\"no-show\">Esto permite que los nutrientes sean completamente asimilados por los cultivos, evitando su acumulaci\u00f3n en el suelo, a diferencia de otras fuentes de K como cloruros y sulfatos que son absorbidos s\u00f3lo parcialmente. Qrop\u00ae KS no contribuye a la salinizaci\u00f3n del suelo en el tiempo, y por ser virtualmente libre de cloruro y de sulfato, puede ser utilizado en una amplia gama de cultivos, particularmente en cultivos sensibles al cloruro y a la salinidad, y en cualquiera de sus fases de crecimiento.<\/p>\n<p class=\"no-show\">Qrop\u00ae KS nitrato de potasio prilado alivia el estr\u00e9s por salinidad, porque el nitrato contrarresta la absorci\u00f3n de cloruro mientras el potasio disminuye la absorci\u00f3n de sodio por la planta.<\/p>\n<p class=\"no-show\"><strong style=\"font-weight: 600;\">Presentation:<\/strong> Saco 25 Kg.<\/p>\n<p class=\"no-show\"><strong style=\"font-weight: 600;\">Crops:<\/strong><\/p>\n<p><img decoding=\"async\" class=\"no-show\" src=\"https:\/\/www.ftepeyac.com.mx\/wp-content\/uploads\/2019\/09\/qrop_ks_cultivos-1.png\" alt=\"Foliar\" \/><\/p>\n<p class=\"no-show\"><strong style=\"font-weight: 600;\">Manufacturer:<\/strong> SQM<\/p>\n<p><a class=\"no-show\" href=\"https:\/\/www.ftepeyac.com.mx\/wp-content\/uploads\/2019\/09\/hoja_de_seguridad_qrop_ks.pdf\" target=\"_blank\" rel=\"noopener\">Safety sheet<\/a><\/p>\n<p><a class=\"no-show\" href=\"https:\/\/www.ftepeyac.com.mx\/wp-content\/uploads\/2019\/09\/Qrop_ks_ficha_tecnica.pdf\" target=\"_blank\" rel=\"noopener\">Technical sheet<\/a><\/p>\n<\/p>\r\r\n\t<a class=\"btn btn-success mt-3\" href=\"https:\/\/www.ftepeyac.com.mx\/en\/product\/qrop-ks\/\">\r\r\n\t\tSee product\r\r\n\t<\/a>\r\r\n<\/li>\r\r\n\r\n<li class=\"product type-product post-3849 status-publish instock product_cat-fertilizantes-organicos product_cat-mezclas-fisicas product_cat-qrop-organico has-post-thumbnail shipping-taxable product-type-simple\">\r\r\n\t<a href=\"https:\/\/www.ftepeyac.com.mx\/en\/product\/qrop-mix\/\">\r\r\n\t\t\r\n    <img decoding=\"async\" src=\"https:\/\/www.ftepeyac.com.mx\/wp-content\/uploads\/2021\/05\/Qrop_mix.jpg\" data-id=\"\">\r\r\n\t\t<h2 class=\"mt-2\">Qrop\u00ae\ufe0f mix<\/h2>\r\r\n\t<\/a>\r\r\n\t<div class=\"star-rating\" role=\"img\" aria-label=\"Rated 5.00 out of 5\" data-no-translation-aria-label=\"\"><span style=\"width:100%\" data-no-translation=\"\" data-trp-gettext=\"\">Rated <strong class=\"rating\">5.00<\/strong> out of 5<\/span><\/div>\n\r\n\t<p class=\"\"><h4>Qrop\u00ae\ufe0f mix<\/h4>\n<p class=\"no-show\">Qrop\u00ae\ufe0f es una l\u00ednea completa de soluciones nutricionales especialmente dise\u00f1ada para la aplicaci\u00f3n al suelo, con una gran variedad de formulaciones y mezclas especiales, precisas y de muy r\u00e1pida disponibilidad.<br \/>\nLas soluciones nutricionales Qrop\u00ae\ufe0f mix son elaboradas con Nitrato de Potasio (Qrop KS).<br \/>\nLas soluciones nutricionales Qrop\u00ae\ufe0f mix atienden las necesidades m\u00e1s espec\u00edficas del cultivo, obteniendo el m\u00e1ximo rendimiento y la mejor calidad, optimizando as\u00ed las ganancias del negocio. Qrop\u00ae\ufe0f mix concentra las mejores materias primas en mezclas balanceadas y dise\u00f1adas para satisfacer las altas demandas de los principales elementos del cultivo en todas las etapas fisiol\u00f3gicas.<\/p>\n<p class=\"no-show\"><strong style=\"font-weight: 600;\">Presentation:<\/strong> Saco 25 Kg.<\/p>\n<p class=\"no-show\"><strong style=\"font-weight: 600;\">Crops:<\/strong><\/p>\n<p><img decoding=\"async\" class=\"no-show\" src=\"https:\/\/www.ftepeyac.com.mx\/wp-content\/uploads\/2019\/09\/qrop_mix_cultivos.png\" alt=\"Mezcla f\u00edsica\"\/><\/p>\n<p class=\"no-show\"><strong style=\"font-weight: 600;\">Manufacturer:<\/strong> SQM<\/p>\n<p><a class=\"no-show\" href=\"https:\/\/www.ftepeyac.com.mx\/wp-content\/uploads\/2019\/09\/Qrop_mix_hoja_de_seguridad.pdf\" target=\"_blank\" rel=\"noopener\">Safety sheet<\/a><\/p>\n<p><a class=\"no-show\" href=\"https:\/\/www.ftepeyac.com.mx\/wp-content\/uploads\/2019\/09\/qrop_mix_ficha_tecnica.pdf\" target=\"_blank\" rel=\"noopener\">Technical sheet<\/a><\/p>\n<\/p>\r\r\n\t<a class=\"btn btn-success mt-3\" href=\"https:\/\/www.ftepeyac.com.mx\/en\/product\/qrop-mix\/\">\r\r\n\t\tSee product\r\r\n\t<\/a>\r\r\n<\/li>\r\r\n<\/ul>\n<\/div><\/div><\/div><\/div><\/div><div class=\"vc_row-full-width vc_clearfix\"><\/div>","protected":false},"excerpt":{"rendered":"<p> [&#8230;]<\/p>\n<p><a class=\"btn btn-secondary understrap-read-more-link\" href=\"https:\/\/www.ftepeyac.com.mx\/en\/qrop-organico\/\">Read More&#8230;<\/a><\/p>","protected":false},"author":1,"featured_media":0,"parent":0,"menu_order":0,"comment_status":"closed","ping_status":"closed","template":"page-templates\/empty.php","meta":{"inline_featured_image":false,"footnotes":""},"class_list":["post-4765","page","type-page","status-publish","hentry"],"yoast_head":"<!-- This site is optimized with the Yoast SEO plugin v24.9 - https:\/\/yoast.com\/wordpress\/plugins\/seo\/ -->\n<title>Qrop org\u00e1nico - Fertilizantes Tepeyac<\/title>\n<meta name=\"robots\" content=\"index, follow, max-snippet:-1, max-image-preview:large, max-video-preview:-1\" \/>\n<link rel=\"canonical\" href=\"https:\/\/www.ftepeyac.com.mx\/en\/qrop-organico\/\" \/>\n<meta property=\"og:locale\" content=\"en_US\" \/>\n<meta property=\"og:type\" content=\"article\" \/>\n<meta property=\"og:title\" content=\"Qrop org\u00e1nico - Fertilizantes Tepeyac\" \/>\n<meta property=\"og:description\" content=\"[...]Read More...\" \/>\n<meta property=\"og:url\" content=\"https:\/\/www.ftepeyac.com.mx\/en\/qrop-organico\/\" \/>\n<meta property=\"og:site_name\" content=\"Fertilizantes Tepeyac\" \/>\n<meta property=\"article:publisher\" content=\"https:\/\/www.facebook.com\/tepeyacgrupo\" \/>\n<meta property=\"article:modified_time\" content=\"2023-02-09T08:04:02+00:00\" \/>\n<meta name=\"twitter:card\" content=\"summary_large_image\" \/>\n<meta name=\"twitter:label1\" content=\"Est. reading time\" \/>\n\t<meta name=\"twitter:data1\" content=\"1 minute\" \/>\n<script type=\"application\/ld+json\" class=\"yoast-schema-graph\">{\"@context\":\"https:\/\/schema.org\",\"@graph\":[{\"@type\":\"WebPage\",\"@id\":\"https:\/\/www.ftepeyac.com.mx\/en\/qrop-organico\/\",\"url\":\"https:\/\/www.ftepeyac.com.mx\/en\/qrop-organico\/\",\"name\":\"Qrop org\u00e1nico - Fertilizantes Tepeyac\",\"isPartOf\":{\"@id\":\"https:\/\/www.ftepeyac.com.mx\/#website\"},\"datePublished\":\"2021-06-24T22:52:09+00:00\",\"dateModified\":\"2023-02-09T08:04:02+00:00\",\"breadcrumb\":{\"@id\":\"https:\/\/www.ftepeyac.com.mx\/en\/qrop-organico\/#breadcrumb\"},\"inLanguage\":\"en-US\",\"potentialAction\":[{\"@type\":\"ReadAction\",\"target\":[\"https:\/\/www.ftepeyac.com.mx\/en\/qrop-organico\/\"]}]},{\"@type\":\"BreadcrumbList\",\"@id\":\"https:\/\/www.ftepeyac.com.mx\/en\/qrop-organico\/#breadcrumb\",\"itemListElement\":[{\"@type\":\"ListItem\",\"position\":1,\"name\":\"Portada\",\"item\":\"https:\/\/www.ftepeyac.com.mx\/\"},{\"@type\":\"ListItem\",\"position\":2,\"name\":\"Qrop org\u00e1nico\"}]},{\"@type\":\"WebSite\",\"@id\":\"https:\/\/www.ftepeyac.com.mx\/#website\",\"url\":\"https:\/\/www.ftepeyac.com.mx\/\",\"name\":\"Fertilizantes Tepeyac | Soluciones en Nutrici\u00f3n Vegetal y Protecci\u00f3n de Cultivos\",\"description\":\"Ofrecemos un gran cat\u00e1logo de soluciones en agricultura, nos distinguimos por nuestra atenci\u00f3n personalizada sin intermediarios.\",\"publisher\":{\"@id\":\"https:\/\/www.ftepeyac.com.mx\/#organization\"},\"potentialAction\":[{\"@type\":\"SearchAction\",\"target\":{\"@type\":\"EntryPoint\",\"urlTemplate\":\"https:\/\/www.ftepeyac.com.mx\/?s={search_term_string}\"},\"query-input\":{\"@type\":\"PropertyValueSpecification\",\"valueRequired\":true,\"valueName\":\"search_term_string\"}}],\"inLanguage\":\"en-US\"},{\"@type\":\"Organization\",\"@id\":\"https:\/\/www.ftepeyac.com.mx\/#organization\",\"name\":\"Fertilizantes Tepeyac | Soluciones en Nutrici\u00f3n Vegetal y Protecci\u00f3n de Cultivos\",\"url\":\"https:\/\/www.ftepeyac.com.mx\/\",\"logo\":{\"@type\":\"ImageObject\",\"inLanguage\":\"en-US\",\"@id\":\"https:\/\/www.ftepeyac.com.mx\/#\/schema\/logo\/image\/\",\"url\":\"https:\/\/www.ftepeyac.com.mx\/wp-content\/uploads\/2019\/09\/tepeyac75-logo.png\",\"contentUrl\":\"https:\/\/www.ftepeyac.com.mx\/wp-content\/uploads\/2019\/09\/tepeyac75-logo.png\",\"width\":700,\"height\":150,\"caption\":\"Fertilizantes Tepeyac | Soluciones en Nutrici\u00f3n Vegetal y Protecci\u00f3n de Cultivos\"},\"image\":{\"@id\":\"https:\/\/www.ftepeyac.com.mx\/#\/schema\/logo\/image\/\"},\"sameAs\":[\"https:\/\/www.facebook.com\/tepeyacgrupo\",\"https:\/\/www.instagram.com\/fertilizantes.tepeyac\/\",\"https:\/\/mx.linkedin.com\/company\/fertilizantes-tepeyac-del-noroeste\"]}]}<\/script>\n<!-- \/ Yoast SEO plugin. -->","yoast_head_json":{"title":"Qrop org\u00e1nico - Fertilizantes Tepeyac","robots":{"index":"index","follow":"follow","max-snippet":"max-snippet:-1","max-image-preview":"max-image-preview:large","max-video-preview":"max-video-preview:-1"},"canonical":"https:\/\/www.ftepeyac.com.mx\/en\/qrop-organico\/","og_locale":"en_US","og_type":"article","og_title":"Qrop org\u00e1nico - Fertilizantes Tepeyac","og_description":"[...]Read More...","og_url":"https:\/\/www.ftepeyac.com.mx\/en\/qrop-organico\/","og_site_name":"Fertilizantes Tepeyac","article_publisher":"https:\/\/www.facebook.com\/tepeyacgrupo","article_modified_time":"2023-02-09T08:04:02+00:00","twitter_card":"summary_large_image","twitter_misc":{"Est. reading time":"1 minute"},"schema":{"@context":"https:\/\/schema.org","@graph":[{"@type":"WebPage","@id":"https:\/\/www.ftepeyac.com.mx\/en\/qrop-organico\/","url":"https:\/\/www.ftepeyac.com.mx\/en\/qrop-organico\/","name":"Qrop org\u00e1nico - Fertilizantes Tepeyac","isPartOf":{"@id":"https:\/\/www.ftepeyac.com.mx\/#website"},"datePublished":"2021-06-24T22:52:09+00:00","dateModified":"2023-02-09T08:04:02+00:00","breadcrumb":{"@id":"https:\/\/www.ftepeyac.com.mx\/en\/qrop-organico\/#breadcrumb"},"inLanguage":"en-US","potentialAction":[{"@type":"ReadAction","target":["https:\/\/www.ftepeyac.com.mx\/en\/qrop-organico\/"]}]},{"@type":"BreadcrumbList","@id":"https:\/\/www.ftepeyac.com.mx\/en\/qrop-organico\/#breadcrumb","itemListElement":[{"@type":"ListItem","position":1,"name":"Portada","item":"https:\/\/www.ftepeyac.com.mx\/"},{"@type":"ListItem","position":2,"name":"Qrop org\u00e1nico"}]},{"@type":"WebSite","@id":"https:\/\/www.ftepeyac.com.mx\/#website","url":"https:\/\/www.ftepeyac.com.mx\/","name":"Fertilizantes Tepeyac | Soluciones en Nutrici\u00f3n Vegetal y Protecci\u00f3n de Cultivos","description":"Ofrecemos un gran cat\u00e1logo de soluciones en agricultura, nos distinguimos por nuestra atenci\u00f3n personalizada sin intermediarios.","publisher":{"@id":"https:\/\/www.ftepeyac.com.mx\/#organization"},"potentialAction":[{"@type":"SearchAction","target":{"@type":"EntryPoint","urlTemplate":"https:\/\/www.ftepeyac.com.mx\/?s={search_term_string}"},"query-input":{"@type":"PropertyValueSpecification","valueRequired":true,"valueName":"search_term_string"}}],"inLanguage":"en-US"},{"@type":"Organization","@id":"https:\/\/www.ftepeyac.com.mx\/#organization","name":"Fertilizantes Tepeyac | Soluciones en Nutrici\u00f3n Vegetal y Protecci\u00f3n de Cultivos","url":"https:\/\/www.ftepeyac.com.mx\/","logo":{"@type":"ImageObject","inLanguage":"en-US","@id":"https:\/\/www.ftepeyac.com.mx\/#\/schema\/logo\/image\/","url":"https:\/\/www.ftepeyac.com.mx\/wp-content\/uploads\/2019\/09\/tepeyac75-logo.png","contentUrl":"https:\/\/www.ftepeyac.com.mx\/wp-content\/uploads\/2019\/09\/tepeyac75-logo.png","width":700,"height":150,"caption":"Fertilizantes Tepeyac | Soluciones en Nutrici\u00f3n Vegetal y Protecci\u00f3n de Cultivos"},"image":{"@id":"https:\/\/www.ftepeyac.com.mx\/#\/schema\/logo\/image\/"},"sameAs":["https:\/\/www.facebook.com\/tepeyacgrupo","https:\/\/www.instagram.com\/fertilizantes.tepeyac\/","https:\/\/mx.linkedin.com\/company\/fertilizantes-tepeyac-del-noroeste"]}]}},"_links":{"self":[{"href":"https:\/\/www.ftepeyac.com.mx\/en\/wp-json\/wp\/v2\/pages\/4765","targetHints":{"allow":["GET"]}}],"collection":[{"href":"https:\/\/www.ftepeyac.com.mx\/en\/wp-json\/wp\/v2\/pages"}],"about":[{"href":"https:\/\/www.ftepeyac.com.mx\/en\/wp-json\/wp\/v2\/types\/page"}],"author":[{"embeddable":true,"href":"https:\/\/www.ftepeyac.com.mx\/en\/wp-json\/wp\/v2\/users\/1"}],"replies":[{"embeddable":true,"href":"https:\/\/www.ftepeyac.com.mx\/en\/wp-json\/wp\/v2\/comments?post=4765"}],"version-history":[{"count":7,"href":"https:\/\/www.ftepeyac.com.mx\/en\/wp-json\/wp\/v2\/pages\/4765\/revisions"}],"predecessor-version":[{"id":9064,"href":"https:\/\/www.ftepeyac.com.mx\/en\/wp-json\/wp\/v2\/pages\/4765\/revisions\/9064"}],"wp:attachment":[{"href":"https:\/\/www.ftepeyac.com.mx\/en\/wp-json\/wp\/v2\/media?parent=4765"}],"curies":[{"name":"wp","href":"https:\/\/api.w.org\/{rel}","templated":true}]}}