{"id":7438,"date":"2022-04-11T22:26:46","date_gmt":"2022-04-11T22:26:46","guid":{"rendered":"https:\/\/www.ftepeyac.com.mx\/?page_id=7438"},"modified":"2022-06-29T20:15:24","modified_gmt":"2022-06-29T20:15:24","slug":"smart-blends","status":"publish","type":"page","link":"https:\/\/www.ftepeyac.com.mx\/en\/smart-blends\/","title":{"rendered":"Smart Blends"},"content":{"rendered":"<div data-vc-full-width=\"true\" data-vc-full-width-init=\"false\" data-vc-stretch-content=\"true\" class=\"vc_row wpb_row vc_row-fluid vc_row-no-padding\"><div class=\"wpb_column vc_column_container vc_col-sm-12\"><div class=\"vc_column-inner\"><div class=\"wpb_wrapper\">\r\n\t<div  class=\"wpb_single_image wpb_content_element vc_align_center  vc_custom_1656123245625\">\r\n\t\t\r\n\t\t<figure class=\"wpb_wrapper vc_figure\">\r\n\t\t\t<div class=\"vc_single_image-wrapper   vc_box_border_grey\"><img fetchpriority=\"high\" decoding=\"async\" width=\"1920\" height=\"1859\" src=\"https:\/\/www.ftepeyac.com.mx\/wp-content\/uploads\/2019\/09\/titulo.jpg\" class=\"vc_single_image-img attachment-full\" alt=\"\" srcset=\"https:\/\/www.ftepeyac.com.mx\/wp-content\/uploads\/2019\/09\/titulo.jpg 1920w, https:\/\/www.ftepeyac.com.mx\/wp-content\/uploads\/2019\/09\/titulo-300x290.jpg 300w, https:\/\/www.ftepeyac.com.mx\/wp-content\/uploads\/2019\/09\/titulo-768x744.jpg 768w, https:\/\/www.ftepeyac.com.mx\/wp-content\/uploads\/2019\/09\/titulo-1536x1487.jpg 1536w, https:\/\/www.ftepeyac.com.mx\/wp-content\/uploads\/2019\/09\/titulo-12x12.jpg 12w, https:\/\/www.ftepeyac.com.mx\/wp-content\/uploads\/2019\/09\/titulo-600x581.jpg 600w\" sizes=\"(max-width: 1920px) 100vw, 1920px\" \/><\/div>\r\n\t\t<\/figure>\r\n\t<\/div>\r\n<div class=\"vc_row wpb_row vc_inner vc_row-fluid vc_custom_1656122817841 vc_row-has-fill vc_row-o-content-bottom vc_row-flex\"><div class=\"wpb_column vc_column_container vc_col-sm-1\/5\"><div class=\"vc_column-inner vc_custom_1656056152901\"><div class=\"wpb_wrapper\"><\/div><\/div><\/div><div class=\"wpb_column vc_column_container vc_col-sm-1\/5\"><div class=\"vc_column-inner\"><div class=\"wpb_wrapper\">\r\n\t<div  class=\"wpb_single_image wpb_content_element vc_align_center  vc_custom_1656135210570\">\r\n\t\t\r\n\t\t<figure class=\"wpb_wrapper vc_figure\">\r\n\t\t\t<a href=\"https:\/\/www.ftepeyac.com.mx\/wp-content\/uploads\/2019\/09\/sb_plus_ficha_tecnica.pdf\" target=\"_blank\" class=\"vc_single_image-wrapper   vc_box_border_grey\"><img decoding=\"async\" width=\"400\" height=\"500\" src=\"https:\/\/www.ftepeyac.com.mx\/wp-content\/uploads\/2019\/09\/ficha-tecnica.png\" class=\"vc_single_image-img attachment-full\" alt=\"\" srcset=\"https:\/\/www.ftepeyac.com.mx\/wp-content\/uploads\/2019\/09\/ficha-tecnica.png 400w, https:\/\/www.ftepeyac.com.mx\/wp-content\/uploads\/2019\/09\/ficha-tecnica-240x300.png 240w, https:\/\/www.ftepeyac.com.mx\/wp-content\/uploads\/2019\/09\/ficha-tecnica-10x12.png 10w\" sizes=\"(max-width: 400px) 100vw, 400px\" \/><\/a>\r\n\t\t<\/figure>\r\n\t<\/div>\r\n<\/div><\/div><\/div><div class=\"wpb_column vc_column_container vc_col-sm-1\/5\"><div class=\"vc_column-inner vc_custom_1656119834518\"><div class=\"wpb_wrapper\">\r\n\t<div  class=\"wpb_single_image wpb_content_element vc_align_center  vc_custom_1656118810842\">\r\n\t\t\r\n\t\t<figure class=\"wpb_wrapper vc_figure\">\r\n\t\t\t<a href=\"https:\/\/www.ftepeyac.com.mx\/en\/smart-blends\/#smart\" target=\"_self\" class=\"vc_single_image-wrapper   vc_box_border_grey\"><img decoding=\"async\" width=\"400\" height=\"500\" src=\"https:\/\/www.ftepeyac.com.mx\/wp-content\/uploads\/2019\/09\/que-es-sf.png\" class=\"vc_single_image-img attachment-full\" alt=\"\" srcset=\"https:\/\/www.ftepeyac.com.mx\/wp-content\/uploads\/2019\/09\/que-es-sf.png 400w, https:\/\/www.ftepeyac.com.mx\/wp-content\/uploads\/2019\/09\/que-es-sf-240x300.png 240w, https:\/\/www.ftepeyac.com.mx\/wp-content\/uploads\/2019\/09\/que-es-sf-10x12.png 10w\" sizes=\"(max-width: 400px) 100vw, 400px\" \/><\/a>\r\n\t\t<\/figure>\r\n\t<\/div>\r\n<\/div><\/div><\/div><div class=\"wpb_column vc_column_container vc_col-sm-1\/5\"><div class=\"vc_column-inner vc_custom_1656119840741\"><div class=\"wpb_wrapper\">\r\n\t<div  class=\"wpb_single_image wpb_content_element vc_align_center  vc_custom_1656128766674\">\r\n\t\t\r\n\t\t<figure class=\"wpb_wrapper vc_figure\">\r\n\t\t\t<a href=\"https:\/\/www.ftepeyac.com.mx\/en\/smart-blends\/#entucultivo\" target=\"_self\" class=\"vc_single_image-wrapper   vc_box_border_grey\"><img loading=\"lazy\" decoding=\"async\" width=\"400\" height=\"500\" src=\"https:\/\/www.ftepeyac.com.mx\/wp-content\/uploads\/2019\/09\/sb-en-tu-cultivo.png\" class=\"vc_single_image-img attachment-full\" alt=\"\" srcset=\"https:\/\/www.ftepeyac.com.mx\/wp-content\/uploads\/2019\/09\/sb-en-tu-cultivo.png 400w, https:\/\/www.ftepeyac.com.mx\/wp-content\/uploads\/2019\/09\/sb-en-tu-cultivo-240x300.png 240w, https:\/\/www.ftepeyac.com.mx\/wp-content\/uploads\/2019\/09\/sb-en-tu-cultivo-10x12.png 10w\" sizes=\"(max-width: 400px) 100vw, 400px\" \/><\/a>\r\n\t\t<\/figure>\r\n\t<\/div>\r\n<\/div><\/div><\/div><div class=\"wpb_column vc_column_container vc_col-sm-1\/5\"><div class=\"vc_column-inner vc_custom_1656101424354\"><div class=\"wpb_wrapper\"><\/div><\/div><\/div><\/div><div class=\"vc_row wpb_row vc_inner vc_row-fluid vc_custom_1656122835577 vc_row-has-fill vc_row-o-content-middle vc_row-flex\"><div class=\"wpb_column vc_column_container vc_col-sm-1\/5\"><div class=\"vc_column-inner vc_custom_1656101374071\"><div class=\"wpb_wrapper\"><\/div><\/div><\/div><div class=\"wpb_column vc_column_container vc_col-sm-1\/5\"><div class=\"vc_column-inner\"><div class=\"wpb_wrapper\">\r\n\t<div  class=\"wpb_single_image wpb_content_element vc_align_center  vc_custom_1656120239070\">\r\n\t\t\r\n\t\t<figure class=\"wpb_wrapper vc_figure\">\r\n\t\t\t<a href=\"https:\/\/www.ftepeyac.com.mx\/en\/smart-blends\/#tumejoraliado\" target=\"_self\" class=\"vc_single_image-wrapper   vc_box_border_grey\"><img loading=\"lazy\" decoding=\"async\" width=\"400\" height=\"500\" src=\"https:\/\/www.ftepeyac.com.mx\/wp-content\/uploads\/2019\/09\/sb-mejor-aliado.png\" class=\"vc_single_image-img attachment-full\" alt=\"\" srcset=\"https:\/\/www.ftepeyac.com.mx\/wp-content\/uploads\/2019\/09\/sb-mejor-aliado.png 400w, https:\/\/www.ftepeyac.com.mx\/wp-content\/uploads\/2019\/09\/sb-mejor-aliado-240x300.png 240w, https:\/\/www.ftepeyac.com.mx\/wp-content\/uploads\/2019\/09\/sb-mejor-aliado-10x12.png 10w\" sizes=\"(max-width: 400px) 100vw, 400px\" \/><\/a>\r\n\t\t<\/figure>\r\n\t<\/div>\r\n<\/div><\/div><\/div><div class=\"wpb_column vc_column_container vc_col-sm-1\/5\"><div class=\"vc_column-inner\"><div class=\"wpb_wrapper\">\r\n\t<div  class=\"wpb_single_image wpb_content_element vc_align_center  vc_custom_1656135250723\">\r\n\t\t\r\n\t\t<figure class=\"wpb_wrapper vc_figure\">\r\n\t\t\t<a href=\"https:\/\/www.ftepeyac.com.mx\/en\/smart-blends\/#protegiendo\" target=\"_self\" class=\"vc_single_image-wrapper   vc_box_border_grey\"><img loading=\"lazy\" decoding=\"async\" width=\"400\" height=\"500\" src=\"https:\/\/www.ftepeyac.com.mx\/wp-content\/uploads\/2019\/09\/protegiendo-tu-cultivo.png\" class=\"vc_single_image-img attachment-full\" alt=\"\" srcset=\"https:\/\/www.ftepeyac.com.mx\/wp-content\/uploads\/2019\/09\/protegiendo-tu-cultivo.png 400w, https:\/\/www.ftepeyac.com.mx\/wp-content\/uploads\/2019\/09\/protegiendo-tu-cultivo-240x300.png 240w, https:\/\/www.ftepeyac.com.mx\/wp-content\/uploads\/2019\/09\/protegiendo-tu-cultivo-10x12.png 10w\" sizes=\"(max-width: 400px) 100vw, 400px\" \/><\/a>\r\n\t\t<\/figure>\r\n\t<\/div>\r\n<\/div><\/div><\/div><div class=\"wpb_column vc_column_container vc_col-sm-1\/5\"><div class=\"vc_column-inner\"><div class=\"wpb_wrapper\">\r\n\t<div  class=\"wpb_single_image wpb_content_element vc_align_center  vc_custom_1656135267360\">\r\n\t\t\r\n\t\t<figure class=\"wpb_wrapper vc_figure\">\r\n\t\t\t<a href=\"https:\/\/www.ftepeyac.com.mx\/en\/smart-blends\/#financiamientos\" target=\"_self\" class=\"vc_single_image-wrapper   vc_box_border_grey\"><img loading=\"lazy\" decoding=\"async\" width=\"400\" height=\"500\" src=\"https:\/\/www.ftepeyac.com.mx\/wp-content\/uploads\/2019\/09\/financiamiento-agricola.png\" class=\"vc_single_image-img attachment-full\" alt=\"\" srcset=\"https:\/\/www.ftepeyac.com.mx\/wp-content\/uploads\/2019\/09\/financiamiento-agricola.png 400w, https:\/\/www.ftepeyac.com.mx\/wp-content\/uploads\/2019\/09\/financiamiento-agricola-240x300.png 240w, https:\/\/www.ftepeyac.com.mx\/wp-content\/uploads\/2019\/09\/financiamiento-agricola-10x12.png 10w\" sizes=\"(max-width: 400px) 100vw, 400px\" \/><\/a>\r\n\t\t<\/figure>\r\n\t<\/div>\r\n<\/div><\/div><\/div><div class=\"wpb_column vc_column_container vc_col-sm-1\/5\"><div class=\"vc_column-inner\"><div class=\"wpb_wrapper\"><\/div><\/div><\/div><\/div>\r\n\t<div id=\"smart\" class=\"wpb_single_image wpb_content_element vc_align_left  vc_custom_1650444635805\">\r\n\t\t\r\n\t\t<figure class=\"wpb_wrapper vc_figure\">\r\n\t\t\t<div class=\"vc_single_image-wrapper   vc_box_border_grey\"><img loading=\"lazy\" decoding=\"async\" width=\"1920\" height=\"2052\" src=\"https:\/\/www.ftepeyac.com.mx\/wp-content\/uploads\/2019\/09\/smart-farming.jpg\" class=\"vc_single_image-img attachment-full\" alt=\"\" srcset=\"https:\/\/www.ftepeyac.com.mx\/wp-content\/uploads\/2019\/09\/smart-farming.jpg 1920w, https:\/\/www.ftepeyac.com.mx\/wp-content\/uploads\/2019\/09\/smart-farming-281x300.jpg 281w, https:\/\/www.ftepeyac.com.mx\/wp-content\/uploads\/2019\/09\/smart-farming-768x821.jpg 768w, https:\/\/www.ftepeyac.com.mx\/wp-content\/uploads\/2019\/09\/smart-farming-1437x1536.jpg 1437w, https:\/\/www.ftepeyac.com.mx\/wp-content\/uploads\/2019\/09\/smart-farming-1916x2048.jpg 1916w, https:\/\/www.ftepeyac.com.mx\/wp-content\/uploads\/2019\/09\/smart-farming-11x12.jpg 11w, https:\/\/www.ftepeyac.com.mx\/wp-content\/uploads\/2019\/09\/smart-farming-600x641.jpg 600w\" sizes=\"(max-width: 1920px) 100vw, 1920px\" \/><\/div>\r\n\t\t<\/figure>\r\n\t<\/div>\r\n\r\n\t<div id=\"entucultivo\" class=\"wpb_single_image wpb_content_element vc_align_left  vc_custom_1656123967852\">\r\n\t\t\r\n\t\t<figure class=\"wpb_wrapper vc_figure\">\r\n\t\t\t<div class=\"vc_single_image-wrapper   vc_box_border_grey\"><img loading=\"lazy\" decoding=\"async\" width=\"1920\" height=\"322\" src=\"https:\/\/www.ftepeyac.com.mx\/wp-content\/uploads\/2019\/09\/entucultivo-top.jpg\" class=\"vc_single_image-img attachment-full\" alt=\"\" srcset=\"https:\/\/www.ftepeyac.com.mx\/wp-content\/uploads\/2019\/09\/entucultivo-top.jpg 1920w, https:\/\/www.ftepeyac.com.mx\/wp-content\/uploads\/2019\/09\/entucultivo-top-300x50.jpg 300w, https:\/\/www.ftepeyac.com.mx\/wp-content\/uploads\/2019\/09\/entucultivo-top-768x129.jpg 768w, https:\/\/www.ftepeyac.com.mx\/wp-content\/uploads\/2019\/09\/entucultivo-top-1536x258.jpg 1536w, https:\/\/www.ftepeyac.com.mx\/wp-content\/uploads\/2019\/09\/entucultivo-top-16x3.jpg 16w, https:\/\/www.ftepeyac.com.mx\/wp-content\/uploads\/2019\/09\/entucultivo-top-600x101.jpg 600w\" sizes=\"(max-width: 1920px) 100vw, 1920px\" \/><\/div>\r\n\t\t<\/figure>\r\n\t<\/div>\r\n<div class=\"vc_row wpb_row vc_inner vc_row-fluid\"><div class=\"wpb_column vc_column_container vc_col-sm-4\"><div class=\"vc_column-inner vc_custom_1650441078992\"><div class=\"wpb_wrapper\">\r\n\t<div id=\"entucultivo\" class=\"wpb_single_image wpb_content_element vc_align_center  vc_custom_1656128778413\">\r\n\t\t\r\n\t\t<figure class=\"wpb_wrapper vc_figure\">\r\n\t\t\t<div class=\"vc_single_image-wrapper   vc_box_border_grey\"><img loading=\"lazy\" decoding=\"async\" width=\"641\" height=\"758\" src=\"https:\/\/www.ftepeyac.com.mx\/wp-content\/uploads\/2019\/09\/entucultivo.png\" class=\"vc_single_image-img attachment-full\" alt=\"\" srcset=\"https:\/\/www.ftepeyac.com.mx\/wp-content\/uploads\/2019\/09\/entucultivo.png 641w, https:\/\/www.ftepeyac.com.mx\/wp-content\/uploads\/2019\/09\/entucultivo-254x300.png 254w, https:\/\/www.ftepeyac.com.mx\/wp-content\/uploads\/2019\/09\/entucultivo-10x12.png 10w, https:\/\/www.ftepeyac.com.mx\/wp-content\/uploads\/2019\/09\/entucultivo-600x710.png 600w\" sizes=\"(max-width: 641px) 100vw, 641px\" \/><\/div>\r\n\t\t<\/figure>\r\n\t<\/div>\r\n<\/div><\/div><\/div><div class=\"wpb_column vc_column_container vc_col-sm-8\"><div class=\"vc_column-inner vc_custom_1656532935029\"><div class=\"wpb_wrapper\">\r\n\t<div class=\"wpb_raw_code wpb_content_element wpb_raw_html\" >\r\n\t\t<div class=\"wpb_wrapper\">\r\n\t\t\t<iframe class=\"videoframe\" width=\"95%\" height=\"450px\" src=\"https:\/\/www.youtube.com\/embed\/R3TeHyk2FyU\" title=\"YouTube video player\" frameborder=\"0\" allow=\"accelerometer; autoplay; clipboard-write; encrypted-media; gyroscope; picture-in-picture\" allowfullscreen><\/iframe>\r\n\t\t<\/div>\r\n\t<\/div>\r\n<\/div><\/div><\/div><\/div>\r\n\t<div id=\"tumejoraliado\" class=\"wpb_single_image wpb_content_element vc_align_left  vc_custom_1650442954373\">\r\n\t\t\r\n\t\t<figure class=\"wpb_wrapper vc_figure\">\r\n\t\t\t<div class=\"vc_single_image-wrapper   vc_box_border_grey\"><img loading=\"lazy\" decoding=\"async\" width=\"1920\" height=\"1182\" src=\"https:\/\/www.ftepeyac.com.mx\/wp-content\/uploads\/2019\/09\/tu-mejor-aliado.jpg\" class=\"vc_single_image-img attachment-full\" alt=\"\" srcset=\"https:\/\/www.ftepeyac.com.mx\/wp-content\/uploads\/2019\/09\/tu-mejor-aliado.jpg 1920w, https:\/\/www.ftepeyac.com.mx\/wp-content\/uploads\/2019\/09\/tu-mejor-aliado-300x185.jpg 300w, https:\/\/www.ftepeyac.com.mx\/wp-content\/uploads\/2019\/09\/tu-mejor-aliado-768x473.jpg 768w, https:\/\/www.ftepeyac.com.mx\/wp-content\/uploads\/2019\/09\/tu-mejor-aliado-1536x946.jpg 1536w, https:\/\/www.ftepeyac.com.mx\/wp-content\/uploads\/2019\/09\/tu-mejor-aliado-16x10.jpg 16w, https:\/\/www.ftepeyac.com.mx\/wp-content\/uploads\/2019\/09\/tu-mejor-aliado-600x369.jpg 600w\" sizes=\"(max-width: 1920px) 100vw, 1920px\" \/><\/div>\r\n\t\t<\/figure>\r\n\t<\/div>\r\n\r\n\t<div id=\"protegiendo\" class=\"wpb_single_image wpb_content_element vc_align_center  vc_custom_1656135100312\">\r\n\t\t\r\n\t\t<figure class=\"wpb_wrapper vc_figure\">\r\n\t\t\t<div class=\"vc_single_image-wrapper   vc_box_border_grey\"><img loading=\"lazy\" decoding=\"async\" width=\"1920\" height=\"1017\" src=\"https:\/\/www.ftepeyac.com.mx\/wp-content\/uploads\/2019\/09\/protegiendo-tu-cultivo.jpg\" class=\"vc_single_image-img attachment-full\" alt=\"\" srcset=\"https:\/\/www.ftepeyac.com.mx\/wp-content\/uploads\/2019\/09\/protegiendo-tu-cultivo.jpg 1920w, https:\/\/www.ftepeyac.com.mx\/wp-content\/uploads\/2019\/09\/protegiendo-tu-cultivo-300x159.jpg 300w, https:\/\/www.ftepeyac.com.mx\/wp-content\/uploads\/2019\/09\/protegiendo-tu-cultivo-768x407.jpg 768w, https:\/\/www.ftepeyac.com.mx\/wp-content\/uploads\/2019\/09\/protegiendo-tu-cultivo-1536x814.jpg 1536w, https:\/\/www.ftepeyac.com.mx\/wp-content\/uploads\/2019\/09\/protegiendo-tu-cultivo-16x8.jpg 16w, https:\/\/www.ftepeyac.com.mx\/wp-content\/uploads\/2019\/09\/protegiendo-tu-cultivo-600x318.jpg 600w\" sizes=\"(max-width: 1920px) 100vw, 1920px\" \/><\/div>\r\n\t\t<\/figure>\r\n\t<\/div>\r\n\r\n\t<div id=\"financiamientos\" class=\"wpb_single_image wpb_content_element vc_align_center  vc_custom_1656135237279\">\r\n\t\t\r\n\t\t<figure class=\"wpb_wrapper vc_figure\">\r\n\t\t\t<div class=\"vc_single_image-wrapper   vc_box_border_grey\"><img loading=\"lazy\" decoding=\"async\" width=\"1920\" height=\"385\" src=\"https:\/\/www.ftepeyac.com.mx\/wp-content\/uploads\/2019\/09\/financiamiento-top.jpg\" class=\"vc_single_image-img attachment-full\" alt=\"\" srcset=\"https:\/\/www.ftepeyac.com.mx\/wp-content\/uploads\/2019\/09\/financiamiento-top.jpg 1920w, https:\/\/www.ftepeyac.com.mx\/wp-content\/uploads\/2019\/09\/financiamiento-top-300x60.jpg 300w, https:\/\/www.ftepeyac.com.mx\/wp-content\/uploads\/2019\/09\/financiamiento-top-768x154.jpg 768w, https:\/\/www.ftepeyac.com.mx\/wp-content\/uploads\/2019\/09\/financiamiento-top-1536x308.jpg 1536w, https:\/\/www.ftepeyac.com.mx\/wp-content\/uploads\/2019\/09\/financiamiento-top-16x3.jpg 16w, https:\/\/www.ftepeyac.com.mx\/wp-content\/uploads\/2019\/09\/financiamiento-top-600x120.jpg 600w\" sizes=\"(max-width: 1920px) 100vw, 1920px\" \/><\/div>\r\n\t\t<\/figure>\r\n\t<\/div>\r\n\r\n\t<div  class=\"wpb_single_image wpb_content_element vc_align_center  vc_custom_1656135089927\">\r\n\t\t\r\n\t\t<figure class=\"wpb_wrapper vc_figure\">\r\n\t\t\t<a href=\"https:\/\/www.ftepeyac.com.mx\/en\/financiamientos\/\" target=\"_blank\" class=\"vc_single_image-wrapper   vc_box_border_grey\"><img loading=\"lazy\" decoding=\"async\" width=\"1920\" height=\"104\" src=\"https:\/\/www.ftepeyac.com.mx\/wp-content\/uploads\/2019\/09\/conocemas.jpg\" class=\"vc_single_image-img attachment-full\" alt=\"\" srcset=\"https:\/\/www.ftepeyac.com.mx\/wp-content\/uploads\/2019\/09\/conocemas.jpg 1920w, https:\/\/www.ftepeyac.com.mx\/wp-content\/uploads\/2019\/09\/conocemas-300x16.jpg 300w, https:\/\/www.ftepeyac.com.mx\/wp-content\/uploads\/2019\/09\/conocemas-768x42.jpg 768w, https:\/\/www.ftepeyac.com.mx\/wp-content\/uploads\/2019\/09\/conocemas-1536x83.jpg 1536w, https:\/\/www.ftepeyac.com.mx\/wp-content\/uploads\/2019\/09\/conocemas-16x1.jpg 16w, https:\/\/www.ftepeyac.com.mx\/wp-content\/uploads\/2019\/09\/conocemas-600x33.jpg 600w\" sizes=\"(max-width: 1920px) 100vw, 1920px\" \/><\/a>\r\n\t\t<\/figure>\r\n\t<\/div>\r\n\r\n\t<div  class=\"wpb_single_image wpb_content_element vc_align_center  vc_custom_1656135084201\">\r\n\t\t\r\n\t\t<figure class=\"wpb_wrapper vc_figure\">\r\n\t\t\t<div class=\"vc_single_image-wrapper   vc_box_border_grey\"><img loading=\"lazy\" decoding=\"async\" width=\"1920\" height=\"506\" src=\"https:\/\/www.ftepeyac.com.mx\/wp-content\/uploads\/2019\/09\/financiamiento-buttom.jpg\" class=\"vc_single_image-img attachment-full\" alt=\"\" srcset=\"https:\/\/www.ftepeyac.com.mx\/wp-content\/uploads\/2019\/09\/financiamiento-buttom.jpg 1920w, https:\/\/www.ftepeyac.com.mx\/wp-content\/uploads\/2019\/09\/financiamiento-buttom-300x79.jpg 300w, https:\/\/www.ftepeyac.com.mx\/wp-content\/uploads\/2019\/09\/financiamiento-buttom-768x202.jpg 768w, https:\/\/www.ftepeyac.com.mx\/wp-content\/uploads\/2019\/09\/financiamiento-buttom-1536x405.jpg 1536w, https:\/\/www.ftepeyac.com.mx\/wp-content\/uploads\/2019\/09\/financiamiento-buttom-16x4.jpg 16w, https:\/\/www.ftepeyac.com.mx\/wp-content\/uploads\/2019\/09\/financiamiento-buttom-600x158.jpg 600w\" sizes=\"(max-width: 1920px) 100vw, 1920px\" \/><\/div>\r\n\t\t<\/figure>\r\n\t<\/div>\r\n<\/div><\/div><\/div><\/div><div class=\"vc_row-full-width vc_clearfix\"><\/div>","protected":false},"excerpt":{"rendered":"<p> [&#8230;]<\/p>\n<p><a class=\"btn btn-secondary understrap-read-more-link\" href=\"https:\/\/www.ftepeyac.com.mx\/en\/smart-blends\/\">Read More&#8230;<\/a><\/p>","protected":false},"author":8,"featured_media":0,"parent":0,"menu_order":0,"comment_status":"closed","ping_status":"closed","template":"","meta":{"inline_featured_image":false,"footnotes":""},"class_list":["post-7438","page","type-page","status-publish","hentry"],"yoast_head":"<!-- This site is optimized with the Yoast SEO plugin v24.9 - https:\/\/yoast.com\/wordpress\/plugins\/seo\/ -->\n<title>Smart Blends - Fertilizantes Tepeyac<\/title>\n<meta name=\"robots\" content=\"index, follow, max-snippet:-1, max-image-preview:large, max-video-preview:-1\" \/>\n<link rel=\"canonical\" href=\"https:\/\/www.ftepeyac.com.mx\/en\/smart-blends\/\" \/>\n<meta property=\"og:locale\" content=\"en_US\" \/>\n<meta property=\"og:type\" content=\"article\" \/>\n<meta property=\"og:title\" content=\"Smart Blends - Fertilizantes Tepeyac\" \/>\n<meta property=\"og:description\" content=\"[...]Read More...\" \/>\n<meta property=\"og:url\" content=\"https:\/\/www.ftepeyac.com.mx\/en\/smart-blends\/\" \/>\n<meta property=\"og:site_name\" content=\"Fertilizantes Tepeyac\" \/>\n<meta property=\"article:publisher\" content=\"https:\/\/www.facebook.com\/tepeyacgrupo\" \/>\n<meta property=\"article:modified_time\" content=\"2022-06-29T20:15:24+00:00\" \/>\n<meta name=\"twitter:card\" content=\"summary_large_image\" \/>\n<meta name=\"twitter:label1\" content=\"Est. reading time\" \/>\n\t<meta name=\"twitter:data1\" content=\"2 minutes\" \/>\n<script type=\"application\/ld+json\" class=\"yoast-schema-graph\">{\"@context\":\"https:\/\/schema.org\",\"@graph\":[{\"@type\":\"WebPage\",\"@id\":\"https:\/\/www.ftepeyac.com.mx\/smart-blends\/\",\"url\":\"https:\/\/www.ftepeyac.com.mx\/smart-blends\/\",\"name\":\"Smart Blends - Fertilizantes Tepeyac\",\"isPartOf\":{\"@id\":\"https:\/\/www.ftepeyac.com.mx\/#website\"},\"datePublished\":\"2022-04-11T22:26:46+00:00\",\"dateModified\":\"2022-06-29T20:15:24+00:00\",\"breadcrumb\":{\"@id\":\"https:\/\/www.ftepeyac.com.mx\/smart-blends\/#breadcrumb\"},\"inLanguage\":\"en-US\",\"potentialAction\":[{\"@type\":\"ReadAction\",\"target\":[\"https:\/\/www.ftepeyac.com.mx\/smart-blends\/\"]}]},{\"@type\":\"BreadcrumbList\",\"@id\":\"https:\/\/www.ftepeyac.com.mx\/smart-blends\/#breadcrumb\",\"itemListElement\":[{\"@type\":\"ListItem\",\"position\":1,\"name\":\"Portada\",\"item\":\"https:\/\/www.ftepeyac.com.mx\/\"},{\"@type\":\"ListItem\",\"position\":2,\"name\":\"Smart Blends\"}]},{\"@type\":\"WebSite\",\"@id\":\"https:\/\/www.ftepeyac.com.mx\/#website\",\"url\":\"https:\/\/www.ftepeyac.com.mx\/\",\"name\":\"Fertilizantes Tepeyac | Soluciones en Nutrici\u00f3n Vegetal y Protecci\u00f3n de Cultivos\",\"description\":\"Ofrecemos un gran cat\u00e1logo de soluciones en agricultura, nos distinguimos por nuestra atenci\u00f3n personalizada sin intermediarios.\",\"publisher\":{\"@id\":\"https:\/\/www.ftepeyac.com.mx\/#organization\"},\"potentialAction\":[{\"@type\":\"SearchAction\",\"target\":{\"@type\":\"EntryPoint\",\"urlTemplate\":\"https:\/\/www.ftepeyac.com.mx\/?s={search_term_string}\"},\"query-input\":{\"@type\":\"PropertyValueSpecification\",\"valueRequired\":true,\"valueName\":\"search_term_string\"}}],\"inLanguage\":\"en-US\"},{\"@type\":\"Organization\",\"@id\":\"https:\/\/www.ftepeyac.com.mx\/#organization\",\"name\":\"Fertilizantes Tepeyac | Soluciones en Nutrici\u00f3n Vegetal y Protecci\u00f3n de Cultivos\",\"url\":\"https:\/\/www.ftepeyac.com.mx\/\",\"logo\":{\"@type\":\"ImageObject\",\"inLanguage\":\"en-US\",\"@id\":\"https:\/\/www.ftepeyac.com.mx\/#\/schema\/logo\/image\/\",\"url\":\"https:\/\/www.ftepeyac.com.mx\/wp-content\/uploads\/2019\/09\/tepeyac75-logo.png\",\"contentUrl\":\"https:\/\/www.ftepeyac.com.mx\/wp-content\/uploads\/2019\/09\/tepeyac75-logo.png\",\"width\":700,\"height\":150,\"caption\":\"Fertilizantes Tepeyac | Soluciones en Nutrici\u00f3n Vegetal y Protecci\u00f3n de Cultivos\"},\"image\":{\"@id\":\"https:\/\/www.ftepeyac.com.mx\/#\/schema\/logo\/image\/\"},\"sameAs\":[\"https:\/\/www.facebook.com\/tepeyacgrupo\",\"https:\/\/www.instagram.com\/fertilizantes.tepeyac\/\",\"https:\/\/mx.linkedin.com\/company\/fertilizantes-tepeyac-del-noroeste\"]}]}<\/script>\n<!-- \/ Yoast SEO plugin. -->","yoast_head_json":{"title":"Smart Blends - Fertilizantes Tepeyac","robots":{"index":"index","follow":"follow","max-snippet":"max-snippet:-1","max-image-preview":"max-image-preview:large","max-video-preview":"max-video-preview:-1"},"canonical":"https:\/\/www.ftepeyac.com.mx\/en\/smart-blends\/","og_locale":"en_US","og_type":"article","og_title":"Smart Blends - Fertilizantes Tepeyac","og_description":"[...]Read More...","og_url":"https:\/\/www.ftepeyac.com.mx\/en\/smart-blends\/","og_site_name":"Fertilizantes Tepeyac","article_publisher":"https:\/\/www.facebook.com\/tepeyacgrupo","article_modified_time":"2022-06-29T20:15:24+00:00","twitter_card":"summary_large_image","twitter_misc":{"Est. reading time":"2 minutes"},"schema":{"@context":"https:\/\/schema.org","@graph":[{"@type":"WebPage","@id":"https:\/\/www.ftepeyac.com.mx\/smart-blends\/","url":"https:\/\/www.ftepeyac.com.mx\/smart-blends\/","name":"Smart Blends - Fertilizantes Tepeyac","isPartOf":{"@id":"https:\/\/www.ftepeyac.com.mx\/#website"},"datePublished":"2022-04-11T22:26:46+00:00","dateModified":"2022-06-29T20:15:24+00:00","breadcrumb":{"@id":"https:\/\/www.ftepeyac.com.mx\/smart-blends\/#breadcrumb"},"inLanguage":"en-US","potentialAction":[{"@type":"ReadAction","target":["https:\/\/www.ftepeyac.com.mx\/smart-blends\/"]}]},{"@type":"BreadcrumbList","@id":"https:\/\/www.ftepeyac.com.mx\/smart-blends\/#breadcrumb","itemListElement":[{"@type":"ListItem","position":1,"name":"Portada","item":"https:\/\/www.ftepeyac.com.mx\/"},{"@type":"ListItem","position":2,"name":"Smart Blends"}]},{"@type":"WebSite","@id":"https:\/\/www.ftepeyac.com.mx\/#website","url":"https:\/\/www.ftepeyac.com.mx\/","name":"Fertilizantes Tepeyac | Soluciones en Nutrici\u00f3n Vegetal y Protecci\u00f3n de Cultivos","description":"Ofrecemos un gran cat\u00e1logo de soluciones en agricultura, nos distinguimos por nuestra atenci\u00f3n personalizada sin intermediarios.","publisher":{"@id":"https:\/\/www.ftepeyac.com.mx\/#organization"},"potentialAction":[{"@type":"SearchAction","target":{"@type":"EntryPoint","urlTemplate":"https:\/\/www.ftepeyac.com.mx\/?s={search_term_string}"},"query-input":{"@type":"PropertyValueSpecification","valueRequired":true,"valueName":"search_term_string"}}],"inLanguage":"en-US"},{"@type":"Organization","@id":"https:\/\/www.ftepeyac.com.mx\/#organization","name":"Fertilizantes Tepeyac | Soluciones en Nutrici\u00f3n Vegetal y Protecci\u00f3n de Cultivos","url":"https:\/\/www.ftepeyac.com.mx\/","logo":{"@type":"ImageObject","inLanguage":"en-US","@id":"https:\/\/www.ftepeyac.com.mx\/#\/schema\/logo\/image\/","url":"https:\/\/www.ftepeyac.com.mx\/wp-content\/uploads\/2019\/09\/tepeyac75-logo.png","contentUrl":"https:\/\/www.ftepeyac.com.mx\/wp-content\/uploads\/2019\/09\/tepeyac75-logo.png","width":700,"height":150,"caption":"Fertilizantes Tepeyac | Soluciones en Nutrici\u00f3n Vegetal y Protecci\u00f3n de Cultivos"},"image":{"@id":"https:\/\/www.ftepeyac.com.mx\/#\/schema\/logo\/image\/"},"sameAs":["https:\/\/www.facebook.com\/tepeyacgrupo","https:\/\/www.instagram.com\/fertilizantes.tepeyac\/","https:\/\/mx.linkedin.com\/company\/fertilizantes-tepeyac-del-noroeste"]}]}},"_links":{"self":[{"href":"https:\/\/www.ftepeyac.com.mx\/en\/wp-json\/wp\/v2\/pages\/7438","targetHints":{"allow":["GET"]}}],"collection":[{"href":"https:\/\/www.ftepeyac.com.mx\/en\/wp-json\/wp\/v2\/pages"}],"about":[{"href":"https:\/\/www.ftepeyac.com.mx\/en\/wp-json\/wp\/v2\/types\/page"}],"author":[{"embeddable":true,"href":"https:\/\/www.ftepeyac.com.mx\/en\/wp-json\/wp\/v2\/users\/8"}],"replies":[{"embeddable":true,"href":"https:\/\/www.ftepeyac.com.mx\/en\/wp-json\/wp\/v2\/comments?post=7438"}],"version-history":[{"count":117,"href":"https:\/\/www.ftepeyac.com.mx\/en\/wp-json\/wp\/v2\/pages\/7438\/revisions"}],"predecessor-version":[{"id":8084,"href":"https:\/\/www.ftepeyac.com.mx\/en\/wp-json\/wp\/v2\/pages\/7438\/revisions\/8084"}],"wp:attachment":[{"href":"https:\/\/www.ftepeyac.com.mx\/en\/wp-json\/wp\/v2\/media?parent=7438"}],"curies":[{"name":"wp","href":"https:\/\/api.w.org\/{rel}","templated":true}]}}