{"id":3720,"date":"2021-05-10T16:24:39","date_gmt":"2021-05-10T16:24:39","guid":{"rendered":"https:\/\/www.ftepeyac.com.mx\/?post_type=product&#038;p=3720"},"modified":"2024-03-14T05:48:51","modified_gmt":"2024-03-14T05:48:51","slug":"finale-ultra","status":"publish","type":"product","link":"https:\/\/www.ftepeyac.com.mx\/en\/product\/finale-ultra\/","title":{"rendered":"Finale Ultra"},"content":{"rendered":"","protected":false},"excerpt":{"rendered":"<h4>Herbicida para cultivos de ma\u00edz, sorgo y ca\u00f1a de az\u00facar.<\/h4>\n<p class=\"no-show\">Finale Ultra\u00ae es un herbicida de contacto, con acci\u00f3n no selectiva por lo que puede causar da\u00f1o al<br \/>\ntejido verde (hojas y tallos) de cualquier planta a la que se aplique.\u00a0Este producto es compuesto por Glufosinato de Amonio, un herbicida de contacto, con acci\u00f3n no selectiva por lo que puede causar da\u00f1o al tejido verde (hojas y tallos) de cualquier planta a la que se aplique. Para garantizar un control eficiente, es importante fijarse en aspectos como pH y altura de la maleza.<\/p>\n<p class=\"no-show\">Trabaja mejor en pH entre 5 y 7, adem\u00e1s su acci\u00f3n es r\u00e1pida, efectiva y segura contra malezas de altura entre 10 y 20 cent\u00edmetros. Es un producto diferenciado, no existiendo casos de resistencia natural. Finale Ultra\u00ae garantiza el control de las malezas, por lo que detiene r\u00e1pidamente la competencia con el cultivo dando oportunidad de maximizar el uso de los recursos y mejorar el rendimiento del cultivo.<\/p>\n<p class=\"no-show\"><strong style=\"font-weight: 600;\">Presentation:<\/strong> 1 Lt.<\/p>\n<p class=\"no-show\"><strong style=\"font-weight: 600;\">Crops:<\/strong><\/p>\n<p><img decoding=\"async\" class=\"no-show\" src=\"https:\/\/www.ftepeyac.com.mx\/wp-content\/uploads\/2021\/05\/FINALE_ULTRA_MAIZ_CANA_AGAVE_AGUACATE.png\" alt=\"fertilizantes_liquidos\" \/><\/p>\n<p class=\"no-show\"><strong style=\"font-weight: 600;\">Manufacturer:<\/strong> BASF<\/p>\n<p><a class=\"no-show\" href=\"https:\/\/www.ftepeyac.com.mx\/wp-content\/uploads\/2019\/09\/FINALE_ULTRA_HOJA_DE_SEGURIDAD.pdf\" target=\"_blank\" rel=\"noopener\">Safety sheet<\/a><\/p>\n<p><a class=\"no-show\" href=\"https:\/\/www.ftepeyac.com.mx\/wp-content\/uploads\/2019\/09\/FINALE_ULTRA_FICHA_TECNICA.pdf\" target=\"_blank\" rel=\"noopener\">Technical sheet<\/a> [&#8230;]<\/p>\n<p><a class=\"btn btn-secondary understrap-read-more-link\" href=\"https:\/\/www.ftepeyac.com.mx\/en\/product\/finale-ultra\/\">Read More&#8230;<\/a><\/p>","protected":false},"featured_media":3726,"comment_status":"open","ping_status":"closed","template":"","meta":{"inline_featured_image":false},"product_brand":[],"product_cat":[52],"product_tag":[],"class_list":{"0":"post-3720","1":"product","2":"type-product","3":"status-publish","4":"has-post-thumbnail","6":"product_cat-herbicidas","8":"first","9":"instock","10":"shipping-taxable","11":"product-type-simple"},"yoast_head":"<!-- This site is optimized with the Yoast SEO plugin v24.9 - https:\/\/yoast.com\/wordpress\/plugins\/seo\/ -->\n<title>Finale Ultra - Fertilizantes Tepeyac<\/title>\n<meta name=\"robots\" content=\"index, follow, max-snippet:-1, max-image-preview:large, max-video-preview:-1\" \/>\n<link rel=\"canonical\" href=\"https:\/\/www.ftepeyac.com.mx\/en\/product\/finale-ultra\/\" \/>\n<meta property=\"og:locale\" content=\"en_US\" \/>\n<meta property=\"og:type\" content=\"article\" \/>\n<meta property=\"og:title\" content=\"Finale Ultra - Fertilizantes Tepeyac\" \/>\n<meta property=\"og:description\" content=\"Herbicida para cultivos de ma\u00edz, sorgo y ca\u00f1a de az\u00facar. Finale Ultra\u00ae es un herbicida de contacto, con acci\u00f3n no selectiva por lo que puede causar da\u00f1o al tejido verde (hojas y tallos) de cualquier planta a la que se aplique.\u00a0Este producto es compuesto por Glufosinato de Amonio, un herbicida de contacto, con acci\u00f3n no selectiva por lo que puede causar da\u00f1o al tejido verde (hojas y tallos) de cualquier planta a la que se aplique. Para garantizar un control eficiente, es importante fijarse en aspectos como pH y altura de la maleza. Trabaja mejor en pH entre 5 y 7, adem\u00e1s su acci\u00f3n es r\u00e1pida, efectiva y segura contra malezas de altura entre 10 y 20 cent\u00edmetros. Es un producto diferenciado, no existiendo casos de resistencia natural. Finale Ultra\u00ae garantiza el control de las malezas, por lo que detiene r\u00e1pidamente la competencia con el cultivo dando oportunidad de maximizar el uso de los recursos y mejorar el rendimiento del cultivo. Presentaci\u00f3n: 1 Lt. Cultivos:  Fabricante: BASF Hoja de seguridad  Ficha t\u00e9cnica [...]Read More...\" \/>\n<meta property=\"og:url\" content=\"https:\/\/www.ftepeyac.com.mx\/en\/product\/finale-ultra\/\" \/>\n<meta property=\"og:site_name\" content=\"Fertilizantes Tepeyac\" \/>\n<meta property=\"article:publisher\" content=\"https:\/\/www.facebook.com\/tepeyacgrupo\" \/>\n<meta property=\"article:modified_time\" content=\"2024-03-14T05:48:51+00:00\" \/>\n<meta property=\"og:image\" content=\"https:\/\/www.ftepeyac.com.mx\/wp-content\/uploads\/2021\/05\/FINALE_ULTRA_HERBICIDA.jpg\" \/>\n\t<meta property=\"og:image:width\" content=\"600\" \/>\n\t<meta property=\"og:image:height\" content=\"600\" \/>\n\t<meta property=\"og:image:type\" content=\"image\/jpeg\" \/>\n<meta name=\"twitter:card\" content=\"summary_large_image\" \/>\n<script type=\"application\/ld+json\" class=\"yoast-schema-graph\">{\"@context\":\"https:\/\/schema.org\",\"@graph\":[{\"@type\":\"WebPage\",\"@id\":\"https:\/\/www.ftepeyac.com.mx\/producto\/finale-ultra\/\",\"url\":\"https:\/\/www.ftepeyac.com.mx\/producto\/finale-ultra\/\",\"name\":\"Finale Ultra - Fertilizantes Tepeyac\",\"isPartOf\":{\"@id\":\"https:\/\/www.ftepeyac.com.mx\/#website\"},\"primaryImageOfPage\":{\"@id\":\"https:\/\/www.ftepeyac.com.mx\/producto\/finale-ultra\/#primaryimage\"},\"image\":{\"@id\":\"https:\/\/www.ftepeyac.com.mx\/producto\/finale-ultra\/#primaryimage\"},\"thumbnailUrl\":\"https:\/\/www.ftepeyac.com.mx\/wp-content\/uploads\/2021\/05\/FINALE_ULTRA_HERBICIDA.jpg\",\"datePublished\":\"2021-05-10T16:24:39+00:00\",\"dateModified\":\"2024-03-14T05:48:51+00:00\",\"breadcrumb\":{\"@id\":\"https:\/\/www.ftepeyac.com.mx\/producto\/finale-ultra\/#breadcrumb\"},\"inLanguage\":\"en-US\",\"potentialAction\":[{\"@type\":\"ReadAction\",\"target\":[\"https:\/\/www.ftepeyac.com.mx\/producto\/finale-ultra\/\"]}]},{\"@type\":\"ImageObject\",\"inLanguage\":\"en-US\",\"@id\":\"https:\/\/www.ftepeyac.com.mx\/producto\/finale-ultra\/#primaryimage\",\"url\":\"https:\/\/www.ftepeyac.com.mx\/wp-content\/uploads\/2021\/05\/FINALE_ULTRA_HERBICIDA.jpg\",\"contentUrl\":\"https:\/\/www.ftepeyac.com.mx\/wp-content\/uploads\/2021\/05\/FINALE_ULTRA_HERBICIDA.jpg\",\"width\":600,\"height\":600},{\"@type\":\"BreadcrumbList\",\"@id\":\"https:\/\/www.ftepeyac.com.mx\/producto\/finale-ultra\/#breadcrumb\",\"itemListElement\":[{\"@type\":\"ListItem\",\"position\":1,\"name\":\"Portada\",\"item\":\"https:\/\/www.ftepeyac.com.mx\/\"},{\"@type\":\"ListItem\",\"position\":2,\"name\":\"Productos\",\"item\":\"https:\/\/www.ftepeyac.com.mx\/shop\/\"},{\"@type\":\"ListItem\",\"position\":3,\"name\":\"Finale Ultra\"}]},{\"@type\":\"WebSite\",\"@id\":\"https:\/\/www.ftepeyac.com.mx\/#website\",\"url\":\"https:\/\/www.ftepeyac.com.mx\/\",\"name\":\"Fertilizantes Tepeyac | Soluciones en Nutrici\u00f3n Vegetal y Protecci\u00f3n de Cultivos\",\"description\":\"Ofrecemos un gran cat\u00e1logo de soluciones en agricultura, nos distinguimos por nuestra atenci\u00f3n personalizada sin intermediarios.\",\"publisher\":{\"@id\":\"https:\/\/www.ftepeyac.com.mx\/#organization\"},\"potentialAction\":[{\"@type\":\"SearchAction\",\"target\":{\"@type\":\"EntryPoint\",\"urlTemplate\":\"https:\/\/www.ftepeyac.com.mx\/?s={search_term_string}\"},\"query-input\":{\"@type\":\"PropertyValueSpecification\",\"valueRequired\":true,\"valueName\":\"search_term_string\"}}],\"inLanguage\":\"en-US\"},{\"@type\":\"Organization\",\"@id\":\"https:\/\/www.ftepeyac.com.mx\/#organization\",\"name\":\"Fertilizantes Tepeyac | Soluciones en Nutrici\u00f3n Vegetal y Protecci\u00f3n de Cultivos\",\"url\":\"https:\/\/www.ftepeyac.com.mx\/\",\"logo\":{\"@type\":\"ImageObject\",\"inLanguage\":\"en-US\",\"@id\":\"https:\/\/www.ftepeyac.com.mx\/#\/schema\/logo\/image\/\",\"url\":\"https:\/\/www.ftepeyac.com.mx\/wp-content\/uploads\/2019\/09\/tepeyac75-logo.png\",\"contentUrl\":\"https:\/\/www.ftepeyac.com.mx\/wp-content\/uploads\/2019\/09\/tepeyac75-logo.png\",\"width\":700,\"height\":150,\"caption\":\"Fertilizantes Tepeyac | Soluciones en Nutrici\u00f3n Vegetal y Protecci\u00f3n de Cultivos\"},\"image\":{\"@id\":\"https:\/\/www.ftepeyac.com.mx\/#\/schema\/logo\/image\/\"},\"sameAs\":[\"https:\/\/www.facebook.com\/tepeyacgrupo\",\"https:\/\/www.instagram.com\/fertilizantes.tepeyac\/\",\"https:\/\/mx.linkedin.com\/company\/fertilizantes-tepeyac-del-noroeste\"]}]}<\/script>\n<!-- \/ Yoast SEO plugin. -->","yoast_head_json":{"title":"Finale Ultra - Fertilizantes Tepeyac","robots":{"index":"index","follow":"follow","max-snippet":"max-snippet:-1","max-image-preview":"max-image-preview:large","max-video-preview":"max-video-preview:-1"},"canonical":"https:\/\/www.ftepeyac.com.mx\/en\/product\/finale-ultra\/","og_locale":"en_US","og_type":"article","og_title":"Finale Ultra - Fertilizantes Tepeyac","og_description":"Herbicida para cultivos de ma\u00edz, sorgo y ca\u00f1a de az\u00facar. Finale Ultra\u00ae es un herbicida de contacto, con acci\u00f3n no selectiva por lo que puede causar da\u00f1o al tejido verde (hojas y tallos) de cualquier planta a la que se aplique.\u00a0Este producto es compuesto por Glufosinato de Amonio, un herbicida de contacto, con acci\u00f3n no selectiva por lo que puede causar da\u00f1o al tejido verde (hojas y tallos) de cualquier planta a la que se aplique. Para garantizar un control eficiente, es importante fijarse en aspectos como pH y altura de la maleza. Trabaja mejor en pH entre 5 y 7, adem\u00e1s su acci\u00f3n es r\u00e1pida, efectiva y segura contra malezas de altura entre 10 y 20 cent\u00edmetros. Es un producto diferenciado, no existiendo casos de resistencia natural. Finale Ultra\u00ae garantiza el control de las malezas, por lo que detiene r\u00e1pidamente la competencia con el cultivo dando oportunidad de maximizar el uso de los recursos y mejorar el rendimiento del cultivo. Presentaci\u00f3n: 1 Lt. Cultivos:  Fabricante: BASF Hoja de seguridad  Ficha t\u00e9cnica [...]Read More...","og_url":"https:\/\/www.ftepeyac.com.mx\/en\/product\/finale-ultra\/","og_site_name":"Fertilizantes Tepeyac","article_publisher":"https:\/\/www.facebook.com\/tepeyacgrupo","article_modified_time":"2024-03-14T05:48:51+00:00","og_image":[{"width":600,"height":600,"url":"https:\/\/www.ftepeyac.com.mx\/wp-content\/uploads\/2021\/05\/FINALE_ULTRA_HERBICIDA.jpg","type":"image\/jpeg"}],"twitter_card":"summary_large_image","schema":{"@context":"https:\/\/schema.org","@graph":[{"@type":"WebPage","@id":"https:\/\/www.ftepeyac.com.mx\/producto\/finale-ultra\/","url":"https:\/\/www.ftepeyac.com.mx\/producto\/finale-ultra\/","name":"Finale Ultra - Fertilizantes Tepeyac","isPartOf":{"@id":"https:\/\/www.ftepeyac.com.mx\/#website"},"primaryImageOfPage":{"@id":"https:\/\/www.ftepeyac.com.mx\/producto\/finale-ultra\/#primaryimage"},"image":{"@id":"https:\/\/www.ftepeyac.com.mx\/producto\/finale-ultra\/#primaryimage"},"thumbnailUrl":"https:\/\/www.ftepeyac.com.mx\/wp-content\/uploads\/2021\/05\/FINALE_ULTRA_HERBICIDA.jpg","datePublished":"2021-05-10T16:24:39+00:00","dateModified":"2024-03-14T05:48:51+00:00","breadcrumb":{"@id":"https:\/\/www.ftepeyac.com.mx\/producto\/finale-ultra\/#breadcrumb"},"inLanguage":"en-US","potentialAction":[{"@type":"ReadAction","target":["https:\/\/www.ftepeyac.com.mx\/producto\/finale-ultra\/"]}]},{"@type":"ImageObject","inLanguage":"en-US","@id":"https:\/\/www.ftepeyac.com.mx\/producto\/finale-ultra\/#primaryimage","url":"https:\/\/www.ftepeyac.com.mx\/wp-content\/uploads\/2021\/05\/FINALE_ULTRA_HERBICIDA.jpg","contentUrl":"https:\/\/www.ftepeyac.com.mx\/wp-content\/uploads\/2021\/05\/FINALE_ULTRA_HERBICIDA.jpg","width":600,"height":600},{"@type":"BreadcrumbList","@id":"https:\/\/www.ftepeyac.com.mx\/producto\/finale-ultra\/#breadcrumb","itemListElement":[{"@type":"ListItem","position":1,"name":"Portada","item":"https:\/\/www.ftepeyac.com.mx\/"},{"@type":"ListItem","position":2,"name":"Productos","item":"https:\/\/www.ftepeyac.com.mx\/shop\/"},{"@type":"ListItem","position":3,"name":"Finale Ultra"}]},{"@type":"WebSite","@id":"https:\/\/www.ftepeyac.com.mx\/#website","url":"https:\/\/www.ftepeyac.com.mx\/","name":"Fertilizantes Tepeyac | Soluciones en Nutrici\u00f3n Vegetal y Protecci\u00f3n de Cultivos","description":"Ofrecemos un gran cat\u00e1logo de soluciones en agricultura, nos distinguimos por nuestra atenci\u00f3n personalizada sin intermediarios.","publisher":{"@id":"https:\/\/www.ftepeyac.com.mx\/#organization"},"potentialAction":[{"@type":"SearchAction","target":{"@type":"EntryPoint","urlTemplate":"https:\/\/www.ftepeyac.com.mx\/?s={search_term_string}"},"query-input":{"@type":"PropertyValueSpecification","valueRequired":true,"valueName":"search_term_string"}}],"inLanguage":"en-US"},{"@type":"Organization","@id":"https:\/\/www.ftepeyac.com.mx\/#organization","name":"Fertilizantes Tepeyac | Soluciones en Nutrici\u00f3n Vegetal y Protecci\u00f3n de Cultivos","url":"https:\/\/www.ftepeyac.com.mx\/","logo":{"@type":"ImageObject","inLanguage":"en-US","@id":"https:\/\/www.ftepeyac.com.mx\/#\/schema\/logo\/image\/","url":"https:\/\/www.ftepeyac.com.mx\/wp-content\/uploads\/2019\/09\/tepeyac75-logo.png","contentUrl":"https:\/\/www.ftepeyac.com.mx\/wp-content\/uploads\/2019\/09\/tepeyac75-logo.png","width":700,"height":150,"caption":"Fertilizantes Tepeyac | Soluciones en Nutrici\u00f3n Vegetal y Protecci\u00f3n de Cultivos"},"image":{"@id":"https:\/\/www.ftepeyac.com.mx\/#\/schema\/logo\/image\/"},"sameAs":["https:\/\/www.facebook.com\/tepeyacgrupo","https:\/\/www.instagram.com\/fertilizantes.tepeyac\/","https:\/\/mx.linkedin.com\/company\/fertilizantes-tepeyac-del-noroeste"]}]}},"_links":{"self":[{"href":"https:\/\/www.ftepeyac.com.mx\/en\/wp-json\/wp\/v2\/product\/3720","targetHints":{"allow":["GET"]}}],"collection":[{"href":"https:\/\/www.ftepeyac.com.mx\/en\/wp-json\/wp\/v2\/product"}],"about":[{"href":"https:\/\/www.ftepeyac.com.mx\/en\/wp-json\/wp\/v2\/types\/product"}],"replies":[{"embeddable":true,"href":"https:\/\/www.ftepeyac.com.mx\/en\/wp-json\/wp\/v2\/comments?post=3720"}],"wp:featuredmedia":[{"embeddable":true,"href":"https:\/\/www.ftepeyac.com.mx\/en\/wp-json\/wp\/v2\/media\/3726"}],"wp:attachment":[{"href":"https:\/\/www.ftepeyac.com.mx\/en\/wp-json\/wp\/v2\/media?parent=3720"}],"wp:term":[{"taxonomy":"product_brand","embeddable":true,"href":"https:\/\/www.ftepeyac.com.mx\/en\/wp-json\/wp\/v2\/product_brand?post=3720"},{"taxonomy":"product_cat","embeddable":true,"href":"https:\/\/www.ftepeyac.com.mx\/en\/wp-json\/wp\/v2\/product_cat?post=3720"},{"taxonomy":"product_tag","embeddable":true,"href":"https:\/\/www.ftepeyac.com.mx\/en\/wp-json\/wp\/v2\/product_tag?post=3720"}],"curies":[{"name":"wp","href":"https:\/\/api.w.org\/{rel}","templated":true}]}}