{"id":3732,"date":"2021-05-10T18:30:38","date_gmt":"2021-05-10T18:30:38","guid":{"rendered":"https:\/\/www.ftepeyac.com.mx\/?post_type=product&#038;p=3732"},"modified":"2025-04-29T18:51:12","modified_gmt":"2025-04-29T18:51:12","slug":"nitrofoska-mop","status":"publish","type":"product","link":"https:\/\/www.ftepeyac.com.mx\/en\/product\/nitrofoska-mop\/","title":{"rendered":"Nitrofoska MOP"},"content":{"rendered":"","protected":false},"excerpt":{"rendered":"<h4>Nitrofosca\u00ae MOP, abonos complejos NPK<\/h4>\n<p class=\"no-show\">Un alto rendimiento y una buena calidad de la cosecha dependen fundamentalmente de una nutrici\u00f3n vegetal equilibrada. Para abastecer a las plantas con todos los nutrientes necesarios hay que conocer y tener en cuenta las necesidades espec\u00edficas de los diferentes cultivos. En la concepci\u00f3n de las f\u00f3rmulas de Nitrofoska\u00ae se han vertido los conocimientos y experiencias de muchos a\u00f1os de investigaci\u00f3n y desarrollo. Con ello, Nitrofoska\u00ae garantiza una nutrici\u00f3n vegetal equilibrada y adaptada a los requerimientos espec\u00edficos de cada cultivo. Nitrofoska\u00ae contiene hasta cinco nutrientes principales en forma inmediatamente disponible para la planta. Esto garantiza un aporte de nutrientes \u00f3ptimo tambi\u00e9n en las fases cr\u00edticas del crecimiento. La gama de productos Nitrofoska\u00ae est\u00e1 indicada para un abonado completo y equilibrado de la mayor\u00eda los cultivos agr\u00edcolas.<\/p>\n<p class=\"no-show\"><strong style=\"font-weight: 600;\">Presentation:<\/strong> 50 Kg.<\/p>\n<p class=\"no-show\"><strong style=\"font-weight: 600;\">Crops:<\/strong><\/p>\n<p><img decoding=\"async\" class=\"no-show\" src=\"https:\/\/www.ftepeyac.com.mx\/wp-content\/uploads\/2021\/05\/nitrifoska_mop_cultivos-04.png\" alt=\"nitrofoska_mop_cultivos-04\" \/><\/p>\n<p class=\"no-show\"><strong style=\"font-weight: 600;\">Manufacturer:<\/strong> EUROCHEM<\/p>\n<p> [&#8230;]<\/p>\n<p><a class=\"btn btn-secondary understrap-read-more-link\" href=\"https:\/\/www.ftepeyac.com.mx\/en\/product\/nitrofoska-mop\/\">Read More&#8230;<\/a><\/p>","protected":false},"featured_media":4145,"comment_status":"open","ping_status":"closed","template":"","meta":{"inline_featured_image":false},"product_brand":[],"product_cat":[66],"product_tag":[],"class_list":{"0":"post-3732","1":"product","2":"type-product","3":"status-publish","4":"has-post-thumbnail","6":"product_cat-fertilizantes-solidos","8":"first","9":"instock","10":"shipping-taxable","11":"product-type-simple"},"yoast_head":"<!-- This site is optimized with the Yoast SEO plugin v24.9 - https:\/\/yoast.com\/wordpress\/plugins\/seo\/ -->\n<title>Nitrofoska MOP - Fertilizantes Tepeyac<\/title>\n<meta name=\"robots\" content=\"index, follow, max-snippet:-1, max-image-preview:large, max-video-preview:-1\" \/>\n<link rel=\"canonical\" href=\"https:\/\/www.ftepeyac.com.mx\/en\/product\/nitrofoska-mop\/\" \/>\n<meta property=\"og:locale\" content=\"en_US\" \/>\n<meta property=\"og:type\" content=\"article\" \/>\n<meta property=\"og:title\" content=\"Nitrofoska MOP - Fertilizantes Tepeyac\" \/>\n<meta property=\"og:description\" content=\"Nitrofosca\u00ae MOP, abonos complejos NPK Un alto rendimiento y una buena calidad de la cosecha dependen fundamentalmente de una nutrici\u00f3n vegetal equilibrada. Para abastecer a las plantas con todos los nutrientes necesarios hay que conocer y tener en cuenta las necesidades espec\u00edficas de los diferentes cultivos. En la concepci\u00f3n de las f\u00f3rmulas de Nitrofoska\u00ae se han vertido los conocimientos y experiencias de muchos a\u00f1os de investigaci\u00f3n y desarrollo. Con ello, Nitrofoska\u00ae garantiza una nutrici\u00f3n vegetal equilibrada y adaptada a los requerimientos espec\u00edficos de cada cultivo. Nitrofoska\u00ae contiene hasta cinco nutrientes principales en forma inmediatamente disponible para la planta. Esto garantiza un aporte de nutrientes \u00f3ptimo tambi\u00e9n en las fases cr\u00edticas del crecimiento. La gama de productos Nitrofoska\u00ae est\u00e1 indicada para un abonado completo y equilibrado de la mayor\u00eda los cultivos agr\u00edcolas. Presentaci\u00f3n: 50 Kg. Cultivos:  Fabricante: EUROCHEM [...]Read More...\" \/>\n<meta property=\"og:url\" content=\"https:\/\/www.ftepeyac.com.mx\/en\/product\/nitrofoska-mop\/\" \/>\n<meta property=\"og:site_name\" content=\"Fertilizantes Tepeyac\" \/>\n<meta property=\"article:publisher\" content=\"https:\/\/www.facebook.com\/tepeyacgrupo\" \/>\n<meta property=\"article:modified_time\" content=\"2025-04-29T18:51:12+00:00\" \/>\n<meta property=\"og:image\" content=\"https:\/\/www.ftepeyac.com.mx\/wp-content\/uploads\/2021\/05\/nitrofoska_mop.jpg\" \/>\n\t<meta property=\"og:image:width\" content=\"600\" \/>\n\t<meta property=\"og:image:height\" content=\"600\" \/>\n\t<meta property=\"og:image:type\" content=\"image\/jpeg\" \/>\n<meta name=\"twitter:card\" content=\"summary_large_image\" \/>\n<meta name=\"twitter:label1\" content=\"Est. reading time\" \/>\n\t<meta name=\"twitter:data1\" content=\"1 minute\" \/>\n<script type=\"application\/ld+json\" class=\"yoast-schema-graph\">{\"@context\":\"https:\/\/schema.org\",\"@graph\":[{\"@type\":\"WebPage\",\"@id\":\"https:\/\/www.ftepeyac.com.mx\/producto\/nitrofoska-mop\/\",\"url\":\"https:\/\/www.ftepeyac.com.mx\/producto\/nitrofoska-mop\/\",\"name\":\"Nitrofoska MOP - Fertilizantes Tepeyac\",\"isPartOf\":{\"@id\":\"https:\/\/www.ftepeyac.com.mx\/#website\"},\"primaryImageOfPage\":{\"@id\":\"https:\/\/www.ftepeyac.com.mx\/producto\/nitrofoska-mop\/#primaryimage\"},\"image\":{\"@id\":\"https:\/\/www.ftepeyac.com.mx\/producto\/nitrofoska-mop\/#primaryimage\"},\"thumbnailUrl\":\"https:\/\/www.ftepeyac.com.mx\/wp-content\/uploads\/2021\/05\/nitrofoska_mop.jpg\",\"datePublished\":\"2021-05-10T18:30:38+00:00\",\"dateModified\":\"2025-04-29T18:51:12+00:00\",\"breadcrumb\":{\"@id\":\"https:\/\/www.ftepeyac.com.mx\/producto\/nitrofoska-mop\/#breadcrumb\"},\"inLanguage\":\"en-US\",\"potentialAction\":[{\"@type\":\"ReadAction\",\"target\":[\"https:\/\/www.ftepeyac.com.mx\/producto\/nitrofoska-mop\/\"]}]},{\"@type\":\"ImageObject\",\"inLanguage\":\"en-US\",\"@id\":\"https:\/\/www.ftepeyac.com.mx\/producto\/nitrofoska-mop\/#primaryimage\",\"url\":\"https:\/\/www.ftepeyac.com.mx\/wp-content\/uploads\/2021\/05\/nitrofoska_mop.jpg\",\"contentUrl\":\"https:\/\/www.ftepeyac.com.mx\/wp-content\/uploads\/2021\/05\/nitrofoska_mop.jpg\",\"width\":600,\"height\":600,\"caption\":\"nitrofoska_mop\"},{\"@type\":\"BreadcrumbList\",\"@id\":\"https:\/\/www.ftepeyac.com.mx\/producto\/nitrofoska-mop\/#breadcrumb\",\"itemListElement\":[{\"@type\":\"ListItem\",\"position\":1,\"name\":\"Portada\",\"item\":\"https:\/\/www.ftepeyac.com.mx\/\"},{\"@type\":\"ListItem\",\"position\":2,\"name\":\"Productos\",\"item\":\"https:\/\/www.ftepeyac.com.mx\/shop\/\"},{\"@type\":\"ListItem\",\"position\":3,\"name\":\"Nitrofoska MOP\"}]},{\"@type\":\"WebSite\",\"@id\":\"https:\/\/www.ftepeyac.com.mx\/#website\",\"url\":\"https:\/\/www.ftepeyac.com.mx\/\",\"name\":\"Fertilizantes Tepeyac | Soluciones en Nutrici\u00f3n Vegetal y Protecci\u00f3n de Cultivos\",\"description\":\"Ofrecemos un gran cat\u00e1logo de soluciones en agricultura, nos distinguimos por nuestra atenci\u00f3n personalizada sin intermediarios.\",\"publisher\":{\"@id\":\"https:\/\/www.ftepeyac.com.mx\/#organization\"},\"potentialAction\":[{\"@type\":\"SearchAction\",\"target\":{\"@type\":\"EntryPoint\",\"urlTemplate\":\"https:\/\/www.ftepeyac.com.mx\/?s={search_term_string}\"},\"query-input\":{\"@type\":\"PropertyValueSpecification\",\"valueRequired\":true,\"valueName\":\"search_term_string\"}}],\"inLanguage\":\"en-US\"},{\"@type\":\"Organization\",\"@id\":\"https:\/\/www.ftepeyac.com.mx\/#organization\",\"name\":\"Fertilizantes Tepeyac | Soluciones en Nutrici\u00f3n Vegetal y Protecci\u00f3n de Cultivos\",\"url\":\"https:\/\/www.ftepeyac.com.mx\/\",\"logo\":{\"@type\":\"ImageObject\",\"inLanguage\":\"en-US\",\"@id\":\"https:\/\/www.ftepeyac.com.mx\/#\/schema\/logo\/image\/\",\"url\":\"https:\/\/www.ftepeyac.com.mx\/wp-content\/uploads\/2019\/09\/tepeyac75-logo.png\",\"contentUrl\":\"https:\/\/www.ftepeyac.com.mx\/wp-content\/uploads\/2019\/09\/tepeyac75-logo.png\",\"width\":700,\"height\":150,\"caption\":\"Fertilizantes Tepeyac | Soluciones en Nutrici\u00f3n Vegetal y Protecci\u00f3n de Cultivos\"},\"image\":{\"@id\":\"https:\/\/www.ftepeyac.com.mx\/#\/schema\/logo\/image\/\"},\"sameAs\":[\"https:\/\/www.facebook.com\/tepeyacgrupo\",\"https:\/\/www.instagram.com\/fertilizantes.tepeyac\/\",\"https:\/\/mx.linkedin.com\/company\/fertilizantes-tepeyac-del-noroeste\"]}]}<\/script>\n<!-- \/ Yoast SEO plugin. -->","yoast_head_json":{"title":"Nitrofoska MOP - Fertilizantes Tepeyac","robots":{"index":"index","follow":"follow","max-snippet":"max-snippet:-1","max-image-preview":"max-image-preview:large","max-video-preview":"max-video-preview:-1"},"canonical":"https:\/\/www.ftepeyac.com.mx\/en\/product\/nitrofoska-mop\/","og_locale":"en_US","og_type":"article","og_title":"Nitrofoska MOP - Fertilizantes Tepeyac","og_description":"Nitrofosca\u00ae MOP, abonos complejos NPK Un alto rendimiento y una buena calidad de la cosecha dependen fundamentalmente de una nutrici\u00f3n vegetal equilibrada. Para abastecer a las plantas con todos los nutrientes necesarios hay que conocer y tener en cuenta las necesidades espec\u00edficas de los diferentes cultivos. En la concepci\u00f3n de las f\u00f3rmulas de Nitrofoska\u00ae se han vertido los conocimientos y experiencias de muchos a\u00f1os de investigaci\u00f3n y desarrollo. Con ello, Nitrofoska\u00ae garantiza una nutrici\u00f3n vegetal equilibrada y adaptada a los requerimientos espec\u00edficos de cada cultivo. Nitrofoska\u00ae contiene hasta cinco nutrientes principales en forma inmediatamente disponible para la planta. Esto garantiza un aporte de nutrientes \u00f3ptimo tambi\u00e9n en las fases cr\u00edticas del crecimiento. La gama de productos Nitrofoska\u00ae est\u00e1 indicada para un abonado completo y equilibrado de la mayor\u00eda los cultivos agr\u00edcolas. Presentaci\u00f3n: 50 Kg. Cultivos:  Fabricante: EUROCHEM [...]Read More...","og_url":"https:\/\/www.ftepeyac.com.mx\/en\/product\/nitrofoska-mop\/","og_site_name":"Fertilizantes Tepeyac","article_publisher":"https:\/\/www.facebook.com\/tepeyacgrupo","article_modified_time":"2025-04-29T18:51:12+00:00","og_image":[{"width":600,"height":600,"url":"https:\/\/www.ftepeyac.com.mx\/wp-content\/uploads\/2021\/05\/nitrofoska_mop.jpg","type":"image\/jpeg"}],"twitter_card":"summary_large_image","twitter_misc":{"Est. reading time":"1 minute"},"schema":{"@context":"https:\/\/schema.org","@graph":[{"@type":"WebPage","@id":"https:\/\/www.ftepeyac.com.mx\/producto\/nitrofoska-mop\/","url":"https:\/\/www.ftepeyac.com.mx\/producto\/nitrofoska-mop\/","name":"Nitrofoska MOP - Fertilizantes Tepeyac","isPartOf":{"@id":"https:\/\/www.ftepeyac.com.mx\/#website"},"primaryImageOfPage":{"@id":"https:\/\/www.ftepeyac.com.mx\/producto\/nitrofoska-mop\/#primaryimage"},"image":{"@id":"https:\/\/www.ftepeyac.com.mx\/producto\/nitrofoska-mop\/#primaryimage"},"thumbnailUrl":"https:\/\/www.ftepeyac.com.mx\/wp-content\/uploads\/2021\/05\/nitrofoska_mop.jpg","datePublished":"2021-05-10T18:30:38+00:00","dateModified":"2025-04-29T18:51:12+00:00","breadcrumb":{"@id":"https:\/\/www.ftepeyac.com.mx\/producto\/nitrofoska-mop\/#breadcrumb"},"inLanguage":"en-US","potentialAction":[{"@type":"ReadAction","target":["https:\/\/www.ftepeyac.com.mx\/producto\/nitrofoska-mop\/"]}]},{"@type":"ImageObject","inLanguage":"en-US","@id":"https:\/\/www.ftepeyac.com.mx\/producto\/nitrofoska-mop\/#primaryimage","url":"https:\/\/www.ftepeyac.com.mx\/wp-content\/uploads\/2021\/05\/nitrofoska_mop.jpg","contentUrl":"https:\/\/www.ftepeyac.com.mx\/wp-content\/uploads\/2021\/05\/nitrofoska_mop.jpg","width":600,"height":600,"caption":"nitrofoska_mop"},{"@type":"BreadcrumbList","@id":"https:\/\/www.ftepeyac.com.mx\/producto\/nitrofoska-mop\/#breadcrumb","itemListElement":[{"@type":"ListItem","position":1,"name":"Portada","item":"https:\/\/www.ftepeyac.com.mx\/"},{"@type":"ListItem","position":2,"name":"Productos","item":"https:\/\/www.ftepeyac.com.mx\/shop\/"},{"@type":"ListItem","position":3,"name":"Nitrofoska MOP"}]},{"@type":"WebSite","@id":"https:\/\/www.ftepeyac.com.mx\/#website","url":"https:\/\/www.ftepeyac.com.mx\/","name":"Fertilizantes Tepeyac | Soluciones en Nutrici\u00f3n Vegetal y Protecci\u00f3n de Cultivos","description":"Ofrecemos un gran cat\u00e1logo de soluciones en agricultura, nos distinguimos por nuestra atenci\u00f3n personalizada sin intermediarios.","publisher":{"@id":"https:\/\/www.ftepeyac.com.mx\/#organization"},"potentialAction":[{"@type":"SearchAction","target":{"@type":"EntryPoint","urlTemplate":"https:\/\/www.ftepeyac.com.mx\/?s={search_term_string}"},"query-input":{"@type":"PropertyValueSpecification","valueRequired":true,"valueName":"search_term_string"}}],"inLanguage":"en-US"},{"@type":"Organization","@id":"https:\/\/www.ftepeyac.com.mx\/#organization","name":"Fertilizantes Tepeyac | Soluciones en Nutrici\u00f3n Vegetal y Protecci\u00f3n de Cultivos","url":"https:\/\/www.ftepeyac.com.mx\/","logo":{"@type":"ImageObject","inLanguage":"en-US","@id":"https:\/\/www.ftepeyac.com.mx\/#\/schema\/logo\/image\/","url":"https:\/\/www.ftepeyac.com.mx\/wp-content\/uploads\/2019\/09\/tepeyac75-logo.png","contentUrl":"https:\/\/www.ftepeyac.com.mx\/wp-content\/uploads\/2019\/09\/tepeyac75-logo.png","width":700,"height":150,"caption":"Fertilizantes Tepeyac | Soluciones en Nutrici\u00f3n Vegetal y Protecci\u00f3n de Cultivos"},"image":{"@id":"https:\/\/www.ftepeyac.com.mx\/#\/schema\/logo\/image\/"},"sameAs":["https:\/\/www.facebook.com\/tepeyacgrupo","https:\/\/www.instagram.com\/fertilizantes.tepeyac\/","https:\/\/mx.linkedin.com\/company\/fertilizantes-tepeyac-del-noroeste"]}]}},"_links":{"self":[{"href":"https:\/\/www.ftepeyac.com.mx\/en\/wp-json\/wp\/v2\/product\/3732","targetHints":{"allow":["GET"]}}],"collection":[{"href":"https:\/\/www.ftepeyac.com.mx\/en\/wp-json\/wp\/v2\/product"}],"about":[{"href":"https:\/\/www.ftepeyac.com.mx\/en\/wp-json\/wp\/v2\/types\/product"}],"replies":[{"embeddable":true,"href":"https:\/\/www.ftepeyac.com.mx\/en\/wp-json\/wp\/v2\/comments?post=3732"}],"wp:featuredmedia":[{"embeddable":true,"href":"https:\/\/www.ftepeyac.com.mx\/en\/wp-json\/wp\/v2\/media\/4145"}],"wp:attachment":[{"href":"https:\/\/www.ftepeyac.com.mx\/en\/wp-json\/wp\/v2\/media?parent=3732"}],"wp:term":[{"taxonomy":"product_brand","embeddable":true,"href":"https:\/\/www.ftepeyac.com.mx\/en\/wp-json\/wp\/v2\/product_brand?post=3732"},{"taxonomy":"product_cat","embeddable":true,"href":"https:\/\/www.ftepeyac.com.mx\/en\/wp-json\/wp\/v2\/product_cat?post=3732"},{"taxonomy":"product_tag","embeddable":true,"href":"https:\/\/www.ftepeyac.com.mx\/en\/wp-json\/wp\/v2\/product_tag?post=3732"}],"curies":[{"name":"wp","href":"https:\/\/api.w.org\/{rel}","templated":true}]}}