{"id":3849,"date":"2021-05-12T08:54:42","date_gmt":"2021-05-12T08:54:42","guid":{"rendered":"https:\/\/www.ftepeyac.com.mx\/?post_type=product&#038;p=3849"},"modified":"2022-10-21T15:48:28","modified_gmt":"2022-10-21T15:48:28","slug":"qrop-mix","status":"publish","type":"product","link":"https:\/\/www.ftepeyac.com.mx\/en\/product\/qrop-mix\/","title":{"rendered":"Qrop\u00ae\ufe0f mix"},"content":{"rendered":"","protected":false},"excerpt":{"rendered":"<h4>Qrop\u00ae\ufe0f mix<\/h4>\n<p class=\"no-show\">Qrop\u00ae\ufe0f es una l\u00ednea completa de soluciones nutricionales especialmente dise\u00f1ada para la aplicaci\u00f3n al suelo, con una gran variedad de formulaciones y mezclas especiales, precisas y de muy r\u00e1pida disponibilidad.<br \/>\nLas soluciones nutricionales Qrop\u00ae\ufe0f mix son elaboradas con Nitrato de Potasio (Qrop KS).<br \/>\nLas soluciones nutricionales Qrop\u00ae\ufe0f mix atienden las necesidades m\u00e1s espec\u00edficas del cultivo, obteniendo el m\u00e1ximo rendimiento y la mejor calidad, optimizando as\u00ed las ganancias del negocio. Qrop\u00ae\ufe0f mix concentra las mejores materias primas en mezclas balanceadas y dise\u00f1adas para satisfacer las altas demandas de los principales elementos del cultivo en todas las etapas fisiol\u00f3gicas.<\/p>\n<p class=\"no-show\"><strong style=\"font-weight: 600;\">Presentation:<\/strong> Saco 25 Kg.<\/p>\n<p class=\"no-show\"><strong style=\"font-weight: 600;\">Crops:<\/strong><\/p>\n<p><img decoding=\"async\" class=\"no-show\" src=\"https:\/\/www.ftepeyac.com.mx\/wp-content\/uploads\/2019\/09\/qrop_mix_cultivos.png\" alt=\"Mezcla f\u00edsica\"\/><\/p>\n<p class=\"no-show\"><strong style=\"font-weight: 600;\">Manufacturer:<\/strong> SQM<\/p>\n<p><a class=\"no-show\" href=\"https:\/\/www.ftepeyac.com.mx\/wp-content\/uploads\/2019\/09\/Qrop_mix_hoja_de_seguridad.pdf\" target=\"_blank\" rel=\"noopener\">Safety sheet<\/a><\/p>\n<p><a class=\"no-show\" href=\"https:\/\/www.ftepeyac.com.mx\/wp-content\/uploads\/2019\/09\/qrop_mix_ficha_tecnica.pdf\" target=\"_blank\" rel=\"noopener\">Technical sheet<\/a> [&#8230;]<\/p>\n<p><a class=\"btn btn-secondary understrap-read-more-link\" href=\"https:\/\/www.ftepeyac.com.mx\/en\/product\/qrop-mix\/\">Read More&#8230;<\/a><\/p>","protected":false},"featured_media":3850,"comment_status":"open","ping_status":"closed","template":"","meta":{"inline_featured_image":false},"product_brand":[],"product_cat":[69,29,82],"product_tag":[],"class_list":{"0":"post-3849","1":"product","2":"type-product","3":"status-publish","4":"has-post-thumbnail","6":"product_cat-fertilizantes-organicos","7":"product_cat-mezclas-fisicas","8":"product_cat-qrop-organico","10":"first","11":"instock","12":"shipping-taxable","13":"product-type-simple"},"yoast_head":"<!-- This site is optimized with the Yoast SEO plugin v24.9 - https:\/\/yoast.com\/wordpress\/plugins\/seo\/ -->\n<title>Qrop\u00ae\ufe0f mix - Fertilizantes Tepeyac<\/title>\n<meta name=\"robots\" content=\"index, follow, max-snippet:-1, max-image-preview:large, max-video-preview:-1\" \/>\n<link rel=\"canonical\" href=\"https:\/\/www.ftepeyac.com.mx\/en\/product\/qrop-mix\/\" \/>\n<meta property=\"og:locale\" content=\"en_US\" \/>\n<meta property=\"og:type\" content=\"article\" \/>\n<meta property=\"og:title\" content=\"Qrop\u00ae\ufe0f mix - Fertilizantes Tepeyac\" \/>\n<meta property=\"og:description\" content=\"Qrop\u00ae\ufe0f mix Qrop\u00ae\ufe0f es una l\u00ednea completa de soluciones nutricionales especialmente dise\u00f1ada para la aplicaci\u00f3n al suelo, con una gran variedad de formulaciones y mezclas especiales, precisas y de muy r\u00e1pida disponibilidad.  Las soluciones nutricionales Qrop\u00ae\ufe0f mix son elaboradas con Nitrato de Potasio (Qrop KS).  Las soluciones nutricionales Qrop\u00ae\ufe0f mix atienden las necesidades m\u00e1s espec\u00edficas del cultivo, obteniendo el m\u00e1ximo rendimiento y la mejor calidad, optimizando as\u00ed las ganancias del negocio. Qrop\u00ae\ufe0f mix concentra las mejores materias primas en mezclas balanceadas y dise\u00f1adas para satisfacer las altas demandas de los principales elementos del cultivo en todas las etapas fisiol\u00f3gicas.  Presentaci\u00f3n: Saco 25 Kg. Cultivos:  Fabricante: SQM Hoja de seguridad  Ficha t\u00e9cnica [...]Read More...\" \/>\n<meta property=\"og:url\" content=\"https:\/\/www.ftepeyac.com.mx\/en\/product\/qrop-mix\/\" \/>\n<meta property=\"og:site_name\" content=\"Fertilizantes Tepeyac\" \/>\n<meta property=\"article:publisher\" content=\"https:\/\/www.facebook.com\/tepeyacgrupo\" \/>\n<meta property=\"article:modified_time\" content=\"2022-10-21T15:48:28+00:00\" \/>\n<meta property=\"og:image\" content=\"https:\/\/www.ftepeyac.com.mx\/wp-content\/uploads\/2021\/05\/Qrop_mix.jpg\" \/>\n\t<meta property=\"og:image:width\" content=\"600\" \/>\n\t<meta property=\"og:image:height\" content=\"600\" \/>\n\t<meta property=\"og:image:type\" content=\"image\/jpeg\" \/>\n<meta name=\"twitter:card\" content=\"summary_large_image\" \/>\n<script type=\"application\/ld+json\" class=\"yoast-schema-graph\">{\"@context\":\"https:\/\/schema.org\",\"@graph\":[{\"@type\":\"WebPage\",\"@id\":\"https:\/\/www.ftepeyac.com.mx\/en\/product\/qrop-mix\/\",\"url\":\"https:\/\/www.ftepeyac.com.mx\/en\/product\/qrop-mix\/\",\"name\":\"Qrop\u00ae\ufe0f mix - Fertilizantes Tepeyac\",\"isPartOf\":{\"@id\":\"https:\/\/www.ftepeyac.com.mx\/#website\"},\"primaryImageOfPage\":{\"@id\":\"https:\/\/www.ftepeyac.com.mx\/en\/product\/qrop-mix\/#primaryimage\"},\"image\":{\"@id\":\"https:\/\/www.ftepeyac.com.mx\/en\/product\/qrop-mix\/#primaryimage\"},\"thumbnailUrl\":\"https:\/\/www.ftepeyac.com.mx\/wp-content\/uploads\/2021\/05\/Qrop_mix.jpg\",\"datePublished\":\"2021-05-12T08:54:42+00:00\",\"dateModified\":\"2022-10-21T15:48:28+00:00\",\"breadcrumb\":{\"@id\":\"https:\/\/www.ftepeyac.com.mx\/en\/product\/qrop-mix\/#breadcrumb\"},\"inLanguage\":\"en-US\",\"potentialAction\":[{\"@type\":\"ReadAction\",\"target\":[\"https:\/\/www.ftepeyac.com.mx\/en\/product\/qrop-mix\/\"]}]},{\"@type\":\"ImageObject\",\"inLanguage\":\"en-US\",\"@id\":\"https:\/\/www.ftepeyac.com.mx\/en\/product\/qrop-mix\/#primaryimage\",\"url\":\"https:\/\/www.ftepeyac.com.mx\/wp-content\/uploads\/2021\/05\/Qrop_mix.jpg\",\"contentUrl\":\"https:\/\/www.ftepeyac.com.mx\/wp-content\/uploads\/2021\/05\/Qrop_mix.jpg\",\"width\":600,\"height\":600,\"caption\":\"Qrop_mix\"},{\"@type\":\"BreadcrumbList\",\"@id\":\"https:\/\/www.ftepeyac.com.mx\/en\/product\/qrop-mix\/#breadcrumb\",\"itemListElement\":[{\"@type\":\"ListItem\",\"position\":1,\"name\":\"Portada\",\"item\":\"https:\/\/www.ftepeyac.com.mx\/\"},{\"@type\":\"ListItem\",\"position\":2,\"name\":\"Productos\",\"item\":\"https:\/\/www.ftepeyac.com.mx\/shop\/\"},{\"@type\":\"ListItem\",\"position\":3,\"name\":\"Qrop\u00ae\ufe0f mix\"}]},{\"@type\":\"WebSite\",\"@id\":\"https:\/\/www.ftepeyac.com.mx\/#website\",\"url\":\"https:\/\/www.ftepeyac.com.mx\/\",\"name\":\"Fertilizantes Tepeyac | Soluciones en Nutrici\u00f3n Vegetal y Protecci\u00f3n de Cultivos\",\"description\":\"Ofrecemos un gran cat\u00e1logo de soluciones en agricultura, nos distinguimos por nuestra atenci\u00f3n personalizada sin intermediarios.\",\"publisher\":{\"@id\":\"https:\/\/www.ftepeyac.com.mx\/#organization\"},\"potentialAction\":[{\"@type\":\"SearchAction\",\"target\":{\"@type\":\"EntryPoint\",\"urlTemplate\":\"https:\/\/www.ftepeyac.com.mx\/?s={search_term_string}\"},\"query-input\":{\"@type\":\"PropertyValueSpecification\",\"valueRequired\":true,\"valueName\":\"search_term_string\"}}],\"inLanguage\":\"en-US\"},{\"@type\":\"Organization\",\"@id\":\"https:\/\/www.ftepeyac.com.mx\/#organization\",\"name\":\"Fertilizantes Tepeyac | Soluciones en Nutrici\u00f3n Vegetal y Protecci\u00f3n de Cultivos\",\"url\":\"https:\/\/www.ftepeyac.com.mx\/\",\"logo\":{\"@type\":\"ImageObject\",\"inLanguage\":\"en-US\",\"@id\":\"https:\/\/www.ftepeyac.com.mx\/#\/schema\/logo\/image\/\",\"url\":\"https:\/\/www.ftepeyac.com.mx\/wp-content\/uploads\/2019\/09\/tepeyac75-logo.png\",\"contentUrl\":\"https:\/\/www.ftepeyac.com.mx\/wp-content\/uploads\/2019\/09\/tepeyac75-logo.png\",\"width\":700,\"height\":150,\"caption\":\"Fertilizantes Tepeyac | Soluciones en Nutrici\u00f3n Vegetal y Protecci\u00f3n de Cultivos\"},\"image\":{\"@id\":\"https:\/\/www.ftepeyac.com.mx\/#\/schema\/logo\/image\/\"},\"sameAs\":[\"https:\/\/www.facebook.com\/tepeyacgrupo\",\"https:\/\/www.instagram.com\/fertilizantes.tepeyac\/\",\"https:\/\/mx.linkedin.com\/company\/fertilizantes-tepeyac-del-noroeste\"]}]}<\/script>\n<!-- \/ Yoast SEO plugin. -->","yoast_head_json":{"title":"Qrop\u00ae\ufe0f mix - Fertilizantes Tepeyac","robots":{"index":"index","follow":"follow","max-snippet":"max-snippet:-1","max-image-preview":"max-image-preview:large","max-video-preview":"max-video-preview:-1"},"canonical":"https:\/\/www.ftepeyac.com.mx\/en\/product\/qrop-mix\/","og_locale":"en_US","og_type":"article","og_title":"Qrop\u00ae\ufe0f mix - Fertilizantes Tepeyac","og_description":"Qrop\u00ae\ufe0f mix Qrop\u00ae\ufe0f es una l\u00ednea completa de soluciones nutricionales especialmente dise\u00f1ada para la aplicaci\u00f3n al suelo, con una gran variedad de formulaciones y mezclas especiales, precisas y de muy r\u00e1pida disponibilidad.  Las soluciones nutricionales Qrop\u00ae\ufe0f mix son elaboradas con Nitrato de Potasio (Qrop KS).  Las soluciones nutricionales Qrop\u00ae\ufe0f mix atienden las necesidades m\u00e1s espec\u00edficas del cultivo, obteniendo el m\u00e1ximo rendimiento y la mejor calidad, optimizando as\u00ed las ganancias del negocio. Qrop\u00ae\ufe0f mix concentra las mejores materias primas en mezclas balanceadas y dise\u00f1adas para satisfacer las altas demandas de los principales elementos del cultivo en todas las etapas fisiol\u00f3gicas.  Presentaci\u00f3n: Saco 25 Kg. Cultivos:  Fabricante: SQM Hoja de seguridad  Ficha t\u00e9cnica [...]Read More...","og_url":"https:\/\/www.ftepeyac.com.mx\/en\/product\/qrop-mix\/","og_site_name":"Fertilizantes Tepeyac","article_publisher":"https:\/\/www.facebook.com\/tepeyacgrupo","article_modified_time":"2022-10-21T15:48:28+00:00","og_image":[{"width":600,"height":600,"url":"https:\/\/www.ftepeyac.com.mx\/wp-content\/uploads\/2021\/05\/Qrop_mix.jpg","type":"image\/jpeg"}],"twitter_card":"summary_large_image","schema":{"@context":"https:\/\/schema.org","@graph":[{"@type":"WebPage","@id":"https:\/\/www.ftepeyac.com.mx\/en\/product\/qrop-mix\/","url":"https:\/\/www.ftepeyac.com.mx\/en\/product\/qrop-mix\/","name":"Qrop\u00ae\ufe0f mix - Fertilizantes Tepeyac","isPartOf":{"@id":"https:\/\/www.ftepeyac.com.mx\/#website"},"primaryImageOfPage":{"@id":"https:\/\/www.ftepeyac.com.mx\/en\/product\/qrop-mix\/#primaryimage"},"image":{"@id":"https:\/\/www.ftepeyac.com.mx\/en\/product\/qrop-mix\/#primaryimage"},"thumbnailUrl":"https:\/\/www.ftepeyac.com.mx\/wp-content\/uploads\/2021\/05\/Qrop_mix.jpg","datePublished":"2021-05-12T08:54:42+00:00","dateModified":"2022-10-21T15:48:28+00:00","breadcrumb":{"@id":"https:\/\/www.ftepeyac.com.mx\/en\/product\/qrop-mix\/#breadcrumb"},"inLanguage":"en-US","potentialAction":[{"@type":"ReadAction","target":["https:\/\/www.ftepeyac.com.mx\/en\/product\/qrop-mix\/"]}]},{"@type":"ImageObject","inLanguage":"en-US","@id":"https:\/\/www.ftepeyac.com.mx\/en\/product\/qrop-mix\/#primaryimage","url":"https:\/\/www.ftepeyac.com.mx\/wp-content\/uploads\/2021\/05\/Qrop_mix.jpg","contentUrl":"https:\/\/www.ftepeyac.com.mx\/wp-content\/uploads\/2021\/05\/Qrop_mix.jpg","width":600,"height":600,"caption":"Qrop_mix"},{"@type":"BreadcrumbList","@id":"https:\/\/www.ftepeyac.com.mx\/en\/product\/qrop-mix\/#breadcrumb","itemListElement":[{"@type":"ListItem","position":1,"name":"Portada","item":"https:\/\/www.ftepeyac.com.mx\/"},{"@type":"ListItem","position":2,"name":"Productos","item":"https:\/\/www.ftepeyac.com.mx\/shop\/"},{"@type":"ListItem","position":3,"name":"Qrop\u00ae\ufe0f mix"}]},{"@type":"WebSite","@id":"https:\/\/www.ftepeyac.com.mx\/#website","url":"https:\/\/www.ftepeyac.com.mx\/","name":"Fertilizantes Tepeyac | Soluciones en Nutrici\u00f3n Vegetal y Protecci\u00f3n de Cultivos","description":"Ofrecemos un gran cat\u00e1logo de soluciones en agricultura, nos distinguimos por nuestra atenci\u00f3n personalizada sin intermediarios.","publisher":{"@id":"https:\/\/www.ftepeyac.com.mx\/#organization"},"potentialAction":[{"@type":"SearchAction","target":{"@type":"EntryPoint","urlTemplate":"https:\/\/www.ftepeyac.com.mx\/?s={search_term_string}"},"query-input":{"@type":"PropertyValueSpecification","valueRequired":true,"valueName":"search_term_string"}}],"inLanguage":"en-US"},{"@type":"Organization","@id":"https:\/\/www.ftepeyac.com.mx\/#organization","name":"Fertilizantes Tepeyac | Soluciones en Nutrici\u00f3n Vegetal y Protecci\u00f3n de Cultivos","url":"https:\/\/www.ftepeyac.com.mx\/","logo":{"@type":"ImageObject","inLanguage":"en-US","@id":"https:\/\/www.ftepeyac.com.mx\/#\/schema\/logo\/image\/","url":"https:\/\/www.ftepeyac.com.mx\/wp-content\/uploads\/2019\/09\/tepeyac75-logo.png","contentUrl":"https:\/\/www.ftepeyac.com.mx\/wp-content\/uploads\/2019\/09\/tepeyac75-logo.png","width":700,"height":150,"caption":"Fertilizantes Tepeyac | Soluciones en Nutrici\u00f3n Vegetal y Protecci\u00f3n de Cultivos"},"image":{"@id":"https:\/\/www.ftepeyac.com.mx\/#\/schema\/logo\/image\/"},"sameAs":["https:\/\/www.facebook.com\/tepeyacgrupo","https:\/\/www.instagram.com\/fertilizantes.tepeyac\/","https:\/\/mx.linkedin.com\/company\/fertilizantes-tepeyac-del-noroeste"]}]}},"_links":{"self":[{"href":"https:\/\/www.ftepeyac.com.mx\/en\/wp-json\/wp\/v2\/product\/3849","targetHints":{"allow":["GET"]}}],"collection":[{"href":"https:\/\/www.ftepeyac.com.mx\/en\/wp-json\/wp\/v2\/product"}],"about":[{"href":"https:\/\/www.ftepeyac.com.mx\/en\/wp-json\/wp\/v2\/types\/product"}],"replies":[{"embeddable":true,"href":"https:\/\/www.ftepeyac.com.mx\/en\/wp-json\/wp\/v2\/comments?post=3849"}],"wp:featuredmedia":[{"embeddable":true,"href":"https:\/\/www.ftepeyac.com.mx\/en\/wp-json\/wp\/v2\/media\/3850"}],"wp:attachment":[{"href":"https:\/\/www.ftepeyac.com.mx\/en\/wp-json\/wp\/v2\/media?parent=3849"}],"wp:term":[{"taxonomy":"product_brand","embeddable":true,"href":"https:\/\/www.ftepeyac.com.mx\/en\/wp-json\/wp\/v2\/product_brand?post=3849"},{"taxonomy":"product_cat","embeddable":true,"href":"https:\/\/www.ftepeyac.com.mx\/en\/wp-json\/wp\/v2\/product_cat?post=3849"},{"taxonomy":"product_tag","embeddable":true,"href":"https:\/\/www.ftepeyac.com.mx\/en\/wp-json\/wp\/v2\/product_tag?post=3849"}],"curies":[{"name":"wp","href":"https:\/\/api.w.org\/{rel}","templated":true}]}}