{"id":3863,"date":"2021-05-12T10:08:26","date_gmt":"2021-05-12T10:08:26","guid":{"rendered":"https:\/\/www.ftepeyac.com.mx\/?post_type=product&#038;p=3863"},"modified":"2026-02-20T16:22:30","modified_gmt":"2026-02-20T16:22:30","slug":"yaraliva-tropicote","status":"publish","type":"product","link":"https:\/\/www.ftepeyac.com.mx\/en\/product\/yaraliva-tropicote\/","title":{"rendered":"Yaraliva Tropicote"},"content":{"rendered":"","protected":false},"excerpt":{"rendered":"<h4>YaraLiva TROPICOTE<\/h4>\n<p class=\"no-show\">YaraLiva Tropicote es un fuente de Nitrato de Calcio (Nitr\u00f3geno y Calcio) granular.<br \/>\nCon su tecnolog\u00eda \u00fanica de \u201ccoating\u201d protege al gr\u00e1nulo de las condiciones externas para poder aplicar una fuente de Nitrato de calcio altamente soluble en una aplicaci\u00f3n limpia y eficiente, ya sea con maquinaria o manual y queda listo para disolverse cuando entra en contacto con el suelo en condiciones h\u00famedas (capacidad de campo) \u00f3 de roc\u00edo nocturno.<br \/>\n&#8211; Virtualmente libre de metales pesados. Tranquilidad para ti y tus clientes. &#8211; Recubrimiento de \u00faltima generaci\u00f3n, para evitar compactaci\u00f3n y mermas en el almac\u00e9n y en el campo. &#8211; Amigable con el medio ambiente: El Carbon Footprint de Calcinit es 80% menor al de los otros Nitratos de Calcio del mercado mundial. &#8211; Producido en Noruega, en las plantas de Yara bajo los m\u00e1s altos est\u00e1ndares de calidad.<\/p>\n<p class=\"no-show\"><strong style=\"font-weight: 600;\">Crops:<\/strong><\/p>\n<p><img decoding=\"async\" class=\"no-show\" src=\"https:\/\/www.ftepeyac.com.mx\/wp-content\/uploads\/2021\/05\/Yaraliva_tropicote_cultivos.png\" alt=\"Solubles\"\/><\/p>\n<p class=\"no-show\"><strong style=\"font-weight: 600;\">Manufacturer:<\/strong> Greenhow<\/p>\n<p><a class=\"no-show\" href=\"https:\/\/www.ftepeyac.com.mx\/wp-content\/uploads\/2021\/05\/Yaraliva_tropicote_hoja_de_seguridad.pdf\" target=\"_blank\" rel=\"noopener\">Safety sheet<\/a><\/p>\n<p><a class=\"no-show\" href=\"https:\/\/www.ftepeyac.com.mx\/wp-content\/uploads\/2021\/05\/Yaraliva_tropicote_ficha_tecnica.pdf\" target=\"_blank\" rel=\"noopener\">Technical sheet<\/a> [&#8230;]<\/p>\n<p><a class=\"btn btn-secondary understrap-read-more-link\" href=\"https:\/\/www.ftepeyac.com.mx\/en\/product\/yaraliva-tropicote\/\">Read More&#8230;<\/a><\/p>","protected":false},"featured_media":3859,"comment_status":"open","ping_status":"closed","template":"","meta":{"inline_featured_image":false},"product_brand":[],"product_cat":[71],"product_tag":[],"class_list":{"0":"post-3863","1":"product","2":"type-product","3":"status-publish","4":"has-post-thumbnail","6":"product_cat-fertilizantes-solubles","8":"first","9":"instock","10":"shipping-taxable","11":"product-type-simple"},"yoast_head":"<!-- This site is optimized with the Yoast SEO plugin v24.9 - https:\/\/yoast.com\/wordpress\/plugins\/seo\/ -->\n<title>Yaraliva Tropicote - Fertilizantes Tepeyac<\/title>\n<meta name=\"robots\" content=\"index, follow, max-snippet:-1, max-image-preview:large, max-video-preview:-1\" \/>\n<link rel=\"canonical\" href=\"https:\/\/www.ftepeyac.com.mx\/en\/product\/yaraliva-tropicote\/\" \/>\n<meta property=\"og:locale\" content=\"en_US\" \/>\n<meta property=\"og:type\" content=\"article\" \/>\n<meta property=\"og:title\" content=\"Yaraliva Tropicote - Fertilizantes Tepeyac\" \/>\n<meta property=\"og:description\" content=\"YaraLiva TROPICOTE YaraLiva Tropicote es un fuente de Nitrato de Calcio (Nitr\u00f3geno y Calcio) granular. Con su tecnolog\u00eda \u00fanica de \u201ccoating\u201d protege al gr\u00e1nulo de las condiciones externas para poder aplicar una fuente de Nitrato de calcio altamente soluble en una aplicaci\u00f3n limpia y eficiente, ya sea con maquinaria o manual y queda listo para disolverse cuando entra en contacto con el suelo en condiciones h\u00famedas (capacidad de campo) \u00f3 de roc\u00edo nocturno. - Virtualmente libre de metales pesados. Tranquilidad para ti y tus clientes. - Recubrimiento de \u00faltima generaci\u00f3n, para evitar compactaci\u00f3n y mermas en el almac\u00e9n y en el campo. - Amigable con el medio ambiente: El Carbon Footprint de Calcinit es 80% menor al de los otros Nitratos de Calcio del mercado mundial. - Producido en Noruega, en las plantas de Yara bajo los m\u00e1s altos est\u00e1ndares de calidad.  Cultivos:  Fabricante: Greenhow Hoja de seguridad  Ficha t\u00e9cnica [...]Read More...\" \/>\n<meta property=\"og:url\" content=\"https:\/\/www.ftepeyac.com.mx\/en\/product\/yaraliva-tropicote\/\" \/>\n<meta property=\"og:site_name\" content=\"Fertilizantes Tepeyac\" \/>\n<meta property=\"article:publisher\" content=\"https:\/\/www.facebook.com\/tepeyacgrupo\" \/>\n<meta property=\"article:modified_time\" content=\"2026-02-20T16:22:30+00:00\" \/>\n<meta property=\"og:image\" content=\"https:\/\/www.ftepeyac.com.mx\/wp-content\/uploads\/2021\/05\/Yaraliva_tropicote.jpg\" \/>\n\t<meta property=\"og:image:width\" content=\"600\" \/>\n\t<meta property=\"og:image:height\" content=\"600\" \/>\n\t<meta property=\"og:image:type\" content=\"image\/jpeg\" \/>\n<meta name=\"twitter:card\" content=\"summary_large_image\" \/>\n<script type=\"application\/ld+json\" class=\"yoast-schema-graph\">{\"@context\":\"https:\/\/schema.org\",\"@graph\":[{\"@type\":\"WebPage\",\"@id\":\"https:\/\/www.ftepeyac.com.mx\/producto\/yaraliva-tropicote\/\",\"url\":\"https:\/\/www.ftepeyac.com.mx\/producto\/yaraliva-tropicote\/\",\"name\":\"Yaraliva Tropicote - Fertilizantes Tepeyac\",\"isPartOf\":{\"@id\":\"https:\/\/www.ftepeyac.com.mx\/#website\"},\"primaryImageOfPage\":{\"@id\":\"https:\/\/www.ftepeyac.com.mx\/producto\/yaraliva-tropicote\/#primaryimage\"},\"image\":{\"@id\":\"https:\/\/www.ftepeyac.com.mx\/producto\/yaraliva-tropicote\/#primaryimage\"},\"thumbnailUrl\":\"https:\/\/www.ftepeyac.com.mx\/wp-content\/uploads\/2021\/05\/Yaraliva_tropicote.jpg\",\"datePublished\":\"2021-05-12T10:08:26+00:00\",\"dateModified\":\"2026-02-20T16:22:30+00:00\",\"breadcrumb\":{\"@id\":\"https:\/\/www.ftepeyac.com.mx\/producto\/yaraliva-tropicote\/#breadcrumb\"},\"inLanguage\":\"en-US\",\"potentialAction\":[{\"@type\":\"ReadAction\",\"target\":[\"https:\/\/www.ftepeyac.com.mx\/producto\/yaraliva-tropicote\/\"]}]},{\"@type\":\"ImageObject\",\"inLanguage\":\"en-US\",\"@id\":\"https:\/\/www.ftepeyac.com.mx\/producto\/yaraliva-tropicote\/#primaryimage\",\"url\":\"https:\/\/www.ftepeyac.com.mx\/wp-content\/uploads\/2021\/05\/Yaraliva_tropicote.jpg\",\"contentUrl\":\"https:\/\/www.ftepeyac.com.mx\/wp-content\/uploads\/2021\/05\/Yaraliva_tropicote.jpg\",\"width\":600,\"height\":600,\"caption\":\"Yaraliva_tropicote\"},{\"@type\":\"BreadcrumbList\",\"@id\":\"https:\/\/www.ftepeyac.com.mx\/producto\/yaraliva-tropicote\/#breadcrumb\",\"itemListElement\":[{\"@type\":\"ListItem\",\"position\":1,\"name\":\"Portada\",\"item\":\"https:\/\/www.ftepeyac.com.mx\/\"},{\"@type\":\"ListItem\",\"position\":2,\"name\":\"Productos\",\"item\":\"https:\/\/www.ftepeyac.com.mx\/shop\/\"},{\"@type\":\"ListItem\",\"position\":3,\"name\":\"Yaraliva Tropicote\"}]},{\"@type\":\"WebSite\",\"@id\":\"https:\/\/www.ftepeyac.com.mx\/#website\",\"url\":\"https:\/\/www.ftepeyac.com.mx\/\",\"name\":\"Fertilizantes Tepeyac | Soluciones en Nutrici\u00f3n Vegetal y Protecci\u00f3n de Cultivos\",\"description\":\"Ofrecemos un gran cat\u00e1logo de soluciones en agricultura, nos distinguimos por nuestra atenci\u00f3n personalizada sin intermediarios.\",\"publisher\":{\"@id\":\"https:\/\/www.ftepeyac.com.mx\/#organization\"},\"potentialAction\":[{\"@type\":\"SearchAction\",\"target\":{\"@type\":\"EntryPoint\",\"urlTemplate\":\"https:\/\/www.ftepeyac.com.mx\/?s={search_term_string}\"},\"query-input\":{\"@type\":\"PropertyValueSpecification\",\"valueRequired\":true,\"valueName\":\"search_term_string\"}}],\"inLanguage\":\"en-US\"},{\"@type\":\"Organization\",\"@id\":\"https:\/\/www.ftepeyac.com.mx\/#organization\",\"name\":\"Fertilizantes Tepeyac | Soluciones en Nutrici\u00f3n Vegetal y Protecci\u00f3n de Cultivos\",\"url\":\"https:\/\/www.ftepeyac.com.mx\/\",\"logo\":{\"@type\":\"ImageObject\",\"inLanguage\":\"en-US\",\"@id\":\"https:\/\/www.ftepeyac.com.mx\/#\/schema\/logo\/image\/\",\"url\":\"https:\/\/www.ftepeyac.com.mx\/wp-content\/uploads\/2019\/09\/tepeyac75-logo.png\",\"contentUrl\":\"https:\/\/www.ftepeyac.com.mx\/wp-content\/uploads\/2019\/09\/tepeyac75-logo.png\",\"width\":700,\"height\":150,\"caption\":\"Fertilizantes Tepeyac | Soluciones en Nutrici\u00f3n Vegetal y Protecci\u00f3n de Cultivos\"},\"image\":{\"@id\":\"https:\/\/www.ftepeyac.com.mx\/#\/schema\/logo\/image\/\"},\"sameAs\":[\"https:\/\/www.facebook.com\/tepeyacgrupo\",\"https:\/\/www.instagram.com\/fertilizantes.tepeyac\/\",\"https:\/\/mx.linkedin.com\/company\/fertilizantes-tepeyac-del-noroeste\"]}]}<\/script>\n<!-- \/ Yoast SEO plugin. -->","yoast_head_json":{"title":"Yaraliva Tropicote - Fertilizantes Tepeyac","robots":{"index":"index","follow":"follow","max-snippet":"max-snippet:-1","max-image-preview":"max-image-preview:large","max-video-preview":"max-video-preview:-1"},"canonical":"https:\/\/www.ftepeyac.com.mx\/en\/product\/yaraliva-tropicote\/","og_locale":"en_US","og_type":"article","og_title":"Yaraliva Tropicote - Fertilizantes Tepeyac","og_description":"YaraLiva TROPICOTE YaraLiva Tropicote es un fuente de Nitrato de Calcio (Nitr\u00f3geno y Calcio) granular. Con su tecnolog\u00eda \u00fanica de \u201ccoating\u201d protege al gr\u00e1nulo de las condiciones externas para poder aplicar una fuente de Nitrato de calcio altamente soluble en una aplicaci\u00f3n limpia y eficiente, ya sea con maquinaria o manual y queda listo para disolverse cuando entra en contacto con el suelo en condiciones h\u00famedas (capacidad de campo) \u00f3 de roc\u00edo nocturno. - Virtualmente libre de metales pesados. Tranquilidad para ti y tus clientes. - Recubrimiento de \u00faltima generaci\u00f3n, para evitar compactaci\u00f3n y mermas en el almac\u00e9n y en el campo. - Amigable con el medio ambiente: El Carbon Footprint de Calcinit es 80% menor al de los otros Nitratos de Calcio del mercado mundial. - Producido en Noruega, en las plantas de Yara bajo los m\u00e1s altos est\u00e1ndares de calidad.  Cultivos:  Fabricante: Greenhow Hoja de seguridad  Ficha t\u00e9cnica [...]Read More...","og_url":"https:\/\/www.ftepeyac.com.mx\/en\/product\/yaraliva-tropicote\/","og_site_name":"Fertilizantes Tepeyac","article_publisher":"https:\/\/www.facebook.com\/tepeyacgrupo","article_modified_time":"2026-02-20T16:22:30+00:00","og_image":[{"width":600,"height":600,"url":"https:\/\/www.ftepeyac.com.mx\/wp-content\/uploads\/2021\/05\/Yaraliva_tropicote.jpg","type":"image\/jpeg"}],"twitter_card":"summary_large_image","schema":{"@context":"https:\/\/schema.org","@graph":[{"@type":"WebPage","@id":"https:\/\/www.ftepeyac.com.mx\/producto\/yaraliva-tropicote\/","url":"https:\/\/www.ftepeyac.com.mx\/producto\/yaraliva-tropicote\/","name":"Yaraliva Tropicote - Fertilizantes Tepeyac","isPartOf":{"@id":"https:\/\/www.ftepeyac.com.mx\/#website"},"primaryImageOfPage":{"@id":"https:\/\/www.ftepeyac.com.mx\/producto\/yaraliva-tropicote\/#primaryimage"},"image":{"@id":"https:\/\/www.ftepeyac.com.mx\/producto\/yaraliva-tropicote\/#primaryimage"},"thumbnailUrl":"https:\/\/www.ftepeyac.com.mx\/wp-content\/uploads\/2021\/05\/Yaraliva_tropicote.jpg","datePublished":"2021-05-12T10:08:26+00:00","dateModified":"2026-02-20T16:22:30+00:00","breadcrumb":{"@id":"https:\/\/www.ftepeyac.com.mx\/producto\/yaraliva-tropicote\/#breadcrumb"},"inLanguage":"en-US","potentialAction":[{"@type":"ReadAction","target":["https:\/\/www.ftepeyac.com.mx\/producto\/yaraliva-tropicote\/"]}]},{"@type":"ImageObject","inLanguage":"en-US","@id":"https:\/\/www.ftepeyac.com.mx\/producto\/yaraliva-tropicote\/#primaryimage","url":"https:\/\/www.ftepeyac.com.mx\/wp-content\/uploads\/2021\/05\/Yaraliva_tropicote.jpg","contentUrl":"https:\/\/www.ftepeyac.com.mx\/wp-content\/uploads\/2021\/05\/Yaraliva_tropicote.jpg","width":600,"height":600,"caption":"Yaraliva_tropicote"},{"@type":"BreadcrumbList","@id":"https:\/\/www.ftepeyac.com.mx\/producto\/yaraliva-tropicote\/#breadcrumb","itemListElement":[{"@type":"ListItem","position":1,"name":"Portada","item":"https:\/\/www.ftepeyac.com.mx\/"},{"@type":"ListItem","position":2,"name":"Productos","item":"https:\/\/www.ftepeyac.com.mx\/shop\/"},{"@type":"ListItem","position":3,"name":"Yaraliva Tropicote"}]},{"@type":"WebSite","@id":"https:\/\/www.ftepeyac.com.mx\/#website","url":"https:\/\/www.ftepeyac.com.mx\/","name":"Fertilizantes Tepeyac | Soluciones en Nutrici\u00f3n Vegetal y Protecci\u00f3n de Cultivos","description":"Ofrecemos un gran cat\u00e1logo de soluciones en agricultura, nos distinguimos por nuestra atenci\u00f3n personalizada sin intermediarios.","publisher":{"@id":"https:\/\/www.ftepeyac.com.mx\/#organization"},"potentialAction":[{"@type":"SearchAction","target":{"@type":"EntryPoint","urlTemplate":"https:\/\/www.ftepeyac.com.mx\/?s={search_term_string}"},"query-input":{"@type":"PropertyValueSpecification","valueRequired":true,"valueName":"search_term_string"}}],"inLanguage":"en-US"},{"@type":"Organization","@id":"https:\/\/www.ftepeyac.com.mx\/#organization","name":"Fertilizantes Tepeyac | Soluciones en Nutrici\u00f3n Vegetal y Protecci\u00f3n de Cultivos","url":"https:\/\/www.ftepeyac.com.mx\/","logo":{"@type":"ImageObject","inLanguage":"en-US","@id":"https:\/\/www.ftepeyac.com.mx\/#\/schema\/logo\/image\/","url":"https:\/\/www.ftepeyac.com.mx\/wp-content\/uploads\/2019\/09\/tepeyac75-logo.png","contentUrl":"https:\/\/www.ftepeyac.com.mx\/wp-content\/uploads\/2019\/09\/tepeyac75-logo.png","width":700,"height":150,"caption":"Fertilizantes Tepeyac | Soluciones en Nutrici\u00f3n Vegetal y Protecci\u00f3n de Cultivos"},"image":{"@id":"https:\/\/www.ftepeyac.com.mx\/#\/schema\/logo\/image\/"},"sameAs":["https:\/\/www.facebook.com\/tepeyacgrupo","https:\/\/www.instagram.com\/fertilizantes.tepeyac\/","https:\/\/mx.linkedin.com\/company\/fertilizantes-tepeyac-del-noroeste"]}]}},"_links":{"self":[{"href":"https:\/\/www.ftepeyac.com.mx\/en\/wp-json\/wp\/v2\/product\/3863","targetHints":{"allow":["GET"]}}],"collection":[{"href":"https:\/\/www.ftepeyac.com.mx\/en\/wp-json\/wp\/v2\/product"}],"about":[{"href":"https:\/\/www.ftepeyac.com.mx\/en\/wp-json\/wp\/v2\/types\/product"}],"replies":[{"embeddable":true,"href":"https:\/\/www.ftepeyac.com.mx\/en\/wp-json\/wp\/v2\/comments?post=3863"}],"wp:featuredmedia":[{"embeddable":true,"href":"https:\/\/www.ftepeyac.com.mx\/en\/wp-json\/wp\/v2\/media\/3859"}],"wp:attachment":[{"href":"https:\/\/www.ftepeyac.com.mx\/en\/wp-json\/wp\/v2\/media?parent=3863"}],"wp:term":[{"taxonomy":"product_brand","embeddable":true,"href":"https:\/\/www.ftepeyac.com.mx\/en\/wp-json\/wp\/v2\/product_brand?post=3863"},{"taxonomy":"product_cat","embeddable":true,"href":"https:\/\/www.ftepeyac.com.mx\/en\/wp-json\/wp\/v2\/product_cat?post=3863"},{"taxonomy":"product_tag","embeddable":true,"href":"https:\/\/www.ftepeyac.com.mx\/en\/wp-json\/wp\/v2\/product_tag?post=3863"}],"curies":[{"name":"wp","href":"https:\/\/api.w.org\/{rel}","templated":true}]}}