{"id":4169,"date":"2021-05-19T18:39:37","date_gmt":"2021-05-19T18:39:37","guid":{"rendered":"https:\/\/www.ftepeyac.com.mx\/?post_type=product&#038;p=4169"},"modified":"2026-04-07T00:11:16","modified_gmt":"2026-04-07T00:11:16","slug":"super-fosforo-simple-granulado","status":"publish","type":"product","link":"https:\/\/www.ftepeyac.com.mx\/en\/product\/super-fosforo-simple-granulado\/","title":{"rendered":"Super F\u00f3sforo Simple Granulado"},"content":{"rendered":"","protected":false},"excerpt":{"rendered":"<h4>Super F\u00f3sforo Simple Granulado<\/h4>\n<p class=\"no-show\">El f\u00f3sforo desempe\u00f1a un papel importante en la fotos\u00edntesis, la respiraci\u00f3n, el almacenamiento y transferencia de energ\u00eda, la divisi\u00f3n y el crecimiento celular y otros procesos de las plantas. El f\u00f3sforo aportado, en un 100% asimilable por las plantas, del que un porcentaje muy elevado (m\u00e1s del 95%) es soluble en agua y pasa directamente a la soluci\u00f3n de suelo, garantiza un excelente resultado agron\u00f3mico. La fertilizaci\u00f3n con f\u00f3sforo es clave, no s\u00f3lo para restituir los niveles de nutriente en el suelo, sino tambi\u00e9n para obtener plantas m\u00e1s vigorosas y promover la r\u00e1pida formaci\u00f3n y crecimiento de las ra\u00edces, haci\u00e9ndolas m\u00e1s resistentes a la falta de agua. El f\u00f3sforo tambi\u00e9n mejora la calidad de frutas y granos, siendo vital para la formaci\u00f3n de las semillas. La deficiencia de f\u00f3sforo retarda la madurez del cultivo. Aporta adem\u00e1s dos elementos nutrientes secundarios, como son el azufre (S) y el calcio (C).<\/p>\n<p class=\"no-show\"><strong style=\"font-weight: 600;\">Presentation:<\/strong> Sacos 25 Kg, 50 Kg y granel.<\/p>\n<p class=\"no-show\"><strong style=\"font-weight: 600;\">Crops:<\/strong><\/p>\n<p><img decoding=\"async\" class=\"no-show\" src=\"https:\/\/www.ftepeyac.com.mx\/wp-content\/uploads\/2021\/05\/Super-fosforo-simple-cultivos.png\" alt=\"super_fosforo_cultivos\" \/><\/p>\n<p class=\"no-show\"><strong style=\"font-weight: 600;\">Manufacturer:<\/strong> Diversos or\u00edgenes internacionales de Alta Calidad.<\/p>\n<p> [&#8230;]<\/p>\n<p><a class=\"btn btn-secondary understrap-read-more-link\" href=\"https:\/\/www.ftepeyac.com.mx\/en\/product\/super-fosforo-simple-granulado\/\">Read More&#8230;<\/a><\/p>","protected":false},"featured_media":0,"comment_status":"open","ping_status":"closed","template":"","meta":{"inline_featured_image":false},"product_brand":[],"product_cat":[66],"product_tag":[],"class_list":{"0":"post-4169","1":"product","2":"type-product","3":"status-publish","5":"product_cat-fertilizantes-solidos","7":"first","8":"instock","9":"shipping-taxable","10":"product-type-simple"},"yoast_head":"<!-- This site is optimized with the Yoast SEO plugin v24.9 - https:\/\/yoast.com\/wordpress\/plugins\/seo\/ -->\n<title>Super F\u00f3sforo Simple Granulado - Fertilizantes Tepeyac<\/title>\n<meta name=\"robots\" content=\"index, follow, max-snippet:-1, max-image-preview:large, max-video-preview:-1\" \/>\n<link rel=\"canonical\" href=\"https:\/\/www.ftepeyac.com.mx\/en\/product\/super-fosforo-simple-granulado\/\" \/>\n<meta property=\"og:locale\" content=\"en_US\" \/>\n<meta property=\"og:type\" content=\"article\" \/>\n<meta property=\"og:title\" content=\"Super F\u00f3sforo Simple Granulado - Fertilizantes Tepeyac\" \/>\n<meta property=\"og:description\" content=\"Super F\u00f3sforo Simple Granulado El f\u00f3sforo desempe\u00f1a un papel importante en la fotos\u00edntesis, la respiraci\u00f3n, el almacenamiento y transferencia de energ\u00eda, la divisi\u00f3n y el crecimiento celular y otros procesos de las plantas. El f\u00f3sforo aportado, en un 100% asimilable por las plantas, del que un porcentaje muy elevado (m\u00e1s del 95%) es soluble en agua y pasa directamente a la soluci\u00f3n de suelo, garantiza un excelente resultado agron\u00f3mico. La fertilizaci\u00f3n con f\u00f3sforo es clave, no s\u00f3lo para restituir los niveles de nutriente en el suelo, sino tambi\u00e9n para obtener plantas m\u00e1s vigorosas y promover la r\u00e1pida formaci\u00f3n y crecimiento de las ra\u00edces, haci\u00e9ndolas m\u00e1s resistentes a la falta de agua. El f\u00f3sforo tambi\u00e9n mejora la calidad de frutas y granos, siendo vital para la formaci\u00f3n de las semillas. La deficiencia de f\u00f3sforo retarda la madurez del cultivo. Aporta adem\u00e1s dos elementos nutrientes secundarios, como son el azufre (S) y el calcio (C). Presentaci\u00f3n: Sacos 25 Kg, 50 Kg y granel. Cultivos:  Fabricante: Diversos or\u00edgenes internacionales de Alta Calidad. [...]Read More...\" \/>\n<meta property=\"og:url\" content=\"https:\/\/www.ftepeyac.com.mx\/en\/product\/super-fosforo-simple-granulado\/\" \/>\n<meta property=\"og:site_name\" content=\"Fertilizantes Tepeyac\" \/>\n<meta property=\"article:publisher\" content=\"https:\/\/www.facebook.com\/tepeyacgrupo\" \/>\n<meta property=\"article:modified_time\" content=\"2026-04-07T00:11:16+00:00\" \/>\n<meta name=\"twitter:card\" content=\"summary_large_image\" \/>\n<script type=\"application\/ld+json\" class=\"yoast-schema-graph\">{\"@context\":\"https:\/\/schema.org\",\"@graph\":[{\"@type\":\"WebPage\",\"@id\":\"https:\/\/www.ftepeyac.com.mx\/producto\/super-fosforo-simple-granulado\/\",\"url\":\"https:\/\/www.ftepeyac.com.mx\/producto\/super-fosforo-simple-granulado\/\",\"name\":\"Super F\u00f3sforo Simple Granulado - Fertilizantes Tepeyac\",\"isPartOf\":{\"@id\":\"https:\/\/www.ftepeyac.com.mx\/#website\"},\"datePublished\":\"2021-05-19T18:39:37+00:00\",\"dateModified\":\"2026-04-07T00:11:16+00:00\",\"breadcrumb\":{\"@id\":\"https:\/\/www.ftepeyac.com.mx\/producto\/super-fosforo-simple-granulado\/#breadcrumb\"},\"inLanguage\":\"en-US\",\"potentialAction\":[{\"@type\":\"ReadAction\",\"target\":[\"https:\/\/www.ftepeyac.com.mx\/producto\/super-fosforo-simple-granulado\/\"]}]},{\"@type\":\"BreadcrumbList\",\"@id\":\"https:\/\/www.ftepeyac.com.mx\/producto\/super-fosforo-simple-granulado\/#breadcrumb\",\"itemListElement\":[{\"@type\":\"ListItem\",\"position\":1,\"name\":\"Portada\",\"item\":\"https:\/\/www.ftepeyac.com.mx\/\"},{\"@type\":\"ListItem\",\"position\":2,\"name\":\"Productos\",\"item\":\"https:\/\/www.ftepeyac.com.mx\/shop\/\"},{\"@type\":\"ListItem\",\"position\":3,\"name\":\"Super F\u00f3sforo Simple Granulado\"}]},{\"@type\":\"WebSite\",\"@id\":\"https:\/\/www.ftepeyac.com.mx\/#website\",\"url\":\"https:\/\/www.ftepeyac.com.mx\/\",\"name\":\"Fertilizantes Tepeyac | Soluciones en Nutrici\u00f3n Vegetal y Protecci\u00f3n de Cultivos\",\"description\":\"Ofrecemos un gran cat\u00e1logo de soluciones en agricultura, nos distinguimos por nuestra atenci\u00f3n personalizada sin intermediarios.\",\"publisher\":{\"@id\":\"https:\/\/www.ftepeyac.com.mx\/#organization\"},\"potentialAction\":[{\"@type\":\"SearchAction\",\"target\":{\"@type\":\"EntryPoint\",\"urlTemplate\":\"https:\/\/www.ftepeyac.com.mx\/?s={search_term_string}\"},\"query-input\":{\"@type\":\"PropertyValueSpecification\",\"valueRequired\":true,\"valueName\":\"search_term_string\"}}],\"inLanguage\":\"en-US\"},{\"@type\":\"Organization\",\"@id\":\"https:\/\/www.ftepeyac.com.mx\/#organization\",\"name\":\"Fertilizantes Tepeyac | Soluciones en Nutrici\u00f3n Vegetal y Protecci\u00f3n de Cultivos\",\"url\":\"https:\/\/www.ftepeyac.com.mx\/\",\"logo\":{\"@type\":\"ImageObject\",\"inLanguage\":\"en-US\",\"@id\":\"https:\/\/www.ftepeyac.com.mx\/#\/schema\/logo\/image\/\",\"url\":\"https:\/\/www.ftepeyac.com.mx\/wp-content\/uploads\/2019\/09\/tepeyac75-logo.png\",\"contentUrl\":\"https:\/\/www.ftepeyac.com.mx\/wp-content\/uploads\/2019\/09\/tepeyac75-logo.png\",\"width\":700,\"height\":150,\"caption\":\"Fertilizantes Tepeyac | Soluciones en Nutrici\u00f3n Vegetal y Protecci\u00f3n de Cultivos\"},\"image\":{\"@id\":\"https:\/\/www.ftepeyac.com.mx\/#\/schema\/logo\/image\/\"},\"sameAs\":[\"https:\/\/www.facebook.com\/tepeyacgrupo\",\"https:\/\/www.instagram.com\/fertilizantes.tepeyac\/\",\"https:\/\/mx.linkedin.com\/company\/fertilizantes-tepeyac-del-noroeste\"]}]}<\/script>\n<!-- \/ Yoast SEO plugin. -->","yoast_head_json":{"title":"Super F\u00f3sforo Simple Granulado - Fertilizantes Tepeyac","robots":{"index":"index","follow":"follow","max-snippet":"max-snippet:-1","max-image-preview":"max-image-preview:large","max-video-preview":"max-video-preview:-1"},"canonical":"https:\/\/www.ftepeyac.com.mx\/en\/product\/super-fosforo-simple-granulado\/","og_locale":"en_US","og_type":"article","og_title":"Super F\u00f3sforo Simple Granulado - Fertilizantes Tepeyac","og_description":"Super F\u00f3sforo Simple Granulado El f\u00f3sforo desempe\u00f1a un papel importante en la fotos\u00edntesis, la respiraci\u00f3n, el almacenamiento y transferencia de energ\u00eda, la divisi\u00f3n y el crecimiento celular y otros procesos de las plantas. El f\u00f3sforo aportado, en un 100% asimilable por las plantas, del que un porcentaje muy elevado (m\u00e1s del 95%) es soluble en agua y pasa directamente a la soluci\u00f3n de suelo, garantiza un excelente resultado agron\u00f3mico. La fertilizaci\u00f3n con f\u00f3sforo es clave, no s\u00f3lo para restituir los niveles de nutriente en el suelo, sino tambi\u00e9n para obtener plantas m\u00e1s vigorosas y promover la r\u00e1pida formaci\u00f3n y crecimiento de las ra\u00edces, haci\u00e9ndolas m\u00e1s resistentes a la falta de agua. El f\u00f3sforo tambi\u00e9n mejora la calidad de frutas y granos, siendo vital para la formaci\u00f3n de las semillas. La deficiencia de f\u00f3sforo retarda la madurez del cultivo. Aporta adem\u00e1s dos elementos nutrientes secundarios, como son el azufre (S) y el calcio (C). Presentaci\u00f3n: Sacos 25 Kg, 50 Kg y granel. Cultivos:  Fabricante: Diversos or\u00edgenes internacionales de Alta Calidad. [...]Read More...","og_url":"https:\/\/www.ftepeyac.com.mx\/en\/product\/super-fosforo-simple-granulado\/","og_site_name":"Fertilizantes Tepeyac","article_publisher":"https:\/\/www.facebook.com\/tepeyacgrupo","article_modified_time":"2026-04-07T00:11:16+00:00","twitter_card":"summary_large_image","schema":{"@context":"https:\/\/schema.org","@graph":[{"@type":"WebPage","@id":"https:\/\/www.ftepeyac.com.mx\/producto\/super-fosforo-simple-granulado\/","url":"https:\/\/www.ftepeyac.com.mx\/producto\/super-fosforo-simple-granulado\/","name":"Super F\u00f3sforo Simple Granulado - Fertilizantes Tepeyac","isPartOf":{"@id":"https:\/\/www.ftepeyac.com.mx\/#website"},"datePublished":"2021-05-19T18:39:37+00:00","dateModified":"2026-04-07T00:11:16+00:00","breadcrumb":{"@id":"https:\/\/www.ftepeyac.com.mx\/producto\/super-fosforo-simple-granulado\/#breadcrumb"},"inLanguage":"en-US","potentialAction":[{"@type":"ReadAction","target":["https:\/\/www.ftepeyac.com.mx\/producto\/super-fosforo-simple-granulado\/"]}]},{"@type":"BreadcrumbList","@id":"https:\/\/www.ftepeyac.com.mx\/producto\/super-fosforo-simple-granulado\/#breadcrumb","itemListElement":[{"@type":"ListItem","position":1,"name":"Portada","item":"https:\/\/www.ftepeyac.com.mx\/"},{"@type":"ListItem","position":2,"name":"Productos","item":"https:\/\/www.ftepeyac.com.mx\/shop\/"},{"@type":"ListItem","position":3,"name":"Super F\u00f3sforo Simple Granulado"}]},{"@type":"WebSite","@id":"https:\/\/www.ftepeyac.com.mx\/#website","url":"https:\/\/www.ftepeyac.com.mx\/","name":"Fertilizantes Tepeyac | Soluciones en Nutrici\u00f3n Vegetal y Protecci\u00f3n de Cultivos","description":"Ofrecemos un gran cat\u00e1logo de soluciones en agricultura, nos distinguimos por nuestra atenci\u00f3n personalizada sin intermediarios.","publisher":{"@id":"https:\/\/www.ftepeyac.com.mx\/#organization"},"potentialAction":[{"@type":"SearchAction","target":{"@type":"EntryPoint","urlTemplate":"https:\/\/www.ftepeyac.com.mx\/?s={search_term_string}"},"query-input":{"@type":"PropertyValueSpecification","valueRequired":true,"valueName":"search_term_string"}}],"inLanguage":"en-US"},{"@type":"Organization","@id":"https:\/\/www.ftepeyac.com.mx\/#organization","name":"Fertilizantes Tepeyac | Soluciones en Nutrici\u00f3n Vegetal y Protecci\u00f3n de Cultivos","url":"https:\/\/www.ftepeyac.com.mx\/","logo":{"@type":"ImageObject","inLanguage":"en-US","@id":"https:\/\/www.ftepeyac.com.mx\/#\/schema\/logo\/image\/","url":"https:\/\/www.ftepeyac.com.mx\/wp-content\/uploads\/2019\/09\/tepeyac75-logo.png","contentUrl":"https:\/\/www.ftepeyac.com.mx\/wp-content\/uploads\/2019\/09\/tepeyac75-logo.png","width":700,"height":150,"caption":"Fertilizantes Tepeyac | Soluciones en Nutrici\u00f3n Vegetal y Protecci\u00f3n de Cultivos"},"image":{"@id":"https:\/\/www.ftepeyac.com.mx\/#\/schema\/logo\/image\/"},"sameAs":["https:\/\/www.facebook.com\/tepeyacgrupo","https:\/\/www.instagram.com\/fertilizantes.tepeyac\/","https:\/\/mx.linkedin.com\/company\/fertilizantes-tepeyac-del-noroeste"]}]}},"_links":{"self":[{"href":"https:\/\/www.ftepeyac.com.mx\/en\/wp-json\/wp\/v2\/product\/4169","targetHints":{"allow":["GET"]}}],"collection":[{"href":"https:\/\/www.ftepeyac.com.mx\/en\/wp-json\/wp\/v2\/product"}],"about":[{"href":"https:\/\/www.ftepeyac.com.mx\/en\/wp-json\/wp\/v2\/types\/product"}],"replies":[{"embeddable":true,"href":"https:\/\/www.ftepeyac.com.mx\/en\/wp-json\/wp\/v2\/comments?post=4169"}],"wp:attachment":[{"href":"https:\/\/www.ftepeyac.com.mx\/en\/wp-json\/wp\/v2\/media?parent=4169"}],"wp:term":[{"taxonomy":"product_brand","embeddable":true,"href":"https:\/\/www.ftepeyac.com.mx\/en\/wp-json\/wp\/v2\/product_brand?post=4169"},{"taxonomy":"product_cat","embeddable":true,"href":"https:\/\/www.ftepeyac.com.mx\/en\/wp-json\/wp\/v2\/product_cat?post=4169"},{"taxonomy":"product_tag","embeddable":true,"href":"https:\/\/www.ftepeyac.com.mx\/en\/wp-json\/wp\/v2\/product_tag?post=4169"}],"curies":[{"name":"wp","href":"https:\/\/api.w.org\/{rel}","templated":true}]}}