{"id":4178,"date":"2021-05-19T19:18:12","date_gmt":"2021-05-19T19:18:12","guid":{"rendered":"https:\/\/www.ftepeyac.com.mx\/?post_type=product&#038;p=4178"},"modified":"2025-07-06T23:14:58","modified_gmt":"2025-07-06T23:14:58","slug":"sulfo-nitrato-envasado","status":"publish","type":"product","link":"https:\/\/www.ftepeyac.com.mx\/en\/product\/sulfo-nitrato-envasado\/","title":{"rendered":"Sulfo Nitrato Envasado"},"content":{"rendered":"","protected":false},"excerpt":{"rendered":"<h4>Sulfo Nitrato Envasado<\/h4>\n<p class=\"no-show\">Es un fertilizante a base de nitrato de amonio, enriquecido con azufre en forma de sulfato soluble, por lo que presenta las siguientes ventajas sobre otros fertilizantes nitrogenados: [1] Aporta nitr\u00f3geno en forma de nitratos (NO3-) y en forma amoniacal (NH4+) en conjunto con azufre en forma de sulfato (SO4=) los cuales participan en el metabolismo de las plantas; [2] Corrige r\u00e1pidamente la deficiencia de nitr\u00f3geno y su efecto residual es \u00e1cido; [3] Al aplicarse en presencia de humedad, se incorpora r\u00e1pidamente al medio acuoso presente en el suelo, genera cambios ligeros y por corto tiempo en la acidez (pH), que inducen la multiplicaci\u00f3n de la microflora, la aceleraci\u00f3n del desdoblamiento de la materia org\u00e1nica y la liberaci\u00f3n de nutrimentos nativos, incrementando as\u00ed la fertilidad del suelo. Todo ello, se traduce en un mayor rendimiento y calidad de las cosechas.<\/p>\n<p class=\"no-show\"><strong style=\"font-weight: 600;\">Crops:<\/strong><\/p>\n<p><img decoding=\"async\" class=\"alignnone size-full wp-image-4146 no-show\" <img src=\"https:\/\/www.ftepeyac.com.mx\/wp-content\/uploads\/2021\/05\/urea_granular_cultivos.png\" alt=\"urea_granular_cultivos\" width=\"195\" height=\"61\" \/><\/p>\n<p class=\"no-show\"><strong style=\"font-weight: 600;\">Manufacturer:<\/strong> Diversos or\u00edgenes internacionales de Alta Calidad.<\/p>\n<p><a href=\"https:\/\/www.ftepeyac.com.mx\/wp-content\/uploads\/2019\/09\/HDS-SULFONIT.pdf\" class=\"no-show\" target=\"_blank\" rel=\"noopener\">Hoja de Seguridad<\/a><\/p>\n<p><a href=\"https:\/\/www.ftepeyac.com.mx\/wp-content\/uploads\/2019\/09\/sulfo_de_intrato_ficha_tecnica.pdf\" class=\"no-show\" target=\"_blank\" rel=\"noopener\">Ficha T\u00e9cnica<\/a> [&#8230;]<\/p>\n<p><a class=\"btn btn-secondary understrap-read-more-link\" href=\"https:\/\/www.ftepeyac.com.mx\/en\/product\/sulfo-nitrato-envasado\/\">Read More&#8230;<\/a><\/p>","protected":false},"featured_media":7203,"comment_status":"open","ping_status":"closed","template":"","meta":{"inline_featured_image":false},"product_brand":[],"product_cat":[66],"product_tag":[],"class_list":{"0":"post-4178","1":"product","2":"type-product","3":"status-publish","4":"has-post-thumbnail","6":"product_cat-fertilizantes-solidos","8":"first","9":"instock","10":"shipping-taxable","11":"product-type-simple"},"yoast_head":"<!-- This site is optimized with the Yoast SEO plugin v24.9 - https:\/\/yoast.com\/wordpress\/plugins\/seo\/ -->\n<title>Sulfo Nitrato Envasado - Fertilizantes Tepeyac<\/title>\n<meta name=\"robots\" content=\"index, follow, max-snippet:-1, max-image-preview:large, max-video-preview:-1\" \/>\n<link rel=\"canonical\" href=\"https:\/\/www.ftepeyac.com.mx\/en\/product\/sulfo-nitrato-envasado\/\" \/>\n<meta property=\"og:locale\" content=\"en_US\" \/>\n<meta property=\"og:type\" content=\"article\" \/>\n<meta property=\"og:title\" content=\"Sulfo Nitrato Envasado - Fertilizantes Tepeyac\" \/>\n<meta property=\"og:description\" content=\"Sulfo Nitrato Envasado Es un fertilizante a base de nitrato de amonio, enriquecido con azufre en forma de sulfato soluble, por lo que presenta las siguientes ventajas sobre otros fertilizantes nitrogenados: [1] Aporta nitr\u00f3geno en forma de nitratos (NO3-) y en forma amoniacal (NH4+) en conjunto con azufre en forma de sulfato (SO4=) los cuales participan en el metabolismo de las plantas; [2] Corrige r\u00e1pidamente la deficiencia de nitr\u00f3geno y su efecto residual es \u00e1cido; [3] Al aplicarse en presencia de humedad, se incorpora r\u00e1pidamente al medio acuoso presente en el suelo, genera cambios ligeros y por corto tiempo en la acidez (pH), que inducen la multiplicaci\u00f3n de la microflora, la aceleraci\u00f3n del desdoblamiento de la materia org\u00e1nica y la liberaci\u00f3n de nutrimentos nativos, incrementando as\u00ed la fertilidad del suelo. Todo ello, se traduce en un mayor rendimiento y calidad de las cosechas. Cultivos:\" \/>\n<meta property=\"og:url\" content=\"https:\/\/www.ftepeyac.com.mx\/en\/product\/sulfo-nitrato-envasado\/\" \/>\n<meta property=\"og:site_name\" content=\"Fertilizantes Tepeyac\" \/>\n<meta property=\"article:publisher\" content=\"https:\/\/www.facebook.com\/tepeyacgrupo\" \/>\n<meta property=\"article:modified_time\" content=\"2025-07-06T23:14:58+00:00\" \/>\n<meta property=\"og:image\" content=\"https:\/\/www.ftepeyac.com.mx\/wp-content\/uploads\/2019\/09\/sulfonitrato.jpg\" \/>\n\t<meta property=\"og:image:width\" content=\"600\" \/>\n\t<meta property=\"og:image:height\" content=\"600\" \/>\n\t<meta property=\"og:image:type\" content=\"image\/jpeg\" \/>\n<meta name=\"twitter:card\" content=\"summary_large_image\" \/>\n<meta name=\"twitter:label1\" content=\"Est. reading time\" \/>\n\t<meta name=\"twitter:data1\" content=\"1 minute\" \/>\n<script type=\"application\/ld+json\" class=\"yoast-schema-graph\">{\"@context\":\"https:\/\/schema.org\",\"@graph\":[{\"@type\":\"WebPage\",\"@id\":\"https:\/\/www.ftepeyac.com.mx\/producto\/sulfo-nitrato-envasado\/\",\"url\":\"https:\/\/www.ftepeyac.com.mx\/producto\/sulfo-nitrato-envasado\/\",\"name\":\"Sulfo Nitrato Envasado - Fertilizantes Tepeyac\",\"isPartOf\":{\"@id\":\"https:\/\/www.ftepeyac.com.mx\/#website\"},\"primaryImageOfPage\":{\"@id\":\"https:\/\/www.ftepeyac.com.mx\/producto\/sulfo-nitrato-envasado\/#primaryimage\"},\"image\":{\"@id\":\"https:\/\/www.ftepeyac.com.mx\/producto\/sulfo-nitrato-envasado\/#primaryimage\"},\"thumbnailUrl\":\"https:\/\/www.ftepeyac.com.mx\/wp-content\/uploads\/2019\/09\/sulfonitrato.jpg\",\"datePublished\":\"2021-05-19T19:18:12+00:00\",\"dateModified\":\"2025-07-06T23:14:58+00:00\",\"breadcrumb\":{\"@id\":\"https:\/\/www.ftepeyac.com.mx\/producto\/sulfo-nitrato-envasado\/#breadcrumb\"},\"inLanguage\":\"en-US\",\"potentialAction\":[{\"@type\":\"ReadAction\",\"target\":[\"https:\/\/www.ftepeyac.com.mx\/producto\/sulfo-nitrato-envasado\/\"]}]},{\"@type\":\"ImageObject\",\"inLanguage\":\"en-US\",\"@id\":\"https:\/\/www.ftepeyac.com.mx\/producto\/sulfo-nitrato-envasado\/#primaryimage\",\"url\":\"https:\/\/www.ftepeyac.com.mx\/wp-content\/uploads\/2019\/09\/sulfonitrato.jpg\",\"contentUrl\":\"https:\/\/www.ftepeyac.com.mx\/wp-content\/uploads\/2019\/09\/sulfonitrato.jpg\",\"width\":600,\"height\":600},{\"@type\":\"BreadcrumbList\",\"@id\":\"https:\/\/www.ftepeyac.com.mx\/producto\/sulfo-nitrato-envasado\/#breadcrumb\",\"itemListElement\":[{\"@type\":\"ListItem\",\"position\":1,\"name\":\"Portada\",\"item\":\"https:\/\/www.ftepeyac.com.mx\/\"},{\"@type\":\"ListItem\",\"position\":2,\"name\":\"Productos\",\"item\":\"https:\/\/www.ftepeyac.com.mx\/shop\/\"},{\"@type\":\"ListItem\",\"position\":3,\"name\":\"Sulfo Nitrato Envasado\"}]},{\"@type\":\"WebSite\",\"@id\":\"https:\/\/www.ftepeyac.com.mx\/#website\",\"url\":\"https:\/\/www.ftepeyac.com.mx\/\",\"name\":\"Fertilizantes Tepeyac | Soluciones en Nutrici\u00f3n Vegetal y Protecci\u00f3n de Cultivos\",\"description\":\"Ofrecemos un gran cat\u00e1logo de soluciones en agricultura, nos distinguimos por nuestra atenci\u00f3n personalizada sin intermediarios.\",\"publisher\":{\"@id\":\"https:\/\/www.ftepeyac.com.mx\/#organization\"},\"potentialAction\":[{\"@type\":\"SearchAction\",\"target\":{\"@type\":\"EntryPoint\",\"urlTemplate\":\"https:\/\/www.ftepeyac.com.mx\/?s={search_term_string}\"},\"query-input\":{\"@type\":\"PropertyValueSpecification\",\"valueRequired\":true,\"valueName\":\"search_term_string\"}}],\"inLanguage\":\"en-US\"},{\"@type\":\"Organization\",\"@id\":\"https:\/\/www.ftepeyac.com.mx\/#organization\",\"name\":\"Fertilizantes Tepeyac | Soluciones en Nutrici\u00f3n Vegetal y Protecci\u00f3n de Cultivos\",\"url\":\"https:\/\/www.ftepeyac.com.mx\/\",\"logo\":{\"@type\":\"ImageObject\",\"inLanguage\":\"en-US\",\"@id\":\"https:\/\/www.ftepeyac.com.mx\/#\/schema\/logo\/image\/\",\"url\":\"https:\/\/www.ftepeyac.com.mx\/wp-content\/uploads\/2019\/09\/tepeyac75-logo.png\",\"contentUrl\":\"https:\/\/www.ftepeyac.com.mx\/wp-content\/uploads\/2019\/09\/tepeyac75-logo.png\",\"width\":700,\"height\":150,\"caption\":\"Fertilizantes Tepeyac | Soluciones en Nutrici\u00f3n Vegetal y Protecci\u00f3n de Cultivos\"},\"image\":{\"@id\":\"https:\/\/www.ftepeyac.com.mx\/#\/schema\/logo\/image\/\"},\"sameAs\":[\"https:\/\/www.facebook.com\/tepeyacgrupo\",\"https:\/\/www.instagram.com\/fertilizantes.tepeyac\/\",\"https:\/\/mx.linkedin.com\/company\/fertilizantes-tepeyac-del-noroeste\"]}]}<\/script>\n<!-- \/ Yoast SEO plugin. -->","yoast_head_json":{"title":"Sulfo Nitrato Envasado - Fertilizantes Tepeyac","robots":{"index":"index","follow":"follow","max-snippet":"max-snippet:-1","max-image-preview":"max-image-preview:large","max-video-preview":"max-video-preview:-1"},"canonical":"https:\/\/www.ftepeyac.com.mx\/en\/product\/sulfo-nitrato-envasado\/","og_locale":"en_US","og_type":"article","og_title":"Sulfo Nitrato Envasado - Fertilizantes Tepeyac","og_description":"Sulfo Nitrato Envasado Es un fertilizante a base de nitrato de amonio, enriquecido con azufre en forma de sulfato soluble, por lo que presenta las siguientes ventajas sobre otros fertilizantes nitrogenados: [1] Aporta nitr\u00f3geno en forma de nitratos (NO3-) y en forma amoniacal (NH4+) en conjunto con azufre en forma de sulfato (SO4=) los cuales participan en el metabolismo de las plantas; [2] Corrige r\u00e1pidamente la deficiencia de nitr\u00f3geno y su efecto residual es \u00e1cido; [3] Al aplicarse en presencia de humedad, se incorpora r\u00e1pidamente al medio acuoso presente en el suelo, genera cambios ligeros y por corto tiempo en la acidez (pH), que inducen la multiplicaci\u00f3n de la microflora, la aceleraci\u00f3n del desdoblamiento de la materia org\u00e1nica y la liberaci\u00f3n de nutrimentos nativos, incrementando as\u00ed la fertilidad del suelo. Todo ello, se traduce en un mayor rendimiento y calidad de las cosechas. Cultivos:","og_url":"https:\/\/www.ftepeyac.com.mx\/en\/product\/sulfo-nitrato-envasado\/","og_site_name":"Fertilizantes Tepeyac","article_publisher":"https:\/\/www.facebook.com\/tepeyacgrupo","article_modified_time":"2025-07-06T23:14:58+00:00","og_image":[{"width":600,"height":600,"url":"https:\/\/www.ftepeyac.com.mx\/wp-content\/uploads\/2019\/09\/sulfonitrato.jpg","type":"image\/jpeg"}],"twitter_card":"summary_large_image","twitter_misc":{"Est. reading time":"1 minute"},"schema":{"@context":"https:\/\/schema.org","@graph":[{"@type":"WebPage","@id":"https:\/\/www.ftepeyac.com.mx\/producto\/sulfo-nitrato-envasado\/","url":"https:\/\/www.ftepeyac.com.mx\/producto\/sulfo-nitrato-envasado\/","name":"Sulfo Nitrato Envasado - Fertilizantes Tepeyac","isPartOf":{"@id":"https:\/\/www.ftepeyac.com.mx\/#website"},"primaryImageOfPage":{"@id":"https:\/\/www.ftepeyac.com.mx\/producto\/sulfo-nitrato-envasado\/#primaryimage"},"image":{"@id":"https:\/\/www.ftepeyac.com.mx\/producto\/sulfo-nitrato-envasado\/#primaryimage"},"thumbnailUrl":"https:\/\/www.ftepeyac.com.mx\/wp-content\/uploads\/2019\/09\/sulfonitrato.jpg","datePublished":"2021-05-19T19:18:12+00:00","dateModified":"2025-07-06T23:14:58+00:00","breadcrumb":{"@id":"https:\/\/www.ftepeyac.com.mx\/producto\/sulfo-nitrato-envasado\/#breadcrumb"},"inLanguage":"en-US","potentialAction":[{"@type":"ReadAction","target":["https:\/\/www.ftepeyac.com.mx\/producto\/sulfo-nitrato-envasado\/"]}]},{"@type":"ImageObject","inLanguage":"en-US","@id":"https:\/\/www.ftepeyac.com.mx\/producto\/sulfo-nitrato-envasado\/#primaryimage","url":"https:\/\/www.ftepeyac.com.mx\/wp-content\/uploads\/2019\/09\/sulfonitrato.jpg","contentUrl":"https:\/\/www.ftepeyac.com.mx\/wp-content\/uploads\/2019\/09\/sulfonitrato.jpg","width":600,"height":600},{"@type":"BreadcrumbList","@id":"https:\/\/www.ftepeyac.com.mx\/producto\/sulfo-nitrato-envasado\/#breadcrumb","itemListElement":[{"@type":"ListItem","position":1,"name":"Portada","item":"https:\/\/www.ftepeyac.com.mx\/"},{"@type":"ListItem","position":2,"name":"Productos","item":"https:\/\/www.ftepeyac.com.mx\/shop\/"},{"@type":"ListItem","position":3,"name":"Sulfo Nitrato Envasado"}]},{"@type":"WebSite","@id":"https:\/\/www.ftepeyac.com.mx\/#website","url":"https:\/\/www.ftepeyac.com.mx\/","name":"Fertilizantes Tepeyac | Soluciones en Nutrici\u00f3n Vegetal y Protecci\u00f3n de Cultivos","description":"Ofrecemos un gran cat\u00e1logo de soluciones en agricultura, nos distinguimos por nuestra atenci\u00f3n personalizada sin intermediarios.","publisher":{"@id":"https:\/\/www.ftepeyac.com.mx\/#organization"},"potentialAction":[{"@type":"SearchAction","target":{"@type":"EntryPoint","urlTemplate":"https:\/\/www.ftepeyac.com.mx\/?s={search_term_string}"},"query-input":{"@type":"PropertyValueSpecification","valueRequired":true,"valueName":"search_term_string"}}],"inLanguage":"en-US"},{"@type":"Organization","@id":"https:\/\/www.ftepeyac.com.mx\/#organization","name":"Fertilizantes Tepeyac | Soluciones en Nutrici\u00f3n Vegetal y Protecci\u00f3n de Cultivos","url":"https:\/\/www.ftepeyac.com.mx\/","logo":{"@type":"ImageObject","inLanguage":"en-US","@id":"https:\/\/www.ftepeyac.com.mx\/#\/schema\/logo\/image\/","url":"https:\/\/www.ftepeyac.com.mx\/wp-content\/uploads\/2019\/09\/tepeyac75-logo.png","contentUrl":"https:\/\/www.ftepeyac.com.mx\/wp-content\/uploads\/2019\/09\/tepeyac75-logo.png","width":700,"height":150,"caption":"Fertilizantes Tepeyac | Soluciones en Nutrici\u00f3n Vegetal y Protecci\u00f3n de Cultivos"},"image":{"@id":"https:\/\/www.ftepeyac.com.mx\/#\/schema\/logo\/image\/"},"sameAs":["https:\/\/www.facebook.com\/tepeyacgrupo","https:\/\/www.instagram.com\/fertilizantes.tepeyac\/","https:\/\/mx.linkedin.com\/company\/fertilizantes-tepeyac-del-noroeste"]}]}},"_links":{"self":[{"href":"https:\/\/www.ftepeyac.com.mx\/en\/wp-json\/wp\/v2\/product\/4178","targetHints":{"allow":["GET"]}}],"collection":[{"href":"https:\/\/www.ftepeyac.com.mx\/en\/wp-json\/wp\/v2\/product"}],"about":[{"href":"https:\/\/www.ftepeyac.com.mx\/en\/wp-json\/wp\/v2\/types\/product"}],"replies":[{"embeddable":true,"href":"https:\/\/www.ftepeyac.com.mx\/en\/wp-json\/wp\/v2\/comments?post=4178"}],"wp:featuredmedia":[{"embeddable":true,"href":"https:\/\/www.ftepeyac.com.mx\/en\/wp-json\/wp\/v2\/media\/7203"}],"wp:attachment":[{"href":"https:\/\/www.ftepeyac.com.mx\/en\/wp-json\/wp\/v2\/media?parent=4178"}],"wp:term":[{"taxonomy":"product_brand","embeddable":true,"href":"https:\/\/www.ftepeyac.com.mx\/en\/wp-json\/wp\/v2\/product_brand?post=4178"},{"taxonomy":"product_cat","embeddable":true,"href":"https:\/\/www.ftepeyac.com.mx\/en\/wp-json\/wp\/v2\/product_cat?post=4178"},{"taxonomy":"product_tag","embeddable":true,"href":"https:\/\/www.ftepeyac.com.mx\/en\/wp-json\/wp\/v2\/product_tag?post=4178"}],"curies":[{"name":"wp","href":"https:\/\/api.w.org\/{rel}","templated":true}]}}