{"id":4392,"date":"2021-06-04T01:10:17","date_gmt":"2021-06-04T01:10:17","guid":{"rendered":"https:\/\/www.ftepeyac.com.mx\/?post_type=product&#038;p=4392"},"modified":"2025-07-06T18:13:44","modified_gmt":"2025-07-06T18:13:44","slug":"entec-envasado","status":"publish","type":"product","link":"https:\/\/www.ftepeyac.com.mx\/en\/product\/entec-envasado\/","title":{"rendered":"Entec envasado"},"content":{"rendered":"","protected":false},"excerpt":{"rendered":"<h4>ENTEC\u00ae 26 (+32,5 SO\u2083) con azufre<\/h4>\n<p class=\"no-show\">ENTEC\u00ae 26 es un fertilizante nitrogenado estabilizado con un alto contenido en azufre, con excelentes propiedades f\u00edsicas y qu\u00edmicas: granulaci\u00f3n homog\u00e9nea, ausencia de polvo, sin N en forma ureica y elevada solubilidad. Adem\u00e1s incorpora la tecnolog\u00eda ENTEC\u00ae una de las m\u00e1s eficientes para mejorar la absorci\u00f3n de los nutrientes, especialmente del nitr\u00f3geno. La tecnolog\u00eda ENTEC\u00ae aplicada permite a los agricultores realizar un abonado m\u00e1s eficiente de sus cultivos, ya que reducir\u00e1 las p\u00e9rdidas de nitr\u00f3geno al medio ambiente (menor contaminaci\u00f3n de las aguas y la atm\u00f3sfera), que podr\u00e1 ser utilizado por los cultivos para producir m\u00e1s y de mejor calidad. Esta mayor eficiencia tambi\u00e9n le va a permitir a los agricultores ajustar la dosis de nitr\u00f3geno aplicadas para cumplir con las normativas, cada vez m\u00e1s habituales, que regulen la aplicaci\u00f3n de nitr\u00f3geno en la agricultura (por ejemplo en las zonas vulnerables a la contaminaci\u00f3n por nitratos), o, en algunos cultivos, reducir el n\u00famero de aplicaciones de fertilizantes.<\/p>\n<p class=\"no-show\"><strong style=\"font-weight: 600;\">Presentation:<\/strong> 25 Kg.<\/p>\n<p class=\"no-show\"><strong style=\"font-weight: 600;\">Crops:<\/strong><\/p>\n<p><img decoding=\"async\" class=\"no-show\" src=\"https:\/\/www.ftepeyac.com.mx\/wp-content\/uploads\/2021\/06\/Entec-cultivos.png\" alt=\"Solubles\" \/><\/p>\n<p class=\"no-show\"><strong style=\"font-weight: 600;\">Manufacturer:<\/strong> EUROCHEM<\/p>\n<p><a class=\"no-show\" href=\"https:\/\/www.ftepeyac.com.mx\/wp-content\/uploads\/2019\/09\/HDS-ENTEC26.pdf\" target=\"_blank\" rel=\"noopener\">Safety sheet<\/a><\/p>\n<p><a class=\"no-show\" href=\"https:\/\/www.ftepeyac.com.mx\/wp-content\/uploads\/2019\/09\/Entec-ficha-tecnica.pdf\" target=\"_blank\" rel=\"noopener\">Technical sheet<\/a> [&#8230;]<\/p>\n<p><a class=\"btn btn-secondary understrap-read-more-link\" href=\"https:\/\/www.ftepeyac.com.mx\/en\/product\/entec-envasado\/\">Read More&#8230;<\/a><\/p>","protected":false},"featured_media":4393,"comment_status":"open","ping_status":"closed","template":"","meta":{"inline_featured_image":false},"product_brand":[],"product_cat":[66],"product_tag":[],"class_list":{"0":"post-4392","1":"product","2":"type-product","3":"status-publish","4":"has-post-thumbnail","6":"product_cat-fertilizantes-solidos","8":"first","9":"instock","10":"shipping-taxable","11":"product-type-simple"},"yoast_head":"<!-- This site is optimized with the Yoast SEO plugin v24.9 - https:\/\/yoast.com\/wordpress\/plugins\/seo\/ -->\n<title>Entec envasado - Fertilizantes Tepeyac<\/title>\n<meta name=\"robots\" content=\"index, follow, max-snippet:-1, max-image-preview:large, max-video-preview:-1\" \/>\n<link rel=\"canonical\" href=\"https:\/\/www.ftepeyac.com.mx\/en\/product\/entec-envasado\/\" \/>\n<meta property=\"og:locale\" content=\"en_US\" \/>\n<meta property=\"og:type\" content=\"article\" \/>\n<meta property=\"og:title\" content=\"Entec envasado - Fertilizantes Tepeyac\" \/>\n<meta property=\"og:description\" content=\"ENTEC\u00ae 26 (+32,5 SO\u2083) con azufre ENTEC\u00ae 26 es un fertilizante nitrogenado estabilizado con un alto contenido en azufre, con excelentes propiedades f\u00edsicas y qu\u00edmicas: granulaci\u00f3n homog\u00e9nea, ausencia de polvo, sin N en forma ureica y elevada solubilidad. Adem\u00e1s incorpora la tecnolog\u00eda ENTEC\u00ae una de las m\u00e1s eficientes para mejorar la absorci\u00f3n de los nutrientes, especialmente del nitr\u00f3geno. La tecnolog\u00eda ENTEC\u00ae aplicada permite a los agricultores realizar un abonado m\u00e1s eficiente de sus cultivos, ya que reducir\u00e1 las p\u00e9rdidas de nitr\u00f3geno al medio ambiente (menor contaminaci\u00f3n de las aguas y la atm\u00f3sfera), que podr\u00e1 ser utilizado por los cultivos para producir m\u00e1s y de mejor calidad. Esta mayor eficiencia tambi\u00e9n le va a permitir a los agricultores ajustar la dosis de nitr\u00f3geno aplicadas para cumplir con las normativas, cada vez m\u00e1s habituales, que regulen la aplicaci\u00f3n de nitr\u00f3geno en la agricultura (por ejemplo en las zonas vulnerables a la contaminaci\u00f3n por nitratos), o, en algunos cultivos, reducir el n\u00famero de aplicaciones de fertilizantes. Presentaci\u00f3n: 25 Kg. Cultivos:  Fabricante: EUROCHEM Hoja de seguridad  Ficha t\u00e9cnica [...]Read More...\" \/>\n<meta property=\"og:url\" content=\"https:\/\/www.ftepeyac.com.mx\/en\/product\/entec-envasado\/\" \/>\n<meta property=\"og:site_name\" content=\"Fertilizantes Tepeyac\" \/>\n<meta property=\"article:publisher\" content=\"https:\/\/www.facebook.com\/tepeyacgrupo\" \/>\n<meta property=\"article:modified_time\" content=\"2025-07-06T18:13:44+00:00\" \/>\n<meta property=\"og:image\" content=\"https:\/\/www.ftepeyac.com.mx\/wp-content\/uploads\/2021\/06\/Entec-26-envasado.jpg\" \/>\n\t<meta property=\"og:image:width\" content=\"600\" \/>\n\t<meta property=\"og:image:height\" content=\"600\" \/>\n\t<meta property=\"og:image:type\" content=\"image\/jpeg\" \/>\n<meta name=\"twitter:card\" content=\"summary_large_image\" \/>\n<meta name=\"twitter:label1\" content=\"Est. reading time\" \/>\n\t<meta name=\"twitter:data1\" content=\"1 minute\" \/>\n<script type=\"application\/ld+json\" class=\"yoast-schema-graph\">{\"@context\":\"https:\/\/schema.org\",\"@graph\":[{\"@type\":\"WebPage\",\"@id\":\"https:\/\/www.ftepeyac.com.mx\/producto\/entec-envasado\/\",\"url\":\"https:\/\/www.ftepeyac.com.mx\/producto\/entec-envasado\/\",\"name\":\"Entec envasado - Fertilizantes Tepeyac\",\"isPartOf\":{\"@id\":\"https:\/\/www.ftepeyac.com.mx\/#website\"},\"primaryImageOfPage\":{\"@id\":\"https:\/\/www.ftepeyac.com.mx\/producto\/entec-envasado\/#primaryimage\"},\"image\":{\"@id\":\"https:\/\/www.ftepeyac.com.mx\/producto\/entec-envasado\/#primaryimage\"},\"thumbnailUrl\":\"https:\/\/www.ftepeyac.com.mx\/wp-content\/uploads\/2021\/06\/Entec-26-envasado.jpg\",\"datePublished\":\"2021-06-04T01:10:17+00:00\",\"dateModified\":\"2025-07-06T18:13:44+00:00\",\"breadcrumb\":{\"@id\":\"https:\/\/www.ftepeyac.com.mx\/producto\/entec-envasado\/#breadcrumb\"},\"inLanguage\":\"en-US\",\"potentialAction\":[{\"@type\":\"ReadAction\",\"target\":[\"https:\/\/www.ftepeyac.com.mx\/producto\/entec-envasado\/\"]}]},{\"@type\":\"ImageObject\",\"inLanguage\":\"en-US\",\"@id\":\"https:\/\/www.ftepeyac.com.mx\/producto\/entec-envasado\/#primaryimage\",\"url\":\"https:\/\/www.ftepeyac.com.mx\/wp-content\/uploads\/2021\/06\/Entec-26-envasado.jpg\",\"contentUrl\":\"https:\/\/www.ftepeyac.com.mx\/wp-content\/uploads\/2021\/06\/Entec-26-envasado.jpg\",\"width\":600,\"height\":600,\"caption\":\"Entec-26-envasado\"},{\"@type\":\"BreadcrumbList\",\"@id\":\"https:\/\/www.ftepeyac.com.mx\/producto\/entec-envasado\/#breadcrumb\",\"itemListElement\":[{\"@type\":\"ListItem\",\"position\":1,\"name\":\"Portada\",\"item\":\"https:\/\/www.ftepeyac.com.mx\/\"},{\"@type\":\"ListItem\",\"position\":2,\"name\":\"Productos\",\"item\":\"https:\/\/www.ftepeyac.com.mx\/shop\/\"},{\"@type\":\"ListItem\",\"position\":3,\"name\":\"Entec envasado\"}]},{\"@type\":\"WebSite\",\"@id\":\"https:\/\/www.ftepeyac.com.mx\/#website\",\"url\":\"https:\/\/www.ftepeyac.com.mx\/\",\"name\":\"Fertilizantes Tepeyac | Soluciones en Nutrici\u00f3n Vegetal y Protecci\u00f3n de Cultivos\",\"description\":\"Ofrecemos un gran cat\u00e1logo de soluciones en agricultura, nos distinguimos por nuestra atenci\u00f3n personalizada sin intermediarios.\",\"publisher\":{\"@id\":\"https:\/\/www.ftepeyac.com.mx\/#organization\"},\"potentialAction\":[{\"@type\":\"SearchAction\",\"target\":{\"@type\":\"EntryPoint\",\"urlTemplate\":\"https:\/\/www.ftepeyac.com.mx\/?s={search_term_string}\"},\"query-input\":{\"@type\":\"PropertyValueSpecification\",\"valueRequired\":true,\"valueName\":\"search_term_string\"}}],\"inLanguage\":\"en-US\"},{\"@type\":\"Organization\",\"@id\":\"https:\/\/www.ftepeyac.com.mx\/#organization\",\"name\":\"Fertilizantes Tepeyac | Soluciones en Nutrici\u00f3n Vegetal y Protecci\u00f3n de Cultivos\",\"url\":\"https:\/\/www.ftepeyac.com.mx\/\",\"logo\":{\"@type\":\"ImageObject\",\"inLanguage\":\"en-US\",\"@id\":\"https:\/\/www.ftepeyac.com.mx\/#\/schema\/logo\/image\/\",\"url\":\"https:\/\/www.ftepeyac.com.mx\/wp-content\/uploads\/2019\/09\/tepeyac75-logo.png\",\"contentUrl\":\"https:\/\/www.ftepeyac.com.mx\/wp-content\/uploads\/2019\/09\/tepeyac75-logo.png\",\"width\":700,\"height\":150,\"caption\":\"Fertilizantes Tepeyac | Soluciones en Nutrici\u00f3n Vegetal y Protecci\u00f3n de Cultivos\"},\"image\":{\"@id\":\"https:\/\/www.ftepeyac.com.mx\/#\/schema\/logo\/image\/\"},\"sameAs\":[\"https:\/\/www.facebook.com\/tepeyacgrupo\",\"https:\/\/www.instagram.com\/fertilizantes.tepeyac\/\",\"https:\/\/mx.linkedin.com\/company\/fertilizantes-tepeyac-del-noroeste\"]}]}<\/script>\n<!-- \/ Yoast SEO plugin. -->","yoast_head_json":{"title":"Entec envasado - Fertilizantes Tepeyac","robots":{"index":"index","follow":"follow","max-snippet":"max-snippet:-1","max-image-preview":"max-image-preview:large","max-video-preview":"max-video-preview:-1"},"canonical":"https:\/\/www.ftepeyac.com.mx\/en\/product\/entec-envasado\/","og_locale":"en_US","og_type":"article","og_title":"Entec envasado - Fertilizantes Tepeyac","og_description":"ENTEC\u00ae 26 (+32,5 SO\u2083) con azufre ENTEC\u00ae 26 es un fertilizante nitrogenado estabilizado con un alto contenido en azufre, con excelentes propiedades f\u00edsicas y qu\u00edmicas: granulaci\u00f3n homog\u00e9nea, ausencia de polvo, sin N en forma ureica y elevada solubilidad. Adem\u00e1s incorpora la tecnolog\u00eda ENTEC\u00ae una de las m\u00e1s eficientes para mejorar la absorci\u00f3n de los nutrientes, especialmente del nitr\u00f3geno. La tecnolog\u00eda ENTEC\u00ae aplicada permite a los agricultores realizar un abonado m\u00e1s eficiente de sus cultivos, ya que reducir\u00e1 las p\u00e9rdidas de nitr\u00f3geno al medio ambiente (menor contaminaci\u00f3n de las aguas y la atm\u00f3sfera), que podr\u00e1 ser utilizado por los cultivos para producir m\u00e1s y de mejor calidad. Esta mayor eficiencia tambi\u00e9n le va a permitir a los agricultores ajustar la dosis de nitr\u00f3geno aplicadas para cumplir con las normativas, cada vez m\u00e1s habituales, que regulen la aplicaci\u00f3n de nitr\u00f3geno en la agricultura (por ejemplo en las zonas vulnerables a la contaminaci\u00f3n por nitratos), o, en algunos cultivos, reducir el n\u00famero de aplicaciones de fertilizantes. Presentaci\u00f3n: 25 Kg. Cultivos:  Fabricante: EUROCHEM Hoja de seguridad  Ficha t\u00e9cnica [...]Read More...","og_url":"https:\/\/www.ftepeyac.com.mx\/en\/product\/entec-envasado\/","og_site_name":"Fertilizantes Tepeyac","article_publisher":"https:\/\/www.facebook.com\/tepeyacgrupo","article_modified_time":"2025-07-06T18:13:44+00:00","og_image":[{"width":600,"height":600,"url":"https:\/\/www.ftepeyac.com.mx\/wp-content\/uploads\/2021\/06\/Entec-26-envasado.jpg","type":"image\/jpeg"}],"twitter_card":"summary_large_image","twitter_misc":{"Est. reading time":"1 minute"},"schema":{"@context":"https:\/\/schema.org","@graph":[{"@type":"WebPage","@id":"https:\/\/www.ftepeyac.com.mx\/producto\/entec-envasado\/","url":"https:\/\/www.ftepeyac.com.mx\/producto\/entec-envasado\/","name":"Entec envasado - Fertilizantes Tepeyac","isPartOf":{"@id":"https:\/\/www.ftepeyac.com.mx\/#website"},"primaryImageOfPage":{"@id":"https:\/\/www.ftepeyac.com.mx\/producto\/entec-envasado\/#primaryimage"},"image":{"@id":"https:\/\/www.ftepeyac.com.mx\/producto\/entec-envasado\/#primaryimage"},"thumbnailUrl":"https:\/\/www.ftepeyac.com.mx\/wp-content\/uploads\/2021\/06\/Entec-26-envasado.jpg","datePublished":"2021-06-04T01:10:17+00:00","dateModified":"2025-07-06T18:13:44+00:00","breadcrumb":{"@id":"https:\/\/www.ftepeyac.com.mx\/producto\/entec-envasado\/#breadcrumb"},"inLanguage":"en-US","potentialAction":[{"@type":"ReadAction","target":["https:\/\/www.ftepeyac.com.mx\/producto\/entec-envasado\/"]}]},{"@type":"ImageObject","inLanguage":"en-US","@id":"https:\/\/www.ftepeyac.com.mx\/producto\/entec-envasado\/#primaryimage","url":"https:\/\/www.ftepeyac.com.mx\/wp-content\/uploads\/2021\/06\/Entec-26-envasado.jpg","contentUrl":"https:\/\/www.ftepeyac.com.mx\/wp-content\/uploads\/2021\/06\/Entec-26-envasado.jpg","width":600,"height":600,"caption":"Entec-26-envasado"},{"@type":"BreadcrumbList","@id":"https:\/\/www.ftepeyac.com.mx\/producto\/entec-envasado\/#breadcrumb","itemListElement":[{"@type":"ListItem","position":1,"name":"Portada","item":"https:\/\/www.ftepeyac.com.mx\/"},{"@type":"ListItem","position":2,"name":"Productos","item":"https:\/\/www.ftepeyac.com.mx\/shop\/"},{"@type":"ListItem","position":3,"name":"Entec envasado"}]},{"@type":"WebSite","@id":"https:\/\/www.ftepeyac.com.mx\/#website","url":"https:\/\/www.ftepeyac.com.mx\/","name":"Fertilizantes Tepeyac | Soluciones en Nutrici\u00f3n Vegetal y Protecci\u00f3n de Cultivos","description":"Ofrecemos un gran cat\u00e1logo de soluciones en agricultura, nos distinguimos por nuestra atenci\u00f3n personalizada sin intermediarios.","publisher":{"@id":"https:\/\/www.ftepeyac.com.mx\/#organization"},"potentialAction":[{"@type":"SearchAction","target":{"@type":"EntryPoint","urlTemplate":"https:\/\/www.ftepeyac.com.mx\/?s={search_term_string}"},"query-input":{"@type":"PropertyValueSpecification","valueRequired":true,"valueName":"search_term_string"}}],"inLanguage":"en-US"},{"@type":"Organization","@id":"https:\/\/www.ftepeyac.com.mx\/#organization","name":"Fertilizantes Tepeyac | Soluciones en Nutrici\u00f3n Vegetal y Protecci\u00f3n de Cultivos","url":"https:\/\/www.ftepeyac.com.mx\/","logo":{"@type":"ImageObject","inLanguage":"en-US","@id":"https:\/\/www.ftepeyac.com.mx\/#\/schema\/logo\/image\/","url":"https:\/\/www.ftepeyac.com.mx\/wp-content\/uploads\/2019\/09\/tepeyac75-logo.png","contentUrl":"https:\/\/www.ftepeyac.com.mx\/wp-content\/uploads\/2019\/09\/tepeyac75-logo.png","width":700,"height":150,"caption":"Fertilizantes Tepeyac | Soluciones en Nutrici\u00f3n Vegetal y Protecci\u00f3n de Cultivos"},"image":{"@id":"https:\/\/www.ftepeyac.com.mx\/#\/schema\/logo\/image\/"},"sameAs":["https:\/\/www.facebook.com\/tepeyacgrupo","https:\/\/www.instagram.com\/fertilizantes.tepeyac\/","https:\/\/mx.linkedin.com\/company\/fertilizantes-tepeyac-del-noroeste"]}]}},"_links":{"self":[{"href":"https:\/\/www.ftepeyac.com.mx\/en\/wp-json\/wp\/v2\/product\/4392","targetHints":{"allow":["GET"]}}],"collection":[{"href":"https:\/\/www.ftepeyac.com.mx\/en\/wp-json\/wp\/v2\/product"}],"about":[{"href":"https:\/\/www.ftepeyac.com.mx\/en\/wp-json\/wp\/v2\/types\/product"}],"replies":[{"embeddable":true,"href":"https:\/\/www.ftepeyac.com.mx\/en\/wp-json\/wp\/v2\/comments?post=4392"}],"wp:featuredmedia":[{"embeddable":true,"href":"https:\/\/www.ftepeyac.com.mx\/en\/wp-json\/wp\/v2\/media\/4393"}],"wp:attachment":[{"href":"https:\/\/www.ftepeyac.com.mx\/en\/wp-json\/wp\/v2\/media?parent=4392"}],"wp:term":[{"taxonomy":"product_brand","embeddable":true,"href":"https:\/\/www.ftepeyac.com.mx\/en\/wp-json\/wp\/v2\/product_brand?post=4392"},{"taxonomy":"product_cat","embeddable":true,"href":"https:\/\/www.ftepeyac.com.mx\/en\/wp-json\/wp\/v2\/product_cat?post=4392"},{"taxonomy":"product_tag","embeddable":true,"href":"https:\/\/www.ftepeyac.com.mx\/en\/wp-json\/wp\/v2\/product_tag?post=4392"}],"curies":[{"name":"wp","href":"https:\/\/api.w.org\/{rel}","templated":true}]}}