{"id":4410,"date":"2021-06-04T17:48:07","date_gmt":"2021-06-04T17:48:07","guid":{"rendered":"https:\/\/www.ftepeyac.com.mx\/?post_type=product&#038;p=4410"},"modified":"2025-07-06T18:34:08","modified_gmt":"2025-07-06T18:34:08","slug":"granumax-2-1-s","status":"publish","type":"product","link":"https:\/\/www.ftepeyac.com.mx\/en\/product\/granumax-2-1-s\/","title":{"rendered":"Granumax 2.1 S"},"content":{"rendered":"","protected":false},"excerpt":{"rendered":"<h4>ENTEC\u00ae 26 (+32,5 SO\u2083) con azufre<\/h4>\n<p class=\"no-show\">Acondicionador que reestructura el orden nutricional del suelo creando un ambiente ideal para que la ra\u00edz pueda absorber los nutrientes aplicados al ciclo de fertilizaci\u00f3n. Aplicaci\u00f3n directa al suelo o en mezcla con los fertilizantes s\u00f3lidos. Confirmaci\u00f3n de compatibilidad para el uso de insumo en la agricultura org\u00e1nica.<\/p>\n<p class=\"no-show\"><strong style=\"font-weight: 600;\">Presentation:<\/strong> 50 Kg.<\/p>\n<p class=\"no-show\"><strong style=\"font-weight: 600;\">Crops:<\/strong><\/p>\n<p><img decoding=\"async\" class=\"no-show\" src=\"https:\/\/www.ftepeyac.com.mx\/wp-content\/uploads\/2021\/06\/Granumax-cultivos.png\" alt=\"S\u00f3lidos\" \/><\/p>\n<p class=\"no-show\"><strong style=\"font-weight: 600;\">Manufacturer:<\/strong> TIGSA<\/p>\n<p><a class=\"no-show\" href=\"https:\/\/www.ftepeyac.com.mx\/wp-content\/uploads\/2019\/09\/HDS-GRANUMAX-2.1-S.pdf\" target=\"_blank\" rel=\"noopener\">Hoja de Seguridad<\/a><\/p>\n<p><a class=\"no-show\" href=\"https:\/\/www.ftepeyac.com.mx\/wp-content\/uploads\/2019\/09\/Granumax-ficha-tecnica.pdf\" target=\"_blank\" rel=\"noopener\">Technical sheet<\/a> [&#8230;]<\/p>\n<p><a class=\"btn btn-secondary understrap-read-more-link\" href=\"https:\/\/www.ftepeyac.com.mx\/en\/product\/granumax-2-1-s\/\">Read More&#8230;<\/a><\/p>","protected":false},"featured_media":4411,"comment_status":"open","ping_status":"closed","template":"","meta":{"inline_featured_image":false},"product_brand":[],"product_cat":[66],"product_tag":[],"class_list":{"0":"post-4410","1":"product","2":"type-product","3":"status-publish","4":"has-post-thumbnail","6":"product_cat-fertilizantes-solidos","8":"first","9":"instock","10":"shipping-taxable","11":"product-type-simple"},"yoast_head":"<!-- This site is optimized with the Yoast SEO plugin v24.9 - https:\/\/yoast.com\/wordpress\/plugins\/seo\/ -->\n<title>Granumax 2.1 S - Fertilizantes Tepeyac<\/title>\n<meta name=\"robots\" content=\"index, follow, max-snippet:-1, max-image-preview:large, max-video-preview:-1\" \/>\n<link rel=\"canonical\" href=\"https:\/\/www.ftepeyac.com.mx\/en\/product\/granumax-2-1-s\/\" \/>\n<meta property=\"og:locale\" content=\"en_US\" \/>\n<meta property=\"og:type\" content=\"article\" \/>\n<meta property=\"og:title\" content=\"Granumax 2.1 S - Fertilizantes Tepeyac\" \/>\n<meta property=\"og:description\" content=\"ENTEC\u00ae 26 (+32,5 SO\u2083) con azufre Acondicionador que reestructura el orden nutricional del suelo creando un ambiente ideal para que la ra\u00edz pueda absorber los nutrientes aplicados al ciclo de fertilizaci\u00f3n. Aplicaci\u00f3n directa al suelo o en mezcla con los fertilizantes s\u00f3lidos. Confirmaci\u00f3n de compatibilidad para el uso de insumo en la agricultura org\u00e1nica. Presentaci\u00f3n: 50 Kg. Cultivos:  Fabricante: TIGSA Hoja de Seguridad Ficha t\u00e9cnica [...]Read More...\" \/>\n<meta property=\"og:url\" content=\"https:\/\/www.ftepeyac.com.mx\/en\/product\/granumax-2-1-s\/\" \/>\n<meta property=\"og:site_name\" content=\"Fertilizantes Tepeyac\" \/>\n<meta property=\"article:publisher\" content=\"https:\/\/www.facebook.com\/tepeyacgrupo\" \/>\n<meta property=\"article:modified_time\" content=\"2025-07-06T18:34:08+00:00\" \/>\n<meta property=\"og:image\" content=\"https:\/\/www.ftepeyac.com.mx\/wp-content\/uploads\/2021\/06\/Granumax-2.1.jpg\" \/>\n\t<meta property=\"og:image:width\" content=\"600\" \/>\n\t<meta property=\"og:image:height\" content=\"600\" \/>\n\t<meta property=\"og:image:type\" content=\"image\/jpeg\" \/>\n<meta name=\"twitter:card\" content=\"summary_large_image\" \/>\n<meta name=\"twitter:label1\" content=\"Est. reading time\" \/>\n\t<meta name=\"twitter:data1\" content=\"1 minute\" \/>\n<script type=\"application\/ld+json\" class=\"yoast-schema-graph\">{\"@context\":\"https:\/\/schema.org\",\"@graph\":[{\"@type\":\"WebPage\",\"@id\":\"https:\/\/www.ftepeyac.com.mx\/producto\/granumax-2-1-s\/\",\"url\":\"https:\/\/www.ftepeyac.com.mx\/producto\/granumax-2-1-s\/\",\"name\":\"Granumax 2.1 S - Fertilizantes Tepeyac\",\"isPartOf\":{\"@id\":\"https:\/\/www.ftepeyac.com.mx\/#website\"},\"primaryImageOfPage\":{\"@id\":\"https:\/\/www.ftepeyac.com.mx\/producto\/granumax-2-1-s\/#primaryimage\"},\"image\":{\"@id\":\"https:\/\/www.ftepeyac.com.mx\/producto\/granumax-2-1-s\/#primaryimage\"},\"thumbnailUrl\":\"https:\/\/www.ftepeyac.com.mx\/wp-content\/uploads\/2021\/06\/Granumax-2.1.jpg\",\"datePublished\":\"2021-06-04T17:48:07+00:00\",\"dateModified\":\"2025-07-06T18:34:08+00:00\",\"breadcrumb\":{\"@id\":\"https:\/\/www.ftepeyac.com.mx\/producto\/granumax-2-1-s\/#breadcrumb\"},\"inLanguage\":\"en-US\",\"potentialAction\":[{\"@type\":\"ReadAction\",\"target\":[\"https:\/\/www.ftepeyac.com.mx\/producto\/granumax-2-1-s\/\"]}]},{\"@type\":\"ImageObject\",\"inLanguage\":\"en-US\",\"@id\":\"https:\/\/www.ftepeyac.com.mx\/producto\/granumax-2-1-s\/#primaryimage\",\"url\":\"https:\/\/www.ftepeyac.com.mx\/wp-content\/uploads\/2021\/06\/Granumax-2.1.jpg\",\"contentUrl\":\"https:\/\/www.ftepeyac.com.mx\/wp-content\/uploads\/2021\/06\/Granumax-2.1.jpg\",\"width\":600,\"height\":600,\"caption\":\"Granumax-2.1\"},{\"@type\":\"BreadcrumbList\",\"@id\":\"https:\/\/www.ftepeyac.com.mx\/producto\/granumax-2-1-s\/#breadcrumb\",\"itemListElement\":[{\"@type\":\"ListItem\",\"position\":1,\"name\":\"Portada\",\"item\":\"https:\/\/www.ftepeyac.com.mx\/\"},{\"@type\":\"ListItem\",\"position\":2,\"name\":\"Productos\",\"item\":\"https:\/\/www.ftepeyac.com.mx\/shop\/\"},{\"@type\":\"ListItem\",\"position\":3,\"name\":\"Granumax 2.1 S\"}]},{\"@type\":\"WebSite\",\"@id\":\"https:\/\/www.ftepeyac.com.mx\/#website\",\"url\":\"https:\/\/www.ftepeyac.com.mx\/\",\"name\":\"Fertilizantes Tepeyac | Soluciones en Nutrici\u00f3n Vegetal y Protecci\u00f3n de Cultivos\",\"description\":\"Ofrecemos un gran cat\u00e1logo de soluciones en agricultura, nos distinguimos por nuestra atenci\u00f3n personalizada sin intermediarios.\",\"publisher\":{\"@id\":\"https:\/\/www.ftepeyac.com.mx\/#organization\"},\"potentialAction\":[{\"@type\":\"SearchAction\",\"target\":{\"@type\":\"EntryPoint\",\"urlTemplate\":\"https:\/\/www.ftepeyac.com.mx\/?s={search_term_string}\"},\"query-input\":{\"@type\":\"PropertyValueSpecification\",\"valueRequired\":true,\"valueName\":\"search_term_string\"}}],\"inLanguage\":\"en-US\"},{\"@type\":\"Organization\",\"@id\":\"https:\/\/www.ftepeyac.com.mx\/#organization\",\"name\":\"Fertilizantes Tepeyac | Soluciones en Nutrici\u00f3n Vegetal y Protecci\u00f3n de Cultivos\",\"url\":\"https:\/\/www.ftepeyac.com.mx\/\",\"logo\":{\"@type\":\"ImageObject\",\"inLanguage\":\"en-US\",\"@id\":\"https:\/\/www.ftepeyac.com.mx\/#\/schema\/logo\/image\/\",\"url\":\"https:\/\/www.ftepeyac.com.mx\/wp-content\/uploads\/2019\/09\/tepeyac75-logo.png\",\"contentUrl\":\"https:\/\/www.ftepeyac.com.mx\/wp-content\/uploads\/2019\/09\/tepeyac75-logo.png\",\"width\":700,\"height\":150,\"caption\":\"Fertilizantes Tepeyac | Soluciones en Nutrici\u00f3n Vegetal y Protecci\u00f3n de Cultivos\"},\"image\":{\"@id\":\"https:\/\/www.ftepeyac.com.mx\/#\/schema\/logo\/image\/\"},\"sameAs\":[\"https:\/\/www.facebook.com\/tepeyacgrupo\",\"https:\/\/www.instagram.com\/fertilizantes.tepeyac\/\",\"https:\/\/mx.linkedin.com\/company\/fertilizantes-tepeyac-del-noroeste\"]}]}<\/script>\n<!-- \/ Yoast SEO plugin. -->","yoast_head_json":{"title":"Granumax 2.1 S - Fertilizantes Tepeyac","robots":{"index":"index","follow":"follow","max-snippet":"max-snippet:-1","max-image-preview":"max-image-preview:large","max-video-preview":"max-video-preview:-1"},"canonical":"https:\/\/www.ftepeyac.com.mx\/en\/product\/granumax-2-1-s\/","og_locale":"en_US","og_type":"article","og_title":"Granumax 2.1 S - Fertilizantes Tepeyac","og_description":"ENTEC\u00ae 26 (+32,5 SO\u2083) con azufre Acondicionador que reestructura el orden nutricional del suelo creando un ambiente ideal para que la ra\u00edz pueda absorber los nutrientes aplicados al ciclo de fertilizaci\u00f3n. Aplicaci\u00f3n directa al suelo o en mezcla con los fertilizantes s\u00f3lidos. Confirmaci\u00f3n de compatibilidad para el uso de insumo en la agricultura org\u00e1nica. Presentaci\u00f3n: 50 Kg. Cultivos:  Fabricante: TIGSA Hoja de Seguridad Ficha t\u00e9cnica [...]Read More...","og_url":"https:\/\/www.ftepeyac.com.mx\/en\/product\/granumax-2-1-s\/","og_site_name":"Fertilizantes Tepeyac","article_publisher":"https:\/\/www.facebook.com\/tepeyacgrupo","article_modified_time":"2025-07-06T18:34:08+00:00","og_image":[{"width":600,"height":600,"url":"https:\/\/www.ftepeyac.com.mx\/wp-content\/uploads\/2021\/06\/Granumax-2.1.jpg","type":"image\/jpeg"}],"twitter_card":"summary_large_image","twitter_misc":{"Est. reading time":"1 minute"},"schema":{"@context":"https:\/\/schema.org","@graph":[{"@type":"WebPage","@id":"https:\/\/www.ftepeyac.com.mx\/producto\/granumax-2-1-s\/","url":"https:\/\/www.ftepeyac.com.mx\/producto\/granumax-2-1-s\/","name":"Granumax 2.1 S - Fertilizantes Tepeyac","isPartOf":{"@id":"https:\/\/www.ftepeyac.com.mx\/#website"},"primaryImageOfPage":{"@id":"https:\/\/www.ftepeyac.com.mx\/producto\/granumax-2-1-s\/#primaryimage"},"image":{"@id":"https:\/\/www.ftepeyac.com.mx\/producto\/granumax-2-1-s\/#primaryimage"},"thumbnailUrl":"https:\/\/www.ftepeyac.com.mx\/wp-content\/uploads\/2021\/06\/Granumax-2.1.jpg","datePublished":"2021-06-04T17:48:07+00:00","dateModified":"2025-07-06T18:34:08+00:00","breadcrumb":{"@id":"https:\/\/www.ftepeyac.com.mx\/producto\/granumax-2-1-s\/#breadcrumb"},"inLanguage":"en-US","potentialAction":[{"@type":"ReadAction","target":["https:\/\/www.ftepeyac.com.mx\/producto\/granumax-2-1-s\/"]}]},{"@type":"ImageObject","inLanguage":"en-US","@id":"https:\/\/www.ftepeyac.com.mx\/producto\/granumax-2-1-s\/#primaryimage","url":"https:\/\/www.ftepeyac.com.mx\/wp-content\/uploads\/2021\/06\/Granumax-2.1.jpg","contentUrl":"https:\/\/www.ftepeyac.com.mx\/wp-content\/uploads\/2021\/06\/Granumax-2.1.jpg","width":600,"height":600,"caption":"Granumax-2.1"},{"@type":"BreadcrumbList","@id":"https:\/\/www.ftepeyac.com.mx\/producto\/granumax-2-1-s\/#breadcrumb","itemListElement":[{"@type":"ListItem","position":1,"name":"Portada","item":"https:\/\/www.ftepeyac.com.mx\/"},{"@type":"ListItem","position":2,"name":"Productos","item":"https:\/\/www.ftepeyac.com.mx\/shop\/"},{"@type":"ListItem","position":3,"name":"Granumax 2.1 S"}]},{"@type":"WebSite","@id":"https:\/\/www.ftepeyac.com.mx\/#website","url":"https:\/\/www.ftepeyac.com.mx\/","name":"Fertilizantes Tepeyac | Soluciones en Nutrici\u00f3n Vegetal y Protecci\u00f3n de Cultivos","description":"Ofrecemos un gran cat\u00e1logo de soluciones en agricultura, nos distinguimos por nuestra atenci\u00f3n personalizada sin intermediarios.","publisher":{"@id":"https:\/\/www.ftepeyac.com.mx\/#organization"},"potentialAction":[{"@type":"SearchAction","target":{"@type":"EntryPoint","urlTemplate":"https:\/\/www.ftepeyac.com.mx\/?s={search_term_string}"},"query-input":{"@type":"PropertyValueSpecification","valueRequired":true,"valueName":"search_term_string"}}],"inLanguage":"en-US"},{"@type":"Organization","@id":"https:\/\/www.ftepeyac.com.mx\/#organization","name":"Fertilizantes Tepeyac | Soluciones en Nutrici\u00f3n Vegetal y Protecci\u00f3n de Cultivos","url":"https:\/\/www.ftepeyac.com.mx\/","logo":{"@type":"ImageObject","inLanguage":"en-US","@id":"https:\/\/www.ftepeyac.com.mx\/#\/schema\/logo\/image\/","url":"https:\/\/www.ftepeyac.com.mx\/wp-content\/uploads\/2019\/09\/tepeyac75-logo.png","contentUrl":"https:\/\/www.ftepeyac.com.mx\/wp-content\/uploads\/2019\/09\/tepeyac75-logo.png","width":700,"height":150,"caption":"Fertilizantes Tepeyac | Soluciones en Nutrici\u00f3n Vegetal y Protecci\u00f3n de Cultivos"},"image":{"@id":"https:\/\/www.ftepeyac.com.mx\/#\/schema\/logo\/image\/"},"sameAs":["https:\/\/www.facebook.com\/tepeyacgrupo","https:\/\/www.instagram.com\/fertilizantes.tepeyac\/","https:\/\/mx.linkedin.com\/company\/fertilizantes-tepeyac-del-noroeste"]}]}},"_links":{"self":[{"href":"https:\/\/www.ftepeyac.com.mx\/en\/wp-json\/wp\/v2\/product\/4410","targetHints":{"allow":["GET"]}}],"collection":[{"href":"https:\/\/www.ftepeyac.com.mx\/en\/wp-json\/wp\/v2\/product"}],"about":[{"href":"https:\/\/www.ftepeyac.com.mx\/en\/wp-json\/wp\/v2\/types\/product"}],"replies":[{"embeddable":true,"href":"https:\/\/www.ftepeyac.com.mx\/en\/wp-json\/wp\/v2\/comments?post=4410"}],"wp:featuredmedia":[{"embeddable":true,"href":"https:\/\/www.ftepeyac.com.mx\/en\/wp-json\/wp\/v2\/media\/4411"}],"wp:attachment":[{"href":"https:\/\/www.ftepeyac.com.mx\/en\/wp-json\/wp\/v2\/media?parent=4410"}],"wp:term":[{"taxonomy":"product_brand","embeddable":true,"href":"https:\/\/www.ftepeyac.com.mx\/en\/wp-json\/wp\/v2\/product_brand?post=4410"},{"taxonomy":"product_cat","embeddable":true,"href":"https:\/\/www.ftepeyac.com.mx\/en\/wp-json\/wp\/v2\/product_cat?post=4410"},{"taxonomy":"product_tag","embeddable":true,"href":"https:\/\/www.ftepeyac.com.mx\/en\/wp-json\/wp\/v2\/product_tag?post=4410"}],"curies":[{"name":"wp","href":"https:\/\/api.w.org\/{rel}","templated":true}]}}