{"id":4439,"date":"2021-06-05T01:24:02","date_gmt":"2021-06-05T01:24:02","guid":{"rendered":"https:\/\/www.ftepeyac.com.mx\/?post_type=product&#038;p=4439"},"modified":"2026-04-13T02:43:28","modified_gmt":"2026-04-13T02:43:28","slug":"superfosfato","status":"publish","type":"product","link":"https:\/\/www.ftepeyac.com.mx\/en\/product\/superfosfato\/","title":{"rendered":"Superfosfato Triple granulado"},"content":{"rendered":"","protected":false},"excerpt":{"rendered":"<h4>SUPER FOSFATO TRIPLE GRANULADO<\/h4>\n<p class=\"no-show\">El SFT tiene varias ventajas agron\u00f3micas que lo hicieron una fuente de P popular durante muchos a\u00f1os. Tiene el mayor contenido de P de los fertilizantes s\u00f3lidos que no contienen nitr\u00f3geno (N). M\u00e1s del 90% del P total en el SFT es soluble en agua, por lo que se vuelve r\u00e1pidamente disponible para las plantas. A medida que la humedad del suelo disuelve los gr\u00e1nulos, la soluci\u00f3n del suelo concentrada se vuelve \u00e1cida. El SFT tambi\u00e9n contiene un 15% de calcio (Ca), proporcionando un nutriente adicional para las plantas.<br \/>\nUn uso importante del SFT se da en situaciones en las que varios fertilizantes s\u00f3lidos se mezclan para ser aplicados al voleo en la superficie del suelo o para su aplicaci\u00f3n en una banda concentrada debajo de la superficie. Tambi\u00e9n es consejable para la fertilizaci\u00f3n de los cultivos de leguminosas, tales como la alfalfa o porotos (frijoles), donde no se necesita fertilizaci\u00f3n nitrogenada adicional para complementar la fijaci\u00f3n biol\u00f3gica de N.<\/p>\n<p class=\"no-show\"><strong style=\"font-weight: 600;\">Presentation:<\/strong> Sacos 25Kg., 50 Kg., Granel.<\/p>\n<p class=\"no-show\"><strong style=\"font-weight: 600;\">Crops:<\/strong><\/p>\n<p><img decoding=\"async\" class=\"no-show\" src=\"https:\/\/www.ftepeyac.com.mx\/wp-content\/uploads\/2021\/06\/superfosfato-cultivos.png\" alt=\"S\u00f3lidos\" \/><\/p>\n<p class=\"no-show\"><strong style=\"font-weight: 600;\">Manufacturer:<\/strong> Diversos or\u00edgenes internacionales de alta calidad.<\/p>\n<p><a class=\"no-show\" href=\"https:\/\/www.ftepeyac.com.mx\/wp-content\/uploads\/2019\/09\/HDS-SUPERFOSFATO-TRIPLE-0-45-0.pdf\" target=\"_blank\" rel=\"noopener\">Safety sheet<\/a><\/p>\n<p><a class=\"no-show\" href=\"https:\/\/www.ftepeyac.com.mx\/wp-content\/uploads\/2019\/09\/Superfosfato-ficha-tecnica.pdf\" target=\"_blank\" rel=\"noopener\">Technical sheet<\/a> [&#8230;]<\/p>\n<p><a class=\"btn btn-secondary understrap-read-more-link\" href=\"https:\/\/www.ftepeyac.com.mx\/en\/product\/superfosfato\/\">Read More&#8230;<\/a><\/p>","protected":false},"featured_media":4440,"comment_status":"open","ping_status":"closed","template":"","meta":{"inline_featured_image":false},"product_brand":[],"product_cat":[66],"product_tag":[],"class_list":{"0":"post-4439","1":"product","2":"type-product","3":"status-publish","4":"has-post-thumbnail","6":"product_cat-fertilizantes-solidos","8":"first","9":"instock","10":"shipping-taxable","11":"product-type-simple"},"yoast_head":"<!-- This site is optimized with the Yoast SEO plugin v24.9 - https:\/\/yoast.com\/wordpress\/plugins\/seo\/ -->\n<title>Superfosfato Triple granulado - Fertilizantes Tepeyac<\/title>\n<meta name=\"robots\" content=\"index, follow, max-snippet:-1, max-image-preview:large, max-video-preview:-1\" \/>\n<link rel=\"canonical\" href=\"https:\/\/www.ftepeyac.com.mx\/en\/product\/superfosfato\/\" \/>\n<meta property=\"og:locale\" content=\"en_US\" \/>\n<meta property=\"og:type\" content=\"article\" \/>\n<meta property=\"og:title\" content=\"Superfosfato Triple granulado - Fertilizantes Tepeyac\" \/>\n<meta property=\"og:description\" content=\"SUPER FOSFATO TRIPLE GRANULADO El SFT tiene varias ventajas agron\u00f3micas que lo hicieron una fuente de P popular durante muchos a\u00f1os. Tiene el mayor contenido de P de los fertilizantes s\u00f3lidos que no contienen nitr\u00f3geno (N). M\u00e1s del 90% del P total en el SFT es soluble en agua, por lo que se vuelve r\u00e1pidamente disponible para las plantas. A medida que la humedad del suelo disuelve los gr\u00e1nulos, la soluci\u00f3n del suelo concentrada se vuelve \u00e1cida. El SFT tambi\u00e9n contiene un 15% de calcio (Ca), proporcionando un nutriente adicional para las plantas. Un uso importante del SFT se da en situaciones en las que varios fertilizantes s\u00f3lidos se mezclan para ser aplicados al voleo en la superficie del suelo o para su aplicaci\u00f3n en una banda concentrada debajo de la superficie. Tambi\u00e9n es consejable para la fertilizaci\u00f3n de los cultivos de leguminosas, tales como la alfalfa o porotos (frijoles), donde no se necesita fertilizaci\u00f3n nitrogenada adicional para complementar la fijaci\u00f3n biol\u00f3gica de N. Presentaci\u00f3n: Sacos 25Kg., 50 Kg., Granel. Cultivos:  Fabricante: Diversos or\u00edgenes internacionales de alta calidad. Hoja de seguridad  Ficha t\u00e9cnica [...]Read More...\" \/>\n<meta property=\"og:url\" content=\"https:\/\/www.ftepeyac.com.mx\/en\/product\/superfosfato\/\" \/>\n<meta property=\"og:site_name\" content=\"Fertilizantes Tepeyac\" \/>\n<meta property=\"article:publisher\" content=\"https:\/\/www.facebook.com\/tepeyacgrupo\" \/>\n<meta property=\"article:modified_time\" content=\"2026-04-13T02:43:28+00:00\" \/>\n<meta property=\"og:image\" content=\"https:\/\/www.ftepeyac.com.mx\/wp-content\/uploads\/2021\/06\/super-fosfato.jpg\" \/>\n\t<meta property=\"og:image:width\" content=\"600\" \/>\n\t<meta property=\"og:image:height\" content=\"600\" \/>\n\t<meta property=\"og:image:type\" content=\"image\/jpeg\" \/>\n<meta name=\"twitter:card\" content=\"summary_large_image\" \/>\n<meta name=\"twitter:label1\" content=\"Est. reading time\" \/>\n\t<meta name=\"twitter:data1\" content=\"1 minute\" \/>\n<script type=\"application\/ld+json\" class=\"yoast-schema-graph\">{\"@context\":\"https:\/\/schema.org\",\"@graph\":[{\"@type\":\"WebPage\",\"@id\":\"https:\/\/www.ftepeyac.com.mx\/producto\/superfosfato\/\",\"url\":\"https:\/\/www.ftepeyac.com.mx\/producto\/superfosfato\/\",\"name\":\"Superfosfato Triple granulado - Fertilizantes Tepeyac\",\"isPartOf\":{\"@id\":\"https:\/\/www.ftepeyac.com.mx\/#website\"},\"primaryImageOfPage\":{\"@id\":\"https:\/\/www.ftepeyac.com.mx\/producto\/superfosfato\/#primaryimage\"},\"image\":{\"@id\":\"https:\/\/www.ftepeyac.com.mx\/producto\/superfosfato\/#primaryimage\"},\"thumbnailUrl\":\"https:\/\/www.ftepeyac.com.mx\/wp-content\/uploads\/2021\/06\/super-fosfato.jpg\",\"datePublished\":\"2021-06-05T01:24:02+00:00\",\"dateModified\":\"2026-04-13T02:43:28+00:00\",\"breadcrumb\":{\"@id\":\"https:\/\/www.ftepeyac.com.mx\/producto\/superfosfato\/#breadcrumb\"},\"inLanguage\":\"en-US\",\"potentialAction\":[{\"@type\":\"ReadAction\",\"target\":[\"https:\/\/www.ftepeyac.com.mx\/producto\/superfosfato\/\"]}]},{\"@type\":\"ImageObject\",\"inLanguage\":\"en-US\",\"@id\":\"https:\/\/www.ftepeyac.com.mx\/producto\/superfosfato\/#primaryimage\",\"url\":\"https:\/\/www.ftepeyac.com.mx\/wp-content\/uploads\/2021\/06\/super-fosfato.jpg\",\"contentUrl\":\"https:\/\/www.ftepeyac.com.mx\/wp-content\/uploads\/2021\/06\/super-fosfato.jpg\",\"width\":600,\"height\":600,\"caption\":\"super-fosfato\"},{\"@type\":\"BreadcrumbList\",\"@id\":\"https:\/\/www.ftepeyac.com.mx\/producto\/superfosfato\/#breadcrumb\",\"itemListElement\":[{\"@type\":\"ListItem\",\"position\":1,\"name\":\"Portada\",\"item\":\"https:\/\/www.ftepeyac.com.mx\/\"},{\"@type\":\"ListItem\",\"position\":2,\"name\":\"Productos\",\"item\":\"https:\/\/www.ftepeyac.com.mx\/shop\/\"},{\"@type\":\"ListItem\",\"position\":3,\"name\":\"Superfosfato Triple granulado\"}]},{\"@type\":\"WebSite\",\"@id\":\"https:\/\/www.ftepeyac.com.mx\/#website\",\"url\":\"https:\/\/www.ftepeyac.com.mx\/\",\"name\":\"Fertilizantes Tepeyac | Soluciones en Nutrici\u00f3n Vegetal y Protecci\u00f3n de Cultivos\",\"description\":\"Ofrecemos un gran cat\u00e1logo de soluciones en agricultura, nos distinguimos por nuestra atenci\u00f3n personalizada sin intermediarios.\",\"publisher\":{\"@id\":\"https:\/\/www.ftepeyac.com.mx\/#organization\"},\"potentialAction\":[{\"@type\":\"SearchAction\",\"target\":{\"@type\":\"EntryPoint\",\"urlTemplate\":\"https:\/\/www.ftepeyac.com.mx\/?s={search_term_string}\"},\"query-input\":{\"@type\":\"PropertyValueSpecification\",\"valueRequired\":true,\"valueName\":\"search_term_string\"}}],\"inLanguage\":\"en-US\"},{\"@type\":\"Organization\",\"@id\":\"https:\/\/www.ftepeyac.com.mx\/#organization\",\"name\":\"Fertilizantes Tepeyac | Soluciones en Nutrici\u00f3n Vegetal y Protecci\u00f3n de Cultivos\",\"url\":\"https:\/\/www.ftepeyac.com.mx\/\",\"logo\":{\"@type\":\"ImageObject\",\"inLanguage\":\"en-US\",\"@id\":\"https:\/\/www.ftepeyac.com.mx\/#\/schema\/logo\/image\/\",\"url\":\"https:\/\/www.ftepeyac.com.mx\/wp-content\/uploads\/2019\/09\/tepeyac75-logo.png\",\"contentUrl\":\"https:\/\/www.ftepeyac.com.mx\/wp-content\/uploads\/2019\/09\/tepeyac75-logo.png\",\"width\":700,\"height\":150,\"caption\":\"Fertilizantes Tepeyac | Soluciones en Nutrici\u00f3n Vegetal y Protecci\u00f3n de Cultivos\"},\"image\":{\"@id\":\"https:\/\/www.ftepeyac.com.mx\/#\/schema\/logo\/image\/\"},\"sameAs\":[\"https:\/\/www.facebook.com\/tepeyacgrupo\",\"https:\/\/www.instagram.com\/fertilizantes.tepeyac\/\",\"https:\/\/mx.linkedin.com\/company\/fertilizantes-tepeyac-del-noroeste\"]}]}<\/script>\n<!-- \/ Yoast SEO plugin. -->","yoast_head_json":{"title":"Superfosfato Triple granulado - Fertilizantes Tepeyac","robots":{"index":"index","follow":"follow","max-snippet":"max-snippet:-1","max-image-preview":"max-image-preview:large","max-video-preview":"max-video-preview:-1"},"canonical":"https:\/\/www.ftepeyac.com.mx\/en\/product\/superfosfato\/","og_locale":"en_US","og_type":"article","og_title":"Superfosfato Triple granulado - Fertilizantes Tepeyac","og_description":"SUPER FOSFATO TRIPLE GRANULADO El SFT tiene varias ventajas agron\u00f3micas que lo hicieron una fuente de P popular durante muchos a\u00f1os. Tiene el mayor contenido de P de los fertilizantes s\u00f3lidos que no contienen nitr\u00f3geno (N). M\u00e1s del 90% del P total en el SFT es soluble en agua, por lo que se vuelve r\u00e1pidamente disponible para las plantas. A medida que la humedad del suelo disuelve los gr\u00e1nulos, la soluci\u00f3n del suelo concentrada se vuelve \u00e1cida. El SFT tambi\u00e9n contiene un 15% de calcio (Ca), proporcionando un nutriente adicional para las plantas. Un uso importante del SFT se da en situaciones en las que varios fertilizantes s\u00f3lidos se mezclan para ser aplicados al voleo en la superficie del suelo o para su aplicaci\u00f3n en una banda concentrada debajo de la superficie. Tambi\u00e9n es consejable para la fertilizaci\u00f3n de los cultivos de leguminosas, tales como la alfalfa o porotos (frijoles), donde no se necesita fertilizaci\u00f3n nitrogenada adicional para complementar la fijaci\u00f3n biol\u00f3gica de N. Presentaci\u00f3n: Sacos 25Kg., 50 Kg., Granel. Cultivos:  Fabricante: Diversos or\u00edgenes internacionales de alta calidad. Hoja de seguridad  Ficha t\u00e9cnica [...]Read More...","og_url":"https:\/\/www.ftepeyac.com.mx\/en\/product\/superfosfato\/","og_site_name":"Fertilizantes Tepeyac","article_publisher":"https:\/\/www.facebook.com\/tepeyacgrupo","article_modified_time":"2026-04-13T02:43:28+00:00","og_image":[{"width":600,"height":600,"url":"https:\/\/www.ftepeyac.com.mx\/wp-content\/uploads\/2021\/06\/super-fosfato.jpg","type":"image\/jpeg"}],"twitter_card":"summary_large_image","twitter_misc":{"Est. reading time":"1 minute"},"schema":{"@context":"https:\/\/schema.org","@graph":[{"@type":"WebPage","@id":"https:\/\/www.ftepeyac.com.mx\/producto\/superfosfato\/","url":"https:\/\/www.ftepeyac.com.mx\/producto\/superfosfato\/","name":"Superfosfato Triple granulado - Fertilizantes Tepeyac","isPartOf":{"@id":"https:\/\/www.ftepeyac.com.mx\/#website"},"primaryImageOfPage":{"@id":"https:\/\/www.ftepeyac.com.mx\/producto\/superfosfato\/#primaryimage"},"image":{"@id":"https:\/\/www.ftepeyac.com.mx\/producto\/superfosfato\/#primaryimage"},"thumbnailUrl":"https:\/\/www.ftepeyac.com.mx\/wp-content\/uploads\/2021\/06\/super-fosfato.jpg","datePublished":"2021-06-05T01:24:02+00:00","dateModified":"2026-04-13T02:43:28+00:00","breadcrumb":{"@id":"https:\/\/www.ftepeyac.com.mx\/producto\/superfosfato\/#breadcrumb"},"inLanguage":"en-US","potentialAction":[{"@type":"ReadAction","target":["https:\/\/www.ftepeyac.com.mx\/producto\/superfosfato\/"]}]},{"@type":"ImageObject","inLanguage":"en-US","@id":"https:\/\/www.ftepeyac.com.mx\/producto\/superfosfato\/#primaryimage","url":"https:\/\/www.ftepeyac.com.mx\/wp-content\/uploads\/2021\/06\/super-fosfato.jpg","contentUrl":"https:\/\/www.ftepeyac.com.mx\/wp-content\/uploads\/2021\/06\/super-fosfato.jpg","width":600,"height":600,"caption":"super-fosfato"},{"@type":"BreadcrumbList","@id":"https:\/\/www.ftepeyac.com.mx\/producto\/superfosfato\/#breadcrumb","itemListElement":[{"@type":"ListItem","position":1,"name":"Portada","item":"https:\/\/www.ftepeyac.com.mx\/"},{"@type":"ListItem","position":2,"name":"Productos","item":"https:\/\/www.ftepeyac.com.mx\/shop\/"},{"@type":"ListItem","position":3,"name":"Superfosfato Triple granulado"}]},{"@type":"WebSite","@id":"https:\/\/www.ftepeyac.com.mx\/#website","url":"https:\/\/www.ftepeyac.com.mx\/","name":"Fertilizantes Tepeyac | Soluciones en Nutrici\u00f3n Vegetal y Protecci\u00f3n de Cultivos","description":"Ofrecemos un gran cat\u00e1logo de soluciones en agricultura, nos distinguimos por nuestra atenci\u00f3n personalizada sin intermediarios.","publisher":{"@id":"https:\/\/www.ftepeyac.com.mx\/#organization"},"potentialAction":[{"@type":"SearchAction","target":{"@type":"EntryPoint","urlTemplate":"https:\/\/www.ftepeyac.com.mx\/?s={search_term_string}"},"query-input":{"@type":"PropertyValueSpecification","valueRequired":true,"valueName":"search_term_string"}}],"inLanguage":"en-US"},{"@type":"Organization","@id":"https:\/\/www.ftepeyac.com.mx\/#organization","name":"Fertilizantes Tepeyac | Soluciones en Nutrici\u00f3n Vegetal y Protecci\u00f3n de Cultivos","url":"https:\/\/www.ftepeyac.com.mx\/","logo":{"@type":"ImageObject","inLanguage":"en-US","@id":"https:\/\/www.ftepeyac.com.mx\/#\/schema\/logo\/image\/","url":"https:\/\/www.ftepeyac.com.mx\/wp-content\/uploads\/2019\/09\/tepeyac75-logo.png","contentUrl":"https:\/\/www.ftepeyac.com.mx\/wp-content\/uploads\/2019\/09\/tepeyac75-logo.png","width":700,"height":150,"caption":"Fertilizantes Tepeyac | Soluciones en Nutrici\u00f3n Vegetal y Protecci\u00f3n de Cultivos"},"image":{"@id":"https:\/\/www.ftepeyac.com.mx\/#\/schema\/logo\/image\/"},"sameAs":["https:\/\/www.facebook.com\/tepeyacgrupo","https:\/\/www.instagram.com\/fertilizantes.tepeyac\/","https:\/\/mx.linkedin.com\/company\/fertilizantes-tepeyac-del-noroeste"]}]}},"_links":{"self":[{"href":"https:\/\/www.ftepeyac.com.mx\/en\/wp-json\/wp\/v2\/product\/4439","targetHints":{"allow":["GET"]}}],"collection":[{"href":"https:\/\/www.ftepeyac.com.mx\/en\/wp-json\/wp\/v2\/product"}],"about":[{"href":"https:\/\/www.ftepeyac.com.mx\/en\/wp-json\/wp\/v2\/types\/product"}],"replies":[{"embeddable":true,"href":"https:\/\/www.ftepeyac.com.mx\/en\/wp-json\/wp\/v2\/comments?post=4439"}],"wp:featuredmedia":[{"embeddable":true,"href":"https:\/\/www.ftepeyac.com.mx\/en\/wp-json\/wp\/v2\/media\/4440"}],"wp:attachment":[{"href":"https:\/\/www.ftepeyac.com.mx\/en\/wp-json\/wp\/v2\/media?parent=4439"}],"wp:term":[{"taxonomy":"product_brand","embeddable":true,"href":"https:\/\/www.ftepeyac.com.mx\/en\/wp-json\/wp\/v2\/product_brand?post=4439"},{"taxonomy":"product_cat","embeddable":true,"href":"https:\/\/www.ftepeyac.com.mx\/en\/wp-json\/wp\/v2\/product_cat?post=4439"},{"taxonomy":"product_tag","embeddable":true,"href":"https:\/\/www.ftepeyac.com.mx\/en\/wp-json\/wp\/v2\/product_tag?post=4439"}],"curies":[{"name":"wp","href":"https:\/\/api.w.org\/{rel}","templated":true}]}}