{"id":4483,"date":"2021-06-07T22:14:05","date_gmt":"2021-06-07T22:14:05","guid":{"rendered":"https:\/\/www.ftepeyac.com.mx\/?post_type=product&#038;p=4483"},"modified":"2022-08-02T18:31:10","modified_gmt":"2022-08-02T18:31:10","slug":"ultrasol-sop-51","status":"publish","type":"product","link":"https:\/\/www.ftepeyac.com.mx\/en\/product\/ultrasol-sop-51\/","title":{"rendered":"Ultrasol SOP 51"},"content":{"rendered":"","protected":false},"excerpt":{"rendered":"<h4>Ultrasol\u00ae SOP<\/h4>\n<p class=\"no-show\">Ultrasol\u00ae SOP 0-0-51+18S es una fuente de K completamente soluble en agua sin nitr\u00f3geno para la fase final del ciclo de crecimiento de los cultivos. Su pH \u00e1cido ayuda a prevenir el bloqueo de boquillas y de las l\u00edneas de los sistemas de riego por goteo.<br \/>\nUltrasol\u00ae SOP est\u00e1 pr\u00e1cticamente libre de cloruro, sodio y metales pesados.<br \/>\nEs la fuente de potasio (K2O) libre de cloro m\u00e1s concentrada del mercado.<br \/>\nEs polvo fino, cristalino, de gran fluidez que se disuelve r\u00e1pidamente en agua.<br \/>\nSe puede mezclar con todos los fertilizantes solubles en agua, excepto con los productos que contienen calcio.<br \/>\nLa alta concentraci\u00f3n de potasio y ausencia de nitr\u00f3geno y f\u00f3sforo permite proporcionar la cantidad correcta de potasio en cualquier fase.<br \/>\nEn suelos alcalinos, Ultrasol\u00ae SOP baja el pH en la riz\u00f3sfera, ayudando a mejorar la disponibilidad de fosfatos y ciertos microelementos.<\/p>\n<p class=\"no-show\"><strong style=\"font-weight: 600;\">Presentation:<\/strong> Sacos de 25 Kg y 50Kg.<\/p>\n<p class=\"no-show\"><strong style=\"font-weight: 600;\">Crops:<\/strong><\/p>\n<p><img decoding=\"async\" class=\"no-show\" src=\"https:\/\/www.ftepeyac.com.mx\/wp-content\/uploads\/2019\/09\/ULTRA_SOL_SOP51_CULTIVOS-1.png\" alt=\"Solubles\" \/><\/p>\n<p class=\"no-show\"><strong style=\"font-weight: 600;\">Manufacturer:<\/strong> SQM<\/p>\n<p><a class=\"no-show\" href=\"https:\/\/www.ftepeyac.com.mx\/wp-content\/uploads\/2019\/09\/ULTRA_SOL_SOP51_HOJA_SEGURIDAD.pdf\">Safety sheet<\/a><\/p>\n<p><a class=\"no-show\" href=\"https:\/\/www.ftepeyac.com.mx\/wp-content\/uploads\/2019\/09\/ULTRA_SOL_SOP51_FICHA_TECNICA.pdf\" target=\"_blank\" rel=\"noopener\">Technical sheet<\/a> [&#8230;]<\/p>\n<p><a class=\"btn btn-secondary understrap-read-more-link\" href=\"https:\/\/www.ftepeyac.com.mx\/en\/product\/ultrasol-sop-51\/\">Read More&#8230;<\/a><\/p>","protected":false},"featured_media":4547,"comment_status":"open","ping_status":"closed","template":"","meta":{"inline_featured_image":false},"product_brand":[],"product_cat":[71],"product_tag":[],"class_list":{"0":"post-4483","1":"product","2":"type-product","3":"status-publish","4":"has-post-thumbnail","6":"product_cat-fertilizantes-solubles","8":"first","9":"instock","10":"shipping-taxable","11":"product-type-simple"},"yoast_head":"<!-- This site is optimized with the Yoast SEO plugin v24.9 - https:\/\/yoast.com\/wordpress\/plugins\/seo\/ -->\n<title>Ultrasol SOP 51 - Fertilizantes Tepeyac<\/title>\n<meta name=\"robots\" content=\"index, follow, max-snippet:-1, max-image-preview:large, max-video-preview:-1\" \/>\n<link rel=\"canonical\" href=\"https:\/\/www.ftepeyac.com.mx\/en\/product\/ultrasol-sop-51\/\" \/>\n<meta property=\"og:locale\" content=\"en_US\" \/>\n<meta property=\"og:type\" content=\"article\" \/>\n<meta property=\"og:title\" content=\"Ultrasol SOP 51 - Fertilizantes Tepeyac\" \/>\n<meta property=\"og:description\" content=\"Ultrasol\u00ae SOP Ultrasol\u00ae SOP 0-0-51+18S es una fuente de K completamente soluble en agua sin nitr\u00f3geno para la fase final del ciclo de crecimiento de los cultivos. Su pH \u00e1cido ayuda a prevenir el bloqueo de boquillas y de las l\u00edneas de los sistemas de riego por goteo. Ultrasol\u00ae SOP est\u00e1 pr\u00e1cticamente libre de cloruro, sodio y metales pesados. Es la fuente de potasio (K2O) libre de cloro m\u00e1s concentrada del mercado. Es polvo fino, cristalino, de gran fluidez que se disuelve r\u00e1pidamente en agua. Se puede mezclar con todos los fertilizantes solubles en agua, excepto con los productos que contienen calcio. La alta concentraci\u00f3n de potasio y ausencia de nitr\u00f3geno y f\u00f3sforo permite proporcionar la cantidad correcta de potasio en cualquier fase. En suelos alcalinos, Ultrasol\u00ae SOP baja el pH en la riz\u00f3sfera, ayudando a mejorar la disponibilidad de fosfatos y ciertos microelementos. Presentaci\u00f3n: Sacos de 25 Kg y 50Kg. Cultivos:  Fabricante: SQM Hoja de seguridad  Ficha t\u00e9cnica [...]Read More...\" \/>\n<meta property=\"og:url\" content=\"https:\/\/www.ftepeyac.com.mx\/en\/product\/ultrasol-sop-51\/\" \/>\n<meta property=\"og:site_name\" content=\"Fertilizantes Tepeyac\" \/>\n<meta property=\"article:publisher\" content=\"https:\/\/www.facebook.com\/tepeyacgrupo\" \/>\n<meta property=\"article:modified_time\" content=\"2022-08-02T18:31:10+00:00\" \/>\n<meta property=\"og:image\" content=\"https:\/\/www.ftepeyac.com.mx\/wp-content\/uploads\/2021\/06\/ULTRA_SOL_SOP51_PRODUCTO.jpg\" \/>\n\t<meta property=\"og:image:width\" content=\"600\" \/>\n\t<meta property=\"og:image:height\" content=\"600\" \/>\n\t<meta property=\"og:image:type\" content=\"image\/jpeg\" \/>\n<meta name=\"twitter:card\" content=\"summary_large_image\" \/>\n<script type=\"application\/ld+json\" class=\"yoast-schema-graph\">{\"@context\":\"https:\/\/schema.org\",\"@graph\":[{\"@type\":\"WebPage\",\"@id\":\"https:\/\/www.ftepeyac.com.mx\/producto\/ultrasol-sop-51\/\",\"url\":\"https:\/\/www.ftepeyac.com.mx\/producto\/ultrasol-sop-51\/\",\"name\":\"Ultrasol SOP 51 - Fertilizantes Tepeyac\",\"isPartOf\":{\"@id\":\"https:\/\/www.ftepeyac.com.mx\/#website\"},\"primaryImageOfPage\":{\"@id\":\"https:\/\/www.ftepeyac.com.mx\/producto\/ultrasol-sop-51\/#primaryimage\"},\"image\":{\"@id\":\"https:\/\/www.ftepeyac.com.mx\/producto\/ultrasol-sop-51\/#primaryimage\"},\"thumbnailUrl\":\"https:\/\/www.ftepeyac.com.mx\/wp-content\/uploads\/2021\/06\/ULTRA_SOL_SOP51_PRODUCTO.jpg\",\"datePublished\":\"2021-06-07T22:14:05+00:00\",\"dateModified\":\"2022-08-02T18:31:10+00:00\",\"breadcrumb\":{\"@id\":\"https:\/\/www.ftepeyac.com.mx\/producto\/ultrasol-sop-51\/#breadcrumb\"},\"inLanguage\":\"en-US\",\"potentialAction\":[{\"@type\":\"ReadAction\",\"target\":[\"https:\/\/www.ftepeyac.com.mx\/producto\/ultrasol-sop-51\/\"]}]},{\"@type\":\"ImageObject\",\"inLanguage\":\"en-US\",\"@id\":\"https:\/\/www.ftepeyac.com.mx\/producto\/ultrasol-sop-51\/#primaryimage\",\"url\":\"https:\/\/www.ftepeyac.com.mx\/wp-content\/uploads\/2021\/06\/ULTRA_SOL_SOP51_PRODUCTO.jpg\",\"contentUrl\":\"https:\/\/www.ftepeyac.com.mx\/wp-content\/uploads\/2021\/06\/ULTRA_SOL_SOP51_PRODUCTO.jpg\",\"width\":600,\"height\":600},{\"@type\":\"BreadcrumbList\",\"@id\":\"https:\/\/www.ftepeyac.com.mx\/producto\/ultrasol-sop-51\/#breadcrumb\",\"itemListElement\":[{\"@type\":\"ListItem\",\"position\":1,\"name\":\"Portada\",\"item\":\"https:\/\/www.ftepeyac.com.mx\/\"},{\"@type\":\"ListItem\",\"position\":2,\"name\":\"Productos\",\"item\":\"https:\/\/www.ftepeyac.com.mx\/shop\/\"},{\"@type\":\"ListItem\",\"position\":3,\"name\":\"Ultrasol SOP 51\"}]},{\"@type\":\"WebSite\",\"@id\":\"https:\/\/www.ftepeyac.com.mx\/#website\",\"url\":\"https:\/\/www.ftepeyac.com.mx\/\",\"name\":\"Fertilizantes Tepeyac | Soluciones en Nutrici\u00f3n Vegetal y Protecci\u00f3n de Cultivos\",\"description\":\"Ofrecemos un gran cat\u00e1logo de soluciones en agricultura, nos distinguimos por nuestra atenci\u00f3n personalizada sin intermediarios.\",\"publisher\":{\"@id\":\"https:\/\/www.ftepeyac.com.mx\/#organization\"},\"potentialAction\":[{\"@type\":\"SearchAction\",\"target\":{\"@type\":\"EntryPoint\",\"urlTemplate\":\"https:\/\/www.ftepeyac.com.mx\/?s={search_term_string}\"},\"query-input\":{\"@type\":\"PropertyValueSpecification\",\"valueRequired\":true,\"valueName\":\"search_term_string\"}}],\"inLanguage\":\"en-US\"},{\"@type\":\"Organization\",\"@id\":\"https:\/\/www.ftepeyac.com.mx\/#organization\",\"name\":\"Fertilizantes Tepeyac | Soluciones en Nutrici\u00f3n Vegetal y Protecci\u00f3n de Cultivos\",\"url\":\"https:\/\/www.ftepeyac.com.mx\/\",\"logo\":{\"@type\":\"ImageObject\",\"inLanguage\":\"en-US\",\"@id\":\"https:\/\/www.ftepeyac.com.mx\/#\/schema\/logo\/image\/\",\"url\":\"https:\/\/www.ftepeyac.com.mx\/wp-content\/uploads\/2019\/09\/tepeyac75-logo.png\",\"contentUrl\":\"https:\/\/www.ftepeyac.com.mx\/wp-content\/uploads\/2019\/09\/tepeyac75-logo.png\",\"width\":700,\"height\":150,\"caption\":\"Fertilizantes Tepeyac | Soluciones en Nutrici\u00f3n Vegetal y Protecci\u00f3n de Cultivos\"},\"image\":{\"@id\":\"https:\/\/www.ftepeyac.com.mx\/#\/schema\/logo\/image\/\"},\"sameAs\":[\"https:\/\/www.facebook.com\/tepeyacgrupo\",\"https:\/\/www.instagram.com\/fertilizantes.tepeyac\/\",\"https:\/\/mx.linkedin.com\/company\/fertilizantes-tepeyac-del-noroeste\"]}]}<\/script>\n<!-- \/ Yoast SEO plugin. -->","yoast_head_json":{"title":"Ultrasol SOP 51 - Fertilizantes Tepeyac","robots":{"index":"index","follow":"follow","max-snippet":"max-snippet:-1","max-image-preview":"max-image-preview:large","max-video-preview":"max-video-preview:-1"},"canonical":"https:\/\/www.ftepeyac.com.mx\/en\/product\/ultrasol-sop-51\/","og_locale":"en_US","og_type":"article","og_title":"Ultrasol SOP 51 - Fertilizantes Tepeyac","og_description":"Ultrasol\u00ae SOP Ultrasol\u00ae SOP 0-0-51+18S es una fuente de K completamente soluble en agua sin nitr\u00f3geno para la fase final del ciclo de crecimiento de los cultivos. Su pH \u00e1cido ayuda a prevenir el bloqueo de boquillas y de las l\u00edneas de los sistemas de riego por goteo. Ultrasol\u00ae SOP est\u00e1 pr\u00e1cticamente libre de cloruro, sodio y metales pesados. Es la fuente de potasio (K2O) libre de cloro m\u00e1s concentrada del mercado. Es polvo fino, cristalino, de gran fluidez que se disuelve r\u00e1pidamente en agua. Se puede mezclar con todos los fertilizantes solubles en agua, excepto con los productos que contienen calcio. La alta concentraci\u00f3n de potasio y ausencia de nitr\u00f3geno y f\u00f3sforo permite proporcionar la cantidad correcta de potasio en cualquier fase. En suelos alcalinos, Ultrasol\u00ae SOP baja el pH en la riz\u00f3sfera, ayudando a mejorar la disponibilidad de fosfatos y ciertos microelementos. Presentaci\u00f3n: Sacos de 25 Kg y 50Kg. Cultivos:  Fabricante: SQM Hoja de seguridad  Ficha t\u00e9cnica [...]Read More...","og_url":"https:\/\/www.ftepeyac.com.mx\/en\/product\/ultrasol-sop-51\/","og_site_name":"Fertilizantes Tepeyac","article_publisher":"https:\/\/www.facebook.com\/tepeyacgrupo","article_modified_time":"2022-08-02T18:31:10+00:00","og_image":[{"width":600,"height":600,"url":"https:\/\/www.ftepeyac.com.mx\/wp-content\/uploads\/2021\/06\/ULTRA_SOL_SOP51_PRODUCTO.jpg","type":"image\/jpeg"}],"twitter_card":"summary_large_image","schema":{"@context":"https:\/\/schema.org","@graph":[{"@type":"WebPage","@id":"https:\/\/www.ftepeyac.com.mx\/producto\/ultrasol-sop-51\/","url":"https:\/\/www.ftepeyac.com.mx\/producto\/ultrasol-sop-51\/","name":"Ultrasol SOP 51 - Fertilizantes Tepeyac","isPartOf":{"@id":"https:\/\/www.ftepeyac.com.mx\/#website"},"primaryImageOfPage":{"@id":"https:\/\/www.ftepeyac.com.mx\/producto\/ultrasol-sop-51\/#primaryimage"},"image":{"@id":"https:\/\/www.ftepeyac.com.mx\/producto\/ultrasol-sop-51\/#primaryimage"},"thumbnailUrl":"https:\/\/www.ftepeyac.com.mx\/wp-content\/uploads\/2021\/06\/ULTRA_SOL_SOP51_PRODUCTO.jpg","datePublished":"2021-06-07T22:14:05+00:00","dateModified":"2022-08-02T18:31:10+00:00","breadcrumb":{"@id":"https:\/\/www.ftepeyac.com.mx\/producto\/ultrasol-sop-51\/#breadcrumb"},"inLanguage":"en-US","potentialAction":[{"@type":"ReadAction","target":["https:\/\/www.ftepeyac.com.mx\/producto\/ultrasol-sop-51\/"]}]},{"@type":"ImageObject","inLanguage":"en-US","@id":"https:\/\/www.ftepeyac.com.mx\/producto\/ultrasol-sop-51\/#primaryimage","url":"https:\/\/www.ftepeyac.com.mx\/wp-content\/uploads\/2021\/06\/ULTRA_SOL_SOP51_PRODUCTO.jpg","contentUrl":"https:\/\/www.ftepeyac.com.mx\/wp-content\/uploads\/2021\/06\/ULTRA_SOL_SOP51_PRODUCTO.jpg","width":600,"height":600},{"@type":"BreadcrumbList","@id":"https:\/\/www.ftepeyac.com.mx\/producto\/ultrasol-sop-51\/#breadcrumb","itemListElement":[{"@type":"ListItem","position":1,"name":"Portada","item":"https:\/\/www.ftepeyac.com.mx\/"},{"@type":"ListItem","position":2,"name":"Productos","item":"https:\/\/www.ftepeyac.com.mx\/shop\/"},{"@type":"ListItem","position":3,"name":"Ultrasol SOP 51"}]},{"@type":"WebSite","@id":"https:\/\/www.ftepeyac.com.mx\/#website","url":"https:\/\/www.ftepeyac.com.mx\/","name":"Fertilizantes Tepeyac | Soluciones en Nutrici\u00f3n Vegetal y Protecci\u00f3n de Cultivos","description":"Ofrecemos un gran cat\u00e1logo de soluciones en agricultura, nos distinguimos por nuestra atenci\u00f3n personalizada sin intermediarios.","publisher":{"@id":"https:\/\/www.ftepeyac.com.mx\/#organization"},"potentialAction":[{"@type":"SearchAction","target":{"@type":"EntryPoint","urlTemplate":"https:\/\/www.ftepeyac.com.mx\/?s={search_term_string}"},"query-input":{"@type":"PropertyValueSpecification","valueRequired":true,"valueName":"search_term_string"}}],"inLanguage":"en-US"},{"@type":"Organization","@id":"https:\/\/www.ftepeyac.com.mx\/#organization","name":"Fertilizantes Tepeyac | Soluciones en Nutrici\u00f3n Vegetal y Protecci\u00f3n de Cultivos","url":"https:\/\/www.ftepeyac.com.mx\/","logo":{"@type":"ImageObject","inLanguage":"en-US","@id":"https:\/\/www.ftepeyac.com.mx\/#\/schema\/logo\/image\/","url":"https:\/\/www.ftepeyac.com.mx\/wp-content\/uploads\/2019\/09\/tepeyac75-logo.png","contentUrl":"https:\/\/www.ftepeyac.com.mx\/wp-content\/uploads\/2019\/09\/tepeyac75-logo.png","width":700,"height":150,"caption":"Fertilizantes Tepeyac | Soluciones en Nutrici\u00f3n Vegetal y Protecci\u00f3n de Cultivos"},"image":{"@id":"https:\/\/www.ftepeyac.com.mx\/#\/schema\/logo\/image\/"},"sameAs":["https:\/\/www.facebook.com\/tepeyacgrupo","https:\/\/www.instagram.com\/fertilizantes.tepeyac\/","https:\/\/mx.linkedin.com\/company\/fertilizantes-tepeyac-del-noroeste"]}]}},"_links":{"self":[{"href":"https:\/\/www.ftepeyac.com.mx\/en\/wp-json\/wp\/v2\/product\/4483","targetHints":{"allow":["GET"]}}],"collection":[{"href":"https:\/\/www.ftepeyac.com.mx\/en\/wp-json\/wp\/v2\/product"}],"about":[{"href":"https:\/\/www.ftepeyac.com.mx\/en\/wp-json\/wp\/v2\/types\/product"}],"replies":[{"embeddable":true,"href":"https:\/\/www.ftepeyac.com.mx\/en\/wp-json\/wp\/v2\/comments?post=4483"}],"wp:featuredmedia":[{"embeddable":true,"href":"https:\/\/www.ftepeyac.com.mx\/en\/wp-json\/wp\/v2\/media\/4547"}],"wp:attachment":[{"href":"https:\/\/www.ftepeyac.com.mx\/en\/wp-json\/wp\/v2\/media?parent=4483"}],"wp:term":[{"taxonomy":"product_brand","embeddable":true,"href":"https:\/\/www.ftepeyac.com.mx\/en\/wp-json\/wp\/v2\/product_brand?post=4483"},{"taxonomy":"product_cat","embeddable":true,"href":"https:\/\/www.ftepeyac.com.mx\/en\/wp-json\/wp\/v2\/product_cat?post=4483"},{"taxonomy":"product_tag","embeddable":true,"href":"https:\/\/www.ftepeyac.com.mx\/en\/wp-json\/wp\/v2\/product_tag?post=4483"}],"curies":[{"name":"wp","href":"https:\/\/api.w.org\/{rel}","templated":true}]}}