{"id":4701,"date":"2021-06-24T18:44:38","date_gmt":"2021-06-24T18:44:38","guid":{"rendered":"https:\/\/www.ftepeyac.com.mx\/?post_type=product&#038;p=4701"},"modified":"2021-06-24T19:33:35","modified_gmt":"2021-06-24T19:33:35","slug":"ultrasol","status":"publish","type":"product","link":"https:\/\/www.ftepeyac.com.mx\/en\/product\/ultrasol\/","title":{"rendered":"Ultrasol\u00ae Manzana"},"content":{"rendered":"","protected":false},"excerpt":{"rendered":"<h4>Ultrasol\u00ae Manzana<\/h4>\n<p class=\"no-show\">Ultrasol\u00ae Manzana es fertilizante soluble que contiene macro y micronutrientes balanceados que en conjunto a la aplicaci\u00f3n de YaraLiva\u00ae Calcinit es posible cubrir los requerimientos nutricionales de los cultivos del manzano. Ultrasol\u00ae Manzana es indicado en condiciones de aguas y suelos de pH altos, ya que posee la capacidad de acidificaci\u00f3n, permitiendo mejorar la absorci\u00f3n de macro y micronutrientes por parte de la planta, y mantener el sistema de riego libre de obstrucciones.<br \/>\nF\u00f3rmula nutricionalmente superior y ultrasoluble, de f\u00e1cil manejo y aporte completo de nutrientes.<br \/>\nAcidificaci\u00f3n directa del agua de riego, haciendo innecesaria la aplicaci\u00f3n de \u00e1cidos.<br \/>\nF\u00f3rmula libre de cloro, 100% soluble y que mantiene limpia la red de riego.<br \/>\nAporte balanceado de nitr\u00f3geno n\u00edtrico y amoniacal.<br \/>\nUltrasol\u00ae Manzana es una formulaci\u00f3n balanceada de nitr\u00f3geno (N), f\u00f3sforo (P2O5), potasio (K2O), magnesio (MgO) y azufre (S), y los micronutrientes hierro (Fe) quelatado y zinc (Zn) quelatado.<\/p>\n<p class=\"no-show\"><strong style=\"font-weight: 600;\">Presentation:<\/strong>Saco 25 Kg<\/p>\n<p class=\"no-show\"><strong style=\"font-weight: 600;\">Crops:<\/strong><\/p>\n<p><img decoding=\"async\" class=\"no-show\" src=\"https:\/\/www.ftepeyac.com.mx\/wp-content\/uploads\/2019\/09\/ULTRASOL_MANZANA_CULTIVO.png\" alt=\"Solubles\" \/><\/p>\n<p class=\"no-show\"><strong style=\"font-weight: 600;\">Manufacturer:<\/strong>SQM<\/p>\n<p><a class=\"no-show\" href=\"https:\/\/www.ftepeyac.com.mx\/wp-content\/uploads\/2019\/09\/ULTRASOL_MANZANA_HOJA_SEGURIDAD.pdf\" target=\"_blank\" rel=\"noopener\">Safety sheet<\/a> [&#8230;]<\/p>\n<p><a class=\"btn btn-secondary understrap-read-more-link\" href=\"https:\/\/www.ftepeyac.com.mx\/en\/product\/ultrasol\/\">Read More&#8230;<\/a><\/p>","protected":false},"featured_media":4703,"comment_status":"open","ping_status":"closed","template":"","meta":{"inline_featured_image":false},"product_brand":[],"product_cat":[69,71,84],"product_tag":[],"class_list":{"0":"post-4701","1":"product","2":"type-product","3":"status-publish","4":"has-post-thumbnail","6":"product_cat-fertilizantes-organicos","7":"product_cat-fertilizantes-solubles","8":"product_cat-ultrasol-organico","10":"first","11":"instock","12":"shipping-taxable","13":"product-type-simple"},"yoast_head":"<!-- This site is optimized with the Yoast SEO plugin v24.9 - https:\/\/yoast.com\/wordpress\/plugins\/seo\/ -->\n<title>Ultrasol\u00ae Manzana - Fertilizantes Tepeyac<\/title>\n<meta name=\"robots\" content=\"index, follow, max-snippet:-1, max-image-preview:large, max-video-preview:-1\" \/>\n<link rel=\"canonical\" href=\"https:\/\/www.ftepeyac.com.mx\/en\/product\/ultrasol\/\" \/>\n<meta property=\"og:locale\" content=\"en_US\" \/>\n<meta property=\"og:type\" content=\"article\" \/>\n<meta property=\"og:title\" content=\"Ultrasol\u00ae Manzana - Fertilizantes Tepeyac\" \/>\n<meta property=\"og:description\" content=\"Ultrasol\u00ae Manzana Ultrasol\u00ae Manzana es fertilizante soluble que contiene macro y micronutrientes balanceados que en conjunto a la aplicaci\u00f3n de YaraLiva\u00ae Calcinit es posible cubrir los requerimientos nutricionales de los cultivos del manzano. Ultrasol\u00ae Manzana es indicado en condiciones de aguas y suelos de pH altos, ya que posee la capacidad de acidificaci\u00f3n, permitiendo mejorar la absorci\u00f3n de macro y micronutrientes por parte de la planta, y mantener el sistema de riego libre de obstrucciones. F\u00f3rmula nutricionalmente superior y ultrasoluble, de f\u00e1cil manejo y aporte completo de nutrientes. Acidificaci\u00f3n directa del agua de riego, haciendo innecesaria la aplicaci\u00f3n de \u00e1cidos. F\u00f3rmula libre de cloro, 100% soluble y que mantiene limpia la red de riego. Aporte balanceado de nitr\u00f3geno n\u00edtrico y amoniacal. Ultrasol\u00ae Manzana es una formulaci\u00f3n balanceada de nitr\u00f3geno (N), f\u00f3sforo (P2O5), potasio (K2O), magnesio (MgO) y azufre (S), y los micronutrientes hierro (Fe) quelatado y zinc (Zn) quelatado.  Presentaci\u00f3n:Saco 25 Kg Cultivos:  Fabricante:SQM Hoja de seguridad [...]Read More...\" \/>\n<meta property=\"og:url\" content=\"https:\/\/www.ftepeyac.com.mx\/en\/product\/ultrasol\/\" \/>\n<meta property=\"og:site_name\" content=\"Fertilizantes Tepeyac\" \/>\n<meta property=\"article:publisher\" content=\"https:\/\/www.facebook.com\/tepeyacgrupo\" \/>\n<meta property=\"article:modified_time\" content=\"2021-06-24T19:33:35+00:00\" \/>\n<meta property=\"og:image\" content=\"https:\/\/www.ftepeyac.com.mx\/wp-content\/uploads\/2021\/06\/ULTRASOL_MANZANA_PRODUCTO.jpg\" \/>\n\t<meta property=\"og:image:width\" content=\"600\" \/>\n\t<meta property=\"og:image:height\" content=\"600\" \/>\n\t<meta property=\"og:image:type\" content=\"image\/jpeg\" \/>\n<meta name=\"twitter:card\" content=\"summary_large_image\" \/>\n<script type=\"application\/ld+json\" class=\"yoast-schema-graph\">{\"@context\":\"https:\/\/schema.org\",\"@graph\":[{\"@type\":\"WebPage\",\"@id\":\"https:\/\/www.ftepeyac.com.mx\/producto\/ultrasol\/\",\"url\":\"https:\/\/www.ftepeyac.com.mx\/producto\/ultrasol\/\",\"name\":\"Ultrasol\u00ae Manzana - Fertilizantes Tepeyac\",\"isPartOf\":{\"@id\":\"https:\/\/www.ftepeyac.com.mx\/#website\"},\"primaryImageOfPage\":{\"@id\":\"https:\/\/www.ftepeyac.com.mx\/producto\/ultrasol\/#primaryimage\"},\"image\":{\"@id\":\"https:\/\/www.ftepeyac.com.mx\/producto\/ultrasol\/#primaryimage\"},\"thumbnailUrl\":\"https:\/\/www.ftepeyac.com.mx\/wp-content\/uploads\/2021\/06\/ULTRASOL_MANZANA_PRODUCTO.jpg\",\"datePublished\":\"2021-06-24T18:44:38+00:00\",\"dateModified\":\"2021-06-24T19:33:35+00:00\",\"breadcrumb\":{\"@id\":\"https:\/\/www.ftepeyac.com.mx\/producto\/ultrasol\/#breadcrumb\"},\"inLanguage\":\"en-US\",\"potentialAction\":[{\"@type\":\"ReadAction\",\"target\":[\"https:\/\/www.ftepeyac.com.mx\/producto\/ultrasol\/\"]}]},{\"@type\":\"ImageObject\",\"inLanguage\":\"en-US\",\"@id\":\"https:\/\/www.ftepeyac.com.mx\/producto\/ultrasol\/#primaryimage\",\"url\":\"https:\/\/www.ftepeyac.com.mx\/wp-content\/uploads\/2021\/06\/ULTRASOL_MANZANA_PRODUCTO.jpg\",\"contentUrl\":\"https:\/\/www.ftepeyac.com.mx\/wp-content\/uploads\/2021\/06\/ULTRASOL_MANZANA_PRODUCTO.jpg\",\"width\":600,\"height\":600},{\"@type\":\"BreadcrumbList\",\"@id\":\"https:\/\/www.ftepeyac.com.mx\/producto\/ultrasol\/#breadcrumb\",\"itemListElement\":[{\"@type\":\"ListItem\",\"position\":1,\"name\":\"Portada\",\"item\":\"https:\/\/www.ftepeyac.com.mx\/\"},{\"@type\":\"ListItem\",\"position\":2,\"name\":\"Productos\",\"item\":\"https:\/\/www.ftepeyac.com.mx\/shop\/\"},{\"@type\":\"ListItem\",\"position\":3,\"name\":\"Ultrasol\u00ae Manzana\"}]},{\"@type\":\"WebSite\",\"@id\":\"https:\/\/www.ftepeyac.com.mx\/#website\",\"url\":\"https:\/\/www.ftepeyac.com.mx\/\",\"name\":\"Fertilizantes Tepeyac | Soluciones en Nutrici\u00f3n Vegetal y Protecci\u00f3n de Cultivos\",\"description\":\"Ofrecemos un gran cat\u00e1logo de soluciones en agricultura, nos distinguimos por nuestra atenci\u00f3n personalizada sin intermediarios.\",\"publisher\":{\"@id\":\"https:\/\/www.ftepeyac.com.mx\/#organization\"},\"potentialAction\":[{\"@type\":\"SearchAction\",\"target\":{\"@type\":\"EntryPoint\",\"urlTemplate\":\"https:\/\/www.ftepeyac.com.mx\/?s={search_term_string}\"},\"query-input\":{\"@type\":\"PropertyValueSpecification\",\"valueRequired\":true,\"valueName\":\"search_term_string\"}}],\"inLanguage\":\"en-US\"},{\"@type\":\"Organization\",\"@id\":\"https:\/\/www.ftepeyac.com.mx\/#organization\",\"name\":\"Fertilizantes Tepeyac | Soluciones en Nutrici\u00f3n Vegetal y Protecci\u00f3n de Cultivos\",\"url\":\"https:\/\/www.ftepeyac.com.mx\/\",\"logo\":{\"@type\":\"ImageObject\",\"inLanguage\":\"en-US\",\"@id\":\"https:\/\/www.ftepeyac.com.mx\/#\/schema\/logo\/image\/\",\"url\":\"https:\/\/www.ftepeyac.com.mx\/wp-content\/uploads\/2019\/09\/tepeyac75-logo.png\",\"contentUrl\":\"https:\/\/www.ftepeyac.com.mx\/wp-content\/uploads\/2019\/09\/tepeyac75-logo.png\",\"width\":700,\"height\":150,\"caption\":\"Fertilizantes Tepeyac | Soluciones en Nutrici\u00f3n Vegetal y Protecci\u00f3n de Cultivos\"},\"image\":{\"@id\":\"https:\/\/www.ftepeyac.com.mx\/#\/schema\/logo\/image\/\"},\"sameAs\":[\"https:\/\/www.facebook.com\/tepeyacgrupo\",\"https:\/\/www.instagram.com\/fertilizantes.tepeyac\/\",\"https:\/\/mx.linkedin.com\/company\/fertilizantes-tepeyac-del-noroeste\"]}]}<\/script>\n<!-- \/ Yoast SEO plugin. -->","yoast_head_json":{"title":"Ultrasol\u00ae Manzana - Fertilizantes Tepeyac","robots":{"index":"index","follow":"follow","max-snippet":"max-snippet:-1","max-image-preview":"max-image-preview:large","max-video-preview":"max-video-preview:-1"},"canonical":"https:\/\/www.ftepeyac.com.mx\/en\/product\/ultrasol\/","og_locale":"en_US","og_type":"article","og_title":"Ultrasol\u00ae Manzana - Fertilizantes Tepeyac","og_description":"Ultrasol\u00ae Manzana Ultrasol\u00ae Manzana es fertilizante soluble que contiene macro y micronutrientes balanceados que en conjunto a la aplicaci\u00f3n de YaraLiva\u00ae Calcinit es posible cubrir los requerimientos nutricionales de los cultivos del manzano. Ultrasol\u00ae Manzana es indicado en condiciones de aguas y suelos de pH altos, ya que posee la capacidad de acidificaci\u00f3n, permitiendo mejorar la absorci\u00f3n de macro y micronutrientes por parte de la planta, y mantener el sistema de riego libre de obstrucciones. F\u00f3rmula nutricionalmente superior y ultrasoluble, de f\u00e1cil manejo y aporte completo de nutrientes. Acidificaci\u00f3n directa del agua de riego, haciendo innecesaria la aplicaci\u00f3n de \u00e1cidos. F\u00f3rmula libre de cloro, 100% soluble y que mantiene limpia la red de riego. Aporte balanceado de nitr\u00f3geno n\u00edtrico y amoniacal. Ultrasol\u00ae Manzana es una formulaci\u00f3n balanceada de nitr\u00f3geno (N), f\u00f3sforo (P2O5), potasio (K2O), magnesio (MgO) y azufre (S), y los micronutrientes hierro (Fe) quelatado y zinc (Zn) quelatado.  Presentaci\u00f3n:Saco 25 Kg Cultivos:  Fabricante:SQM Hoja de seguridad [...]Read More...","og_url":"https:\/\/www.ftepeyac.com.mx\/en\/product\/ultrasol\/","og_site_name":"Fertilizantes Tepeyac","article_publisher":"https:\/\/www.facebook.com\/tepeyacgrupo","article_modified_time":"2021-06-24T19:33:35+00:00","og_image":[{"width":600,"height":600,"url":"https:\/\/www.ftepeyac.com.mx\/wp-content\/uploads\/2021\/06\/ULTRASOL_MANZANA_PRODUCTO.jpg","type":"image\/jpeg"}],"twitter_card":"summary_large_image","schema":{"@context":"https:\/\/schema.org","@graph":[{"@type":"WebPage","@id":"https:\/\/www.ftepeyac.com.mx\/producto\/ultrasol\/","url":"https:\/\/www.ftepeyac.com.mx\/producto\/ultrasol\/","name":"Ultrasol\u00ae Manzana - Fertilizantes Tepeyac","isPartOf":{"@id":"https:\/\/www.ftepeyac.com.mx\/#website"},"primaryImageOfPage":{"@id":"https:\/\/www.ftepeyac.com.mx\/producto\/ultrasol\/#primaryimage"},"image":{"@id":"https:\/\/www.ftepeyac.com.mx\/producto\/ultrasol\/#primaryimage"},"thumbnailUrl":"https:\/\/www.ftepeyac.com.mx\/wp-content\/uploads\/2021\/06\/ULTRASOL_MANZANA_PRODUCTO.jpg","datePublished":"2021-06-24T18:44:38+00:00","dateModified":"2021-06-24T19:33:35+00:00","breadcrumb":{"@id":"https:\/\/www.ftepeyac.com.mx\/producto\/ultrasol\/#breadcrumb"},"inLanguage":"en-US","potentialAction":[{"@type":"ReadAction","target":["https:\/\/www.ftepeyac.com.mx\/producto\/ultrasol\/"]}]},{"@type":"ImageObject","inLanguage":"en-US","@id":"https:\/\/www.ftepeyac.com.mx\/producto\/ultrasol\/#primaryimage","url":"https:\/\/www.ftepeyac.com.mx\/wp-content\/uploads\/2021\/06\/ULTRASOL_MANZANA_PRODUCTO.jpg","contentUrl":"https:\/\/www.ftepeyac.com.mx\/wp-content\/uploads\/2021\/06\/ULTRASOL_MANZANA_PRODUCTO.jpg","width":600,"height":600},{"@type":"BreadcrumbList","@id":"https:\/\/www.ftepeyac.com.mx\/producto\/ultrasol\/#breadcrumb","itemListElement":[{"@type":"ListItem","position":1,"name":"Portada","item":"https:\/\/www.ftepeyac.com.mx\/"},{"@type":"ListItem","position":2,"name":"Productos","item":"https:\/\/www.ftepeyac.com.mx\/shop\/"},{"@type":"ListItem","position":3,"name":"Ultrasol\u00ae Manzana"}]},{"@type":"WebSite","@id":"https:\/\/www.ftepeyac.com.mx\/#website","url":"https:\/\/www.ftepeyac.com.mx\/","name":"Fertilizantes Tepeyac | Soluciones en Nutrici\u00f3n Vegetal y Protecci\u00f3n de Cultivos","description":"Ofrecemos un gran cat\u00e1logo de soluciones en agricultura, nos distinguimos por nuestra atenci\u00f3n personalizada sin intermediarios.","publisher":{"@id":"https:\/\/www.ftepeyac.com.mx\/#organization"},"potentialAction":[{"@type":"SearchAction","target":{"@type":"EntryPoint","urlTemplate":"https:\/\/www.ftepeyac.com.mx\/?s={search_term_string}"},"query-input":{"@type":"PropertyValueSpecification","valueRequired":true,"valueName":"search_term_string"}}],"inLanguage":"en-US"},{"@type":"Organization","@id":"https:\/\/www.ftepeyac.com.mx\/#organization","name":"Fertilizantes Tepeyac | Soluciones en Nutrici\u00f3n Vegetal y Protecci\u00f3n de Cultivos","url":"https:\/\/www.ftepeyac.com.mx\/","logo":{"@type":"ImageObject","inLanguage":"en-US","@id":"https:\/\/www.ftepeyac.com.mx\/#\/schema\/logo\/image\/","url":"https:\/\/www.ftepeyac.com.mx\/wp-content\/uploads\/2019\/09\/tepeyac75-logo.png","contentUrl":"https:\/\/www.ftepeyac.com.mx\/wp-content\/uploads\/2019\/09\/tepeyac75-logo.png","width":700,"height":150,"caption":"Fertilizantes Tepeyac | Soluciones en Nutrici\u00f3n Vegetal y Protecci\u00f3n de Cultivos"},"image":{"@id":"https:\/\/www.ftepeyac.com.mx\/#\/schema\/logo\/image\/"},"sameAs":["https:\/\/www.facebook.com\/tepeyacgrupo","https:\/\/www.instagram.com\/fertilizantes.tepeyac\/","https:\/\/mx.linkedin.com\/company\/fertilizantes-tepeyac-del-noroeste"]}]}},"_links":{"self":[{"href":"https:\/\/www.ftepeyac.com.mx\/en\/wp-json\/wp\/v2\/product\/4701","targetHints":{"allow":["GET"]}}],"collection":[{"href":"https:\/\/www.ftepeyac.com.mx\/en\/wp-json\/wp\/v2\/product"}],"about":[{"href":"https:\/\/www.ftepeyac.com.mx\/en\/wp-json\/wp\/v2\/types\/product"}],"replies":[{"embeddable":true,"href":"https:\/\/www.ftepeyac.com.mx\/en\/wp-json\/wp\/v2\/comments?post=4701"}],"wp:featuredmedia":[{"embeddable":true,"href":"https:\/\/www.ftepeyac.com.mx\/en\/wp-json\/wp\/v2\/media\/4703"}],"wp:attachment":[{"href":"https:\/\/www.ftepeyac.com.mx\/en\/wp-json\/wp\/v2\/media?parent=4701"}],"wp:term":[{"taxonomy":"product_brand","embeddable":true,"href":"https:\/\/www.ftepeyac.com.mx\/en\/wp-json\/wp\/v2\/product_brand?post=4701"},{"taxonomy":"product_cat","embeddable":true,"href":"https:\/\/www.ftepeyac.com.mx\/en\/wp-json\/wp\/v2\/product_cat?post=4701"},{"taxonomy":"product_tag","embeddable":true,"href":"https:\/\/www.ftepeyac.com.mx\/en\/wp-json\/wp\/v2\/product_tag?post=4701"}],"curies":[{"name":"wp","href":"https:\/\/api.w.org\/{rel}","templated":true}]}}