{"id":4733,"date":"2021-06-24T20:01:17","date_gmt":"2021-06-24T20:01:17","guid":{"rendered":"https:\/\/www.ftepeyac.com.mx\/?post_type=product&#038;p=4733"},"modified":"2021-06-24T20:09:23","modified_gmt":"2021-06-24T20:09:23","slug":"speedfol-zn-sc","status":"publish","type":"product","link":"https:\/\/www.ftepeyac.com.mx\/en\/product\/speedfol-zn-sc\/","title":{"rendered":"Speedfol \u2122 Zn SC"},"content":{"rendered":"","protected":false},"excerpt":{"rendered":"<h4>Speedfol \u2122 Zn SC<\/h4>\n<p class=\"no-show\">Speedfol \u2122 Zn SC es una fuente de zinc altamente concentrada que se utiliza en forma foliar para prevenir y corregir los desequilibrios por deficiencia de zinc. Su aplicaci\u00f3n dar\u00e1 como resultado un mejor desarrollo vegetativo y generativo.<\/p>\n<p class=\"no-show\">\nEl zinc (Zn) es un componente de muchos sistemas enzim\u00e1ticos que funcionan como parte de los sistemas de transferencia de electrones y en la s\u00edntesis y degradaci\u00f3n de prote\u00ednas. El zinc estimula el crecimiento vegetativo de la planta a trav\u00e9s de su papel en la formaci\u00f3n de tript\u00f3fano. El tript\u00f3fano es un precursor del \u00e1cido ac\u00e9tico indol (IAA), que induce la formaci\u00f3n de auxinas.<\/p>\n<p class=\"no-show\">\nEl zinc (Zn) es un componente de muchos sistemas enzim\u00e1ticos que funcionan como parte de los sistemas de transferencia de electrones y en la s\u00edntesis y degradaci\u00f3n de prote\u00ednas. El zinc estimula el crecimiento vegetativo de la planta a trav\u00e9s de su papel en la formaci\u00f3n de tript\u00f3fano. El tript\u00f3fano es un precursor del \u00e1cido ac\u00e9tico indol (IAA), que induce la formaci\u00f3n de auxinas.<\/p>\n<p class=\"no-show\"><strong style=\"font-weight: 600;\">Presentation:<\/strong> 1 Lt 10 Lts.<\/p>\n<p class=\"no-show\"><strong style=\"font-weight: 600;\">Crops:<\/strong><\/p>\n<p><img decoding=\"async\" class=\"no-show\" src=\"https:\/\/www.ftepeyac.com.mx\/wp-content\/uploads\/2019\/09\/speedfol_znsc_cultivos.png\" alt=\"Foliar\"\/><\/p>\n<p class=\"no-show\"><strong style=\"font-weight: 600;\">Manufacturer:<\/strong> SQM<\/p>\n<p> [&#8230;]<\/p>\n<p><a class=\"btn btn-secondary understrap-read-more-link\" href=\"https:\/\/www.ftepeyac.com.mx\/en\/product\/speedfol-zn-sc\/\">Read More&#8230;<\/a><\/p>","protected":false},"featured_media":4735,"comment_status":"open","ping_status":"closed","template":"","meta":{"inline_featured_image":false},"product_brand":[],"product_cat":[65,69,83],"product_tag":[],"class_list":{"0":"post-4733","1":"product","2":"type-product","3":"status-publish","4":"has-post-thumbnail","6":"product_cat-fertilizantes-foliares","7":"product_cat-fertilizantes-organicos","8":"product_cat-speedfol-organico","10":"first","11":"instock","12":"shipping-taxable","13":"product-type-simple"},"yoast_head":"<!-- This site is optimized with the Yoast SEO plugin v24.9 - https:\/\/yoast.com\/wordpress\/plugins\/seo\/ -->\n<title>Speedfol \u2122 Zn SC - Fertilizantes Tepeyac<\/title>\n<meta name=\"robots\" content=\"index, follow, max-snippet:-1, max-image-preview:large, max-video-preview:-1\" \/>\n<link rel=\"canonical\" href=\"https:\/\/www.ftepeyac.com.mx\/en\/product\/speedfol-zn-sc\/\" \/>\n<meta property=\"og:locale\" content=\"en_US\" \/>\n<meta property=\"og:type\" content=\"article\" \/>\n<meta property=\"og:title\" content=\"Speedfol \u2122 Zn SC - Fertilizantes Tepeyac\" \/>\n<meta property=\"og:description\" content=\"Speedfol \u2122 Zn SC Speedfol \u2122 Zn SC es una fuente de zinc altamente concentrada que se utiliza en forma foliar para prevenir y corregir los desequilibrios por deficiencia de zinc. Su aplicaci\u00f3n dar\u00e1 como resultado un mejor desarrollo vegetativo y generativo.   El zinc (Zn) es un componente de muchos sistemas enzim\u00e1ticos que funcionan como parte de los sistemas de transferencia de electrones y en la s\u00edntesis y degradaci\u00f3n de prote\u00ednas. El zinc estimula el crecimiento vegetativo de la planta a trav\u00e9s de su papel en la formaci\u00f3n de tript\u00f3fano. El tript\u00f3fano es un precursor del \u00e1cido ac\u00e9tico indol (IAA), que induce la formaci\u00f3n de auxinas.   El zinc (Zn) es un componente de muchos sistemas enzim\u00e1ticos que funcionan como parte de los sistemas de transferencia de electrones y en la s\u00edntesis y degradaci\u00f3n de prote\u00ednas. El zinc estimula el crecimiento vegetativo de la planta a trav\u00e9s de su papel en la formaci\u00f3n de tript\u00f3fano. El tript\u00f3fano es un precursor del \u00e1cido ac\u00e9tico indol (IAA), que induce la formaci\u00f3n de auxinas.  Presentaci\u00f3n: 1 Lt 10 Lts. Cultivos:  Fabricante: SQM   [...]Read More...\" \/>\n<meta property=\"og:url\" content=\"https:\/\/www.ftepeyac.com.mx\/en\/product\/speedfol-zn-sc\/\" \/>\n<meta property=\"og:site_name\" content=\"Fertilizantes Tepeyac\" \/>\n<meta property=\"article:publisher\" content=\"https:\/\/www.facebook.com\/tepeyacgrupo\" \/>\n<meta property=\"article:modified_time\" content=\"2021-06-24T20:09:23+00:00\" \/>\n<meta property=\"og:image\" content=\"https:\/\/www.ftepeyac.com.mx\/wp-content\/uploads\/2021\/06\/speedfol_znsc.jpg\" \/>\n\t<meta property=\"og:image:width\" content=\"600\" \/>\n\t<meta property=\"og:image:height\" content=\"600\" \/>\n\t<meta property=\"og:image:type\" content=\"image\/jpeg\" \/>\n<meta name=\"twitter:card\" content=\"summary_large_image\" \/>\n<script type=\"application\/ld+json\" class=\"yoast-schema-graph\">{\"@context\":\"https:\/\/schema.org\",\"@graph\":[{\"@type\":\"WebPage\",\"@id\":\"https:\/\/www.ftepeyac.com.mx\/en\/product\/speedfol-zn-sc\/\",\"url\":\"https:\/\/www.ftepeyac.com.mx\/en\/product\/speedfol-zn-sc\/\",\"name\":\"Speedfol \u2122 Zn SC - Fertilizantes Tepeyac\",\"isPartOf\":{\"@id\":\"https:\/\/www.ftepeyac.com.mx\/#website\"},\"primaryImageOfPage\":{\"@id\":\"https:\/\/www.ftepeyac.com.mx\/en\/product\/speedfol-zn-sc\/#primaryimage\"},\"image\":{\"@id\":\"https:\/\/www.ftepeyac.com.mx\/en\/product\/speedfol-zn-sc\/#primaryimage\"},\"thumbnailUrl\":\"https:\/\/www.ftepeyac.com.mx\/wp-content\/uploads\/2021\/06\/speedfol_znsc.jpg\",\"datePublished\":\"2021-06-24T20:01:17+00:00\",\"dateModified\":\"2021-06-24T20:09:23+00:00\",\"breadcrumb\":{\"@id\":\"https:\/\/www.ftepeyac.com.mx\/en\/product\/speedfol-zn-sc\/#breadcrumb\"},\"inLanguage\":\"en-US\",\"potentialAction\":[{\"@type\":\"ReadAction\",\"target\":[\"https:\/\/www.ftepeyac.com.mx\/en\/product\/speedfol-zn-sc\/\"]}]},{\"@type\":\"ImageObject\",\"inLanguage\":\"en-US\",\"@id\":\"https:\/\/www.ftepeyac.com.mx\/en\/product\/speedfol-zn-sc\/#primaryimage\",\"url\":\"https:\/\/www.ftepeyac.com.mx\/wp-content\/uploads\/2021\/06\/speedfol_znsc.jpg\",\"contentUrl\":\"https:\/\/www.ftepeyac.com.mx\/wp-content\/uploads\/2021\/06\/speedfol_znsc.jpg\",\"width\":600,\"height\":600,\"caption\":\"speedfol_znsc\"},{\"@type\":\"BreadcrumbList\",\"@id\":\"https:\/\/www.ftepeyac.com.mx\/en\/product\/speedfol-zn-sc\/#breadcrumb\",\"itemListElement\":[{\"@type\":\"ListItem\",\"position\":1,\"name\":\"Portada\",\"item\":\"https:\/\/www.ftepeyac.com.mx\/\"},{\"@type\":\"ListItem\",\"position\":2,\"name\":\"Productos\",\"item\":\"https:\/\/www.ftepeyac.com.mx\/shop\/\"},{\"@type\":\"ListItem\",\"position\":3,\"name\":\"Speedfol \u2122 Zn SC\"}]},{\"@type\":\"WebSite\",\"@id\":\"https:\/\/www.ftepeyac.com.mx\/#website\",\"url\":\"https:\/\/www.ftepeyac.com.mx\/\",\"name\":\"Fertilizantes Tepeyac | Soluciones en Nutrici\u00f3n Vegetal y Protecci\u00f3n de Cultivos\",\"description\":\"Ofrecemos un gran cat\u00e1logo de soluciones en agricultura, nos distinguimos por nuestra atenci\u00f3n personalizada sin intermediarios.\",\"publisher\":{\"@id\":\"https:\/\/www.ftepeyac.com.mx\/#organization\"},\"potentialAction\":[{\"@type\":\"SearchAction\",\"target\":{\"@type\":\"EntryPoint\",\"urlTemplate\":\"https:\/\/www.ftepeyac.com.mx\/?s={search_term_string}\"},\"query-input\":{\"@type\":\"PropertyValueSpecification\",\"valueRequired\":true,\"valueName\":\"search_term_string\"}}],\"inLanguage\":\"en-US\"},{\"@type\":\"Organization\",\"@id\":\"https:\/\/www.ftepeyac.com.mx\/#organization\",\"name\":\"Fertilizantes Tepeyac | Soluciones en Nutrici\u00f3n Vegetal y Protecci\u00f3n de Cultivos\",\"url\":\"https:\/\/www.ftepeyac.com.mx\/\",\"logo\":{\"@type\":\"ImageObject\",\"inLanguage\":\"en-US\",\"@id\":\"https:\/\/www.ftepeyac.com.mx\/#\/schema\/logo\/image\/\",\"url\":\"https:\/\/www.ftepeyac.com.mx\/wp-content\/uploads\/2019\/09\/tepeyac75-logo.png\",\"contentUrl\":\"https:\/\/www.ftepeyac.com.mx\/wp-content\/uploads\/2019\/09\/tepeyac75-logo.png\",\"width\":700,\"height\":150,\"caption\":\"Fertilizantes Tepeyac | Soluciones en Nutrici\u00f3n Vegetal y Protecci\u00f3n de Cultivos\"},\"image\":{\"@id\":\"https:\/\/www.ftepeyac.com.mx\/#\/schema\/logo\/image\/\"},\"sameAs\":[\"https:\/\/www.facebook.com\/tepeyacgrupo\",\"https:\/\/www.instagram.com\/fertilizantes.tepeyac\/\",\"https:\/\/mx.linkedin.com\/company\/fertilizantes-tepeyac-del-noroeste\"]}]}<\/script>\n<!-- \/ Yoast SEO plugin. -->","yoast_head_json":{"title":"Speedfol \u2122 Zn SC - Fertilizantes Tepeyac","robots":{"index":"index","follow":"follow","max-snippet":"max-snippet:-1","max-image-preview":"max-image-preview:large","max-video-preview":"max-video-preview:-1"},"canonical":"https:\/\/www.ftepeyac.com.mx\/en\/product\/speedfol-zn-sc\/","og_locale":"en_US","og_type":"article","og_title":"Speedfol \u2122 Zn SC - Fertilizantes Tepeyac","og_description":"Speedfol \u2122 Zn SC Speedfol \u2122 Zn SC es una fuente de zinc altamente concentrada que se utiliza en forma foliar para prevenir y corregir los desequilibrios por deficiencia de zinc. Su aplicaci\u00f3n dar\u00e1 como resultado un mejor desarrollo vegetativo y generativo.   El zinc (Zn) es un componente de muchos sistemas enzim\u00e1ticos que funcionan como parte de los sistemas de transferencia de electrones y en la s\u00edntesis y degradaci\u00f3n de prote\u00ednas. El zinc estimula el crecimiento vegetativo de la planta a trav\u00e9s de su papel en la formaci\u00f3n de tript\u00f3fano. El tript\u00f3fano es un precursor del \u00e1cido ac\u00e9tico indol (IAA), que induce la formaci\u00f3n de auxinas.   El zinc (Zn) es un componente de muchos sistemas enzim\u00e1ticos que funcionan como parte de los sistemas de transferencia de electrones y en la s\u00edntesis y degradaci\u00f3n de prote\u00ednas. El zinc estimula el crecimiento vegetativo de la planta a trav\u00e9s de su papel en la formaci\u00f3n de tript\u00f3fano. El tript\u00f3fano es un precursor del \u00e1cido ac\u00e9tico indol (IAA), que induce la formaci\u00f3n de auxinas.  Presentaci\u00f3n: 1 Lt 10 Lts. Cultivos:  Fabricante: SQM   [...]Read More...","og_url":"https:\/\/www.ftepeyac.com.mx\/en\/product\/speedfol-zn-sc\/","og_site_name":"Fertilizantes Tepeyac","article_publisher":"https:\/\/www.facebook.com\/tepeyacgrupo","article_modified_time":"2021-06-24T20:09:23+00:00","og_image":[{"width":600,"height":600,"url":"https:\/\/www.ftepeyac.com.mx\/wp-content\/uploads\/2021\/06\/speedfol_znsc.jpg","type":"image\/jpeg"}],"twitter_card":"summary_large_image","schema":{"@context":"https:\/\/schema.org","@graph":[{"@type":"WebPage","@id":"https:\/\/www.ftepeyac.com.mx\/en\/product\/speedfol-zn-sc\/","url":"https:\/\/www.ftepeyac.com.mx\/en\/product\/speedfol-zn-sc\/","name":"Speedfol \u2122 Zn SC - Fertilizantes Tepeyac","isPartOf":{"@id":"https:\/\/www.ftepeyac.com.mx\/#website"},"primaryImageOfPage":{"@id":"https:\/\/www.ftepeyac.com.mx\/en\/product\/speedfol-zn-sc\/#primaryimage"},"image":{"@id":"https:\/\/www.ftepeyac.com.mx\/en\/product\/speedfol-zn-sc\/#primaryimage"},"thumbnailUrl":"https:\/\/www.ftepeyac.com.mx\/wp-content\/uploads\/2021\/06\/speedfol_znsc.jpg","datePublished":"2021-06-24T20:01:17+00:00","dateModified":"2021-06-24T20:09:23+00:00","breadcrumb":{"@id":"https:\/\/www.ftepeyac.com.mx\/en\/product\/speedfol-zn-sc\/#breadcrumb"},"inLanguage":"en-US","potentialAction":[{"@type":"ReadAction","target":["https:\/\/www.ftepeyac.com.mx\/en\/product\/speedfol-zn-sc\/"]}]},{"@type":"ImageObject","inLanguage":"en-US","@id":"https:\/\/www.ftepeyac.com.mx\/en\/product\/speedfol-zn-sc\/#primaryimage","url":"https:\/\/www.ftepeyac.com.mx\/wp-content\/uploads\/2021\/06\/speedfol_znsc.jpg","contentUrl":"https:\/\/www.ftepeyac.com.mx\/wp-content\/uploads\/2021\/06\/speedfol_znsc.jpg","width":600,"height":600,"caption":"speedfol_znsc"},{"@type":"BreadcrumbList","@id":"https:\/\/www.ftepeyac.com.mx\/en\/product\/speedfol-zn-sc\/#breadcrumb","itemListElement":[{"@type":"ListItem","position":1,"name":"Portada","item":"https:\/\/www.ftepeyac.com.mx\/"},{"@type":"ListItem","position":2,"name":"Productos","item":"https:\/\/www.ftepeyac.com.mx\/shop\/"},{"@type":"ListItem","position":3,"name":"Speedfol \u2122 Zn SC"}]},{"@type":"WebSite","@id":"https:\/\/www.ftepeyac.com.mx\/#website","url":"https:\/\/www.ftepeyac.com.mx\/","name":"Fertilizantes Tepeyac | Soluciones en Nutrici\u00f3n Vegetal y Protecci\u00f3n de Cultivos","description":"Ofrecemos un gran cat\u00e1logo de soluciones en agricultura, nos distinguimos por nuestra atenci\u00f3n personalizada sin intermediarios.","publisher":{"@id":"https:\/\/www.ftepeyac.com.mx\/#organization"},"potentialAction":[{"@type":"SearchAction","target":{"@type":"EntryPoint","urlTemplate":"https:\/\/www.ftepeyac.com.mx\/?s={search_term_string}"},"query-input":{"@type":"PropertyValueSpecification","valueRequired":true,"valueName":"search_term_string"}}],"inLanguage":"en-US"},{"@type":"Organization","@id":"https:\/\/www.ftepeyac.com.mx\/#organization","name":"Fertilizantes Tepeyac | Soluciones en Nutrici\u00f3n Vegetal y Protecci\u00f3n de Cultivos","url":"https:\/\/www.ftepeyac.com.mx\/","logo":{"@type":"ImageObject","inLanguage":"en-US","@id":"https:\/\/www.ftepeyac.com.mx\/#\/schema\/logo\/image\/","url":"https:\/\/www.ftepeyac.com.mx\/wp-content\/uploads\/2019\/09\/tepeyac75-logo.png","contentUrl":"https:\/\/www.ftepeyac.com.mx\/wp-content\/uploads\/2019\/09\/tepeyac75-logo.png","width":700,"height":150,"caption":"Fertilizantes Tepeyac | Soluciones en Nutrici\u00f3n Vegetal y Protecci\u00f3n de Cultivos"},"image":{"@id":"https:\/\/www.ftepeyac.com.mx\/#\/schema\/logo\/image\/"},"sameAs":["https:\/\/www.facebook.com\/tepeyacgrupo","https:\/\/www.instagram.com\/fertilizantes.tepeyac\/","https:\/\/mx.linkedin.com\/company\/fertilizantes-tepeyac-del-noroeste"]}]}},"_links":{"self":[{"href":"https:\/\/www.ftepeyac.com.mx\/en\/wp-json\/wp\/v2\/product\/4733","targetHints":{"allow":["GET"]}}],"collection":[{"href":"https:\/\/www.ftepeyac.com.mx\/en\/wp-json\/wp\/v2\/product"}],"about":[{"href":"https:\/\/www.ftepeyac.com.mx\/en\/wp-json\/wp\/v2\/types\/product"}],"replies":[{"embeddable":true,"href":"https:\/\/www.ftepeyac.com.mx\/en\/wp-json\/wp\/v2\/comments?post=4733"}],"wp:featuredmedia":[{"embeddable":true,"href":"https:\/\/www.ftepeyac.com.mx\/en\/wp-json\/wp\/v2\/media\/4735"}],"wp:attachment":[{"href":"https:\/\/www.ftepeyac.com.mx\/en\/wp-json\/wp\/v2\/media?parent=4733"}],"wp:term":[{"taxonomy":"product_brand","embeddable":true,"href":"https:\/\/www.ftepeyac.com.mx\/en\/wp-json\/wp\/v2\/product_brand?post=4733"},{"taxonomy":"product_cat","embeddable":true,"href":"https:\/\/www.ftepeyac.com.mx\/en\/wp-json\/wp\/v2\/product_cat?post=4733"},{"taxonomy":"product_tag","embeddable":true,"href":"https:\/\/www.ftepeyac.com.mx\/en\/wp-json\/wp\/v2\/product_tag?post=4733"}],"curies":[{"name":"wp","href":"https:\/\/api.w.org\/{rel}","templated":true}]}}