{"id":4778,"date":"2021-06-25T03:03:01","date_gmt":"2021-06-25T03:03:01","guid":{"rendered":"https:\/\/www.ftepeyac.com.mx\/?post_type=product&#038;p=4778"},"modified":"2022-07-14T21:42:24","modified_gmt":"2022-07-14T21:42:24","slug":"speedfol-special-sp","status":"publish","type":"product","link":"https:\/\/www.ftepeyac.com.mx\/en\/product\/speedfol-special-sp\/","title":{"rendered":"Speedfol\u00ae Special SP"},"content":{"rendered":"","protected":false},"excerpt":{"rendered":"<h4>Speedfol\u00ae Special SP<\/h4>\n<p class=\"no-show\"> Speedfol\u00ae Special SP es un abono NPK cristalino de alta solubilidad. Aporta niveles equilibrados de micronutrientes, algunos de ellos quelatados como EDTA.<\/p>\n<p class=\"no-show\">Fabricado dentro de los mayores est\u00e1ndares de calidad Speedfol\u00ae Special SP, se puede emplear en todo tipo de cultivos. La formulaci\u00f3n resulta especialmente adecuada para la fase de floraci\u00f3n y desarrollo de frutos. Speedfol\u00ae Special SP, forma parte de la gama de abonos cristalinos, que aportan un abonado completo, equilibrado, rico en elementos nutritivos y exento de urea.<\/p>\n<p class=\"no-show\">Speedfol\u00ae Special SP, es un producto que se disuelve r\u00e1pida y completamente en agua, esta libre de insolubles, contiene valores muy bajos de sodio y cloro y cuenta con una baja conductividad. El uso de Speedfol\u00ae Special SP, provoca un efecto r\u00e1pido y positivo en el cultivo, lo que se traduce en mayores rendimientos y mayor calidad de la cosecha.<\/p>\n<p class=\"no-show\"><strong style=\"font-weight: 600;\">Presentation:<\/strong> 1Kg., 25 Kg. <\/p>\n<p class=\"no-show\"><strong style=\"font-weight: 600;\">Cultivos: org\u00e1nico <\/strong><\/p>\n<p><img decoding=\"async\" class=\"no-show\" src=\"https:\/\/www.ftepeyac.com.mx\/wp-content\/uploads\/2021\/06\/Speedfol-special-sp-cultivos.png\" alt=\"org\u00e1nicos\"\/><\/p>\n<p class=\"no-show\"><strong style=\"font-weight: 600;\">Manufacturer:<\/strong> SQM <\/p>\n<p><a class=\"no-show\" href=\"https:\/\/www.ftepeyac.com.mx\/wp-content\/uploads\/2021\/06\/speedfol-special-sp-hoja-de-seguridad.pdf\" target=\"_blank\" rel=\"noopener\">Safety sheet<\/a> [&#8230;]<\/p>\n<p><a class=\"btn btn-secondary understrap-read-more-link\" href=\"https:\/\/www.ftepeyac.com.mx\/en\/product\/speedfol-special-sp\/\">Read More&#8230;<\/a><\/p>","protected":false},"featured_media":4909,"comment_status":"open","ping_status":"closed","template":"","meta":{"inline_featured_image":false},"product_brand":[],"product_cat":[69,71,83],"product_tag":[],"class_list":{"0":"post-4778","1":"product","2":"type-product","3":"status-publish","4":"has-post-thumbnail","6":"product_cat-fertilizantes-organicos","7":"product_cat-fertilizantes-solubles","8":"product_cat-speedfol-organico","10":"first","11":"instock","12":"shipping-taxable","13":"product-type-simple"},"yoast_head":"<!-- This site is optimized with the Yoast SEO plugin v24.9 - https:\/\/yoast.com\/wordpress\/plugins\/seo\/ -->\n<title>Speedfol\u00ae Special SP - Fertilizantes Tepeyac<\/title>\n<meta name=\"robots\" content=\"index, follow, max-snippet:-1, max-image-preview:large, max-video-preview:-1\" \/>\n<link rel=\"canonical\" href=\"https:\/\/www.ftepeyac.com.mx\/en\/product\/speedfol-special-sp\/\" \/>\n<meta property=\"og:locale\" content=\"en_US\" \/>\n<meta property=\"og:type\" content=\"article\" \/>\n<meta property=\"og:title\" content=\"Speedfol\u00ae Special SP - Fertilizantes Tepeyac\" \/>\n<meta property=\"og:description\" content=\"Speedfol\u00ae Special SP  Speedfol\u00ae Special SP es un abono NPK cristalino de alta solubilidad. Aporta niveles equilibrados de micronutrientes, algunos de ellos quelatados como EDTA.  Fabricado dentro de los mayores est\u00e1ndares de calidad Speedfol\u00ae Special SP, se puede emplear en todo tipo de cultivos. La formulaci\u00f3n resulta especialmente adecuada para la fase de floraci\u00f3n y desarrollo de frutos. Speedfol\u00ae Special SP, forma parte de la gama de abonos cristalinos, que aportan un abonado completo, equilibrado, rico en elementos nutritivos y exento de urea. Speedfol\u00ae Special SP, es un producto que se disuelve r\u00e1pida y completamente en agua, esta libre de insolubles, contiene valores muy bajos de sodio y cloro y cuenta con una baja conductividad. El uso de Speedfol\u00ae Special SP, provoca un efecto r\u00e1pido y positivo en el cultivo, lo que se traduce en mayores rendimientos y mayor calidad de la cosecha. Presentaci\u00f3n: 1Kg., 25 Kg.  Cultivos: org\u00e1nico   Fabricante: SQM    Hoja de seguridad [...]Read More...\" \/>\n<meta property=\"og:url\" content=\"https:\/\/www.ftepeyac.com.mx\/en\/product\/speedfol-special-sp\/\" \/>\n<meta property=\"og:site_name\" content=\"Fertilizantes Tepeyac\" \/>\n<meta property=\"article:publisher\" content=\"https:\/\/www.facebook.com\/tepeyacgrupo\" \/>\n<meta property=\"article:modified_time\" content=\"2022-07-14T21:42:24+00:00\" \/>\n<meta property=\"og:image\" content=\"https:\/\/www.ftepeyac.com.mx\/wp-content\/uploads\/2021\/06\/speedfol_special_sp.jpg\" \/>\n\t<meta property=\"og:image:width\" content=\"600\" \/>\n\t<meta property=\"og:image:height\" content=\"600\" \/>\n\t<meta property=\"og:image:type\" content=\"image\/jpeg\" \/>\n<meta name=\"twitter:card\" content=\"summary_large_image\" \/>\n<script type=\"application\/ld+json\" class=\"yoast-schema-graph\">{\"@context\":\"https:\/\/schema.org\",\"@graph\":[{\"@type\":\"WebPage\",\"@id\":\"https:\/\/www.ftepeyac.com.mx\/en\/product\/speedfol-special-sp\/\",\"url\":\"https:\/\/www.ftepeyac.com.mx\/en\/product\/speedfol-special-sp\/\",\"name\":\"Speedfol\u00ae Special SP - Fertilizantes Tepeyac\",\"isPartOf\":{\"@id\":\"https:\/\/www.ftepeyac.com.mx\/#website\"},\"primaryImageOfPage\":{\"@id\":\"https:\/\/www.ftepeyac.com.mx\/en\/product\/speedfol-special-sp\/#primaryimage\"},\"image\":{\"@id\":\"https:\/\/www.ftepeyac.com.mx\/en\/product\/speedfol-special-sp\/#primaryimage\"},\"thumbnailUrl\":\"https:\/\/www.ftepeyac.com.mx\/wp-content\/uploads\/2021\/06\/speedfol_special_sp.jpg\",\"datePublished\":\"2021-06-25T03:03:01+00:00\",\"dateModified\":\"2022-07-14T21:42:24+00:00\",\"breadcrumb\":{\"@id\":\"https:\/\/www.ftepeyac.com.mx\/en\/product\/speedfol-special-sp\/#breadcrumb\"},\"inLanguage\":\"en-US\",\"potentialAction\":[{\"@type\":\"ReadAction\",\"target\":[\"https:\/\/www.ftepeyac.com.mx\/en\/product\/speedfol-special-sp\/\"]}]},{\"@type\":\"ImageObject\",\"inLanguage\":\"en-US\",\"@id\":\"https:\/\/www.ftepeyac.com.mx\/en\/product\/speedfol-special-sp\/#primaryimage\",\"url\":\"https:\/\/www.ftepeyac.com.mx\/wp-content\/uploads\/2021\/06\/speedfol_special_sp.jpg\",\"contentUrl\":\"https:\/\/www.ftepeyac.com.mx\/wp-content\/uploads\/2021\/06\/speedfol_special_sp.jpg\",\"width\":600,\"height\":600,\"caption\":\"speedfol_special_sp\"},{\"@type\":\"BreadcrumbList\",\"@id\":\"https:\/\/www.ftepeyac.com.mx\/en\/product\/speedfol-special-sp\/#breadcrumb\",\"itemListElement\":[{\"@type\":\"ListItem\",\"position\":1,\"name\":\"Portada\",\"item\":\"https:\/\/www.ftepeyac.com.mx\/\"},{\"@type\":\"ListItem\",\"position\":2,\"name\":\"Productos\",\"item\":\"https:\/\/www.ftepeyac.com.mx\/shop\/\"},{\"@type\":\"ListItem\",\"position\":3,\"name\":\"Speedfol\u00ae Special SP\"}]},{\"@type\":\"WebSite\",\"@id\":\"https:\/\/www.ftepeyac.com.mx\/#website\",\"url\":\"https:\/\/www.ftepeyac.com.mx\/\",\"name\":\"Fertilizantes Tepeyac | Soluciones en Nutrici\u00f3n Vegetal y Protecci\u00f3n de Cultivos\",\"description\":\"Ofrecemos un gran cat\u00e1logo de soluciones en agricultura, nos distinguimos por nuestra atenci\u00f3n personalizada sin intermediarios.\",\"publisher\":{\"@id\":\"https:\/\/www.ftepeyac.com.mx\/#organization\"},\"potentialAction\":[{\"@type\":\"SearchAction\",\"target\":{\"@type\":\"EntryPoint\",\"urlTemplate\":\"https:\/\/www.ftepeyac.com.mx\/?s={search_term_string}\"},\"query-input\":{\"@type\":\"PropertyValueSpecification\",\"valueRequired\":true,\"valueName\":\"search_term_string\"}}],\"inLanguage\":\"en-US\"},{\"@type\":\"Organization\",\"@id\":\"https:\/\/www.ftepeyac.com.mx\/#organization\",\"name\":\"Fertilizantes Tepeyac | Soluciones en Nutrici\u00f3n Vegetal y Protecci\u00f3n de Cultivos\",\"url\":\"https:\/\/www.ftepeyac.com.mx\/\",\"logo\":{\"@type\":\"ImageObject\",\"inLanguage\":\"en-US\",\"@id\":\"https:\/\/www.ftepeyac.com.mx\/#\/schema\/logo\/image\/\",\"url\":\"https:\/\/www.ftepeyac.com.mx\/wp-content\/uploads\/2019\/09\/tepeyac75-logo.png\",\"contentUrl\":\"https:\/\/www.ftepeyac.com.mx\/wp-content\/uploads\/2019\/09\/tepeyac75-logo.png\",\"width\":700,\"height\":150,\"caption\":\"Fertilizantes Tepeyac | Soluciones en Nutrici\u00f3n Vegetal y Protecci\u00f3n de Cultivos\"},\"image\":{\"@id\":\"https:\/\/www.ftepeyac.com.mx\/#\/schema\/logo\/image\/\"},\"sameAs\":[\"https:\/\/www.facebook.com\/tepeyacgrupo\",\"https:\/\/www.instagram.com\/fertilizantes.tepeyac\/\",\"https:\/\/mx.linkedin.com\/company\/fertilizantes-tepeyac-del-noroeste\"]}]}<\/script>\n<!-- \/ Yoast SEO plugin. -->","yoast_head_json":{"title":"Speedfol\u00ae Special SP - Fertilizantes Tepeyac","robots":{"index":"index","follow":"follow","max-snippet":"max-snippet:-1","max-image-preview":"max-image-preview:large","max-video-preview":"max-video-preview:-1"},"canonical":"https:\/\/www.ftepeyac.com.mx\/en\/product\/speedfol-special-sp\/","og_locale":"en_US","og_type":"article","og_title":"Speedfol\u00ae Special SP - Fertilizantes Tepeyac","og_description":"Speedfol\u00ae Special SP  Speedfol\u00ae Special SP es un abono NPK cristalino de alta solubilidad. Aporta niveles equilibrados de micronutrientes, algunos de ellos quelatados como EDTA.  Fabricado dentro de los mayores est\u00e1ndares de calidad Speedfol\u00ae Special SP, se puede emplear en todo tipo de cultivos. La formulaci\u00f3n resulta especialmente adecuada para la fase de floraci\u00f3n y desarrollo de frutos. Speedfol\u00ae Special SP, forma parte de la gama de abonos cristalinos, que aportan un abonado completo, equilibrado, rico en elementos nutritivos y exento de urea. Speedfol\u00ae Special SP, es un producto que se disuelve r\u00e1pida y completamente en agua, esta libre de insolubles, contiene valores muy bajos de sodio y cloro y cuenta con una baja conductividad. El uso de Speedfol\u00ae Special SP, provoca un efecto r\u00e1pido y positivo en el cultivo, lo que se traduce en mayores rendimientos y mayor calidad de la cosecha. Presentaci\u00f3n: 1Kg., 25 Kg.  Cultivos: org\u00e1nico   Fabricante: SQM    Hoja de seguridad [...]Read More...","og_url":"https:\/\/www.ftepeyac.com.mx\/en\/product\/speedfol-special-sp\/","og_site_name":"Fertilizantes Tepeyac","article_publisher":"https:\/\/www.facebook.com\/tepeyacgrupo","article_modified_time":"2022-07-14T21:42:24+00:00","og_image":[{"width":600,"height":600,"url":"https:\/\/www.ftepeyac.com.mx\/wp-content\/uploads\/2021\/06\/speedfol_special_sp.jpg","type":"image\/jpeg"}],"twitter_card":"summary_large_image","schema":{"@context":"https:\/\/schema.org","@graph":[{"@type":"WebPage","@id":"https:\/\/www.ftepeyac.com.mx\/en\/product\/speedfol-special-sp\/","url":"https:\/\/www.ftepeyac.com.mx\/en\/product\/speedfol-special-sp\/","name":"Speedfol\u00ae Special SP - Fertilizantes Tepeyac","isPartOf":{"@id":"https:\/\/www.ftepeyac.com.mx\/#website"},"primaryImageOfPage":{"@id":"https:\/\/www.ftepeyac.com.mx\/en\/product\/speedfol-special-sp\/#primaryimage"},"image":{"@id":"https:\/\/www.ftepeyac.com.mx\/en\/product\/speedfol-special-sp\/#primaryimage"},"thumbnailUrl":"https:\/\/www.ftepeyac.com.mx\/wp-content\/uploads\/2021\/06\/speedfol_special_sp.jpg","datePublished":"2021-06-25T03:03:01+00:00","dateModified":"2022-07-14T21:42:24+00:00","breadcrumb":{"@id":"https:\/\/www.ftepeyac.com.mx\/en\/product\/speedfol-special-sp\/#breadcrumb"},"inLanguage":"en-US","potentialAction":[{"@type":"ReadAction","target":["https:\/\/www.ftepeyac.com.mx\/en\/product\/speedfol-special-sp\/"]}]},{"@type":"ImageObject","inLanguage":"en-US","@id":"https:\/\/www.ftepeyac.com.mx\/en\/product\/speedfol-special-sp\/#primaryimage","url":"https:\/\/www.ftepeyac.com.mx\/wp-content\/uploads\/2021\/06\/speedfol_special_sp.jpg","contentUrl":"https:\/\/www.ftepeyac.com.mx\/wp-content\/uploads\/2021\/06\/speedfol_special_sp.jpg","width":600,"height":600,"caption":"speedfol_special_sp"},{"@type":"BreadcrumbList","@id":"https:\/\/www.ftepeyac.com.mx\/en\/product\/speedfol-special-sp\/#breadcrumb","itemListElement":[{"@type":"ListItem","position":1,"name":"Portada","item":"https:\/\/www.ftepeyac.com.mx\/"},{"@type":"ListItem","position":2,"name":"Productos","item":"https:\/\/www.ftepeyac.com.mx\/shop\/"},{"@type":"ListItem","position":3,"name":"Speedfol\u00ae Special SP"}]},{"@type":"WebSite","@id":"https:\/\/www.ftepeyac.com.mx\/#website","url":"https:\/\/www.ftepeyac.com.mx\/","name":"Fertilizantes Tepeyac | Soluciones en Nutrici\u00f3n Vegetal y Protecci\u00f3n de Cultivos","description":"Ofrecemos un gran cat\u00e1logo de soluciones en agricultura, nos distinguimos por nuestra atenci\u00f3n personalizada sin intermediarios.","publisher":{"@id":"https:\/\/www.ftepeyac.com.mx\/#organization"},"potentialAction":[{"@type":"SearchAction","target":{"@type":"EntryPoint","urlTemplate":"https:\/\/www.ftepeyac.com.mx\/?s={search_term_string}"},"query-input":{"@type":"PropertyValueSpecification","valueRequired":true,"valueName":"search_term_string"}}],"inLanguage":"en-US"},{"@type":"Organization","@id":"https:\/\/www.ftepeyac.com.mx\/#organization","name":"Fertilizantes Tepeyac | Soluciones en Nutrici\u00f3n Vegetal y Protecci\u00f3n de Cultivos","url":"https:\/\/www.ftepeyac.com.mx\/","logo":{"@type":"ImageObject","inLanguage":"en-US","@id":"https:\/\/www.ftepeyac.com.mx\/#\/schema\/logo\/image\/","url":"https:\/\/www.ftepeyac.com.mx\/wp-content\/uploads\/2019\/09\/tepeyac75-logo.png","contentUrl":"https:\/\/www.ftepeyac.com.mx\/wp-content\/uploads\/2019\/09\/tepeyac75-logo.png","width":700,"height":150,"caption":"Fertilizantes Tepeyac | Soluciones en Nutrici\u00f3n Vegetal y Protecci\u00f3n de Cultivos"},"image":{"@id":"https:\/\/www.ftepeyac.com.mx\/#\/schema\/logo\/image\/"},"sameAs":["https:\/\/www.facebook.com\/tepeyacgrupo","https:\/\/www.instagram.com\/fertilizantes.tepeyac\/","https:\/\/mx.linkedin.com\/company\/fertilizantes-tepeyac-del-noroeste"]}]}},"_links":{"self":[{"href":"https:\/\/www.ftepeyac.com.mx\/en\/wp-json\/wp\/v2\/product\/4778","targetHints":{"allow":["GET"]}}],"collection":[{"href":"https:\/\/www.ftepeyac.com.mx\/en\/wp-json\/wp\/v2\/product"}],"about":[{"href":"https:\/\/www.ftepeyac.com.mx\/en\/wp-json\/wp\/v2\/types\/product"}],"replies":[{"embeddable":true,"href":"https:\/\/www.ftepeyac.com.mx\/en\/wp-json\/wp\/v2\/comments?post=4778"}],"wp:featuredmedia":[{"embeddable":true,"href":"https:\/\/www.ftepeyac.com.mx\/en\/wp-json\/wp\/v2\/media\/4909"}],"wp:attachment":[{"href":"https:\/\/www.ftepeyac.com.mx\/en\/wp-json\/wp\/v2\/media?parent=4778"}],"wp:term":[{"taxonomy":"product_brand","embeddable":true,"href":"https:\/\/www.ftepeyac.com.mx\/en\/wp-json\/wp\/v2\/product_brand?post=4778"},{"taxonomy":"product_cat","embeddable":true,"href":"https:\/\/www.ftepeyac.com.mx\/en\/wp-json\/wp\/v2\/product_cat?post=4778"},{"taxonomy":"product_tag","embeddable":true,"href":"https:\/\/www.ftepeyac.com.mx\/en\/wp-json\/wp\/v2\/product_tag?post=4778"}],"curies":[{"name":"wp","href":"https:\/\/api.w.org\/{rel}","templated":true}]}}