{"id":4841,"date":"2021-06-25T22:43:39","date_gmt":"2021-06-25T22:43:39","guid":{"rendered":"https:\/\/www.ftepeyac.com.mx\/?post_type=product&#038;p=4841"},"modified":"2026-03-23T16:19:06","modified_gmt":"2026-03-23T16:19:06","slug":"speedfol-micro-cabmo-sp","status":"publish","type":"product","link":"https:\/\/www.ftepeyac.com.mx\/en\/product\/speedfol-micro-cabmo-sp\/","title":{"rendered":"Speedfol\u00ae Micro Ca+B+Mo SP"},"content":{"rendered":"","protected":false},"excerpt":{"rendered":"<h4>Speedfol\u00ae micro Ca+B+Mo SP<\/h4>\n<p class=\"no-show\">Fertilizante soluble de uso foliar adecuado para corregir deficiencias de calcio, boro y molibdeno. Existe un sinergismo en las funciones del calcio con el boro mejorando la vida de post cosecha de frutas y hortalizas. Por otra parte el molibdeno es esencial para la formaci\u00f3n de prote\u00edna en los vegetales, haciendo desaparecer de la l\u00e1mina foliar cualquier rastro de exceso de nitr\u00f3geno que se hayan presentado en el cultivo. La adici\u00f3n de nitratos a la mezcla permite una mayor penetraci\u00f3n de elementos al mantener la apertura estomacal m\u00e1s tiempo viable para nutrientes.<\/p>\n<p class=\"no-show\"><strong style=\"font-weight: 600;\">Presentation:<\/strong> 25 Kg.<\/p>\n<p class=\"no-show\"><strong style=\"font-weight: 600;\">Crops:<\/strong><\/p>\n<p><img decoding=\"async\" class=\"no-show\" src=\"https:\/\/www.ftepeyac.com.mx\/wp-content\/uploads\/2019\/09\/speedfol_ca_b_mo_cultivos.png\" alt=\"Foliar\"\/><\/p>\n<p class=\"no-show\"><strong style=\"font-weight: 600;\">Manufacturer:<\/strong> SQM<\/p>\n<p><a class=\"no-show\" href=\"https:\/\/www.ftepeyac.com.mx\/wp-content\/uploads\/2019\/09\/speedfol_ca_b_mo_ficha_tecnica.pdf\" target=\"_blank\" rel=\"noopener\">Safety sheet<\/a><\/p>\n<p> [&#8230;]<\/p>\n<p><a class=\"btn btn-secondary understrap-read-more-link\" href=\"https:\/\/www.ftepeyac.com.mx\/en\/product\/speedfol-micro-cabmo-sp\/\">Read More&#8230;<\/a><\/p>","protected":false},"featured_media":4855,"comment_status":"open","ping_status":"closed","template":"","meta":{"inline_featured_image":false},"product_brand":[],"product_cat":[69,71,83],"product_tag":[],"class_list":{"0":"post-4841","1":"product","2":"type-product","3":"status-publish","4":"has-post-thumbnail","6":"product_cat-fertilizantes-organicos","7":"product_cat-fertilizantes-solubles","8":"product_cat-speedfol-organico","10":"first","11":"instock","12":"shipping-taxable","13":"product-type-simple"},"yoast_head":"<!-- This site is optimized with the Yoast SEO plugin v24.9 - https:\/\/yoast.com\/wordpress\/plugins\/seo\/ -->\n<title>Speedfol\u00ae Micro Ca+B+Mo SP - Fertilizantes Tepeyac<\/title>\n<meta name=\"robots\" content=\"index, follow, max-snippet:-1, max-image-preview:large, max-video-preview:-1\" \/>\n<link rel=\"canonical\" href=\"https:\/\/www.ftepeyac.com.mx\/en\/product\/speedfol-micro-cabmo-sp\/\" \/>\n<meta property=\"og:locale\" content=\"en_US\" \/>\n<meta property=\"og:type\" content=\"article\" \/>\n<meta property=\"og:title\" content=\"Speedfol\u00ae Micro Ca+B+Mo SP - Fertilizantes Tepeyac\" \/>\n<meta property=\"og:description\" content=\"Speedfol\u00ae micro Ca+B+Mo SP Fertilizante soluble de uso foliar adecuado para corregir deficiencias de calcio, boro y molibdeno. Existe un sinergismo en las funciones del calcio con el boro mejorando la vida de post cosecha de frutas y hortalizas. Por otra parte el molibdeno es esencial para la formaci\u00f3n de prote\u00edna en los vegetales, haciendo desaparecer de la l\u00e1mina foliar cualquier rastro de exceso de nitr\u00f3geno que se hayan presentado en el cultivo. La adici\u00f3n de nitratos a la mezcla permite una mayor penetraci\u00f3n de elementos al mantener la apertura estomacal m\u00e1s tiempo viable para nutrientes.  Presentaci\u00f3n: 25 Kg.  Cultivos:   Fabricante: SQM   Hoja de seguridad    [...]Read More...\" \/>\n<meta property=\"og:url\" content=\"https:\/\/www.ftepeyac.com.mx\/en\/product\/speedfol-micro-cabmo-sp\/\" \/>\n<meta property=\"og:site_name\" content=\"Fertilizantes Tepeyac\" \/>\n<meta property=\"article:publisher\" content=\"https:\/\/www.facebook.com\/tepeyacgrupo\" \/>\n<meta property=\"article:modified_time\" content=\"2026-03-23T16:19:06+00:00\" \/>\n<meta property=\"og:image\" content=\"https:\/\/www.ftepeyac.com.mx\/wp-content\/uploads\/2021\/06\/speedfol_ca_b_mo-1.jpg\" \/>\n\t<meta property=\"og:image:width\" content=\"600\" \/>\n\t<meta property=\"og:image:height\" content=\"600\" \/>\n\t<meta property=\"og:image:type\" content=\"image\/jpeg\" \/>\n<meta name=\"twitter:card\" content=\"summary_large_image\" \/>\n<script type=\"application\/ld+json\" class=\"yoast-schema-graph\">{\"@context\":\"https:\/\/schema.org\",\"@graph\":[{\"@type\":\"WebPage\",\"@id\":\"https:\/\/www.ftepeyac.com.mx\/en\/product\/speedfol-micro-cabmo-sp\/\",\"url\":\"https:\/\/www.ftepeyac.com.mx\/en\/product\/speedfol-micro-cabmo-sp\/\",\"name\":\"Speedfol\u00ae Micro Ca+B+Mo SP - Fertilizantes Tepeyac\",\"isPartOf\":{\"@id\":\"https:\/\/www.ftepeyac.com.mx\/#website\"},\"primaryImageOfPage\":{\"@id\":\"https:\/\/www.ftepeyac.com.mx\/en\/product\/speedfol-micro-cabmo-sp\/#primaryimage\"},\"image\":{\"@id\":\"https:\/\/www.ftepeyac.com.mx\/en\/product\/speedfol-micro-cabmo-sp\/#primaryimage\"},\"thumbnailUrl\":\"https:\/\/www.ftepeyac.com.mx\/wp-content\/uploads\/2021\/06\/speedfol_ca_b_mo-1.jpg\",\"datePublished\":\"2021-06-25T22:43:39+00:00\",\"dateModified\":\"2026-03-23T16:19:06+00:00\",\"breadcrumb\":{\"@id\":\"https:\/\/www.ftepeyac.com.mx\/en\/product\/speedfol-micro-cabmo-sp\/#breadcrumb\"},\"inLanguage\":\"en-US\",\"potentialAction\":[{\"@type\":\"ReadAction\",\"target\":[\"https:\/\/www.ftepeyac.com.mx\/en\/product\/speedfol-micro-cabmo-sp\/\"]}]},{\"@type\":\"ImageObject\",\"inLanguage\":\"en-US\",\"@id\":\"https:\/\/www.ftepeyac.com.mx\/en\/product\/speedfol-micro-cabmo-sp\/#primaryimage\",\"url\":\"https:\/\/www.ftepeyac.com.mx\/wp-content\/uploads\/2021\/06\/speedfol_ca_b_mo-1.jpg\",\"contentUrl\":\"https:\/\/www.ftepeyac.com.mx\/wp-content\/uploads\/2021\/06\/speedfol_ca_b_mo-1.jpg\",\"width\":600,\"height\":600,\"caption\":\"speedfol_ca_b_mo\"},{\"@type\":\"BreadcrumbList\",\"@id\":\"https:\/\/www.ftepeyac.com.mx\/en\/product\/speedfol-micro-cabmo-sp\/#breadcrumb\",\"itemListElement\":[{\"@type\":\"ListItem\",\"position\":1,\"name\":\"Portada\",\"item\":\"https:\/\/www.ftepeyac.com.mx\/\"},{\"@type\":\"ListItem\",\"position\":2,\"name\":\"Productos\",\"item\":\"https:\/\/www.ftepeyac.com.mx\/shop\/\"},{\"@type\":\"ListItem\",\"position\":3,\"name\":\"Speedfol\u00ae Micro Ca+B+Mo SP\"}]},{\"@type\":\"WebSite\",\"@id\":\"https:\/\/www.ftepeyac.com.mx\/#website\",\"url\":\"https:\/\/www.ftepeyac.com.mx\/\",\"name\":\"Fertilizantes Tepeyac | Soluciones en Nutrici\u00f3n Vegetal y Protecci\u00f3n de Cultivos\",\"description\":\"Ofrecemos un gran cat\u00e1logo de soluciones en agricultura, nos distinguimos por nuestra atenci\u00f3n personalizada sin intermediarios.\",\"publisher\":{\"@id\":\"https:\/\/www.ftepeyac.com.mx\/#organization\"},\"potentialAction\":[{\"@type\":\"SearchAction\",\"target\":{\"@type\":\"EntryPoint\",\"urlTemplate\":\"https:\/\/www.ftepeyac.com.mx\/?s={search_term_string}\"},\"query-input\":{\"@type\":\"PropertyValueSpecification\",\"valueRequired\":true,\"valueName\":\"search_term_string\"}}],\"inLanguage\":\"en-US\"},{\"@type\":\"Organization\",\"@id\":\"https:\/\/www.ftepeyac.com.mx\/#organization\",\"name\":\"Fertilizantes Tepeyac | Soluciones en Nutrici\u00f3n Vegetal y Protecci\u00f3n de Cultivos\",\"url\":\"https:\/\/www.ftepeyac.com.mx\/\",\"logo\":{\"@type\":\"ImageObject\",\"inLanguage\":\"en-US\",\"@id\":\"https:\/\/www.ftepeyac.com.mx\/#\/schema\/logo\/image\/\",\"url\":\"https:\/\/www.ftepeyac.com.mx\/wp-content\/uploads\/2019\/09\/tepeyac75-logo.png\",\"contentUrl\":\"https:\/\/www.ftepeyac.com.mx\/wp-content\/uploads\/2019\/09\/tepeyac75-logo.png\",\"width\":700,\"height\":150,\"caption\":\"Fertilizantes Tepeyac | Soluciones en Nutrici\u00f3n Vegetal y Protecci\u00f3n de Cultivos\"},\"image\":{\"@id\":\"https:\/\/www.ftepeyac.com.mx\/#\/schema\/logo\/image\/\"},\"sameAs\":[\"https:\/\/www.facebook.com\/tepeyacgrupo\",\"https:\/\/www.instagram.com\/fertilizantes.tepeyac\/\",\"https:\/\/mx.linkedin.com\/company\/fertilizantes-tepeyac-del-noroeste\"]}]}<\/script>\n<!-- \/ Yoast SEO plugin. -->","yoast_head_json":{"title":"Speedfol\u00ae Micro Ca+B+Mo SP - Fertilizantes Tepeyac","robots":{"index":"index","follow":"follow","max-snippet":"max-snippet:-1","max-image-preview":"max-image-preview:large","max-video-preview":"max-video-preview:-1"},"canonical":"https:\/\/www.ftepeyac.com.mx\/en\/product\/speedfol-micro-cabmo-sp\/","og_locale":"en_US","og_type":"article","og_title":"Speedfol\u00ae Micro Ca+B+Mo SP - Fertilizantes Tepeyac","og_description":"Speedfol\u00ae micro Ca+B+Mo SP Fertilizante soluble de uso foliar adecuado para corregir deficiencias de calcio, boro y molibdeno. Existe un sinergismo en las funciones del calcio con el boro mejorando la vida de post cosecha de frutas y hortalizas. Por otra parte el molibdeno es esencial para la formaci\u00f3n de prote\u00edna en los vegetales, haciendo desaparecer de la l\u00e1mina foliar cualquier rastro de exceso de nitr\u00f3geno que se hayan presentado en el cultivo. La adici\u00f3n de nitratos a la mezcla permite una mayor penetraci\u00f3n de elementos al mantener la apertura estomacal m\u00e1s tiempo viable para nutrientes.  Presentaci\u00f3n: 25 Kg.  Cultivos:   Fabricante: SQM   Hoja de seguridad    [...]Read More...","og_url":"https:\/\/www.ftepeyac.com.mx\/en\/product\/speedfol-micro-cabmo-sp\/","og_site_name":"Fertilizantes Tepeyac","article_publisher":"https:\/\/www.facebook.com\/tepeyacgrupo","article_modified_time":"2026-03-23T16:19:06+00:00","og_image":[{"width":600,"height":600,"url":"https:\/\/www.ftepeyac.com.mx\/wp-content\/uploads\/2021\/06\/speedfol_ca_b_mo-1.jpg","type":"image\/jpeg"}],"twitter_card":"summary_large_image","schema":{"@context":"https:\/\/schema.org","@graph":[{"@type":"WebPage","@id":"https:\/\/www.ftepeyac.com.mx\/en\/product\/speedfol-micro-cabmo-sp\/","url":"https:\/\/www.ftepeyac.com.mx\/en\/product\/speedfol-micro-cabmo-sp\/","name":"Speedfol\u00ae Micro Ca+B+Mo SP - Fertilizantes Tepeyac","isPartOf":{"@id":"https:\/\/www.ftepeyac.com.mx\/#website"},"primaryImageOfPage":{"@id":"https:\/\/www.ftepeyac.com.mx\/en\/product\/speedfol-micro-cabmo-sp\/#primaryimage"},"image":{"@id":"https:\/\/www.ftepeyac.com.mx\/en\/product\/speedfol-micro-cabmo-sp\/#primaryimage"},"thumbnailUrl":"https:\/\/www.ftepeyac.com.mx\/wp-content\/uploads\/2021\/06\/speedfol_ca_b_mo-1.jpg","datePublished":"2021-06-25T22:43:39+00:00","dateModified":"2026-03-23T16:19:06+00:00","breadcrumb":{"@id":"https:\/\/www.ftepeyac.com.mx\/en\/product\/speedfol-micro-cabmo-sp\/#breadcrumb"},"inLanguage":"en-US","potentialAction":[{"@type":"ReadAction","target":["https:\/\/www.ftepeyac.com.mx\/en\/product\/speedfol-micro-cabmo-sp\/"]}]},{"@type":"ImageObject","inLanguage":"en-US","@id":"https:\/\/www.ftepeyac.com.mx\/en\/product\/speedfol-micro-cabmo-sp\/#primaryimage","url":"https:\/\/www.ftepeyac.com.mx\/wp-content\/uploads\/2021\/06\/speedfol_ca_b_mo-1.jpg","contentUrl":"https:\/\/www.ftepeyac.com.mx\/wp-content\/uploads\/2021\/06\/speedfol_ca_b_mo-1.jpg","width":600,"height":600,"caption":"speedfol_ca_b_mo"},{"@type":"BreadcrumbList","@id":"https:\/\/www.ftepeyac.com.mx\/en\/product\/speedfol-micro-cabmo-sp\/#breadcrumb","itemListElement":[{"@type":"ListItem","position":1,"name":"Portada","item":"https:\/\/www.ftepeyac.com.mx\/"},{"@type":"ListItem","position":2,"name":"Productos","item":"https:\/\/www.ftepeyac.com.mx\/shop\/"},{"@type":"ListItem","position":3,"name":"Speedfol\u00ae Micro Ca+B+Mo SP"}]},{"@type":"WebSite","@id":"https:\/\/www.ftepeyac.com.mx\/#website","url":"https:\/\/www.ftepeyac.com.mx\/","name":"Fertilizantes Tepeyac | Soluciones en Nutrici\u00f3n Vegetal y Protecci\u00f3n de Cultivos","description":"Ofrecemos un gran cat\u00e1logo de soluciones en agricultura, nos distinguimos por nuestra atenci\u00f3n personalizada sin intermediarios.","publisher":{"@id":"https:\/\/www.ftepeyac.com.mx\/#organization"},"potentialAction":[{"@type":"SearchAction","target":{"@type":"EntryPoint","urlTemplate":"https:\/\/www.ftepeyac.com.mx\/?s={search_term_string}"},"query-input":{"@type":"PropertyValueSpecification","valueRequired":true,"valueName":"search_term_string"}}],"inLanguage":"en-US"},{"@type":"Organization","@id":"https:\/\/www.ftepeyac.com.mx\/#organization","name":"Fertilizantes Tepeyac | Soluciones en Nutrici\u00f3n Vegetal y Protecci\u00f3n de Cultivos","url":"https:\/\/www.ftepeyac.com.mx\/","logo":{"@type":"ImageObject","inLanguage":"en-US","@id":"https:\/\/www.ftepeyac.com.mx\/#\/schema\/logo\/image\/","url":"https:\/\/www.ftepeyac.com.mx\/wp-content\/uploads\/2019\/09\/tepeyac75-logo.png","contentUrl":"https:\/\/www.ftepeyac.com.mx\/wp-content\/uploads\/2019\/09\/tepeyac75-logo.png","width":700,"height":150,"caption":"Fertilizantes Tepeyac | Soluciones en Nutrici\u00f3n Vegetal y Protecci\u00f3n de Cultivos"},"image":{"@id":"https:\/\/www.ftepeyac.com.mx\/#\/schema\/logo\/image\/"},"sameAs":["https:\/\/www.facebook.com\/tepeyacgrupo","https:\/\/www.instagram.com\/fertilizantes.tepeyac\/","https:\/\/mx.linkedin.com\/company\/fertilizantes-tepeyac-del-noroeste"]}]}},"_links":{"self":[{"href":"https:\/\/www.ftepeyac.com.mx\/en\/wp-json\/wp\/v2\/product\/4841","targetHints":{"allow":["GET"]}}],"collection":[{"href":"https:\/\/www.ftepeyac.com.mx\/en\/wp-json\/wp\/v2\/product"}],"about":[{"href":"https:\/\/www.ftepeyac.com.mx\/en\/wp-json\/wp\/v2\/types\/product"}],"replies":[{"embeddable":true,"href":"https:\/\/www.ftepeyac.com.mx\/en\/wp-json\/wp\/v2\/comments?post=4841"}],"wp:featuredmedia":[{"embeddable":true,"href":"https:\/\/www.ftepeyac.com.mx\/en\/wp-json\/wp\/v2\/media\/4855"}],"wp:attachment":[{"href":"https:\/\/www.ftepeyac.com.mx\/en\/wp-json\/wp\/v2\/media?parent=4841"}],"wp:term":[{"taxonomy":"product_brand","embeddable":true,"href":"https:\/\/www.ftepeyac.com.mx\/en\/wp-json\/wp\/v2\/product_brand?post=4841"},{"taxonomy":"product_cat","embeddable":true,"href":"https:\/\/www.ftepeyac.com.mx\/en\/wp-json\/wp\/v2\/product_cat?post=4841"},{"taxonomy":"product_tag","embeddable":true,"href":"https:\/\/www.ftepeyac.com.mx\/en\/wp-json\/wp\/v2\/product_tag?post=4841"}],"curies":[{"name":"wp","href":"https:\/\/api.w.org\/{rel}","templated":true}]}}