{"id":4850,"date":"2021-06-25T22:50:42","date_gmt":"2021-06-25T22:50:42","guid":{"rendered":"https:\/\/www.ftepeyac.com.mx\/?post_type=product&#038;p=4850"},"modified":"2021-08-06T22:43:40","modified_gmt":"2021-08-06T22:43:40","slug":"ultrasol-fep-generativa","status":"publish","type":"product","link":"https:\/\/www.ftepeyac.com.mx\/en\/product\/ultrasol-fep-generativa\/","title":{"rendered":"Ultrasol\u00ae FEP Generativa"},"content":{"rendered":"","protected":false},"excerpt":{"rendered":"<h4>Ultrasol\u00ae FEP Generativa<\/h4>\n<p class=\"no-show\">Este producto cuenta con f\u00f3rmulas completas que por su balance N:K favorecen eventos reproductivos como floraci\u00f3n, fructificaci\u00f3n, maduraci\u00f3n de frutos y parada de crecimiento vegetativo.<br \/>\nLos Productos FEP Generativa requieren de an\u00e1lisis de agua y suelo para tener el resultado deseado.<br \/>\nPuede ser dise\u00f1ado para cualquier cultivo o sistema de riego.<\/p>\n<p class=\"no-show\">Ventajas:<\/p>\n<p class=\"no-show\">Formulaciones 100% solubles.<\/p>\n<p class=\"no-show\">Dise\u00f1adas para todo tipo de cultivos y adaptables a cualquier equipo de riego.<br \/>\nPotasio derivado preferentemente de Nitrato de Potasio de grado t\u00e9cnico.<br \/>\nF\u00f3sforo como ortofosfato, lo cual permite una mayor eficiencia y movilidad en el suelo.<br \/>\nMicronutrientes Mn, Zn y Cu como quelatos EDTA. Fuente de Fe EDTA, DTPA o EDDHA seg\u00fan pH del suelo y agua.<br \/>\nAporte de B como \u00e1cido b\u00f3rico y Molibdeno como molibdato.<br \/>\nEs posible solicitar formulaciones de reacci\u00f3n \u00e1cida para reemplazar el uso de \u00e1cidos fuertes.<br \/>\nEs garantizado fuente fertilizante como libre de Cloruros.<br \/>\nProducto Libre de Cloruro y Sodio.<\/p>\n<p class=\"no-show\"><strong style=\"font-weight: 600;\">Presentation:<\/strong> 25 Kg.<\/p>\n<p class=\"no-show\"><strong style=\"font-weight: 600;\">Cultivos: org\u00e1nico <\/strong><\/p>\n<p><img decoding=\"async\" class=\"no-show\" src=\"https:\/\/www.ftepeyac.com.mx\/wp-content\/uploads\/2021\/06\/Ultrasol-FEP-generativa-cultivos.png\" alt=\"org\u00e1nicos\" \/><\/p>\n<p class=\"no-show\"><strong style=\"font-weight: 600;\">Manufacturer:<\/strong> SQM <\/p>\n<p><a class=\"no-show\" href=\"https:\/\/www.ftepeyac.com.mx\/wp-content\/uploads\/2021\/06\/Ultrasol-FEP-generativa-hoja-de-seguridad.pdf\" target=\"_blank\" rel=\"noopener\"> Safety sheet <\/a> [&#8230;]<\/p>\n<p><a class=\"btn btn-secondary understrap-read-more-link\" href=\"https:\/\/www.ftepeyac.com.mx\/en\/product\/ultrasol-fep-generativa\/\">Read More&#8230;<\/a><\/p>","protected":false},"featured_media":4851,"comment_status":"open","ping_status":"closed","template":"","meta":{"inline_featured_image":false},"product_brand":[],"product_cat":[69,71,84],"product_tag":[],"class_list":{"0":"post-4850","1":"product","2":"type-product","3":"status-publish","4":"has-post-thumbnail","6":"product_cat-fertilizantes-organicos","7":"product_cat-fertilizantes-solubles","8":"product_cat-ultrasol-organico","10":"first","11":"instock","12":"shipping-taxable","13":"product-type-simple"},"yoast_head":"<!-- This site is optimized with the Yoast SEO plugin v24.9 - https:\/\/yoast.com\/wordpress\/plugins\/seo\/ -->\n<title>Ultrasol\u00ae FEP Generativa - Fertilizantes Tepeyac<\/title>\n<meta name=\"robots\" content=\"index, follow, max-snippet:-1, max-image-preview:large, max-video-preview:-1\" \/>\n<link rel=\"canonical\" href=\"https:\/\/www.ftepeyac.com.mx\/en\/product\/ultrasol-fep-generativa\/\" \/>\n<meta property=\"og:locale\" content=\"en_US\" \/>\n<meta property=\"og:type\" content=\"article\" \/>\n<meta property=\"og:title\" content=\"Ultrasol\u00ae FEP Generativa - Fertilizantes Tepeyac\" \/>\n<meta property=\"og:description\" content=\"Ultrasol\u00ae FEP Generativa Este producto cuenta con f\u00f3rmulas completas que por su balance N:K favorecen eventos reproductivos como floraci\u00f3n, fructificaci\u00f3n, maduraci\u00f3n de frutos y parada de crecimiento vegetativo. Los Productos FEP Generativa requieren de an\u00e1lisis de agua y suelo para tener el resultado deseado. Puede ser dise\u00f1ado para cualquier cultivo o sistema de riego.  Ventajas:   Formulaciones 100% solubles. Dise\u00f1adas para todo tipo de cultivos y adaptables a cualquier equipo de riego. Potasio derivado preferentemente de Nitrato de Potasio de grado t\u00e9cnico. F\u00f3sforo como ortofosfato, lo cual permite una mayor eficiencia y movilidad en el suelo. Micronutrientes Mn, Zn y Cu como quelatos EDTA. Fuente de Fe EDTA, DTPA o EDDHA seg\u00fan pH del suelo y agua. Aporte de B como \u00e1cido b\u00f3rico y Molibdeno como molibdato. Es posible solicitar formulaciones de reacci\u00f3n \u00e1cida para reemplazar el uso de \u00e1cidos fuertes. Es garantizado fuente fertilizante como libre de Cloruros. Producto Libre de Cloruro y Sodio. Presentaci\u00f3n: 25 Kg. Cultivos: org\u00e1nico   Fabricante: SQM  Hoja de seguridad [...]Read More...\" \/>\n<meta property=\"og:url\" content=\"https:\/\/www.ftepeyac.com.mx\/en\/product\/ultrasol-fep-generativa\/\" \/>\n<meta property=\"og:site_name\" content=\"Fertilizantes Tepeyac\" \/>\n<meta property=\"article:publisher\" content=\"https:\/\/www.facebook.com\/tepeyacgrupo\" \/>\n<meta property=\"article:modified_time\" content=\"2021-08-06T22:43:40+00:00\" \/>\n<meta property=\"og:image\" content=\"https:\/\/www.ftepeyac.com.mx\/wp-content\/uploads\/2021\/06\/Imagen-ultrasol-FEP-generativa.jpg\" \/>\n\t<meta property=\"og:image:width\" content=\"600\" \/>\n\t<meta property=\"og:image:height\" content=\"600\" \/>\n\t<meta property=\"og:image:type\" content=\"image\/jpeg\" \/>\n<meta name=\"twitter:card\" content=\"summary_large_image\" \/>\n<script type=\"application\/ld+json\" class=\"yoast-schema-graph\">{\"@context\":\"https:\/\/schema.org\",\"@graph\":[{\"@type\":\"WebPage\",\"@id\":\"https:\/\/www.ftepeyac.com.mx\/producto\/ultrasol-fep-generativa\/\",\"url\":\"https:\/\/www.ftepeyac.com.mx\/producto\/ultrasol-fep-generativa\/\",\"name\":\"Ultrasol\u00ae FEP Generativa - Fertilizantes Tepeyac\",\"isPartOf\":{\"@id\":\"https:\/\/www.ftepeyac.com.mx\/#website\"},\"primaryImageOfPage\":{\"@id\":\"https:\/\/www.ftepeyac.com.mx\/producto\/ultrasol-fep-generativa\/#primaryimage\"},\"image\":{\"@id\":\"https:\/\/www.ftepeyac.com.mx\/producto\/ultrasol-fep-generativa\/#primaryimage\"},\"thumbnailUrl\":\"https:\/\/www.ftepeyac.com.mx\/wp-content\/uploads\/2021\/06\/Imagen-ultrasol-FEP-generativa.jpg\",\"datePublished\":\"2021-06-25T22:50:42+00:00\",\"dateModified\":\"2021-08-06T22:43:40+00:00\",\"breadcrumb\":{\"@id\":\"https:\/\/www.ftepeyac.com.mx\/producto\/ultrasol-fep-generativa\/#breadcrumb\"},\"inLanguage\":\"en-US\",\"potentialAction\":[{\"@type\":\"ReadAction\",\"target\":[\"https:\/\/www.ftepeyac.com.mx\/producto\/ultrasol-fep-generativa\/\"]}]},{\"@type\":\"ImageObject\",\"inLanguage\":\"en-US\",\"@id\":\"https:\/\/www.ftepeyac.com.mx\/producto\/ultrasol-fep-generativa\/#primaryimage\",\"url\":\"https:\/\/www.ftepeyac.com.mx\/wp-content\/uploads\/2021\/06\/Imagen-ultrasol-FEP-generativa.jpg\",\"contentUrl\":\"https:\/\/www.ftepeyac.com.mx\/wp-content\/uploads\/2021\/06\/Imagen-ultrasol-FEP-generativa.jpg\",\"width\":600,\"height\":600,\"caption\":\"Imagen-ultrasol-FEP-generativa\"},{\"@type\":\"BreadcrumbList\",\"@id\":\"https:\/\/www.ftepeyac.com.mx\/producto\/ultrasol-fep-generativa\/#breadcrumb\",\"itemListElement\":[{\"@type\":\"ListItem\",\"position\":1,\"name\":\"Portada\",\"item\":\"https:\/\/www.ftepeyac.com.mx\/\"},{\"@type\":\"ListItem\",\"position\":2,\"name\":\"Productos\",\"item\":\"https:\/\/www.ftepeyac.com.mx\/shop\/\"},{\"@type\":\"ListItem\",\"position\":3,\"name\":\"Ultrasol\u00ae FEP Generativa\"}]},{\"@type\":\"WebSite\",\"@id\":\"https:\/\/www.ftepeyac.com.mx\/#website\",\"url\":\"https:\/\/www.ftepeyac.com.mx\/\",\"name\":\"Fertilizantes Tepeyac | Soluciones en Nutrici\u00f3n Vegetal y Protecci\u00f3n de Cultivos\",\"description\":\"Ofrecemos un gran cat\u00e1logo de soluciones en agricultura, nos distinguimos por nuestra atenci\u00f3n personalizada sin intermediarios.\",\"publisher\":{\"@id\":\"https:\/\/www.ftepeyac.com.mx\/#organization\"},\"potentialAction\":[{\"@type\":\"SearchAction\",\"target\":{\"@type\":\"EntryPoint\",\"urlTemplate\":\"https:\/\/www.ftepeyac.com.mx\/?s={search_term_string}\"},\"query-input\":{\"@type\":\"PropertyValueSpecification\",\"valueRequired\":true,\"valueName\":\"search_term_string\"}}],\"inLanguage\":\"en-US\"},{\"@type\":\"Organization\",\"@id\":\"https:\/\/www.ftepeyac.com.mx\/#organization\",\"name\":\"Fertilizantes Tepeyac | Soluciones en Nutrici\u00f3n Vegetal y Protecci\u00f3n de Cultivos\",\"url\":\"https:\/\/www.ftepeyac.com.mx\/\",\"logo\":{\"@type\":\"ImageObject\",\"inLanguage\":\"en-US\",\"@id\":\"https:\/\/www.ftepeyac.com.mx\/#\/schema\/logo\/image\/\",\"url\":\"https:\/\/www.ftepeyac.com.mx\/wp-content\/uploads\/2019\/09\/tepeyac75-logo.png\",\"contentUrl\":\"https:\/\/www.ftepeyac.com.mx\/wp-content\/uploads\/2019\/09\/tepeyac75-logo.png\",\"width\":700,\"height\":150,\"caption\":\"Fertilizantes Tepeyac | Soluciones en Nutrici\u00f3n Vegetal y Protecci\u00f3n de Cultivos\"},\"image\":{\"@id\":\"https:\/\/www.ftepeyac.com.mx\/#\/schema\/logo\/image\/\"},\"sameAs\":[\"https:\/\/www.facebook.com\/tepeyacgrupo\",\"https:\/\/www.instagram.com\/fertilizantes.tepeyac\/\",\"https:\/\/mx.linkedin.com\/company\/fertilizantes-tepeyac-del-noroeste\"]}]}<\/script>\n<!-- \/ Yoast SEO plugin. -->","yoast_head_json":{"title":"Ultrasol\u00ae FEP Generativa - Fertilizantes Tepeyac","robots":{"index":"index","follow":"follow","max-snippet":"max-snippet:-1","max-image-preview":"max-image-preview:large","max-video-preview":"max-video-preview:-1"},"canonical":"https:\/\/www.ftepeyac.com.mx\/en\/product\/ultrasol-fep-generativa\/","og_locale":"en_US","og_type":"article","og_title":"Ultrasol\u00ae FEP Generativa - Fertilizantes Tepeyac","og_description":"Ultrasol\u00ae FEP Generativa Este producto cuenta con f\u00f3rmulas completas que por su balance N:K favorecen eventos reproductivos como floraci\u00f3n, fructificaci\u00f3n, maduraci\u00f3n de frutos y parada de crecimiento vegetativo. Los Productos FEP Generativa requieren de an\u00e1lisis de agua y suelo para tener el resultado deseado. Puede ser dise\u00f1ado para cualquier cultivo o sistema de riego.  Ventajas:   Formulaciones 100% solubles. Dise\u00f1adas para todo tipo de cultivos y adaptables a cualquier equipo de riego. Potasio derivado preferentemente de Nitrato de Potasio de grado t\u00e9cnico. F\u00f3sforo como ortofosfato, lo cual permite una mayor eficiencia y movilidad en el suelo. Micronutrientes Mn, Zn y Cu como quelatos EDTA. Fuente de Fe EDTA, DTPA o EDDHA seg\u00fan pH del suelo y agua. Aporte de B como \u00e1cido b\u00f3rico y Molibdeno como molibdato. Es posible solicitar formulaciones de reacci\u00f3n \u00e1cida para reemplazar el uso de \u00e1cidos fuertes. Es garantizado fuente fertilizante como libre de Cloruros. Producto Libre de Cloruro y Sodio. Presentaci\u00f3n: 25 Kg. Cultivos: org\u00e1nico   Fabricante: SQM  Hoja de seguridad [...]Read More...","og_url":"https:\/\/www.ftepeyac.com.mx\/en\/product\/ultrasol-fep-generativa\/","og_site_name":"Fertilizantes Tepeyac","article_publisher":"https:\/\/www.facebook.com\/tepeyacgrupo","article_modified_time":"2021-08-06T22:43:40+00:00","og_image":[{"width":600,"height":600,"url":"https:\/\/www.ftepeyac.com.mx\/wp-content\/uploads\/2021\/06\/Imagen-ultrasol-FEP-generativa.jpg","type":"image\/jpeg"}],"twitter_card":"summary_large_image","schema":{"@context":"https:\/\/schema.org","@graph":[{"@type":"WebPage","@id":"https:\/\/www.ftepeyac.com.mx\/producto\/ultrasol-fep-generativa\/","url":"https:\/\/www.ftepeyac.com.mx\/producto\/ultrasol-fep-generativa\/","name":"Ultrasol\u00ae FEP Generativa - Fertilizantes Tepeyac","isPartOf":{"@id":"https:\/\/www.ftepeyac.com.mx\/#website"},"primaryImageOfPage":{"@id":"https:\/\/www.ftepeyac.com.mx\/producto\/ultrasol-fep-generativa\/#primaryimage"},"image":{"@id":"https:\/\/www.ftepeyac.com.mx\/producto\/ultrasol-fep-generativa\/#primaryimage"},"thumbnailUrl":"https:\/\/www.ftepeyac.com.mx\/wp-content\/uploads\/2021\/06\/Imagen-ultrasol-FEP-generativa.jpg","datePublished":"2021-06-25T22:50:42+00:00","dateModified":"2021-08-06T22:43:40+00:00","breadcrumb":{"@id":"https:\/\/www.ftepeyac.com.mx\/producto\/ultrasol-fep-generativa\/#breadcrumb"},"inLanguage":"en-US","potentialAction":[{"@type":"ReadAction","target":["https:\/\/www.ftepeyac.com.mx\/producto\/ultrasol-fep-generativa\/"]}]},{"@type":"ImageObject","inLanguage":"en-US","@id":"https:\/\/www.ftepeyac.com.mx\/producto\/ultrasol-fep-generativa\/#primaryimage","url":"https:\/\/www.ftepeyac.com.mx\/wp-content\/uploads\/2021\/06\/Imagen-ultrasol-FEP-generativa.jpg","contentUrl":"https:\/\/www.ftepeyac.com.mx\/wp-content\/uploads\/2021\/06\/Imagen-ultrasol-FEP-generativa.jpg","width":600,"height":600,"caption":"Imagen-ultrasol-FEP-generativa"},{"@type":"BreadcrumbList","@id":"https:\/\/www.ftepeyac.com.mx\/producto\/ultrasol-fep-generativa\/#breadcrumb","itemListElement":[{"@type":"ListItem","position":1,"name":"Portada","item":"https:\/\/www.ftepeyac.com.mx\/"},{"@type":"ListItem","position":2,"name":"Productos","item":"https:\/\/www.ftepeyac.com.mx\/shop\/"},{"@type":"ListItem","position":3,"name":"Ultrasol\u00ae FEP Generativa"}]},{"@type":"WebSite","@id":"https:\/\/www.ftepeyac.com.mx\/#website","url":"https:\/\/www.ftepeyac.com.mx\/","name":"Fertilizantes Tepeyac | Soluciones en Nutrici\u00f3n Vegetal y Protecci\u00f3n de Cultivos","description":"Ofrecemos un gran cat\u00e1logo de soluciones en agricultura, nos distinguimos por nuestra atenci\u00f3n personalizada sin intermediarios.","publisher":{"@id":"https:\/\/www.ftepeyac.com.mx\/#organization"},"potentialAction":[{"@type":"SearchAction","target":{"@type":"EntryPoint","urlTemplate":"https:\/\/www.ftepeyac.com.mx\/?s={search_term_string}"},"query-input":{"@type":"PropertyValueSpecification","valueRequired":true,"valueName":"search_term_string"}}],"inLanguage":"en-US"},{"@type":"Organization","@id":"https:\/\/www.ftepeyac.com.mx\/#organization","name":"Fertilizantes Tepeyac | Soluciones en Nutrici\u00f3n Vegetal y Protecci\u00f3n de Cultivos","url":"https:\/\/www.ftepeyac.com.mx\/","logo":{"@type":"ImageObject","inLanguage":"en-US","@id":"https:\/\/www.ftepeyac.com.mx\/#\/schema\/logo\/image\/","url":"https:\/\/www.ftepeyac.com.mx\/wp-content\/uploads\/2019\/09\/tepeyac75-logo.png","contentUrl":"https:\/\/www.ftepeyac.com.mx\/wp-content\/uploads\/2019\/09\/tepeyac75-logo.png","width":700,"height":150,"caption":"Fertilizantes Tepeyac | Soluciones en Nutrici\u00f3n Vegetal y Protecci\u00f3n de Cultivos"},"image":{"@id":"https:\/\/www.ftepeyac.com.mx\/#\/schema\/logo\/image\/"},"sameAs":["https:\/\/www.facebook.com\/tepeyacgrupo","https:\/\/www.instagram.com\/fertilizantes.tepeyac\/","https:\/\/mx.linkedin.com\/company\/fertilizantes-tepeyac-del-noroeste"]}]}},"_links":{"self":[{"href":"https:\/\/www.ftepeyac.com.mx\/en\/wp-json\/wp\/v2\/product\/4850","targetHints":{"allow":["GET"]}}],"collection":[{"href":"https:\/\/www.ftepeyac.com.mx\/en\/wp-json\/wp\/v2\/product"}],"about":[{"href":"https:\/\/www.ftepeyac.com.mx\/en\/wp-json\/wp\/v2\/types\/product"}],"replies":[{"embeddable":true,"href":"https:\/\/www.ftepeyac.com.mx\/en\/wp-json\/wp\/v2\/comments?post=4850"}],"wp:featuredmedia":[{"embeddable":true,"href":"https:\/\/www.ftepeyac.com.mx\/en\/wp-json\/wp\/v2\/media\/4851"}],"wp:attachment":[{"href":"https:\/\/www.ftepeyac.com.mx\/en\/wp-json\/wp\/v2\/media?parent=4850"}],"wp:term":[{"taxonomy":"product_brand","embeddable":true,"href":"https:\/\/www.ftepeyac.com.mx\/en\/wp-json\/wp\/v2\/product_brand?post=4850"},{"taxonomy":"product_cat","embeddable":true,"href":"https:\/\/www.ftepeyac.com.mx\/en\/wp-json\/wp\/v2\/product_cat?post=4850"},{"taxonomy":"product_tag","embeddable":true,"href":"https:\/\/www.ftepeyac.com.mx\/en\/wp-json\/wp\/v2\/product_tag?post=4850"}],"curies":[{"name":"wp","href":"https:\/\/api.w.org\/{rel}","templated":true}]}}