{"id":4864,"date":"2021-06-25T23:17:03","date_gmt":"2021-06-25T23:17:03","guid":{"rendered":"https:\/\/www.ftepeyac.com.mx\/?post_type=product&#038;p=4864"},"modified":"2025-08-21T20:28:10","modified_gmt":"2025-08-21T20:28:10","slug":"ultrasol-fep-por-agricola-y-cultivo","status":"publish","type":"product","link":"https:\/\/www.ftepeyac.com.mx\/en\/product\/ultrasol-fep-por-agricola-y-cultivo\/","title":{"rendered":"Ultrasol\u00ae FEP por agr\u00edcola y cultivo"},"content":{"rendered":"","protected":false},"excerpt":{"rendered":"<h4>Ultrasol\u00ae FEP por agr\u00edcola y cultivo<\/h4>\n<p class=\"no-show\">SQM empresa l\u00edder en Nutrici\u00f3n Vegetal de Especialidad, ha desarrollado la l\u00ednea Ultrasol\u00ae FEP por agr\u00edcola y cultivo, dise\u00f1ada para ofrecer una soluci\u00f3n Integral en fertirrigaci\u00f3n.<br \/>\nUltrasol\u00ae FEP por agr\u00edcola y cultivo,es una l\u00ednea de fertilizantes NPK Soluble, elaborada con las mejores materias primas s\u00f3lidas solubles, tanto en macro como micronutrientes.<br \/>\nUltrasol\u00ae FEP por agr\u00edcola y cultivo, puede ser dise\u00f1ado para cualquier cultivo y sistema de riego.<\/p>\n<p class=\"no-show\">Ventajas<\/p>\n<p class=\"no-show\">Formulaciones 100% solubles.<br \/>\nDise\u00f1adas para todo tipo de cultivos y adaptables a cualquier equipo de riego.<br \/>\nPotasio derivado preferentemente de Nitrato de Potasio de grado t\u00e9cnico.<br \/>\nF\u00f3sforo como ortofosfato, lo cual permite una mayor eficiencia y movilidad en el suelo.<br \/>\nMicronutrientes Mn, Zn y Cu como quelatos EDTA. Fuente de Fe EDTA, DTPA o EDDHA seg\u00fan pH del suelo y agua.<br \/>\nAporte de B como \u00e1cido b\u00f3rico y Molibdeno como molibdato.<br \/>\nEs posible solicitar formulaciones de reacci\u00f3n \u00e1cida para reemplazar el uso de \u00e1cidos fuertes.<br \/>\nUltrasol\u00ae FEP por agr\u00edcola y cultivo es garantizado fuente fertilizante como libre de Cloruros.<br \/>\nProducto Libre de Cloruro y Sodio.<\/p>\n<p class=\"no-show\"><strong style=\"font-weight: 600;\">Presentation:<\/strong> 25 Kg.<\/p>\n<p class=\"no-show\"><strong style=\"font-weight: 600;\">Cultivos: org\u00e1nico <\/strong><\/p>\n<p><img decoding=\"async\" class=\"no-show\" src=\"https:\/\/www.ftepeyac.com.mx\/wp-content\/uploads\/2021\/06\/Ultrasol-FEP-por-agricola-cultivos.png\" alt=\"org\u00e1nicos\" \/><\/p>\n<p class=\"no-show\"><strong style=\"font-weight: 600;\">Manufacturer:<\/strong> SQM <\/p>\n<p><a class=\"no-show\" href=\"https:\/\/www.ftepeyac.com.mx\/wp-content\/uploads\/2021\/06\/ultrasol-fep-por-agricola-y-cultivo-ficha-tecnica.pdf\" target=\"_blank\" rel=\"noopener\"> Technical sheet <\/a> [&#8230;]<\/p>\n<p><a class=\"btn btn-secondary understrap-read-more-link\" href=\"https:\/\/www.ftepeyac.com.mx\/en\/product\/ultrasol-fep-por-agricola-y-cultivo\/\">Read More&#8230;<\/a><\/p>","protected":false},"featured_media":4868,"comment_status":"open","ping_status":"closed","template":"","meta":{"inline_featured_image":false},"product_brand":[],"product_cat":[69,71,84],"product_tag":[],"class_list":{"0":"post-4864","1":"product","2":"type-product","3":"status-publish","4":"has-post-thumbnail","6":"product_cat-fertilizantes-organicos","7":"product_cat-fertilizantes-solubles","8":"product_cat-ultrasol-organico","10":"first","11":"instock","12":"shipping-taxable","13":"product-type-simple"},"yoast_head":"<!-- This site is optimized with the Yoast SEO plugin v24.9 - https:\/\/yoast.com\/wordpress\/plugins\/seo\/ -->\n<title>Ultrasol\u00ae FEP por agr\u00edcola y cultivo - Fertilizantes Tepeyac<\/title>\n<meta name=\"robots\" content=\"index, follow, max-snippet:-1, max-image-preview:large, max-video-preview:-1\" \/>\n<link rel=\"canonical\" href=\"https:\/\/www.ftepeyac.com.mx\/en\/product\/ultrasol-fep-por-agricola-y-cultivo\/\" \/>\n<meta property=\"og:locale\" content=\"en_US\" \/>\n<meta property=\"og:type\" content=\"article\" \/>\n<meta property=\"og:title\" content=\"Ultrasol\u00ae FEP por agr\u00edcola y cultivo - Fertilizantes Tepeyac\" \/>\n<meta property=\"og:description\" content=\"Ultrasol\u00ae FEP por agr\u00edcola y cultivo SQM empresa l\u00edder en Nutrici\u00f3n Vegetal de Especialidad, ha desarrollado la l\u00ednea Ultrasol\u00ae FEP por agr\u00edcola y cultivo, dise\u00f1ada para ofrecer una soluci\u00f3n Integral en fertirrigaci\u00f3n. Ultrasol\u00ae FEP por agr\u00edcola y cultivo,es una l\u00ednea de fertilizantes NPK Soluble, elaborada con las mejores materias primas s\u00f3lidas solubles, tanto en macro como micronutrientes. Ultrasol\u00ae FEP por agr\u00edcola y cultivo, puede ser dise\u00f1ado para cualquier cultivo y sistema de riego.  Ventajas  Formulaciones 100% solubles. Dise\u00f1adas para todo tipo de cultivos y adaptables a cualquier equipo de riego. Potasio derivado preferentemente de Nitrato de Potasio de grado t\u00e9cnico. F\u00f3sforo como ortofosfato, lo cual permite una mayor eficiencia y movilidad en el suelo. Micronutrientes Mn, Zn y Cu como quelatos EDTA. Fuente de Fe EDTA, DTPA o EDDHA seg\u00fan pH del suelo y agua. Aporte de B como \u00e1cido b\u00f3rico y Molibdeno como molibdato. Es posible solicitar formulaciones de reacci\u00f3n \u00e1cida para reemplazar el uso de \u00e1cidos fuertes. Ultrasol\u00ae FEP por agr\u00edcola y cultivo es garantizado fuente fertilizante como libre de Cloruros. Producto Libre de Cloruro y Sodio. Presentaci\u00f3n: 25 Kg. Cultivos: org\u00e1nico   Fabricante: SQM  Ficha t\u00e9cnica [...]Read More...\" \/>\n<meta property=\"og:url\" content=\"https:\/\/www.ftepeyac.com.mx\/en\/product\/ultrasol-fep-por-agricola-y-cultivo\/\" \/>\n<meta property=\"og:site_name\" content=\"Fertilizantes Tepeyac\" \/>\n<meta property=\"article:publisher\" content=\"https:\/\/www.facebook.com\/tepeyacgrupo\" \/>\n<meta property=\"article:modified_time\" content=\"2025-08-21T20:28:10+00:00\" \/>\n<meta property=\"og:image\" content=\"https:\/\/www.ftepeyac.com.mx\/wp-content\/uploads\/2021\/06\/Imagen-ultrasol-FEP-agricola-cultivo.jpg\" \/>\n\t<meta property=\"og:image:width\" content=\"600\" \/>\n\t<meta property=\"og:image:height\" content=\"600\" \/>\n\t<meta property=\"og:image:type\" content=\"image\/jpeg\" \/>\n<meta name=\"twitter:card\" content=\"summary_large_image\" \/>\n<script type=\"application\/ld+json\" class=\"yoast-schema-graph\">{\"@context\":\"https:\/\/schema.org\",\"@graph\":[{\"@type\":\"WebPage\",\"@id\":\"https:\/\/www.ftepeyac.com.mx\/producto\/ultrasol-fep-por-agricola-y-cultivo\/\",\"url\":\"https:\/\/www.ftepeyac.com.mx\/producto\/ultrasol-fep-por-agricola-y-cultivo\/\",\"name\":\"Ultrasol\u00ae FEP por agr\u00edcola y cultivo - Fertilizantes Tepeyac\",\"isPartOf\":{\"@id\":\"https:\/\/www.ftepeyac.com.mx\/#website\"},\"primaryImageOfPage\":{\"@id\":\"https:\/\/www.ftepeyac.com.mx\/producto\/ultrasol-fep-por-agricola-y-cultivo\/#primaryimage\"},\"image\":{\"@id\":\"https:\/\/www.ftepeyac.com.mx\/producto\/ultrasol-fep-por-agricola-y-cultivo\/#primaryimage\"},\"thumbnailUrl\":\"https:\/\/www.ftepeyac.com.mx\/wp-content\/uploads\/2021\/06\/Imagen-ultrasol-FEP-agricola-cultivo.jpg\",\"datePublished\":\"2021-06-25T23:17:03+00:00\",\"dateModified\":\"2025-08-21T20:28:10+00:00\",\"breadcrumb\":{\"@id\":\"https:\/\/www.ftepeyac.com.mx\/producto\/ultrasol-fep-por-agricola-y-cultivo\/#breadcrumb\"},\"inLanguage\":\"en-US\",\"potentialAction\":[{\"@type\":\"ReadAction\",\"target\":[\"https:\/\/www.ftepeyac.com.mx\/producto\/ultrasol-fep-por-agricola-y-cultivo\/\"]}]},{\"@type\":\"ImageObject\",\"inLanguage\":\"en-US\",\"@id\":\"https:\/\/www.ftepeyac.com.mx\/producto\/ultrasol-fep-por-agricola-y-cultivo\/#primaryimage\",\"url\":\"https:\/\/www.ftepeyac.com.mx\/wp-content\/uploads\/2021\/06\/Imagen-ultrasol-FEP-agricola-cultivo.jpg\",\"contentUrl\":\"https:\/\/www.ftepeyac.com.mx\/wp-content\/uploads\/2021\/06\/Imagen-ultrasol-FEP-agricola-cultivo.jpg\",\"width\":600,\"height\":600,\"caption\":\"Imagen-ultrasol-FEP-agricola-cultivo\"},{\"@type\":\"BreadcrumbList\",\"@id\":\"https:\/\/www.ftepeyac.com.mx\/producto\/ultrasol-fep-por-agricola-y-cultivo\/#breadcrumb\",\"itemListElement\":[{\"@type\":\"ListItem\",\"position\":1,\"name\":\"Portada\",\"item\":\"https:\/\/www.ftepeyac.com.mx\/\"},{\"@type\":\"ListItem\",\"position\":2,\"name\":\"Productos\",\"item\":\"https:\/\/www.ftepeyac.com.mx\/shop\/\"},{\"@type\":\"ListItem\",\"position\":3,\"name\":\"Ultrasol\u00ae FEP por agr\u00edcola y cultivo\"}]},{\"@type\":\"WebSite\",\"@id\":\"https:\/\/www.ftepeyac.com.mx\/#website\",\"url\":\"https:\/\/www.ftepeyac.com.mx\/\",\"name\":\"Fertilizantes Tepeyac | Soluciones en Nutrici\u00f3n Vegetal y Protecci\u00f3n de Cultivos\",\"description\":\"Ofrecemos un gran cat\u00e1logo de soluciones en agricultura, nos distinguimos por nuestra atenci\u00f3n personalizada sin intermediarios.\",\"publisher\":{\"@id\":\"https:\/\/www.ftepeyac.com.mx\/#organization\"},\"potentialAction\":[{\"@type\":\"SearchAction\",\"target\":{\"@type\":\"EntryPoint\",\"urlTemplate\":\"https:\/\/www.ftepeyac.com.mx\/?s={search_term_string}\"},\"query-input\":{\"@type\":\"PropertyValueSpecification\",\"valueRequired\":true,\"valueName\":\"search_term_string\"}}],\"inLanguage\":\"en-US\"},{\"@type\":\"Organization\",\"@id\":\"https:\/\/www.ftepeyac.com.mx\/#organization\",\"name\":\"Fertilizantes Tepeyac | Soluciones en Nutrici\u00f3n Vegetal y Protecci\u00f3n de Cultivos\",\"url\":\"https:\/\/www.ftepeyac.com.mx\/\",\"logo\":{\"@type\":\"ImageObject\",\"inLanguage\":\"en-US\",\"@id\":\"https:\/\/www.ftepeyac.com.mx\/#\/schema\/logo\/image\/\",\"url\":\"https:\/\/www.ftepeyac.com.mx\/wp-content\/uploads\/2019\/09\/tepeyac75-logo.png\",\"contentUrl\":\"https:\/\/www.ftepeyac.com.mx\/wp-content\/uploads\/2019\/09\/tepeyac75-logo.png\",\"width\":700,\"height\":150,\"caption\":\"Fertilizantes Tepeyac | Soluciones en Nutrici\u00f3n Vegetal y Protecci\u00f3n de Cultivos\"},\"image\":{\"@id\":\"https:\/\/www.ftepeyac.com.mx\/#\/schema\/logo\/image\/\"},\"sameAs\":[\"https:\/\/www.facebook.com\/tepeyacgrupo\",\"https:\/\/www.instagram.com\/fertilizantes.tepeyac\/\",\"https:\/\/mx.linkedin.com\/company\/fertilizantes-tepeyac-del-noroeste\"]}]}<\/script>\n<!-- \/ Yoast SEO plugin. -->","yoast_head_json":{"title":"Ultrasol\u00ae FEP por agr\u00edcola y cultivo - Fertilizantes Tepeyac","robots":{"index":"index","follow":"follow","max-snippet":"max-snippet:-1","max-image-preview":"max-image-preview:large","max-video-preview":"max-video-preview:-1"},"canonical":"https:\/\/www.ftepeyac.com.mx\/en\/product\/ultrasol-fep-por-agricola-y-cultivo\/","og_locale":"en_US","og_type":"article","og_title":"Ultrasol\u00ae FEP por agr\u00edcola y cultivo - Fertilizantes Tepeyac","og_description":"Ultrasol\u00ae FEP por agr\u00edcola y cultivo SQM empresa l\u00edder en Nutrici\u00f3n Vegetal de Especialidad, ha desarrollado la l\u00ednea Ultrasol\u00ae FEP por agr\u00edcola y cultivo, dise\u00f1ada para ofrecer una soluci\u00f3n Integral en fertirrigaci\u00f3n. Ultrasol\u00ae FEP por agr\u00edcola y cultivo,es una l\u00ednea de fertilizantes NPK Soluble, elaborada con las mejores materias primas s\u00f3lidas solubles, tanto en macro como micronutrientes. Ultrasol\u00ae FEP por agr\u00edcola y cultivo, puede ser dise\u00f1ado para cualquier cultivo y sistema de riego.  Ventajas  Formulaciones 100% solubles. Dise\u00f1adas para todo tipo de cultivos y adaptables a cualquier equipo de riego. Potasio derivado preferentemente de Nitrato de Potasio de grado t\u00e9cnico. F\u00f3sforo como ortofosfato, lo cual permite una mayor eficiencia y movilidad en el suelo. Micronutrientes Mn, Zn y Cu como quelatos EDTA. Fuente de Fe EDTA, DTPA o EDDHA seg\u00fan pH del suelo y agua. Aporte de B como \u00e1cido b\u00f3rico y Molibdeno como molibdato. Es posible solicitar formulaciones de reacci\u00f3n \u00e1cida para reemplazar el uso de \u00e1cidos fuertes. Ultrasol\u00ae FEP por agr\u00edcola y cultivo es garantizado fuente fertilizante como libre de Cloruros. Producto Libre de Cloruro y Sodio. Presentaci\u00f3n: 25 Kg. Cultivos: org\u00e1nico   Fabricante: SQM  Ficha t\u00e9cnica [...]Read More...","og_url":"https:\/\/www.ftepeyac.com.mx\/en\/product\/ultrasol-fep-por-agricola-y-cultivo\/","og_site_name":"Fertilizantes Tepeyac","article_publisher":"https:\/\/www.facebook.com\/tepeyacgrupo","article_modified_time":"2025-08-21T20:28:10+00:00","og_image":[{"width":600,"height":600,"url":"https:\/\/www.ftepeyac.com.mx\/wp-content\/uploads\/2021\/06\/Imagen-ultrasol-FEP-agricola-cultivo.jpg","type":"image\/jpeg"}],"twitter_card":"summary_large_image","schema":{"@context":"https:\/\/schema.org","@graph":[{"@type":"WebPage","@id":"https:\/\/www.ftepeyac.com.mx\/producto\/ultrasol-fep-por-agricola-y-cultivo\/","url":"https:\/\/www.ftepeyac.com.mx\/producto\/ultrasol-fep-por-agricola-y-cultivo\/","name":"Ultrasol\u00ae FEP por agr\u00edcola y cultivo - Fertilizantes Tepeyac","isPartOf":{"@id":"https:\/\/www.ftepeyac.com.mx\/#website"},"primaryImageOfPage":{"@id":"https:\/\/www.ftepeyac.com.mx\/producto\/ultrasol-fep-por-agricola-y-cultivo\/#primaryimage"},"image":{"@id":"https:\/\/www.ftepeyac.com.mx\/producto\/ultrasol-fep-por-agricola-y-cultivo\/#primaryimage"},"thumbnailUrl":"https:\/\/www.ftepeyac.com.mx\/wp-content\/uploads\/2021\/06\/Imagen-ultrasol-FEP-agricola-cultivo.jpg","datePublished":"2021-06-25T23:17:03+00:00","dateModified":"2025-08-21T20:28:10+00:00","breadcrumb":{"@id":"https:\/\/www.ftepeyac.com.mx\/producto\/ultrasol-fep-por-agricola-y-cultivo\/#breadcrumb"},"inLanguage":"en-US","potentialAction":[{"@type":"ReadAction","target":["https:\/\/www.ftepeyac.com.mx\/producto\/ultrasol-fep-por-agricola-y-cultivo\/"]}]},{"@type":"ImageObject","inLanguage":"en-US","@id":"https:\/\/www.ftepeyac.com.mx\/producto\/ultrasol-fep-por-agricola-y-cultivo\/#primaryimage","url":"https:\/\/www.ftepeyac.com.mx\/wp-content\/uploads\/2021\/06\/Imagen-ultrasol-FEP-agricola-cultivo.jpg","contentUrl":"https:\/\/www.ftepeyac.com.mx\/wp-content\/uploads\/2021\/06\/Imagen-ultrasol-FEP-agricola-cultivo.jpg","width":600,"height":600,"caption":"Imagen-ultrasol-FEP-agricola-cultivo"},{"@type":"BreadcrumbList","@id":"https:\/\/www.ftepeyac.com.mx\/producto\/ultrasol-fep-por-agricola-y-cultivo\/#breadcrumb","itemListElement":[{"@type":"ListItem","position":1,"name":"Portada","item":"https:\/\/www.ftepeyac.com.mx\/"},{"@type":"ListItem","position":2,"name":"Productos","item":"https:\/\/www.ftepeyac.com.mx\/shop\/"},{"@type":"ListItem","position":3,"name":"Ultrasol\u00ae FEP por agr\u00edcola y cultivo"}]},{"@type":"WebSite","@id":"https:\/\/www.ftepeyac.com.mx\/#website","url":"https:\/\/www.ftepeyac.com.mx\/","name":"Fertilizantes Tepeyac | Soluciones en Nutrici\u00f3n Vegetal y Protecci\u00f3n de Cultivos","description":"Ofrecemos un gran cat\u00e1logo de soluciones en agricultura, nos distinguimos por nuestra atenci\u00f3n personalizada sin intermediarios.","publisher":{"@id":"https:\/\/www.ftepeyac.com.mx\/#organization"},"potentialAction":[{"@type":"SearchAction","target":{"@type":"EntryPoint","urlTemplate":"https:\/\/www.ftepeyac.com.mx\/?s={search_term_string}"},"query-input":{"@type":"PropertyValueSpecification","valueRequired":true,"valueName":"search_term_string"}}],"inLanguage":"en-US"},{"@type":"Organization","@id":"https:\/\/www.ftepeyac.com.mx\/#organization","name":"Fertilizantes Tepeyac | Soluciones en Nutrici\u00f3n Vegetal y Protecci\u00f3n de Cultivos","url":"https:\/\/www.ftepeyac.com.mx\/","logo":{"@type":"ImageObject","inLanguage":"en-US","@id":"https:\/\/www.ftepeyac.com.mx\/#\/schema\/logo\/image\/","url":"https:\/\/www.ftepeyac.com.mx\/wp-content\/uploads\/2019\/09\/tepeyac75-logo.png","contentUrl":"https:\/\/www.ftepeyac.com.mx\/wp-content\/uploads\/2019\/09\/tepeyac75-logo.png","width":700,"height":150,"caption":"Fertilizantes Tepeyac | Soluciones en Nutrici\u00f3n Vegetal y Protecci\u00f3n de Cultivos"},"image":{"@id":"https:\/\/www.ftepeyac.com.mx\/#\/schema\/logo\/image\/"},"sameAs":["https:\/\/www.facebook.com\/tepeyacgrupo","https:\/\/www.instagram.com\/fertilizantes.tepeyac\/","https:\/\/mx.linkedin.com\/company\/fertilizantes-tepeyac-del-noroeste"]}]}},"_links":{"self":[{"href":"https:\/\/www.ftepeyac.com.mx\/en\/wp-json\/wp\/v2\/product\/4864","targetHints":{"allow":["GET"]}}],"collection":[{"href":"https:\/\/www.ftepeyac.com.mx\/en\/wp-json\/wp\/v2\/product"}],"about":[{"href":"https:\/\/www.ftepeyac.com.mx\/en\/wp-json\/wp\/v2\/types\/product"}],"replies":[{"embeddable":true,"href":"https:\/\/www.ftepeyac.com.mx\/en\/wp-json\/wp\/v2\/comments?post=4864"}],"wp:featuredmedia":[{"embeddable":true,"href":"https:\/\/www.ftepeyac.com.mx\/en\/wp-json\/wp\/v2\/media\/4868"}],"wp:attachment":[{"href":"https:\/\/www.ftepeyac.com.mx\/en\/wp-json\/wp\/v2\/media?parent=4864"}],"wp:term":[{"taxonomy":"product_brand","embeddable":true,"href":"https:\/\/www.ftepeyac.com.mx\/en\/wp-json\/wp\/v2\/product_brand?post=4864"},{"taxonomy":"product_cat","embeddable":true,"href":"https:\/\/www.ftepeyac.com.mx\/en\/wp-json\/wp\/v2\/product_cat?post=4864"},{"taxonomy":"product_tag","embeddable":true,"href":"https:\/\/www.ftepeyac.com.mx\/en\/wp-json\/wp\/v2\/product_tag?post=4864"}],"curies":[{"name":"wp","href":"https:\/\/api.w.org\/{rel}","templated":true}]}}