{"id":5039,"date":"2021-06-30T05:16:41","date_gmt":"2021-06-30T05:16:41","guid":{"rendered":"https:\/\/www.ftepeyac.com.mx\/?post_type=product&#038;p=5039"},"modified":"2026-01-10T19:50:33","modified_gmt":"2026-01-10T19:50:33","slug":"ql-agri-35","status":"publish","type":"product","link":"https:\/\/www.ftepeyac.com.mx\/en\/product\/ql-agri-35\/","title":{"rendered":"QL Agri\u00ae 35"},"content":{"rendered":"","protected":false},"excerpt":{"rendered":"<h4>QL Agri\u00ae 35<\/h4>\n<p class=\"no-show\">Protege el cultivo de vegetales con la soluci\u00f3n 100% natural contra nem\u00e1todos y \u00e1caros. QL Agri\u00ae 35, extra\u00eddo del \u00e1rbol Quillaja saponaria Mol (Quillay).<\/p>\n<p class=\"no-show\">Los nem\u00e1todos son agentes causantes de enfermedades que reducen la calidad y cantidad de plantas para producci\u00f3n y consumo. Los s\u00edntomas son deformaci\u00f3n de las ra\u00edces, deficiencia nutricional, tama\u00f1o reducido de frutos y bajo rendimiento del cultivo, principalmente. Las plantas intensamente atacadas presentan coloraci\u00f3n amarillenta, raquitismo y pudrici\u00f3n, ya que las lesiones causadas por nem\u00e1todos impiden la absorci\u00f3n de nutrientes y agua.<\/p>\n<p class=\"no-show\">Para proteger el cultivo y evitar p\u00e9rdida de rendimiento, presentamos QL Agri\u00ae 35, el nematicida y acaricida para vegetales 100% de origen natural, con efecto en las principales especies de nematodos y \u00e1caros. Es un producto org\u00e1nico, exento de tolerancias y que funciona con eficacia como herramienta para el manejo integrado de plagas.<\/p>\n<p class=\"no-show\">Act\u00faa especialmente por contacto, tambi\u00e9n, en cultivos de ajo y cebolla, fresa y berries.<\/p>\n<p class=\"no-show\"><strong style=\"font-weight: 600;\">Presentation:<\/strong> 1&#215;20 Lts, 4&#215;5 Lts.<\/p>\n<p class=\"no-show\"><strong style=\"font-weight: 600;\">Crops:<\/strong><\/p>\n<p><img decoding=\"async\" class=\"no-show\" src=\"https:\/\/www.ftepeyac.com.mx\/wp-content\/uploads\/2019\/09\/ql_agri_cultivos.png\" alt=\"org\u00e1nicos\"\/><\/p>\n<p class=\"no-show\"><strong style=\"font-weight: 600;\">Manufacturer:<\/strong> BASF<\/p>\n<p><a class=\"no-show\" href=\"https:\/\/www.ftepeyac.com.mx\/wp-content\/uploads\/2019\/09\/ql_agri_hoja_de_seguridad.pdf\" target=\"_blank\" rel=\"noopener\"> Safety sheet <\/a><\/p>\n<p><a class=\"no-show\" href=\"https:\/\/www.ftepeyac.com.mx\/wp-content\/uploads\/2019\/09\/ql_agri_ficha_tecnica.pdf\" target=\"_blank\" rel=\"noopener\"> Technical sheet<\/a> [&#8230;]<\/p>\n<p><a class=\"btn btn-secondary understrap-read-more-link\" href=\"https:\/\/www.ftepeyac.com.mx\/en\/product\/ql-agri-35\/\">Read More&#8230;<\/a><\/p>","protected":false},"featured_media":5043,"comment_status":"open","ping_status":"closed","template":"","meta":{"inline_featured_image":false},"product_brand":[],"product_cat":[49],"product_tag":[],"class_list":{"0":"post-5039","1":"product","2":"type-product","3":"status-publish","4":"has-post-thumbnail","6":"product_cat-nematicidas","8":"first","9":"instock","10":"shipping-taxable","11":"product-type-simple"},"yoast_head":"<!-- This site is optimized with the Yoast SEO plugin v24.9 - https:\/\/yoast.com\/wordpress\/plugins\/seo\/ -->\n<title>QL Agri\u00ae 35 - Fertilizantes Tepeyac<\/title>\n<meta name=\"robots\" content=\"index, follow, max-snippet:-1, max-image-preview:large, max-video-preview:-1\" \/>\n<link rel=\"canonical\" href=\"https:\/\/www.ftepeyac.com.mx\/en\/product\/ql-agri-35\/\" \/>\n<meta property=\"og:locale\" content=\"en_US\" \/>\n<meta property=\"og:type\" content=\"article\" \/>\n<meta property=\"og:title\" content=\"QL Agri\u00ae 35 - Fertilizantes Tepeyac\" \/>\n<meta property=\"og:description\" content=\"QL Agri\u00ae 35 Protege el cultivo de vegetales con la soluci\u00f3n 100% natural contra nem\u00e1todos y \u00e1caros. QL Agri\u00ae 35, extra\u00eddo del \u00e1rbol Quillaja saponaria Mol (Quillay).                                                             Los nem\u00e1todos son agentes causantes de enfermedades que reducen la calidad y cantidad de plantas para producci\u00f3n y consumo. Los s\u00edntomas son deformaci\u00f3n de las ra\u00edces, deficiencia nutricional, tama\u00f1o reducido de frutos y bajo rendimiento del cultivo, principalmente. Las plantas intensamente atacadas presentan coloraci\u00f3n amarillenta, raquitismo y pudrici\u00f3n, ya que las lesiones causadas por nem\u00e1todos impiden la absorci\u00f3n de nutrientes y agua.  Para proteger el cultivo y evitar p\u00e9rdida de rendimiento, presentamos QL Agri\u00ae 35, el nematicida y acaricida para vegetales 100% de origen natural, con efecto en las principales especies de nematodos y \u00e1caros. Es un producto org\u00e1nico, exento de tolerancias y que funciona con eficacia como herramienta para el manejo integrado de plagas.  Act\u00faa especialmente por contacto, tambi\u00e9n, en cultivos de ajo y cebolla, fresa y berries.   Presentaci\u00f3n: 1x20 Lts, 4x5 Lts.  Cultivos:   Fabricante: BASF   Hoja de seguridad   Ficha t\u00e9cnica [...]Read More...\" \/>\n<meta property=\"og:url\" content=\"https:\/\/www.ftepeyac.com.mx\/en\/product\/ql-agri-35\/\" \/>\n<meta property=\"og:site_name\" content=\"Fertilizantes Tepeyac\" \/>\n<meta property=\"article:publisher\" content=\"https:\/\/www.facebook.com\/tepeyacgrupo\" \/>\n<meta property=\"article:modified_time\" content=\"2026-01-10T19:50:33+00:00\" \/>\n<meta property=\"og:image\" content=\"https:\/\/www.ftepeyac.com.mx\/wp-content\/uploads\/2021\/06\/ql_agri.jpg\" \/>\n\t<meta property=\"og:image:width\" content=\"600\" \/>\n\t<meta property=\"og:image:height\" content=\"600\" \/>\n\t<meta property=\"og:image:type\" content=\"image\/jpeg\" \/>\n<meta name=\"twitter:card\" content=\"summary_large_image\" \/>\n<script type=\"application\/ld+json\" class=\"yoast-schema-graph\">{\"@context\":\"https:\/\/schema.org\",\"@graph\":[{\"@type\":\"WebPage\",\"@id\":\"https:\/\/www.ftepeyac.com.mx\/producto\/ql-agri-35\/\",\"url\":\"https:\/\/www.ftepeyac.com.mx\/producto\/ql-agri-35\/\",\"name\":\"QL Agri\u00ae 35 - Fertilizantes Tepeyac\",\"isPartOf\":{\"@id\":\"https:\/\/www.ftepeyac.com.mx\/#website\"},\"primaryImageOfPage\":{\"@id\":\"https:\/\/www.ftepeyac.com.mx\/producto\/ql-agri-35\/#primaryimage\"},\"image\":{\"@id\":\"https:\/\/www.ftepeyac.com.mx\/producto\/ql-agri-35\/#primaryimage\"},\"thumbnailUrl\":\"https:\/\/www.ftepeyac.com.mx\/wp-content\/uploads\/2021\/06\/ql_agri.jpg\",\"datePublished\":\"2021-06-30T05:16:41+00:00\",\"dateModified\":\"2026-01-10T19:50:33+00:00\",\"breadcrumb\":{\"@id\":\"https:\/\/www.ftepeyac.com.mx\/producto\/ql-agri-35\/#breadcrumb\"},\"inLanguage\":\"en-US\",\"potentialAction\":[{\"@type\":\"ReadAction\",\"target\":[\"https:\/\/www.ftepeyac.com.mx\/producto\/ql-agri-35\/\"]}]},{\"@type\":\"ImageObject\",\"inLanguage\":\"en-US\",\"@id\":\"https:\/\/www.ftepeyac.com.mx\/producto\/ql-agri-35\/#primaryimage\",\"url\":\"https:\/\/www.ftepeyac.com.mx\/wp-content\/uploads\/2021\/06\/ql_agri.jpg\",\"contentUrl\":\"https:\/\/www.ftepeyac.com.mx\/wp-content\/uploads\/2021\/06\/ql_agri.jpg\",\"width\":600,\"height\":600,\"caption\":\"ql_agri\"},{\"@type\":\"BreadcrumbList\",\"@id\":\"https:\/\/www.ftepeyac.com.mx\/producto\/ql-agri-35\/#breadcrumb\",\"itemListElement\":[{\"@type\":\"ListItem\",\"position\":1,\"name\":\"Portada\",\"item\":\"https:\/\/www.ftepeyac.com.mx\/\"},{\"@type\":\"ListItem\",\"position\":2,\"name\":\"Productos\",\"item\":\"https:\/\/www.ftepeyac.com.mx\/shop\/\"},{\"@type\":\"ListItem\",\"position\":3,\"name\":\"QL Agri\u00ae 35\"}]},{\"@type\":\"WebSite\",\"@id\":\"https:\/\/www.ftepeyac.com.mx\/#website\",\"url\":\"https:\/\/www.ftepeyac.com.mx\/\",\"name\":\"Fertilizantes Tepeyac | Soluciones en Nutrici\u00f3n Vegetal y Protecci\u00f3n de Cultivos\",\"description\":\"Ofrecemos un gran cat\u00e1logo de soluciones en agricultura, nos distinguimos por nuestra atenci\u00f3n personalizada sin intermediarios.\",\"publisher\":{\"@id\":\"https:\/\/www.ftepeyac.com.mx\/#organization\"},\"potentialAction\":[{\"@type\":\"SearchAction\",\"target\":{\"@type\":\"EntryPoint\",\"urlTemplate\":\"https:\/\/www.ftepeyac.com.mx\/?s={search_term_string}\"},\"query-input\":{\"@type\":\"PropertyValueSpecification\",\"valueRequired\":true,\"valueName\":\"search_term_string\"}}],\"inLanguage\":\"en-US\"},{\"@type\":\"Organization\",\"@id\":\"https:\/\/www.ftepeyac.com.mx\/#organization\",\"name\":\"Fertilizantes Tepeyac | Soluciones en Nutrici\u00f3n Vegetal y Protecci\u00f3n de Cultivos\",\"url\":\"https:\/\/www.ftepeyac.com.mx\/\",\"logo\":{\"@type\":\"ImageObject\",\"inLanguage\":\"en-US\",\"@id\":\"https:\/\/www.ftepeyac.com.mx\/#\/schema\/logo\/image\/\",\"url\":\"https:\/\/www.ftepeyac.com.mx\/wp-content\/uploads\/2019\/09\/tepeyac75-logo.png\",\"contentUrl\":\"https:\/\/www.ftepeyac.com.mx\/wp-content\/uploads\/2019\/09\/tepeyac75-logo.png\",\"width\":700,\"height\":150,\"caption\":\"Fertilizantes Tepeyac | Soluciones en Nutrici\u00f3n Vegetal y Protecci\u00f3n de Cultivos\"},\"image\":{\"@id\":\"https:\/\/www.ftepeyac.com.mx\/#\/schema\/logo\/image\/\"},\"sameAs\":[\"https:\/\/www.facebook.com\/tepeyacgrupo\",\"https:\/\/www.instagram.com\/fertilizantes.tepeyac\/\",\"https:\/\/mx.linkedin.com\/company\/fertilizantes-tepeyac-del-noroeste\"]}]}<\/script>\n<!-- \/ Yoast SEO plugin. -->","yoast_head_json":{"title":"QL Agri\u00ae 35 - Fertilizantes Tepeyac","robots":{"index":"index","follow":"follow","max-snippet":"max-snippet:-1","max-image-preview":"max-image-preview:large","max-video-preview":"max-video-preview:-1"},"canonical":"https:\/\/www.ftepeyac.com.mx\/en\/product\/ql-agri-35\/","og_locale":"en_US","og_type":"article","og_title":"QL Agri\u00ae 35 - Fertilizantes Tepeyac","og_description":"QL Agri\u00ae 35 Protege el cultivo de vegetales con la soluci\u00f3n 100% natural contra nem\u00e1todos y \u00e1caros. QL Agri\u00ae 35, extra\u00eddo del \u00e1rbol Quillaja saponaria Mol (Quillay).                                                             Los nem\u00e1todos son agentes causantes de enfermedades que reducen la calidad y cantidad de plantas para producci\u00f3n y consumo. Los s\u00edntomas son deformaci\u00f3n de las ra\u00edces, deficiencia nutricional, tama\u00f1o reducido de frutos y bajo rendimiento del cultivo, principalmente. Las plantas intensamente atacadas presentan coloraci\u00f3n amarillenta, raquitismo y pudrici\u00f3n, ya que las lesiones causadas por nem\u00e1todos impiden la absorci\u00f3n de nutrientes y agua.  Para proteger el cultivo y evitar p\u00e9rdida de rendimiento, presentamos QL Agri\u00ae 35, el nematicida y acaricida para vegetales 100% de origen natural, con efecto en las principales especies de nematodos y \u00e1caros. Es un producto org\u00e1nico, exento de tolerancias y que funciona con eficacia como herramienta para el manejo integrado de plagas.  Act\u00faa especialmente por contacto, tambi\u00e9n, en cultivos de ajo y cebolla, fresa y berries.   Presentaci\u00f3n: 1x20 Lts, 4x5 Lts.  Cultivos:   Fabricante: BASF   Hoja de seguridad   Ficha t\u00e9cnica [...]Read More...","og_url":"https:\/\/www.ftepeyac.com.mx\/en\/product\/ql-agri-35\/","og_site_name":"Fertilizantes Tepeyac","article_publisher":"https:\/\/www.facebook.com\/tepeyacgrupo","article_modified_time":"2026-01-10T19:50:33+00:00","og_image":[{"width":600,"height":600,"url":"https:\/\/www.ftepeyac.com.mx\/wp-content\/uploads\/2021\/06\/ql_agri.jpg","type":"image\/jpeg"}],"twitter_card":"summary_large_image","schema":{"@context":"https:\/\/schema.org","@graph":[{"@type":"WebPage","@id":"https:\/\/www.ftepeyac.com.mx\/producto\/ql-agri-35\/","url":"https:\/\/www.ftepeyac.com.mx\/producto\/ql-agri-35\/","name":"QL Agri\u00ae 35 - Fertilizantes Tepeyac","isPartOf":{"@id":"https:\/\/www.ftepeyac.com.mx\/#website"},"primaryImageOfPage":{"@id":"https:\/\/www.ftepeyac.com.mx\/producto\/ql-agri-35\/#primaryimage"},"image":{"@id":"https:\/\/www.ftepeyac.com.mx\/producto\/ql-agri-35\/#primaryimage"},"thumbnailUrl":"https:\/\/www.ftepeyac.com.mx\/wp-content\/uploads\/2021\/06\/ql_agri.jpg","datePublished":"2021-06-30T05:16:41+00:00","dateModified":"2026-01-10T19:50:33+00:00","breadcrumb":{"@id":"https:\/\/www.ftepeyac.com.mx\/producto\/ql-agri-35\/#breadcrumb"},"inLanguage":"en-US","potentialAction":[{"@type":"ReadAction","target":["https:\/\/www.ftepeyac.com.mx\/producto\/ql-agri-35\/"]}]},{"@type":"ImageObject","inLanguage":"en-US","@id":"https:\/\/www.ftepeyac.com.mx\/producto\/ql-agri-35\/#primaryimage","url":"https:\/\/www.ftepeyac.com.mx\/wp-content\/uploads\/2021\/06\/ql_agri.jpg","contentUrl":"https:\/\/www.ftepeyac.com.mx\/wp-content\/uploads\/2021\/06\/ql_agri.jpg","width":600,"height":600,"caption":"ql_agri"},{"@type":"BreadcrumbList","@id":"https:\/\/www.ftepeyac.com.mx\/producto\/ql-agri-35\/#breadcrumb","itemListElement":[{"@type":"ListItem","position":1,"name":"Portada","item":"https:\/\/www.ftepeyac.com.mx\/"},{"@type":"ListItem","position":2,"name":"Productos","item":"https:\/\/www.ftepeyac.com.mx\/shop\/"},{"@type":"ListItem","position":3,"name":"QL Agri\u00ae 35"}]},{"@type":"WebSite","@id":"https:\/\/www.ftepeyac.com.mx\/#website","url":"https:\/\/www.ftepeyac.com.mx\/","name":"Fertilizantes Tepeyac | Soluciones en Nutrici\u00f3n Vegetal y Protecci\u00f3n de Cultivos","description":"Ofrecemos un gran cat\u00e1logo de soluciones en agricultura, nos distinguimos por nuestra atenci\u00f3n personalizada sin intermediarios.","publisher":{"@id":"https:\/\/www.ftepeyac.com.mx\/#organization"},"potentialAction":[{"@type":"SearchAction","target":{"@type":"EntryPoint","urlTemplate":"https:\/\/www.ftepeyac.com.mx\/?s={search_term_string}"},"query-input":{"@type":"PropertyValueSpecification","valueRequired":true,"valueName":"search_term_string"}}],"inLanguage":"en-US"},{"@type":"Organization","@id":"https:\/\/www.ftepeyac.com.mx\/#organization","name":"Fertilizantes Tepeyac | Soluciones en Nutrici\u00f3n Vegetal y Protecci\u00f3n de Cultivos","url":"https:\/\/www.ftepeyac.com.mx\/","logo":{"@type":"ImageObject","inLanguage":"en-US","@id":"https:\/\/www.ftepeyac.com.mx\/#\/schema\/logo\/image\/","url":"https:\/\/www.ftepeyac.com.mx\/wp-content\/uploads\/2019\/09\/tepeyac75-logo.png","contentUrl":"https:\/\/www.ftepeyac.com.mx\/wp-content\/uploads\/2019\/09\/tepeyac75-logo.png","width":700,"height":150,"caption":"Fertilizantes Tepeyac | Soluciones en Nutrici\u00f3n Vegetal y Protecci\u00f3n de Cultivos"},"image":{"@id":"https:\/\/www.ftepeyac.com.mx\/#\/schema\/logo\/image\/"},"sameAs":["https:\/\/www.facebook.com\/tepeyacgrupo","https:\/\/www.instagram.com\/fertilizantes.tepeyac\/","https:\/\/mx.linkedin.com\/company\/fertilizantes-tepeyac-del-noroeste"]}]}},"_links":{"self":[{"href":"https:\/\/www.ftepeyac.com.mx\/en\/wp-json\/wp\/v2\/product\/5039","targetHints":{"allow":["GET"]}}],"collection":[{"href":"https:\/\/www.ftepeyac.com.mx\/en\/wp-json\/wp\/v2\/product"}],"about":[{"href":"https:\/\/www.ftepeyac.com.mx\/en\/wp-json\/wp\/v2\/types\/product"}],"replies":[{"embeddable":true,"href":"https:\/\/www.ftepeyac.com.mx\/en\/wp-json\/wp\/v2\/comments?post=5039"}],"wp:featuredmedia":[{"embeddable":true,"href":"https:\/\/www.ftepeyac.com.mx\/en\/wp-json\/wp\/v2\/media\/5043"}],"wp:attachment":[{"href":"https:\/\/www.ftepeyac.com.mx\/en\/wp-json\/wp\/v2\/media?parent=5039"}],"wp:term":[{"taxonomy":"product_brand","embeddable":true,"href":"https:\/\/www.ftepeyac.com.mx\/en\/wp-json\/wp\/v2\/product_brand?post=5039"},{"taxonomy":"product_cat","embeddable":true,"href":"https:\/\/www.ftepeyac.com.mx\/en\/wp-json\/wp\/v2\/product_cat?post=5039"},{"taxonomy":"product_tag","embeddable":true,"href":"https:\/\/www.ftepeyac.com.mx\/en\/wp-json\/wp\/v2\/product_tag?post=5039"}],"curies":[{"name":"wp","href":"https:\/\/api.w.org\/{rel}","templated":true}]}}