{"id":5114,"date":"2021-07-30T02:15:35","date_gmt":"2021-07-30T02:15:35","guid":{"rendered":"https:\/\/www.ftepeyac.com.mx\/?post_type=product&#038;p=5114"},"modified":"2026-03-23T22:56:40","modified_gmt":"2026-03-23T22:56:40","slug":"entec-20-10-10","status":"publish","type":"product","link":"https:\/\/www.ftepeyac.com.mx\/en\/product\/entec-20-10-10\/","title":{"rendered":"ENTEC\u00ae 20-10-10"},"content":{"rendered":"","protected":false},"excerpt":{"rendered":"<h4>ENTEC\u00ae 20-10-10 (+7,5 SO\u2083) con azufre<\/h4>\n<p class=\"no-show\">El fertilizante mineral estabilizado para realizar el abonado m\u00e1s eficiente para los cultivos, los agricultores y el medio ambiente<br \/>\nENTEC\u00ae 20-10-10 es un fertilizante complejo NPK que aglutina las excelentes caracter\u00edsticas de los abonos Nitrofoska\u00ae (perfecta granulaci\u00f3n, ausencia de polvo, bajo contenido en cadmio, sin N en forma ureica y elevada solubilidad), con una de las tecnolog\u00edas en fertilizantes m\u00e1s eficientes para mejorar la absorci\u00f3n de los nutrientes, especialmente del nitr\u00f3geno. La tecnolog\u00eda ENTEC\u00ae aplicada a fertilizantes permite a los agricultores realizar un abonado m\u00e1s eficiente de sus cultivos, ya que reducir\u00e1 las p\u00e9rdidas de nitr\u00f3geno al medio ambiente (menor contaminaci\u00f3n de las aguas y la atm\u00f3sfera), que podr\u00e1 ser utilizado por los cultivos para producir m\u00e1s y de mejor calidad. Esta mayor eficiencia tambi\u00e9n le va a permitir a los agricultores ajustar la dosis de nitr\u00f3geno aplicadas para cumplir con las normativas, cada vez m\u00e1s habituales, que regulen la aplicaci\u00f3n de nitr\u00f3geno en la agricultura (por ejemplo en las zonas vulnerables a la contaminaci\u00f3n por nitratos), o, en algunos cultivos, reducir el n\u00famero de aplicaciones de fertilizantes.<\/p>\n<p class=\"no-show\"><strong style=\"font-weight: 600;\">Presentation:<\/strong> Sacos 25 Kg, 50 Kg.<\/p>\n<p class=\"no-show\"><strong style=\"font-weight: 600;\">Crops:<\/strong><\/p>\n<p><img decoding=\"async\" class=\"no-show\" src=\"https:\/\/www.ftepeyac.com.mx\/wp-content\/uploads\/2019\/09\/Entec-20-10-10_cultivos.png\" alt=\"Solubles\" \/><\/p>\n<p class=\"no-show\"><strong style=\"font-weight: 600;\">Manufacturer:<\/strong> Eurochem<\/p>\n<p><a class=\"no-show\" href=\"https:\/\/www.ftepeyac.com.mx\/wp-content\/uploads\/2019\/09\/Entec-20-10-10_hoja_de_seguridad.pdf\" target=\"_blank\" rel=\"noopener\">Safety sheet<\/a><\/p>\n<p><a class=\"no-show\" href=\"https:\/\/www.ftepeyac.com.mx\/wp-content\/uploads\/2019\/09\/Entec-20-10-10_ficha_tecnica.pdf\" target=\"_blank\" rel=\"noopener\">Technical sheet<\/a> [&#8230;]<\/p>\n<p><a class=\"btn btn-secondary understrap-read-more-link\" href=\"https:\/\/www.ftepeyac.com.mx\/en\/product\/entec-20-10-10\/\">Read More&#8230;<\/a><\/p>","protected":false},"featured_media":5118,"comment_status":"open","ping_status":"closed","template":"","meta":{"inline_featured_image":false},"product_brand":[],"product_cat":[67,69,71],"product_tag":[],"class_list":{"0":"post-5114","1":"product","2":"type-product","3":"status-publish","4":"has-post-thumbnail","6":"product_cat-complejos-quimicos","7":"product_cat-fertilizantes-organicos","8":"product_cat-fertilizantes-solubles","10":"first","11":"instock","12":"shipping-taxable","13":"product-type-simple"},"yoast_head":"<!-- This site is optimized with the Yoast SEO plugin v24.9 - https:\/\/yoast.com\/wordpress\/plugins\/seo\/ -->\n<title>ENTEC\u00ae 20-10-10 - Fertilizantes Tepeyac<\/title>\n<meta name=\"robots\" content=\"index, follow, max-snippet:-1, max-image-preview:large, max-video-preview:-1\" \/>\n<link rel=\"canonical\" href=\"https:\/\/www.ftepeyac.com.mx\/en\/product\/entec-20-10-10\/\" \/>\n<meta property=\"og:locale\" content=\"en_US\" \/>\n<meta property=\"og:type\" content=\"article\" \/>\n<meta property=\"og:title\" content=\"ENTEC\u00ae 20-10-10 - Fertilizantes Tepeyac\" \/>\n<meta property=\"og:description\" content=\"ENTEC\u00ae 20-10-10 (+7,5 SO\u2083) con azufre El fertilizante mineral estabilizado para realizar el abonado m\u00e1s eficiente para los cultivos, los agricultores y el medio ambiente ENTEC\u00ae 20-10-10 es un fertilizante complejo NPK que aglutina las excelentes caracter\u00edsticas de los abonos Nitrofoska\u00ae (perfecta granulaci\u00f3n, ausencia de polvo, bajo contenido en cadmio, sin N en forma ureica y elevada solubilidad), con una de las tecnolog\u00edas en fertilizantes m\u00e1s eficientes para mejorar la absorci\u00f3n de los nutrientes, especialmente del nitr\u00f3geno. La tecnolog\u00eda ENTEC\u00ae aplicada a fertilizantes permite a los agricultores realizar un abonado m\u00e1s eficiente de sus cultivos, ya que reducir\u00e1 las p\u00e9rdidas de nitr\u00f3geno al medio ambiente (menor contaminaci\u00f3n de las aguas y la atm\u00f3sfera), que podr\u00e1 ser utilizado por los cultivos para producir m\u00e1s y de mejor calidad. Esta mayor eficiencia tambi\u00e9n le va a permitir a los agricultores ajustar la dosis de nitr\u00f3geno aplicadas para cumplir con las normativas, cada vez m\u00e1s habituales, que regulen la aplicaci\u00f3n de nitr\u00f3geno en la agricultura (por ejemplo en las zonas vulnerables a la contaminaci\u00f3n por nitratos), o, en algunos cultivos, reducir el n\u00famero de aplicaciones de fertilizantes.  Presentaci\u00f3n: Sacos 25 Kg, 50 Kg. Cultivos:  Fabricante: Eurochem  Hoja de seguridad  Ficha t\u00e9cnica [...]Read More...\" \/>\n<meta property=\"og:url\" content=\"https:\/\/www.ftepeyac.com.mx\/en\/product\/entec-20-10-10\/\" \/>\n<meta property=\"og:site_name\" content=\"Fertilizantes Tepeyac\" \/>\n<meta property=\"article:publisher\" content=\"https:\/\/www.facebook.com\/tepeyacgrupo\" \/>\n<meta property=\"article:modified_time\" content=\"2026-03-23T22:56:40+00:00\" \/>\n<meta property=\"og:image\" content=\"https:\/\/www.ftepeyac.com.mx\/wp-content\/uploads\/2021\/07\/entec_20_10_10.jpg\" \/>\n\t<meta property=\"og:image:width\" content=\"600\" \/>\n\t<meta property=\"og:image:height\" content=\"600\" \/>\n\t<meta property=\"og:image:type\" content=\"image\/jpeg\" \/>\n<meta name=\"twitter:card\" content=\"summary_large_image\" \/>\n<script type=\"application\/ld+json\" class=\"yoast-schema-graph\">{\"@context\":\"https:\/\/schema.org\",\"@graph\":[{\"@type\":\"WebPage\",\"@id\":\"https:\/\/www.ftepeyac.com.mx\/producto\/entec-20-10-10\/\",\"url\":\"https:\/\/www.ftepeyac.com.mx\/producto\/entec-20-10-10\/\",\"name\":\"ENTEC\u00ae 20-10-10 - Fertilizantes Tepeyac\",\"isPartOf\":{\"@id\":\"https:\/\/www.ftepeyac.com.mx\/#website\"},\"primaryImageOfPage\":{\"@id\":\"https:\/\/www.ftepeyac.com.mx\/producto\/entec-20-10-10\/#primaryimage\"},\"image\":{\"@id\":\"https:\/\/www.ftepeyac.com.mx\/producto\/entec-20-10-10\/#primaryimage\"},\"thumbnailUrl\":\"https:\/\/www.ftepeyac.com.mx\/wp-content\/uploads\/2021\/07\/entec_20_10_10.jpg\",\"datePublished\":\"2021-07-30T02:15:35+00:00\",\"dateModified\":\"2026-03-23T22:56:40+00:00\",\"breadcrumb\":{\"@id\":\"https:\/\/www.ftepeyac.com.mx\/producto\/entec-20-10-10\/#breadcrumb\"},\"inLanguage\":\"en-US\",\"potentialAction\":[{\"@type\":\"ReadAction\",\"target\":[\"https:\/\/www.ftepeyac.com.mx\/producto\/entec-20-10-10\/\"]}]},{\"@type\":\"ImageObject\",\"inLanguage\":\"en-US\",\"@id\":\"https:\/\/www.ftepeyac.com.mx\/producto\/entec-20-10-10\/#primaryimage\",\"url\":\"https:\/\/www.ftepeyac.com.mx\/wp-content\/uploads\/2021\/07\/entec_20_10_10.jpg\",\"contentUrl\":\"https:\/\/www.ftepeyac.com.mx\/wp-content\/uploads\/2021\/07\/entec_20_10_10.jpg\",\"width\":600,\"height\":600,\"caption\":\"entec_20_10_10\"},{\"@type\":\"BreadcrumbList\",\"@id\":\"https:\/\/www.ftepeyac.com.mx\/producto\/entec-20-10-10\/#breadcrumb\",\"itemListElement\":[{\"@type\":\"ListItem\",\"position\":1,\"name\":\"Portada\",\"item\":\"https:\/\/www.ftepeyac.com.mx\/\"},{\"@type\":\"ListItem\",\"position\":2,\"name\":\"Productos\",\"item\":\"https:\/\/www.ftepeyac.com.mx\/shop\/\"},{\"@type\":\"ListItem\",\"position\":3,\"name\":\"ENTEC\u00ae 20-10-10\"}]},{\"@type\":\"WebSite\",\"@id\":\"https:\/\/www.ftepeyac.com.mx\/#website\",\"url\":\"https:\/\/www.ftepeyac.com.mx\/\",\"name\":\"Fertilizantes Tepeyac | Soluciones en Nutrici\u00f3n Vegetal y Protecci\u00f3n de Cultivos\",\"description\":\"Ofrecemos un gran cat\u00e1logo de soluciones en agricultura, nos distinguimos por nuestra atenci\u00f3n personalizada sin intermediarios.\",\"publisher\":{\"@id\":\"https:\/\/www.ftepeyac.com.mx\/#organization\"},\"potentialAction\":[{\"@type\":\"SearchAction\",\"target\":{\"@type\":\"EntryPoint\",\"urlTemplate\":\"https:\/\/www.ftepeyac.com.mx\/?s={search_term_string}\"},\"query-input\":{\"@type\":\"PropertyValueSpecification\",\"valueRequired\":true,\"valueName\":\"search_term_string\"}}],\"inLanguage\":\"en-US\"},{\"@type\":\"Organization\",\"@id\":\"https:\/\/www.ftepeyac.com.mx\/#organization\",\"name\":\"Fertilizantes Tepeyac | Soluciones en Nutrici\u00f3n Vegetal y Protecci\u00f3n de Cultivos\",\"url\":\"https:\/\/www.ftepeyac.com.mx\/\",\"logo\":{\"@type\":\"ImageObject\",\"inLanguage\":\"en-US\",\"@id\":\"https:\/\/www.ftepeyac.com.mx\/#\/schema\/logo\/image\/\",\"url\":\"https:\/\/www.ftepeyac.com.mx\/wp-content\/uploads\/2019\/09\/tepeyac75-logo.png\",\"contentUrl\":\"https:\/\/www.ftepeyac.com.mx\/wp-content\/uploads\/2019\/09\/tepeyac75-logo.png\",\"width\":700,\"height\":150,\"caption\":\"Fertilizantes Tepeyac | Soluciones en Nutrici\u00f3n Vegetal y Protecci\u00f3n de Cultivos\"},\"image\":{\"@id\":\"https:\/\/www.ftepeyac.com.mx\/#\/schema\/logo\/image\/\"},\"sameAs\":[\"https:\/\/www.facebook.com\/tepeyacgrupo\",\"https:\/\/www.instagram.com\/fertilizantes.tepeyac\/\",\"https:\/\/mx.linkedin.com\/company\/fertilizantes-tepeyac-del-noroeste\"]}]}<\/script>\n<!-- \/ Yoast SEO plugin. -->","yoast_head_json":{"title":"ENTEC\u00ae 20-10-10 - Fertilizantes Tepeyac","robots":{"index":"index","follow":"follow","max-snippet":"max-snippet:-1","max-image-preview":"max-image-preview:large","max-video-preview":"max-video-preview:-1"},"canonical":"https:\/\/www.ftepeyac.com.mx\/en\/product\/entec-20-10-10\/","og_locale":"en_US","og_type":"article","og_title":"ENTEC\u00ae 20-10-10 - Fertilizantes Tepeyac","og_description":"ENTEC\u00ae 20-10-10 (+7,5 SO\u2083) con azufre El fertilizante mineral estabilizado para realizar el abonado m\u00e1s eficiente para los cultivos, los agricultores y el medio ambiente ENTEC\u00ae 20-10-10 es un fertilizante complejo NPK que aglutina las excelentes caracter\u00edsticas de los abonos Nitrofoska\u00ae (perfecta granulaci\u00f3n, ausencia de polvo, bajo contenido en cadmio, sin N en forma ureica y elevada solubilidad), con una de las tecnolog\u00edas en fertilizantes m\u00e1s eficientes para mejorar la absorci\u00f3n de los nutrientes, especialmente del nitr\u00f3geno. La tecnolog\u00eda ENTEC\u00ae aplicada a fertilizantes permite a los agricultores realizar un abonado m\u00e1s eficiente de sus cultivos, ya que reducir\u00e1 las p\u00e9rdidas de nitr\u00f3geno al medio ambiente (menor contaminaci\u00f3n de las aguas y la atm\u00f3sfera), que podr\u00e1 ser utilizado por los cultivos para producir m\u00e1s y de mejor calidad. Esta mayor eficiencia tambi\u00e9n le va a permitir a los agricultores ajustar la dosis de nitr\u00f3geno aplicadas para cumplir con las normativas, cada vez m\u00e1s habituales, que regulen la aplicaci\u00f3n de nitr\u00f3geno en la agricultura (por ejemplo en las zonas vulnerables a la contaminaci\u00f3n por nitratos), o, en algunos cultivos, reducir el n\u00famero de aplicaciones de fertilizantes.  Presentaci\u00f3n: Sacos 25 Kg, 50 Kg. Cultivos:  Fabricante: Eurochem  Hoja de seguridad  Ficha t\u00e9cnica [...]Read More...","og_url":"https:\/\/www.ftepeyac.com.mx\/en\/product\/entec-20-10-10\/","og_site_name":"Fertilizantes Tepeyac","article_publisher":"https:\/\/www.facebook.com\/tepeyacgrupo","article_modified_time":"2026-03-23T22:56:40+00:00","og_image":[{"width":600,"height":600,"url":"https:\/\/www.ftepeyac.com.mx\/wp-content\/uploads\/2021\/07\/entec_20_10_10.jpg","type":"image\/jpeg"}],"twitter_card":"summary_large_image","schema":{"@context":"https:\/\/schema.org","@graph":[{"@type":"WebPage","@id":"https:\/\/www.ftepeyac.com.mx\/producto\/entec-20-10-10\/","url":"https:\/\/www.ftepeyac.com.mx\/producto\/entec-20-10-10\/","name":"ENTEC\u00ae 20-10-10 - Fertilizantes Tepeyac","isPartOf":{"@id":"https:\/\/www.ftepeyac.com.mx\/#website"},"primaryImageOfPage":{"@id":"https:\/\/www.ftepeyac.com.mx\/producto\/entec-20-10-10\/#primaryimage"},"image":{"@id":"https:\/\/www.ftepeyac.com.mx\/producto\/entec-20-10-10\/#primaryimage"},"thumbnailUrl":"https:\/\/www.ftepeyac.com.mx\/wp-content\/uploads\/2021\/07\/entec_20_10_10.jpg","datePublished":"2021-07-30T02:15:35+00:00","dateModified":"2026-03-23T22:56:40+00:00","breadcrumb":{"@id":"https:\/\/www.ftepeyac.com.mx\/producto\/entec-20-10-10\/#breadcrumb"},"inLanguage":"en-US","potentialAction":[{"@type":"ReadAction","target":["https:\/\/www.ftepeyac.com.mx\/producto\/entec-20-10-10\/"]}]},{"@type":"ImageObject","inLanguage":"en-US","@id":"https:\/\/www.ftepeyac.com.mx\/producto\/entec-20-10-10\/#primaryimage","url":"https:\/\/www.ftepeyac.com.mx\/wp-content\/uploads\/2021\/07\/entec_20_10_10.jpg","contentUrl":"https:\/\/www.ftepeyac.com.mx\/wp-content\/uploads\/2021\/07\/entec_20_10_10.jpg","width":600,"height":600,"caption":"entec_20_10_10"},{"@type":"BreadcrumbList","@id":"https:\/\/www.ftepeyac.com.mx\/producto\/entec-20-10-10\/#breadcrumb","itemListElement":[{"@type":"ListItem","position":1,"name":"Portada","item":"https:\/\/www.ftepeyac.com.mx\/"},{"@type":"ListItem","position":2,"name":"Productos","item":"https:\/\/www.ftepeyac.com.mx\/shop\/"},{"@type":"ListItem","position":3,"name":"ENTEC\u00ae 20-10-10"}]},{"@type":"WebSite","@id":"https:\/\/www.ftepeyac.com.mx\/#website","url":"https:\/\/www.ftepeyac.com.mx\/","name":"Fertilizantes Tepeyac | Soluciones en Nutrici\u00f3n Vegetal y Protecci\u00f3n de Cultivos","description":"Ofrecemos un gran cat\u00e1logo de soluciones en agricultura, nos distinguimos por nuestra atenci\u00f3n personalizada sin intermediarios.","publisher":{"@id":"https:\/\/www.ftepeyac.com.mx\/#organization"},"potentialAction":[{"@type":"SearchAction","target":{"@type":"EntryPoint","urlTemplate":"https:\/\/www.ftepeyac.com.mx\/?s={search_term_string}"},"query-input":{"@type":"PropertyValueSpecification","valueRequired":true,"valueName":"search_term_string"}}],"inLanguage":"en-US"},{"@type":"Organization","@id":"https:\/\/www.ftepeyac.com.mx\/#organization","name":"Fertilizantes Tepeyac | Soluciones en Nutrici\u00f3n Vegetal y Protecci\u00f3n de Cultivos","url":"https:\/\/www.ftepeyac.com.mx\/","logo":{"@type":"ImageObject","inLanguage":"en-US","@id":"https:\/\/www.ftepeyac.com.mx\/#\/schema\/logo\/image\/","url":"https:\/\/www.ftepeyac.com.mx\/wp-content\/uploads\/2019\/09\/tepeyac75-logo.png","contentUrl":"https:\/\/www.ftepeyac.com.mx\/wp-content\/uploads\/2019\/09\/tepeyac75-logo.png","width":700,"height":150,"caption":"Fertilizantes Tepeyac | Soluciones en Nutrici\u00f3n Vegetal y Protecci\u00f3n de Cultivos"},"image":{"@id":"https:\/\/www.ftepeyac.com.mx\/#\/schema\/logo\/image\/"},"sameAs":["https:\/\/www.facebook.com\/tepeyacgrupo","https:\/\/www.instagram.com\/fertilizantes.tepeyac\/","https:\/\/mx.linkedin.com\/company\/fertilizantes-tepeyac-del-noroeste"]}]}},"_links":{"self":[{"href":"https:\/\/www.ftepeyac.com.mx\/en\/wp-json\/wp\/v2\/product\/5114","targetHints":{"allow":["GET"]}}],"collection":[{"href":"https:\/\/www.ftepeyac.com.mx\/en\/wp-json\/wp\/v2\/product"}],"about":[{"href":"https:\/\/www.ftepeyac.com.mx\/en\/wp-json\/wp\/v2\/types\/product"}],"replies":[{"embeddable":true,"href":"https:\/\/www.ftepeyac.com.mx\/en\/wp-json\/wp\/v2\/comments?post=5114"}],"wp:featuredmedia":[{"embeddable":true,"href":"https:\/\/www.ftepeyac.com.mx\/en\/wp-json\/wp\/v2\/media\/5118"}],"wp:attachment":[{"href":"https:\/\/www.ftepeyac.com.mx\/en\/wp-json\/wp\/v2\/media?parent=5114"}],"wp:term":[{"taxonomy":"product_brand","embeddable":true,"href":"https:\/\/www.ftepeyac.com.mx\/en\/wp-json\/wp\/v2\/product_brand?post=5114"},{"taxonomy":"product_cat","embeddable":true,"href":"https:\/\/www.ftepeyac.com.mx\/en\/wp-json\/wp\/v2\/product_cat?post=5114"},{"taxonomy":"product_tag","embeddable":true,"href":"https:\/\/www.ftepeyac.com.mx\/en\/wp-json\/wp\/v2\/product_tag?post=5114"}],"curies":[{"name":"wp","href":"https:\/\/api.w.org\/{rel}","templated":true}]}}