{"id":5331,"date":"2021-08-17T21:53:28","date_gmt":"2021-08-17T21:53:28","guid":{"rendered":"https:\/\/www.ftepeyac.com.mx\/?post_type=product&#038;p=5331"},"modified":"2025-07-01T21:23:39","modified_gmt":"2025-07-01T21:23:39","slug":"asn-30-7","status":"publish","type":"product","link":"https:\/\/www.ftepeyac.com.mx\/en\/product\/asn-30-7\/","title":{"rendered":"ASN 30-7 Envasado"},"content":{"rendered":"","protected":false},"excerpt":{"rendered":"<h4>ASN 30-7 Fertilizante qu\u00edmico nitrogenado para aplicaci\u00f3n en el suelo<\/h4>\n<p class=\"no-show\">Fertilizante qu\u00edmico nitrogenado para aplicaci\u00f3n en el suelo.<br \/>\nSe obtiene mediante la mezcla de dos productos NITRATO DE AMONIO Y SULFATO DE AMONIO. La tecnolog\u00eda \u00fanica de producci\u00f3n ha permitido crear un producto, que posee propiedades f\u00edsicas y qu\u00edmicas perfectas y relaci\u00f3n balanceada de nitr\u00f3geno y azufre.<br \/>\nLa combinaci\u00f3n de nitr\u00f3geno en forma de nitrato y amonio hace posible la nutrici\u00f3n de la planta durante todo el ciclo de crecimiento, junto con la aplicaci\u00f3n de azufre que mejora la eficiencia de la fertilizaci\u00f3n. Caracter\u00edsticas excelentes para el almacenamiento y el proceso de su aplicaci\u00f3n al suelo gracias a la solidez de los gr\u00e1nulos producido de materia prima pura.<\/p>\n<p class=\"no-show\"><strong style=\"font-weight: 600;\">Presentation:<\/strong> Saco de 50 Kg.<\/p>\n<p class=\"no-show\"><strong style=\"font-weight: 600;\">Crops:<\/strong><\/p>\n<p class=\"no-show\"><strong style=\"font-weight: 600;\">Manufacturer:<\/strong> ASN 30:7<\/p>\n<p><a class=\"no-show\" href=\"https:\/\/www.ftepeyac.com.mx\/wp-content\/uploads\/2019\/09\/HDS-ASN-30-7.pdf\" target=\"_blank\" rel=\"noopener\">Hoja de Seguridad<\/a> [&#8230;]<\/p>\n<p><a class=\"btn btn-secondary understrap-read-more-link\" href=\"https:\/\/www.ftepeyac.com.mx\/en\/product\/asn-30-7\/\">Read More&#8230;<\/a><\/p>","protected":false},"featured_media":5459,"comment_status":"open","ping_status":"closed","template":"","meta":{"inline_featured_image":false},"product_brand":[],"product_cat":[66],"product_tag":[],"class_list":{"0":"post-5331","1":"product","2":"type-product","3":"status-publish","4":"has-post-thumbnail","6":"product_cat-fertilizantes-solidos","8":"first","9":"instock","10":"shipping-taxable","11":"product-type-simple"},"yoast_head":"<!-- This site is optimized with the Yoast SEO plugin v24.9 - https:\/\/yoast.com\/wordpress\/plugins\/seo\/ -->\n<title>ASN 30-7 Envasado - Fertilizantes Tepeyac<\/title>\n<meta name=\"robots\" content=\"index, follow, max-snippet:-1, max-image-preview:large, max-video-preview:-1\" \/>\n<link rel=\"canonical\" href=\"https:\/\/www.ftepeyac.com.mx\/en\/product\/asn-30-7\/\" \/>\n<meta property=\"og:locale\" content=\"en_US\" \/>\n<meta property=\"og:type\" content=\"article\" \/>\n<meta property=\"og:title\" content=\"ASN 30-7 Envasado - Fertilizantes Tepeyac\" \/>\n<meta property=\"og:description\" content=\"ASN 30-7 Fertilizante qu\u00edmico nitrogenado para aplicaci\u00f3n en el suelo Fertilizante qu\u00edmico nitrogenado para aplicaci\u00f3n en el suelo. Se obtiene mediante la mezcla de dos productos NITRATO DE AMONIO Y SULFATO DE AMONIO. La tecnolog\u00eda \u00fanica de producci\u00f3n ha permitido crear un producto, que posee propiedades f\u00edsicas y qu\u00edmicas perfectas y relaci\u00f3n balanceada de nitr\u00f3geno y azufre. La combinaci\u00f3n de nitr\u00f3geno en forma de nitrato y amonio hace posible la nutrici\u00f3n de la planta durante todo el ciclo de crecimiento, junto con la aplicaci\u00f3n de azufre que mejora la eficiencia de la fertilizaci\u00f3n. Caracter\u00edsticas excelentes para el almacenamiento y el proceso de su aplicaci\u00f3n al suelo gracias a la solidez de los gr\u00e1nulos producido de materia prima pura. Presentaci\u00f3n: Saco de 50 Kg. Cultivos: Fabricante: ASN 30:7 Hoja de Seguridad [...]Read More...\" \/>\n<meta property=\"og:url\" content=\"https:\/\/www.ftepeyac.com.mx\/en\/product\/asn-30-7\/\" \/>\n<meta property=\"og:site_name\" content=\"Fertilizantes Tepeyac\" \/>\n<meta property=\"article:publisher\" content=\"https:\/\/www.facebook.com\/tepeyacgrupo\" \/>\n<meta property=\"article:modified_time\" content=\"2025-07-01T21:23:39+00:00\" \/>\n<meta property=\"og:image\" content=\"https:\/\/www.ftepeyac.com.mx\/wp-content\/uploads\/2021\/08\/asn.jpg\" \/>\n\t<meta property=\"og:image:width\" content=\"600\" \/>\n\t<meta property=\"og:image:height\" content=\"600\" \/>\n\t<meta property=\"og:image:type\" content=\"image\/jpeg\" \/>\n<meta name=\"twitter:card\" content=\"summary_large_image\" \/>\n<meta name=\"twitter:label1\" content=\"Est. reading time\" \/>\n\t<meta name=\"twitter:data1\" content=\"1 minute\" \/>\n<script type=\"application\/ld+json\" class=\"yoast-schema-graph\">{\"@context\":\"https:\/\/schema.org\",\"@graph\":[{\"@type\":\"WebPage\",\"@id\":\"https:\/\/www.ftepeyac.com.mx\/producto\/asn-30-7\/\",\"url\":\"https:\/\/www.ftepeyac.com.mx\/producto\/asn-30-7\/\",\"name\":\"ASN 30-7 Envasado - Fertilizantes Tepeyac\",\"isPartOf\":{\"@id\":\"https:\/\/www.ftepeyac.com.mx\/#website\"},\"primaryImageOfPage\":{\"@id\":\"https:\/\/www.ftepeyac.com.mx\/producto\/asn-30-7\/#primaryimage\"},\"image\":{\"@id\":\"https:\/\/www.ftepeyac.com.mx\/producto\/asn-30-7\/#primaryimage\"},\"thumbnailUrl\":\"https:\/\/www.ftepeyac.com.mx\/wp-content\/uploads\/2021\/08\/asn.jpg\",\"datePublished\":\"2021-08-17T21:53:28+00:00\",\"dateModified\":\"2025-07-01T21:23:39+00:00\",\"breadcrumb\":{\"@id\":\"https:\/\/www.ftepeyac.com.mx\/producto\/asn-30-7\/#breadcrumb\"},\"inLanguage\":\"en-US\",\"potentialAction\":[{\"@type\":\"ReadAction\",\"target\":[\"https:\/\/www.ftepeyac.com.mx\/producto\/asn-30-7\/\"]}]},{\"@type\":\"ImageObject\",\"inLanguage\":\"en-US\",\"@id\":\"https:\/\/www.ftepeyac.com.mx\/producto\/asn-30-7\/#primaryimage\",\"url\":\"https:\/\/www.ftepeyac.com.mx\/wp-content\/uploads\/2021\/08\/asn.jpg\",\"contentUrl\":\"https:\/\/www.ftepeyac.com.mx\/wp-content\/uploads\/2021\/08\/asn.jpg\",\"width\":600,\"height\":600,\"caption\":\"asn\"},{\"@type\":\"BreadcrumbList\",\"@id\":\"https:\/\/www.ftepeyac.com.mx\/producto\/asn-30-7\/#breadcrumb\",\"itemListElement\":[{\"@type\":\"ListItem\",\"position\":1,\"name\":\"Portada\",\"item\":\"https:\/\/www.ftepeyac.com.mx\/\"},{\"@type\":\"ListItem\",\"position\":2,\"name\":\"Productos\",\"item\":\"https:\/\/www.ftepeyac.com.mx\/shop\/\"},{\"@type\":\"ListItem\",\"position\":3,\"name\":\"ASN 30-7 Envasado\"}]},{\"@type\":\"WebSite\",\"@id\":\"https:\/\/www.ftepeyac.com.mx\/#website\",\"url\":\"https:\/\/www.ftepeyac.com.mx\/\",\"name\":\"Fertilizantes Tepeyac | Soluciones en Nutrici\u00f3n Vegetal y Protecci\u00f3n de Cultivos\",\"description\":\"Ofrecemos un gran cat\u00e1logo de soluciones en agricultura, nos distinguimos por nuestra atenci\u00f3n personalizada sin intermediarios.\",\"publisher\":{\"@id\":\"https:\/\/www.ftepeyac.com.mx\/#organization\"},\"potentialAction\":[{\"@type\":\"SearchAction\",\"target\":{\"@type\":\"EntryPoint\",\"urlTemplate\":\"https:\/\/www.ftepeyac.com.mx\/?s={search_term_string}\"},\"query-input\":{\"@type\":\"PropertyValueSpecification\",\"valueRequired\":true,\"valueName\":\"search_term_string\"}}],\"inLanguage\":\"en-US\"},{\"@type\":\"Organization\",\"@id\":\"https:\/\/www.ftepeyac.com.mx\/#organization\",\"name\":\"Fertilizantes Tepeyac | Soluciones en Nutrici\u00f3n Vegetal y Protecci\u00f3n de Cultivos\",\"url\":\"https:\/\/www.ftepeyac.com.mx\/\",\"logo\":{\"@type\":\"ImageObject\",\"inLanguage\":\"en-US\",\"@id\":\"https:\/\/www.ftepeyac.com.mx\/#\/schema\/logo\/image\/\",\"url\":\"https:\/\/www.ftepeyac.com.mx\/wp-content\/uploads\/2019\/09\/tepeyac75-logo.png\",\"contentUrl\":\"https:\/\/www.ftepeyac.com.mx\/wp-content\/uploads\/2019\/09\/tepeyac75-logo.png\",\"width\":700,\"height\":150,\"caption\":\"Fertilizantes Tepeyac | Soluciones en Nutrici\u00f3n Vegetal y Protecci\u00f3n de Cultivos\"},\"image\":{\"@id\":\"https:\/\/www.ftepeyac.com.mx\/#\/schema\/logo\/image\/\"},\"sameAs\":[\"https:\/\/www.facebook.com\/tepeyacgrupo\",\"https:\/\/www.instagram.com\/fertilizantes.tepeyac\/\",\"https:\/\/mx.linkedin.com\/company\/fertilizantes-tepeyac-del-noroeste\"]}]}<\/script>\n<!-- \/ Yoast SEO plugin. -->","yoast_head_json":{"title":"ASN 30-7 Envasado - Fertilizantes Tepeyac","robots":{"index":"index","follow":"follow","max-snippet":"max-snippet:-1","max-image-preview":"max-image-preview:large","max-video-preview":"max-video-preview:-1"},"canonical":"https:\/\/www.ftepeyac.com.mx\/en\/product\/asn-30-7\/","og_locale":"en_US","og_type":"article","og_title":"ASN 30-7 Envasado - Fertilizantes Tepeyac","og_description":"ASN 30-7 Fertilizante qu\u00edmico nitrogenado para aplicaci\u00f3n en el suelo Fertilizante qu\u00edmico nitrogenado para aplicaci\u00f3n en el suelo. Se obtiene mediante la mezcla de dos productos NITRATO DE AMONIO Y SULFATO DE AMONIO. La tecnolog\u00eda \u00fanica de producci\u00f3n ha permitido crear un producto, que posee propiedades f\u00edsicas y qu\u00edmicas perfectas y relaci\u00f3n balanceada de nitr\u00f3geno y azufre. La combinaci\u00f3n de nitr\u00f3geno en forma de nitrato y amonio hace posible la nutrici\u00f3n de la planta durante todo el ciclo de crecimiento, junto con la aplicaci\u00f3n de azufre que mejora la eficiencia de la fertilizaci\u00f3n. Caracter\u00edsticas excelentes para el almacenamiento y el proceso de su aplicaci\u00f3n al suelo gracias a la solidez de los gr\u00e1nulos producido de materia prima pura. Presentaci\u00f3n: Saco de 50 Kg. Cultivos: Fabricante: ASN 30:7 Hoja de Seguridad [...]Read More...","og_url":"https:\/\/www.ftepeyac.com.mx\/en\/product\/asn-30-7\/","og_site_name":"Fertilizantes Tepeyac","article_publisher":"https:\/\/www.facebook.com\/tepeyacgrupo","article_modified_time":"2025-07-01T21:23:39+00:00","og_image":[{"width":600,"height":600,"url":"https:\/\/www.ftepeyac.com.mx\/wp-content\/uploads\/2021\/08\/asn.jpg","type":"image\/jpeg"}],"twitter_card":"summary_large_image","twitter_misc":{"Est. reading time":"1 minute"},"schema":{"@context":"https:\/\/schema.org","@graph":[{"@type":"WebPage","@id":"https:\/\/www.ftepeyac.com.mx\/producto\/asn-30-7\/","url":"https:\/\/www.ftepeyac.com.mx\/producto\/asn-30-7\/","name":"ASN 30-7 Envasado - Fertilizantes Tepeyac","isPartOf":{"@id":"https:\/\/www.ftepeyac.com.mx\/#website"},"primaryImageOfPage":{"@id":"https:\/\/www.ftepeyac.com.mx\/producto\/asn-30-7\/#primaryimage"},"image":{"@id":"https:\/\/www.ftepeyac.com.mx\/producto\/asn-30-7\/#primaryimage"},"thumbnailUrl":"https:\/\/www.ftepeyac.com.mx\/wp-content\/uploads\/2021\/08\/asn.jpg","datePublished":"2021-08-17T21:53:28+00:00","dateModified":"2025-07-01T21:23:39+00:00","breadcrumb":{"@id":"https:\/\/www.ftepeyac.com.mx\/producto\/asn-30-7\/#breadcrumb"},"inLanguage":"en-US","potentialAction":[{"@type":"ReadAction","target":["https:\/\/www.ftepeyac.com.mx\/producto\/asn-30-7\/"]}]},{"@type":"ImageObject","inLanguage":"en-US","@id":"https:\/\/www.ftepeyac.com.mx\/producto\/asn-30-7\/#primaryimage","url":"https:\/\/www.ftepeyac.com.mx\/wp-content\/uploads\/2021\/08\/asn.jpg","contentUrl":"https:\/\/www.ftepeyac.com.mx\/wp-content\/uploads\/2021\/08\/asn.jpg","width":600,"height":600,"caption":"asn"},{"@type":"BreadcrumbList","@id":"https:\/\/www.ftepeyac.com.mx\/producto\/asn-30-7\/#breadcrumb","itemListElement":[{"@type":"ListItem","position":1,"name":"Portada","item":"https:\/\/www.ftepeyac.com.mx\/"},{"@type":"ListItem","position":2,"name":"Productos","item":"https:\/\/www.ftepeyac.com.mx\/shop\/"},{"@type":"ListItem","position":3,"name":"ASN 30-7 Envasado"}]},{"@type":"WebSite","@id":"https:\/\/www.ftepeyac.com.mx\/#website","url":"https:\/\/www.ftepeyac.com.mx\/","name":"Fertilizantes Tepeyac | Soluciones en Nutrici\u00f3n Vegetal y Protecci\u00f3n de Cultivos","description":"Ofrecemos un gran cat\u00e1logo de soluciones en agricultura, nos distinguimos por nuestra atenci\u00f3n personalizada sin intermediarios.","publisher":{"@id":"https:\/\/www.ftepeyac.com.mx\/#organization"},"potentialAction":[{"@type":"SearchAction","target":{"@type":"EntryPoint","urlTemplate":"https:\/\/www.ftepeyac.com.mx\/?s={search_term_string}"},"query-input":{"@type":"PropertyValueSpecification","valueRequired":true,"valueName":"search_term_string"}}],"inLanguage":"en-US"},{"@type":"Organization","@id":"https:\/\/www.ftepeyac.com.mx\/#organization","name":"Fertilizantes Tepeyac | Soluciones en Nutrici\u00f3n Vegetal y Protecci\u00f3n de Cultivos","url":"https:\/\/www.ftepeyac.com.mx\/","logo":{"@type":"ImageObject","inLanguage":"en-US","@id":"https:\/\/www.ftepeyac.com.mx\/#\/schema\/logo\/image\/","url":"https:\/\/www.ftepeyac.com.mx\/wp-content\/uploads\/2019\/09\/tepeyac75-logo.png","contentUrl":"https:\/\/www.ftepeyac.com.mx\/wp-content\/uploads\/2019\/09\/tepeyac75-logo.png","width":700,"height":150,"caption":"Fertilizantes Tepeyac | Soluciones en Nutrici\u00f3n Vegetal y Protecci\u00f3n de Cultivos"},"image":{"@id":"https:\/\/www.ftepeyac.com.mx\/#\/schema\/logo\/image\/"},"sameAs":["https:\/\/www.facebook.com\/tepeyacgrupo","https:\/\/www.instagram.com\/fertilizantes.tepeyac\/","https:\/\/mx.linkedin.com\/company\/fertilizantes-tepeyac-del-noroeste"]}]}},"_links":{"self":[{"href":"https:\/\/www.ftepeyac.com.mx\/en\/wp-json\/wp\/v2\/product\/5331","targetHints":{"allow":["GET"]}}],"collection":[{"href":"https:\/\/www.ftepeyac.com.mx\/en\/wp-json\/wp\/v2\/product"}],"about":[{"href":"https:\/\/www.ftepeyac.com.mx\/en\/wp-json\/wp\/v2\/types\/product"}],"replies":[{"embeddable":true,"href":"https:\/\/www.ftepeyac.com.mx\/en\/wp-json\/wp\/v2\/comments?post=5331"}],"wp:featuredmedia":[{"embeddable":true,"href":"https:\/\/www.ftepeyac.com.mx\/en\/wp-json\/wp\/v2\/media\/5459"}],"wp:attachment":[{"href":"https:\/\/www.ftepeyac.com.mx\/en\/wp-json\/wp\/v2\/media?parent=5331"}],"wp:term":[{"taxonomy":"product_brand","embeddable":true,"href":"https:\/\/www.ftepeyac.com.mx\/en\/wp-json\/wp\/v2\/product_brand?post=5331"},{"taxonomy":"product_cat","embeddable":true,"href":"https:\/\/www.ftepeyac.com.mx\/en\/wp-json\/wp\/v2\/product_cat?post=5331"},{"taxonomy":"product_tag","embeddable":true,"href":"https:\/\/www.ftepeyac.com.mx\/en\/wp-json\/wp\/v2\/product_tag?post=5331"}],"curies":[{"name":"wp","href":"https:\/\/api.w.org\/{rel}","templated":true}]}}