{"id":5645,"date":"2021-09-06T21:46:01","date_gmt":"2021-09-06T21:46:01","guid":{"rendered":"https:\/\/www.ftepeyac.com.mx\/?post_type=product&#038;p=5645"},"modified":"2024-03-25T03:15:15","modified_gmt":"2024-03-25T03:15:15","slug":"danisaraba","status":"publish","type":"product","link":"https:\/\/www.ftepeyac.com.mx\/en\/product\/danisaraba\/","title":{"rendered":"DANISARABA\u00ae"},"content":{"rendered":"","protected":false},"excerpt":{"rendered":"<h4>DANISARABA\u00ae<\/h4>\n<p class=\"no-show\">En diversos estudios a nivel mundial, ha demostrado su eficacia en el control de \u00e1caros con muy bajas dosis, con periodos que pueden llegar dependiendo de las condiciones clim\u00e1ticas, presi\u00f3n de la plaga y etapa fenol\u00f3gica del cultivo hasta los 30 d\u00edas. Por eso DANISARABA\u00ae, es el Acaricida que le da por el menor costo d\u00eda, el control es el m\u00e1s eficiente de todos los acaricidas del mercado.<\/p>\n<p class=\"no-show\"><strong style=\"font-weight: 600;\">Presentation:<\/strong> 0.500Lt.<\/p>\n<p class=\"no-show\"><strong style=\"font-weight: 600;\">Crops:<\/strong><\/p>\n<p><img decoding=\"async\" class=\"no-show\" src=\"https:\/\/www.ftepeyac.com.mx\/wp-content\/uploads\/2021\/09\/Danisaraba_cultivos.png\" alt=\"Agroqu\u00edmicos\" \/><\/p>\n<p class=\"no-show\"><strong style=\"font-weight: 600;\">Manufacturer:<\/strong> Summit Agro de M\u00e9xico<\/p>\n<p><a class=\"no-show\" href=\"https:\/\/www.ftepeyac.com.mx\/wp-content\/uploads\/2021\/09\/Danisaraba_ficha_tecnica.pdf\" target=\"_blank\" rel=\"noopener\">Technical sheet<\/a><\/p>\n<p> [&#8230;]<\/p>\n<p><a class=\"btn btn-secondary understrap-read-more-link\" href=\"https:\/\/www.ftepeyac.com.mx\/en\/product\/danisaraba\/\">Read More&#8230;<\/a><\/p>","protected":false},"featured_media":5646,"comment_status":"open","ping_status":"closed","template":"","meta":{"inline_featured_image":false},"product_brand":[],"product_cat":[51],"product_tag":[],"class_list":{"0":"post-5645","1":"product","2":"type-product","3":"status-publish","4":"has-post-thumbnail","6":"product_cat-insecticidas","8":"first","9":"instock","10":"shipping-taxable","11":"product-type-simple"},"yoast_head":"<!-- This site is optimized with the Yoast SEO plugin v24.9 - https:\/\/yoast.com\/wordpress\/plugins\/seo\/ -->\n<title>DANISARABA\u00ae - Fertilizantes Tepeyac<\/title>\n<meta name=\"robots\" content=\"index, follow, max-snippet:-1, max-image-preview:large, max-video-preview:-1\" \/>\n<link rel=\"canonical\" href=\"https:\/\/www.ftepeyac.com.mx\/en\/product\/danisaraba\/\" \/>\n<meta property=\"og:locale\" content=\"en_US\" \/>\n<meta property=\"og:type\" content=\"article\" \/>\n<meta property=\"og:title\" content=\"DANISARABA\u00ae - Fertilizantes Tepeyac\" \/>\n<meta property=\"og:description\" content=\"DANISARABA\u00ae En diversos estudios a nivel mundial, ha demostrado su eficacia en el control de \u00e1caros con muy bajas dosis, con periodos que pueden llegar dependiendo de las condiciones clim\u00e1ticas, presi\u00f3n de la plaga y etapa fenol\u00f3gica del cultivo hasta los 30 d\u00edas. Por eso DANISARABA\u00ae, es el Acaricida que le da por el menor costo d\u00eda, el control es el m\u00e1s eficiente de todos los acaricidas del mercado.  Presentaci\u00f3n: 0.500Lt. Cultivos:  Fabricante: Summit Agro de M\u00e9xico   Ficha tecnica    [...]Read More...\" \/>\n<meta property=\"og:url\" content=\"https:\/\/www.ftepeyac.com.mx\/en\/product\/danisaraba\/\" \/>\n<meta property=\"og:site_name\" content=\"Fertilizantes Tepeyac\" \/>\n<meta property=\"article:publisher\" content=\"https:\/\/www.facebook.com\/tepeyacgrupo\" \/>\n<meta property=\"article:modified_time\" content=\"2024-03-25T03:15:15+00:00\" \/>\n<meta property=\"og:image\" content=\"https:\/\/www.ftepeyac.com.mx\/wp-content\/uploads\/2021\/09\/Danisaraba.jpg\" \/>\n\t<meta property=\"og:image:width\" content=\"600\" \/>\n\t<meta property=\"og:image:height\" content=\"600\" \/>\n\t<meta property=\"og:image:type\" content=\"image\/jpeg\" \/>\n<meta name=\"twitter:card\" content=\"summary_large_image\" \/>\n<script type=\"application\/ld+json\" class=\"yoast-schema-graph\">{\"@context\":\"https:\/\/schema.org\",\"@graph\":[{\"@type\":\"WebPage\",\"@id\":\"https:\/\/www.ftepeyac.com.mx\/en\/product\/danisaraba\/\",\"url\":\"https:\/\/www.ftepeyac.com.mx\/en\/product\/danisaraba\/\",\"name\":\"DANISARABA\u00ae - Fertilizantes Tepeyac\",\"isPartOf\":{\"@id\":\"https:\/\/www.ftepeyac.com.mx\/#website\"},\"primaryImageOfPage\":{\"@id\":\"https:\/\/www.ftepeyac.com.mx\/en\/product\/danisaraba\/#primaryimage\"},\"image\":{\"@id\":\"https:\/\/www.ftepeyac.com.mx\/en\/product\/danisaraba\/#primaryimage\"},\"thumbnailUrl\":\"https:\/\/www.ftepeyac.com.mx\/wp-content\/uploads\/2021\/09\/Danisaraba.jpg\",\"datePublished\":\"2021-09-06T21:46:01+00:00\",\"dateModified\":\"2024-03-25T03:15:15+00:00\",\"breadcrumb\":{\"@id\":\"https:\/\/www.ftepeyac.com.mx\/en\/product\/danisaraba\/#breadcrumb\"},\"inLanguage\":\"en-US\",\"potentialAction\":[{\"@type\":\"ReadAction\",\"target\":[\"https:\/\/www.ftepeyac.com.mx\/en\/product\/danisaraba\/\"]}]},{\"@type\":\"ImageObject\",\"inLanguage\":\"en-US\",\"@id\":\"https:\/\/www.ftepeyac.com.mx\/en\/product\/danisaraba\/#primaryimage\",\"url\":\"https:\/\/www.ftepeyac.com.mx\/wp-content\/uploads\/2021\/09\/Danisaraba.jpg\",\"contentUrl\":\"https:\/\/www.ftepeyac.com.mx\/wp-content\/uploads\/2021\/09\/Danisaraba.jpg\",\"width\":600,\"height\":600,\"caption\":\"Danisaraba\"},{\"@type\":\"BreadcrumbList\",\"@id\":\"https:\/\/www.ftepeyac.com.mx\/en\/product\/danisaraba\/#breadcrumb\",\"itemListElement\":[{\"@type\":\"ListItem\",\"position\":1,\"name\":\"Portada\",\"item\":\"https:\/\/www.ftepeyac.com.mx\/\"},{\"@type\":\"ListItem\",\"position\":2,\"name\":\"Productos\",\"item\":\"https:\/\/www.ftepeyac.com.mx\/shop\/\"},{\"@type\":\"ListItem\",\"position\":3,\"name\":\"DANISARABA\u00ae\"}]},{\"@type\":\"WebSite\",\"@id\":\"https:\/\/www.ftepeyac.com.mx\/#website\",\"url\":\"https:\/\/www.ftepeyac.com.mx\/\",\"name\":\"Fertilizantes Tepeyac | Soluciones en Nutrici\u00f3n Vegetal y Protecci\u00f3n de Cultivos\",\"description\":\"Ofrecemos un gran cat\u00e1logo de soluciones en agricultura, nos distinguimos por nuestra atenci\u00f3n personalizada sin intermediarios.\",\"publisher\":{\"@id\":\"https:\/\/www.ftepeyac.com.mx\/#organization\"},\"potentialAction\":[{\"@type\":\"SearchAction\",\"target\":{\"@type\":\"EntryPoint\",\"urlTemplate\":\"https:\/\/www.ftepeyac.com.mx\/?s={search_term_string}\"},\"query-input\":{\"@type\":\"PropertyValueSpecification\",\"valueRequired\":true,\"valueName\":\"search_term_string\"}}],\"inLanguage\":\"en-US\"},{\"@type\":\"Organization\",\"@id\":\"https:\/\/www.ftepeyac.com.mx\/#organization\",\"name\":\"Fertilizantes Tepeyac | Soluciones en Nutrici\u00f3n Vegetal y Protecci\u00f3n de Cultivos\",\"url\":\"https:\/\/www.ftepeyac.com.mx\/\",\"logo\":{\"@type\":\"ImageObject\",\"inLanguage\":\"en-US\",\"@id\":\"https:\/\/www.ftepeyac.com.mx\/#\/schema\/logo\/image\/\",\"url\":\"https:\/\/www.ftepeyac.com.mx\/wp-content\/uploads\/2019\/09\/tepeyac75-logo.png\",\"contentUrl\":\"https:\/\/www.ftepeyac.com.mx\/wp-content\/uploads\/2019\/09\/tepeyac75-logo.png\",\"width\":700,\"height\":150,\"caption\":\"Fertilizantes Tepeyac | Soluciones en Nutrici\u00f3n Vegetal y Protecci\u00f3n de Cultivos\"},\"image\":{\"@id\":\"https:\/\/www.ftepeyac.com.mx\/#\/schema\/logo\/image\/\"},\"sameAs\":[\"https:\/\/www.facebook.com\/tepeyacgrupo\",\"https:\/\/www.instagram.com\/fertilizantes.tepeyac\/\",\"https:\/\/mx.linkedin.com\/company\/fertilizantes-tepeyac-del-noroeste\"]}]}<\/script>\n<!-- \/ Yoast SEO plugin. -->","yoast_head_json":{"title":"DANISARABA\u00ae - Fertilizantes Tepeyac","robots":{"index":"index","follow":"follow","max-snippet":"max-snippet:-1","max-image-preview":"max-image-preview:large","max-video-preview":"max-video-preview:-1"},"canonical":"https:\/\/www.ftepeyac.com.mx\/en\/product\/danisaraba\/","og_locale":"en_US","og_type":"article","og_title":"DANISARABA\u00ae - Fertilizantes Tepeyac","og_description":"DANISARABA\u00ae En diversos estudios a nivel mundial, ha demostrado su eficacia en el control de \u00e1caros con muy bajas dosis, con periodos que pueden llegar dependiendo de las condiciones clim\u00e1ticas, presi\u00f3n de la plaga y etapa fenol\u00f3gica del cultivo hasta los 30 d\u00edas. Por eso DANISARABA\u00ae, es el Acaricida que le da por el menor costo d\u00eda, el control es el m\u00e1s eficiente de todos los acaricidas del mercado.  Presentaci\u00f3n: 0.500Lt. Cultivos:  Fabricante: Summit Agro de M\u00e9xico   Ficha tecnica    [...]Read More...","og_url":"https:\/\/www.ftepeyac.com.mx\/en\/product\/danisaraba\/","og_site_name":"Fertilizantes Tepeyac","article_publisher":"https:\/\/www.facebook.com\/tepeyacgrupo","article_modified_time":"2024-03-25T03:15:15+00:00","og_image":[{"width":600,"height":600,"url":"https:\/\/www.ftepeyac.com.mx\/wp-content\/uploads\/2021\/09\/Danisaraba.jpg","type":"image\/jpeg"}],"twitter_card":"summary_large_image","schema":{"@context":"https:\/\/schema.org","@graph":[{"@type":"WebPage","@id":"https:\/\/www.ftepeyac.com.mx\/en\/product\/danisaraba\/","url":"https:\/\/www.ftepeyac.com.mx\/en\/product\/danisaraba\/","name":"DANISARABA\u00ae - Fertilizantes Tepeyac","isPartOf":{"@id":"https:\/\/www.ftepeyac.com.mx\/#website"},"primaryImageOfPage":{"@id":"https:\/\/www.ftepeyac.com.mx\/en\/product\/danisaraba\/#primaryimage"},"image":{"@id":"https:\/\/www.ftepeyac.com.mx\/en\/product\/danisaraba\/#primaryimage"},"thumbnailUrl":"https:\/\/www.ftepeyac.com.mx\/wp-content\/uploads\/2021\/09\/Danisaraba.jpg","datePublished":"2021-09-06T21:46:01+00:00","dateModified":"2024-03-25T03:15:15+00:00","breadcrumb":{"@id":"https:\/\/www.ftepeyac.com.mx\/en\/product\/danisaraba\/#breadcrumb"},"inLanguage":"en-US","potentialAction":[{"@type":"ReadAction","target":["https:\/\/www.ftepeyac.com.mx\/en\/product\/danisaraba\/"]}]},{"@type":"ImageObject","inLanguage":"en-US","@id":"https:\/\/www.ftepeyac.com.mx\/en\/product\/danisaraba\/#primaryimage","url":"https:\/\/www.ftepeyac.com.mx\/wp-content\/uploads\/2021\/09\/Danisaraba.jpg","contentUrl":"https:\/\/www.ftepeyac.com.mx\/wp-content\/uploads\/2021\/09\/Danisaraba.jpg","width":600,"height":600,"caption":"Danisaraba"},{"@type":"BreadcrumbList","@id":"https:\/\/www.ftepeyac.com.mx\/en\/product\/danisaraba\/#breadcrumb","itemListElement":[{"@type":"ListItem","position":1,"name":"Portada","item":"https:\/\/www.ftepeyac.com.mx\/"},{"@type":"ListItem","position":2,"name":"Productos","item":"https:\/\/www.ftepeyac.com.mx\/shop\/"},{"@type":"ListItem","position":3,"name":"DANISARABA\u00ae"}]},{"@type":"WebSite","@id":"https:\/\/www.ftepeyac.com.mx\/#website","url":"https:\/\/www.ftepeyac.com.mx\/","name":"Fertilizantes Tepeyac | Soluciones en Nutrici\u00f3n Vegetal y Protecci\u00f3n de Cultivos","description":"Ofrecemos un gran cat\u00e1logo de soluciones en agricultura, nos distinguimos por nuestra atenci\u00f3n personalizada sin intermediarios.","publisher":{"@id":"https:\/\/www.ftepeyac.com.mx\/#organization"},"potentialAction":[{"@type":"SearchAction","target":{"@type":"EntryPoint","urlTemplate":"https:\/\/www.ftepeyac.com.mx\/?s={search_term_string}"},"query-input":{"@type":"PropertyValueSpecification","valueRequired":true,"valueName":"search_term_string"}}],"inLanguage":"en-US"},{"@type":"Organization","@id":"https:\/\/www.ftepeyac.com.mx\/#organization","name":"Fertilizantes Tepeyac | Soluciones en Nutrici\u00f3n Vegetal y Protecci\u00f3n de Cultivos","url":"https:\/\/www.ftepeyac.com.mx\/","logo":{"@type":"ImageObject","inLanguage":"en-US","@id":"https:\/\/www.ftepeyac.com.mx\/#\/schema\/logo\/image\/","url":"https:\/\/www.ftepeyac.com.mx\/wp-content\/uploads\/2019\/09\/tepeyac75-logo.png","contentUrl":"https:\/\/www.ftepeyac.com.mx\/wp-content\/uploads\/2019\/09\/tepeyac75-logo.png","width":700,"height":150,"caption":"Fertilizantes Tepeyac | Soluciones en Nutrici\u00f3n Vegetal y Protecci\u00f3n de Cultivos"},"image":{"@id":"https:\/\/www.ftepeyac.com.mx\/#\/schema\/logo\/image\/"},"sameAs":["https:\/\/www.facebook.com\/tepeyacgrupo","https:\/\/www.instagram.com\/fertilizantes.tepeyac\/","https:\/\/mx.linkedin.com\/company\/fertilizantes-tepeyac-del-noroeste"]}]}},"_links":{"self":[{"href":"https:\/\/www.ftepeyac.com.mx\/en\/wp-json\/wp\/v2\/product\/5645","targetHints":{"allow":["GET"]}}],"collection":[{"href":"https:\/\/www.ftepeyac.com.mx\/en\/wp-json\/wp\/v2\/product"}],"about":[{"href":"https:\/\/www.ftepeyac.com.mx\/en\/wp-json\/wp\/v2\/types\/product"}],"replies":[{"embeddable":true,"href":"https:\/\/www.ftepeyac.com.mx\/en\/wp-json\/wp\/v2\/comments?post=5645"}],"wp:featuredmedia":[{"embeddable":true,"href":"https:\/\/www.ftepeyac.com.mx\/en\/wp-json\/wp\/v2\/media\/5646"}],"wp:attachment":[{"href":"https:\/\/www.ftepeyac.com.mx\/en\/wp-json\/wp\/v2\/media?parent=5645"}],"wp:term":[{"taxonomy":"product_brand","embeddable":true,"href":"https:\/\/www.ftepeyac.com.mx\/en\/wp-json\/wp\/v2\/product_brand?post=5645"},{"taxonomy":"product_cat","embeddable":true,"href":"https:\/\/www.ftepeyac.com.mx\/en\/wp-json\/wp\/v2\/product_cat?post=5645"},{"taxonomy":"product_tag","embeddable":true,"href":"https:\/\/www.ftepeyac.com.mx\/en\/wp-json\/wp\/v2\/product_tag?post=5645"}],"curies":[{"name":"wp","href":"https:\/\/api.w.org\/{rel}","templated":true}]}}