{"id":5716,"date":"2021-09-08T20:32:58","date_gmt":"2021-09-08T20:32:58","guid":{"rendered":"https:\/\/www.ftepeyac.com.mx\/?post_type=product&#038;p=5716"},"modified":"2025-07-11T21:41:01","modified_gmt":"2025-07-11T21:41:01","slug":"balazo-5g","status":"publish","type":"product","link":"https:\/\/www.ftepeyac.com.mx\/en\/product\/balazo-5g\/","title":{"rendered":"BALAZO 5G"},"content":{"rendered":"","protected":false},"excerpt":{"rendered":"<h4>Balazo 5G<\/h4>\n<p class=\"no-show\">Es un insecticida fosforado de corta persistencia, act\u00faa por contacto,<br \/>\ningesti\u00f3n \u00f3 inhalaci\u00f3n en los insectos que se desarrollan en el suelo.<\/p>\n<p class=\"no-show\"><strong style=\"font-weight: 600;\">Presentation:<\/strong>5 Kg y 20 Kg<\/p>\n<p class=\"no-show\"><strong style=\"font-weight: 600;\">Crops:<\/strong><\/p>\n<p><img decoding=\"async\" class=\"no-show\" src=\"https:\/\/www.ftepeyac.com.mx\/wp-content\/uploads\/2019\/09\/BALAZO_5G_CULTIVOS.png\" alt=\"Agroqu\u00edmicos\" \/><\/p>\n<p class=\"no-show\"><strong style=\"font-weight: 600;\">Manufacturer:<\/strong>Mezfer<\/p>\n<p><a class=\"no-show\" href=\" \" rel=\"noopener\">Safety sheet<\/a><\/p>\n<p><a class=\"no-show\" href=\"https:\/\/www.ftepeyac.com.mx\/wp-content\/uploads\/2019\/09\/BALAZO_5G_FICHA_TECNICA.pdf\" target=\"_blank\" rel=\"noopener\">Technical sheet<\/a> [&#8230;]<\/p>\n<p><a class=\"btn btn-secondary understrap-read-more-link\" href=\"https:\/\/www.ftepeyac.com.mx\/en\/product\/balazo-5g\/\">Read More&#8230;<\/a><\/p>","protected":false},"featured_media":5717,"comment_status":"open","ping_status":"closed","template":"","meta":{"inline_featured_image":false},"product_brand":[],"product_cat":[51],"product_tag":[],"class_list":{"0":"post-5716","1":"product","2":"type-product","3":"status-publish","4":"has-post-thumbnail","6":"product_cat-insecticidas","8":"first","9":"instock","10":"shipping-taxable","11":"product-type-simple"},"yoast_head":"<!-- This site is optimized with the Yoast SEO plugin v24.9 - https:\/\/yoast.com\/wordpress\/plugins\/seo\/ -->\n<title>BALAZO 5G - Fertilizantes Tepeyac<\/title>\n<meta name=\"robots\" content=\"index, follow, max-snippet:-1, max-image-preview:large, max-video-preview:-1\" \/>\n<link rel=\"canonical\" href=\"https:\/\/www.ftepeyac.com.mx\/en\/product\/balazo-5g\/\" \/>\n<meta property=\"og:locale\" content=\"en_US\" \/>\n<meta property=\"og:type\" content=\"article\" \/>\n<meta property=\"og:title\" content=\"BALAZO 5G - Fertilizantes Tepeyac\" \/>\n<meta property=\"og:description\" content=\"Balazo 5G Es un insecticida fosforado de corta persistencia, act\u00faa por contacto,  ingesti\u00f3n \u00f3 inhalaci\u00f3n en los insectos que se desarrollan en el suelo.  Presentaci\u00f3n:5 Kg y 20 Kg Cultivos:  Fabricante:Mezfer Hoja de seguridad  Ficha t\u00e9cnica [...]Read More...\" \/>\n<meta property=\"og:url\" content=\"https:\/\/www.ftepeyac.com.mx\/en\/product\/balazo-5g\/\" \/>\n<meta property=\"og:site_name\" content=\"Fertilizantes Tepeyac\" \/>\n<meta property=\"article:publisher\" content=\"https:\/\/www.facebook.com\/tepeyacgrupo\" \/>\n<meta property=\"article:modified_time\" content=\"2025-07-11T21:41:01+00:00\" \/>\n<meta property=\"og:image\" content=\"https:\/\/www.ftepeyac.com.mx\/wp-content\/uploads\/2021\/09\/BALAZO_5G_PRODUCTO.png\" \/>\n\t<meta property=\"og:image:width\" content=\"600\" \/>\n\t<meta property=\"og:image:height\" content=\"600\" \/>\n\t<meta property=\"og:image:type\" content=\"image\/png\" \/>\n<meta name=\"twitter:card\" content=\"summary_large_image\" \/>\n<meta name=\"twitter:label1\" content=\"Est. reading time\" \/>\n\t<meta name=\"twitter:data1\" content=\"1 minute\" \/>\n<script type=\"application\/ld+json\" class=\"yoast-schema-graph\">{\"@context\":\"https:\/\/schema.org\",\"@graph\":[{\"@type\":\"WebPage\",\"@id\":\"https:\/\/www.ftepeyac.com.mx\/producto\/balazo-5g\/\",\"url\":\"https:\/\/www.ftepeyac.com.mx\/producto\/balazo-5g\/\",\"name\":\"BALAZO 5G - Fertilizantes Tepeyac\",\"isPartOf\":{\"@id\":\"https:\/\/www.ftepeyac.com.mx\/#website\"},\"primaryImageOfPage\":{\"@id\":\"https:\/\/www.ftepeyac.com.mx\/producto\/balazo-5g\/#primaryimage\"},\"image\":{\"@id\":\"https:\/\/www.ftepeyac.com.mx\/producto\/balazo-5g\/#primaryimage\"},\"thumbnailUrl\":\"https:\/\/www.ftepeyac.com.mx\/wp-content\/uploads\/2021\/09\/BALAZO_5G_PRODUCTO.png\",\"datePublished\":\"2021-09-08T20:32:58+00:00\",\"dateModified\":\"2025-07-11T21:41:01+00:00\",\"breadcrumb\":{\"@id\":\"https:\/\/www.ftepeyac.com.mx\/producto\/balazo-5g\/#breadcrumb\"},\"inLanguage\":\"en-US\",\"potentialAction\":[{\"@type\":\"ReadAction\",\"target\":[\"https:\/\/www.ftepeyac.com.mx\/producto\/balazo-5g\/\"]}]},{\"@type\":\"ImageObject\",\"inLanguage\":\"en-US\",\"@id\":\"https:\/\/www.ftepeyac.com.mx\/producto\/balazo-5g\/#primaryimage\",\"url\":\"https:\/\/www.ftepeyac.com.mx\/wp-content\/uploads\/2021\/09\/BALAZO_5G_PRODUCTO.png\",\"contentUrl\":\"https:\/\/www.ftepeyac.com.mx\/wp-content\/uploads\/2021\/09\/BALAZO_5G_PRODUCTO.png\",\"width\":600,\"height\":600},{\"@type\":\"BreadcrumbList\",\"@id\":\"https:\/\/www.ftepeyac.com.mx\/producto\/balazo-5g\/#breadcrumb\",\"itemListElement\":[{\"@type\":\"ListItem\",\"position\":1,\"name\":\"Portada\",\"item\":\"https:\/\/www.ftepeyac.com.mx\/\"},{\"@type\":\"ListItem\",\"position\":2,\"name\":\"Productos\",\"item\":\"https:\/\/www.ftepeyac.com.mx\/shop\/\"},{\"@type\":\"ListItem\",\"position\":3,\"name\":\"BALAZO 5G\"}]},{\"@type\":\"WebSite\",\"@id\":\"https:\/\/www.ftepeyac.com.mx\/#website\",\"url\":\"https:\/\/www.ftepeyac.com.mx\/\",\"name\":\"Fertilizantes Tepeyac | Soluciones en Nutrici\u00f3n Vegetal y Protecci\u00f3n de Cultivos\",\"description\":\"Ofrecemos un gran cat\u00e1logo de soluciones en agricultura, nos distinguimos por nuestra atenci\u00f3n personalizada sin intermediarios.\",\"publisher\":{\"@id\":\"https:\/\/www.ftepeyac.com.mx\/#organization\"},\"potentialAction\":[{\"@type\":\"SearchAction\",\"target\":{\"@type\":\"EntryPoint\",\"urlTemplate\":\"https:\/\/www.ftepeyac.com.mx\/?s={search_term_string}\"},\"query-input\":{\"@type\":\"PropertyValueSpecification\",\"valueRequired\":true,\"valueName\":\"search_term_string\"}}],\"inLanguage\":\"en-US\"},{\"@type\":\"Organization\",\"@id\":\"https:\/\/www.ftepeyac.com.mx\/#organization\",\"name\":\"Fertilizantes Tepeyac | Soluciones en Nutrici\u00f3n Vegetal y Protecci\u00f3n de Cultivos\",\"url\":\"https:\/\/www.ftepeyac.com.mx\/\",\"logo\":{\"@type\":\"ImageObject\",\"inLanguage\":\"en-US\",\"@id\":\"https:\/\/www.ftepeyac.com.mx\/#\/schema\/logo\/image\/\",\"url\":\"https:\/\/www.ftepeyac.com.mx\/wp-content\/uploads\/2019\/09\/tepeyac75-logo.png\",\"contentUrl\":\"https:\/\/www.ftepeyac.com.mx\/wp-content\/uploads\/2019\/09\/tepeyac75-logo.png\",\"width\":700,\"height\":150,\"caption\":\"Fertilizantes Tepeyac | Soluciones en Nutrici\u00f3n Vegetal y Protecci\u00f3n de Cultivos\"},\"image\":{\"@id\":\"https:\/\/www.ftepeyac.com.mx\/#\/schema\/logo\/image\/\"},\"sameAs\":[\"https:\/\/www.facebook.com\/tepeyacgrupo\",\"https:\/\/www.instagram.com\/fertilizantes.tepeyac\/\",\"https:\/\/mx.linkedin.com\/company\/fertilizantes-tepeyac-del-noroeste\"]}]}<\/script>\n<!-- \/ Yoast SEO plugin. -->","yoast_head_json":{"title":"BALAZO 5G - Fertilizantes Tepeyac","robots":{"index":"index","follow":"follow","max-snippet":"max-snippet:-1","max-image-preview":"max-image-preview:large","max-video-preview":"max-video-preview:-1"},"canonical":"https:\/\/www.ftepeyac.com.mx\/en\/product\/balazo-5g\/","og_locale":"en_US","og_type":"article","og_title":"BALAZO 5G - Fertilizantes Tepeyac","og_description":"Balazo 5G Es un insecticida fosforado de corta persistencia, act\u00faa por contacto,  ingesti\u00f3n \u00f3 inhalaci\u00f3n en los insectos que se desarrollan en el suelo.  Presentaci\u00f3n:5 Kg y 20 Kg Cultivos:  Fabricante:Mezfer Hoja de seguridad  Ficha t\u00e9cnica [...]Read More...","og_url":"https:\/\/www.ftepeyac.com.mx\/en\/product\/balazo-5g\/","og_site_name":"Fertilizantes Tepeyac","article_publisher":"https:\/\/www.facebook.com\/tepeyacgrupo","article_modified_time":"2025-07-11T21:41:01+00:00","og_image":[{"width":600,"height":600,"url":"https:\/\/www.ftepeyac.com.mx\/wp-content\/uploads\/2021\/09\/BALAZO_5G_PRODUCTO.png","type":"image\/png"}],"twitter_card":"summary_large_image","twitter_misc":{"Est. reading time":"1 minute"},"schema":{"@context":"https:\/\/schema.org","@graph":[{"@type":"WebPage","@id":"https:\/\/www.ftepeyac.com.mx\/producto\/balazo-5g\/","url":"https:\/\/www.ftepeyac.com.mx\/producto\/balazo-5g\/","name":"BALAZO 5G - Fertilizantes Tepeyac","isPartOf":{"@id":"https:\/\/www.ftepeyac.com.mx\/#website"},"primaryImageOfPage":{"@id":"https:\/\/www.ftepeyac.com.mx\/producto\/balazo-5g\/#primaryimage"},"image":{"@id":"https:\/\/www.ftepeyac.com.mx\/producto\/balazo-5g\/#primaryimage"},"thumbnailUrl":"https:\/\/www.ftepeyac.com.mx\/wp-content\/uploads\/2021\/09\/BALAZO_5G_PRODUCTO.png","datePublished":"2021-09-08T20:32:58+00:00","dateModified":"2025-07-11T21:41:01+00:00","breadcrumb":{"@id":"https:\/\/www.ftepeyac.com.mx\/producto\/balazo-5g\/#breadcrumb"},"inLanguage":"en-US","potentialAction":[{"@type":"ReadAction","target":["https:\/\/www.ftepeyac.com.mx\/producto\/balazo-5g\/"]}]},{"@type":"ImageObject","inLanguage":"en-US","@id":"https:\/\/www.ftepeyac.com.mx\/producto\/balazo-5g\/#primaryimage","url":"https:\/\/www.ftepeyac.com.mx\/wp-content\/uploads\/2021\/09\/BALAZO_5G_PRODUCTO.png","contentUrl":"https:\/\/www.ftepeyac.com.mx\/wp-content\/uploads\/2021\/09\/BALAZO_5G_PRODUCTO.png","width":600,"height":600},{"@type":"BreadcrumbList","@id":"https:\/\/www.ftepeyac.com.mx\/producto\/balazo-5g\/#breadcrumb","itemListElement":[{"@type":"ListItem","position":1,"name":"Portada","item":"https:\/\/www.ftepeyac.com.mx\/"},{"@type":"ListItem","position":2,"name":"Productos","item":"https:\/\/www.ftepeyac.com.mx\/shop\/"},{"@type":"ListItem","position":3,"name":"BALAZO 5G"}]},{"@type":"WebSite","@id":"https:\/\/www.ftepeyac.com.mx\/#website","url":"https:\/\/www.ftepeyac.com.mx\/","name":"Fertilizantes Tepeyac | Soluciones en Nutrici\u00f3n Vegetal y Protecci\u00f3n de Cultivos","description":"Ofrecemos un gran cat\u00e1logo de soluciones en agricultura, nos distinguimos por nuestra atenci\u00f3n personalizada sin intermediarios.","publisher":{"@id":"https:\/\/www.ftepeyac.com.mx\/#organization"},"potentialAction":[{"@type":"SearchAction","target":{"@type":"EntryPoint","urlTemplate":"https:\/\/www.ftepeyac.com.mx\/?s={search_term_string}"},"query-input":{"@type":"PropertyValueSpecification","valueRequired":true,"valueName":"search_term_string"}}],"inLanguage":"en-US"},{"@type":"Organization","@id":"https:\/\/www.ftepeyac.com.mx\/#organization","name":"Fertilizantes Tepeyac | Soluciones en Nutrici\u00f3n Vegetal y Protecci\u00f3n de Cultivos","url":"https:\/\/www.ftepeyac.com.mx\/","logo":{"@type":"ImageObject","inLanguage":"en-US","@id":"https:\/\/www.ftepeyac.com.mx\/#\/schema\/logo\/image\/","url":"https:\/\/www.ftepeyac.com.mx\/wp-content\/uploads\/2019\/09\/tepeyac75-logo.png","contentUrl":"https:\/\/www.ftepeyac.com.mx\/wp-content\/uploads\/2019\/09\/tepeyac75-logo.png","width":700,"height":150,"caption":"Fertilizantes Tepeyac | Soluciones en Nutrici\u00f3n Vegetal y Protecci\u00f3n de Cultivos"},"image":{"@id":"https:\/\/www.ftepeyac.com.mx\/#\/schema\/logo\/image\/"},"sameAs":["https:\/\/www.facebook.com\/tepeyacgrupo","https:\/\/www.instagram.com\/fertilizantes.tepeyac\/","https:\/\/mx.linkedin.com\/company\/fertilizantes-tepeyac-del-noroeste"]}]}},"_links":{"self":[{"href":"https:\/\/www.ftepeyac.com.mx\/en\/wp-json\/wp\/v2\/product\/5716","targetHints":{"allow":["GET"]}}],"collection":[{"href":"https:\/\/www.ftepeyac.com.mx\/en\/wp-json\/wp\/v2\/product"}],"about":[{"href":"https:\/\/www.ftepeyac.com.mx\/en\/wp-json\/wp\/v2\/types\/product"}],"replies":[{"embeddable":true,"href":"https:\/\/www.ftepeyac.com.mx\/en\/wp-json\/wp\/v2\/comments?post=5716"}],"wp:featuredmedia":[{"embeddable":true,"href":"https:\/\/www.ftepeyac.com.mx\/en\/wp-json\/wp\/v2\/media\/5717"}],"wp:attachment":[{"href":"https:\/\/www.ftepeyac.com.mx\/en\/wp-json\/wp\/v2\/media?parent=5716"}],"wp:term":[{"taxonomy":"product_brand","embeddable":true,"href":"https:\/\/www.ftepeyac.com.mx\/en\/wp-json\/wp\/v2\/product_brand?post=5716"},{"taxonomy":"product_cat","embeddable":true,"href":"https:\/\/www.ftepeyac.com.mx\/en\/wp-json\/wp\/v2\/product_cat?post=5716"},{"taxonomy":"product_tag","embeddable":true,"href":"https:\/\/www.ftepeyac.com.mx\/en\/wp-json\/wp\/v2\/product_tag?post=5716"}],"curies":[{"name":"wp","href":"https:\/\/api.w.org\/{rel}","templated":true}]}}