{"id":5816,"date":"2021-09-28T01:12:11","date_gmt":"2021-09-28T01:12:11","guid":{"rendered":"https:\/\/www.ftepeyac.com.mx\/?post_type=product&#038;p=5816"},"modified":"2021-09-28T01:39:51","modified_gmt":"2021-09-28T01:39:51","slug":"gesaprim-combi-500-fw","status":"publish","type":"product","link":"https:\/\/www.ftepeyac.com.mx\/en\/product\/gesaprim-combi-500-fw\/","title":{"rendered":"Gesaprim \u00ae Combi 500 FW"},"content":{"rendered":"","protected":false},"excerpt":{"rendered":"<h4>Gesaprim \u00ae Combi 500 FW<\/h4>\n<p class=\"no-show\">GESAPRIM\u00ae COMBI 500 FW es un herbicida selectivo de aplicaci\u00f3n pre-emergente para el cultivo de sorgo y la maleza. La combinaci\u00f3n de atrazina y terbutrina como ingredientes activos inhiben la reacci\u00f3n de Hill, bloqueando la fotos\u00edntesis. La absorci\u00f3n del producto por la maleza se realiza por v\u00eda radicular y foliar. Con esta mezcla se controla la maleza de hoja ancha y angosta, adem\u00e1s se evita la acumulaci\u00f3n de residuos y los da\u00f1os a cultivos sensibles que se siembren posteriormente. El agua de lluvia o de riego es indispensable para incorporar el producto al suelo, donde es absorbido por las ra\u00edces de la maleza en germinaci\u00f3n. Pocos d\u00edas despu\u00e9s que la maleza ha brotado, el herbicida empieza a hacer su efecto, las hojas se amarillean y las pl\u00e1ntulas mueren. GESAPRIM\u00ae COMBI 500 FW se recomienda para siembra de sorgo en regiones donde el zacate pitillo (Ixophorus unisetus) y otros zacates anuales son problem\u00e1ticos. Tambi\u00e9n es recomendable donde se requiera un herbicida con corto poder residual para rotaci\u00f3n de cultivos. Si se presenta pata de trigo o cebada como maleza sembrados en el ciclo anterior, no se recomienda el uso del producto.<\/p>\n<p><!--\n\n<p class=\"no-show\"><strong style=\"font-weight: 600;\">Presentaci\u00f3n:<\/strong> 0.200 Lt.<\/p>\n\n--><\/p>\n<p class=\"no-show\"><strong style=\"font-weight: 600;\">Crops:<\/strong><\/p>\n<p><img decoding=\"async\" class=\"no-show\" src=\"https:\/\/www.ftepeyac.com.mx\/wp-content\/uploads\/2019\/09\/GESAPRIM-COMBI-500-FW_cultivos.png\" alt=\"S\u00f3lidos\" \/><\/p>\n<p class=\"no-show\"><strong style=\"font-weight: 600;\">Manufacturer:<\/strong> Syngenta<\/p>\n<p><!--<a class=\"no-show\" href=\"https:\/\/www.ftepeyac.com.mx\/wp-content\/uploads\/2019\/09\/hoja_de_seguridadgalant-ultra.pdf\" target=\"_blank\" rel=\"noopener\">Hoja de seguridad<\/a>--><\/p>\n<p><a class=\"no-show\" href=\"https:\/\/www.ftepeyac.com.mx\/wp-content\/uploads\/2019\/09\/GESAPRIM-COMBI-500-FW._FICHA-TECNICApdf.pdf\" target=\"_blank\" rel=\"noopener\">Technical sheet<\/a> [&#8230;]<\/p>\n<p><a class=\"btn btn-secondary understrap-read-more-link\" href=\"https:\/\/www.ftepeyac.com.mx\/en\/product\/gesaprim-combi-500-fw\/\">Read More&#8230;<\/a><\/p>","protected":false},"featured_media":5819,"comment_status":"open","ping_status":"closed","template":"","meta":{"inline_featured_image":false},"product_brand":[],"product_cat":[52],"product_tag":[],"class_list":{"0":"post-5816","1":"product","2":"type-product","3":"status-publish","4":"has-post-thumbnail","6":"product_cat-herbicidas","8":"first","9":"instock","10":"shipping-taxable","11":"product-type-simple"},"yoast_head":"<!-- This site is optimized with the Yoast SEO plugin v24.9 - https:\/\/yoast.com\/wordpress\/plugins\/seo\/ -->\n<title>Gesaprim \u00ae Combi 500 FW - Fertilizantes Tepeyac<\/title>\n<meta name=\"robots\" content=\"index, follow, max-snippet:-1, max-image-preview:large, max-video-preview:-1\" \/>\n<link rel=\"canonical\" href=\"https:\/\/www.ftepeyac.com.mx\/en\/product\/gesaprim-combi-500-fw\/\" \/>\n<meta property=\"og:locale\" content=\"en_US\" \/>\n<meta property=\"og:type\" content=\"article\" \/>\n<meta property=\"og:title\" content=\"Gesaprim \u00ae Combi 500 FW - Fertilizantes Tepeyac\" \/>\n<meta property=\"og:description\" content=\"Gesaprim \u00ae Combi 500 FW GESAPRIM\u00ae COMBI 500 FW es un herbicida selectivo de aplicaci\u00f3n pre-emergente para el cultivo de sorgo y la maleza. La combinaci\u00f3n de atrazina y terbutrina como ingredientes activos inhiben la reacci\u00f3n de Hill, bloqueando la fotos\u00edntesis. La absorci\u00f3n del producto por la maleza se realiza por v\u00eda radicular y foliar. Con esta mezcla se controla la maleza de hoja ancha y angosta, adem\u00e1s se evita la acumulaci\u00f3n de residuos y los da\u00f1os a cultivos sensibles que se siembren posteriormente. El agua de lluvia o de riego es indispensable para incorporar el producto al suelo, donde es absorbido por las ra\u00edces de la maleza en germinaci\u00f3n. Pocos d\u00edas despu\u00e9s que la maleza ha brotado, el herbicida empieza a hacer su efecto, las hojas se amarillean y las pl\u00e1ntulas mueren. GESAPRIM\u00ae COMBI 500 FW se recomienda para siembra de sorgo en regiones donde el zacate pitillo (Ixophorus unisetus) y otros zacates anuales son problem\u00e1ticos. Tambi\u00e9n es recomendable donde se requiera un herbicida con corto poder residual para rotaci\u00f3n de cultivos. Si se presenta pata de trigo o cebada como maleza sembrados en el ciclo anterior, no se recomienda el uso del producto.    Cultivos:  Fabricante: Syngenta     Ficha t\u00e9cnica [...]Read More...\" \/>\n<meta property=\"og:url\" content=\"https:\/\/www.ftepeyac.com.mx\/en\/product\/gesaprim-combi-500-fw\/\" \/>\n<meta property=\"og:site_name\" content=\"Fertilizantes Tepeyac\" \/>\n<meta property=\"article:publisher\" content=\"https:\/\/www.facebook.com\/tepeyacgrupo\" \/>\n<meta property=\"article:modified_time\" content=\"2021-09-28T01:39:51+00:00\" \/>\n<meta property=\"og:image\" content=\"https:\/\/www.ftepeyac.com.mx\/wp-content\/uploads\/2021\/09\/GESAPRIM-COMBI-500-FW.jpg\" \/>\n\t<meta property=\"og:image:width\" content=\"600\" \/>\n\t<meta property=\"og:image:height\" content=\"600\" \/>\n\t<meta property=\"og:image:type\" content=\"image\/jpeg\" \/>\n<meta name=\"twitter:card\" content=\"summary_large_image\" \/>\n<script type=\"application\/ld+json\" class=\"yoast-schema-graph\">{\"@context\":\"https:\/\/schema.org\",\"@graph\":[{\"@type\":\"WebPage\",\"@id\":\"https:\/\/www.ftepeyac.com.mx\/producto\/gesaprim-combi-500-fw\/\",\"url\":\"https:\/\/www.ftepeyac.com.mx\/producto\/gesaprim-combi-500-fw\/\",\"name\":\"Gesaprim \u00ae Combi 500 FW - Fertilizantes Tepeyac\",\"isPartOf\":{\"@id\":\"https:\/\/www.ftepeyac.com.mx\/#website\"},\"primaryImageOfPage\":{\"@id\":\"https:\/\/www.ftepeyac.com.mx\/producto\/gesaprim-combi-500-fw\/#primaryimage\"},\"image\":{\"@id\":\"https:\/\/www.ftepeyac.com.mx\/producto\/gesaprim-combi-500-fw\/#primaryimage\"},\"thumbnailUrl\":\"https:\/\/www.ftepeyac.com.mx\/wp-content\/uploads\/2021\/09\/GESAPRIM-COMBI-500-FW.jpg\",\"datePublished\":\"2021-09-28T01:12:11+00:00\",\"dateModified\":\"2021-09-28T01:39:51+00:00\",\"breadcrumb\":{\"@id\":\"https:\/\/www.ftepeyac.com.mx\/producto\/gesaprim-combi-500-fw\/#breadcrumb\"},\"inLanguage\":\"en-US\",\"potentialAction\":[{\"@type\":\"ReadAction\",\"target\":[\"https:\/\/www.ftepeyac.com.mx\/producto\/gesaprim-combi-500-fw\/\"]}]},{\"@type\":\"ImageObject\",\"inLanguage\":\"en-US\",\"@id\":\"https:\/\/www.ftepeyac.com.mx\/producto\/gesaprim-combi-500-fw\/#primaryimage\",\"url\":\"https:\/\/www.ftepeyac.com.mx\/wp-content\/uploads\/2021\/09\/GESAPRIM-COMBI-500-FW.jpg\",\"contentUrl\":\"https:\/\/www.ftepeyac.com.mx\/wp-content\/uploads\/2021\/09\/GESAPRIM-COMBI-500-FW.jpg\",\"width\":600,\"height\":600,\"caption\":\"GESAPRIM COMBI 500 FW\"},{\"@type\":\"BreadcrumbList\",\"@id\":\"https:\/\/www.ftepeyac.com.mx\/producto\/gesaprim-combi-500-fw\/#breadcrumb\",\"itemListElement\":[{\"@type\":\"ListItem\",\"position\":1,\"name\":\"Portada\",\"item\":\"https:\/\/www.ftepeyac.com.mx\/\"},{\"@type\":\"ListItem\",\"position\":2,\"name\":\"Productos\",\"item\":\"https:\/\/www.ftepeyac.com.mx\/shop\/\"},{\"@type\":\"ListItem\",\"position\":3,\"name\":\"Gesaprim \u00ae Combi 500 FW\"}]},{\"@type\":\"WebSite\",\"@id\":\"https:\/\/www.ftepeyac.com.mx\/#website\",\"url\":\"https:\/\/www.ftepeyac.com.mx\/\",\"name\":\"Fertilizantes Tepeyac | Soluciones en Nutrici\u00f3n Vegetal y Protecci\u00f3n de Cultivos\",\"description\":\"Ofrecemos un gran cat\u00e1logo de soluciones en agricultura, nos distinguimos por nuestra atenci\u00f3n personalizada sin intermediarios.\",\"publisher\":{\"@id\":\"https:\/\/www.ftepeyac.com.mx\/#organization\"},\"potentialAction\":[{\"@type\":\"SearchAction\",\"target\":{\"@type\":\"EntryPoint\",\"urlTemplate\":\"https:\/\/www.ftepeyac.com.mx\/?s={search_term_string}\"},\"query-input\":{\"@type\":\"PropertyValueSpecification\",\"valueRequired\":true,\"valueName\":\"search_term_string\"}}],\"inLanguage\":\"en-US\"},{\"@type\":\"Organization\",\"@id\":\"https:\/\/www.ftepeyac.com.mx\/#organization\",\"name\":\"Fertilizantes Tepeyac | Soluciones en Nutrici\u00f3n Vegetal y Protecci\u00f3n de Cultivos\",\"url\":\"https:\/\/www.ftepeyac.com.mx\/\",\"logo\":{\"@type\":\"ImageObject\",\"inLanguage\":\"en-US\",\"@id\":\"https:\/\/www.ftepeyac.com.mx\/#\/schema\/logo\/image\/\",\"url\":\"https:\/\/www.ftepeyac.com.mx\/wp-content\/uploads\/2019\/09\/tepeyac75-logo.png\",\"contentUrl\":\"https:\/\/www.ftepeyac.com.mx\/wp-content\/uploads\/2019\/09\/tepeyac75-logo.png\",\"width\":700,\"height\":150,\"caption\":\"Fertilizantes Tepeyac | Soluciones en Nutrici\u00f3n Vegetal y Protecci\u00f3n de Cultivos\"},\"image\":{\"@id\":\"https:\/\/www.ftepeyac.com.mx\/#\/schema\/logo\/image\/\"},\"sameAs\":[\"https:\/\/www.facebook.com\/tepeyacgrupo\",\"https:\/\/www.instagram.com\/fertilizantes.tepeyac\/\",\"https:\/\/mx.linkedin.com\/company\/fertilizantes-tepeyac-del-noroeste\"]}]}<\/script>\n<!-- \/ Yoast SEO plugin. -->","yoast_head_json":{"title":"Gesaprim \u00ae Combi 500 FW - Fertilizantes Tepeyac","robots":{"index":"index","follow":"follow","max-snippet":"max-snippet:-1","max-image-preview":"max-image-preview:large","max-video-preview":"max-video-preview:-1"},"canonical":"https:\/\/www.ftepeyac.com.mx\/en\/product\/gesaprim-combi-500-fw\/","og_locale":"en_US","og_type":"article","og_title":"Gesaprim \u00ae Combi 500 FW - Fertilizantes Tepeyac","og_description":"Gesaprim \u00ae Combi 500 FW GESAPRIM\u00ae COMBI 500 FW es un herbicida selectivo de aplicaci\u00f3n pre-emergente para el cultivo de sorgo y la maleza. La combinaci\u00f3n de atrazina y terbutrina como ingredientes activos inhiben la reacci\u00f3n de Hill, bloqueando la fotos\u00edntesis. La absorci\u00f3n del producto por la maleza se realiza por v\u00eda radicular y foliar. Con esta mezcla se controla la maleza de hoja ancha y angosta, adem\u00e1s se evita la acumulaci\u00f3n de residuos y los da\u00f1os a cultivos sensibles que se siembren posteriormente. El agua de lluvia o de riego es indispensable para incorporar el producto al suelo, donde es absorbido por las ra\u00edces de la maleza en germinaci\u00f3n. Pocos d\u00edas despu\u00e9s que la maleza ha brotado, el herbicida empieza a hacer su efecto, las hojas se amarillean y las pl\u00e1ntulas mueren. GESAPRIM\u00ae COMBI 500 FW se recomienda para siembra de sorgo en regiones donde el zacate pitillo (Ixophorus unisetus) y otros zacates anuales son problem\u00e1ticos. Tambi\u00e9n es recomendable donde se requiera un herbicida con corto poder residual para rotaci\u00f3n de cultivos. Si se presenta pata de trigo o cebada como maleza sembrados en el ciclo anterior, no se recomienda el uso del producto.    Cultivos:  Fabricante: Syngenta     Ficha t\u00e9cnica [...]Read More...","og_url":"https:\/\/www.ftepeyac.com.mx\/en\/product\/gesaprim-combi-500-fw\/","og_site_name":"Fertilizantes Tepeyac","article_publisher":"https:\/\/www.facebook.com\/tepeyacgrupo","article_modified_time":"2021-09-28T01:39:51+00:00","og_image":[{"width":600,"height":600,"url":"https:\/\/www.ftepeyac.com.mx\/wp-content\/uploads\/2021\/09\/GESAPRIM-COMBI-500-FW.jpg","type":"image\/jpeg"}],"twitter_card":"summary_large_image","schema":{"@context":"https:\/\/schema.org","@graph":[{"@type":"WebPage","@id":"https:\/\/www.ftepeyac.com.mx\/producto\/gesaprim-combi-500-fw\/","url":"https:\/\/www.ftepeyac.com.mx\/producto\/gesaprim-combi-500-fw\/","name":"Gesaprim \u00ae Combi 500 FW - Fertilizantes Tepeyac","isPartOf":{"@id":"https:\/\/www.ftepeyac.com.mx\/#website"},"primaryImageOfPage":{"@id":"https:\/\/www.ftepeyac.com.mx\/producto\/gesaprim-combi-500-fw\/#primaryimage"},"image":{"@id":"https:\/\/www.ftepeyac.com.mx\/producto\/gesaprim-combi-500-fw\/#primaryimage"},"thumbnailUrl":"https:\/\/www.ftepeyac.com.mx\/wp-content\/uploads\/2021\/09\/GESAPRIM-COMBI-500-FW.jpg","datePublished":"2021-09-28T01:12:11+00:00","dateModified":"2021-09-28T01:39:51+00:00","breadcrumb":{"@id":"https:\/\/www.ftepeyac.com.mx\/producto\/gesaprim-combi-500-fw\/#breadcrumb"},"inLanguage":"en-US","potentialAction":[{"@type":"ReadAction","target":["https:\/\/www.ftepeyac.com.mx\/producto\/gesaprim-combi-500-fw\/"]}]},{"@type":"ImageObject","inLanguage":"en-US","@id":"https:\/\/www.ftepeyac.com.mx\/producto\/gesaprim-combi-500-fw\/#primaryimage","url":"https:\/\/www.ftepeyac.com.mx\/wp-content\/uploads\/2021\/09\/GESAPRIM-COMBI-500-FW.jpg","contentUrl":"https:\/\/www.ftepeyac.com.mx\/wp-content\/uploads\/2021\/09\/GESAPRIM-COMBI-500-FW.jpg","width":600,"height":600,"caption":"GESAPRIM COMBI 500 FW"},{"@type":"BreadcrumbList","@id":"https:\/\/www.ftepeyac.com.mx\/producto\/gesaprim-combi-500-fw\/#breadcrumb","itemListElement":[{"@type":"ListItem","position":1,"name":"Portada","item":"https:\/\/www.ftepeyac.com.mx\/"},{"@type":"ListItem","position":2,"name":"Productos","item":"https:\/\/www.ftepeyac.com.mx\/shop\/"},{"@type":"ListItem","position":3,"name":"Gesaprim \u00ae Combi 500 FW"}]},{"@type":"WebSite","@id":"https:\/\/www.ftepeyac.com.mx\/#website","url":"https:\/\/www.ftepeyac.com.mx\/","name":"Fertilizantes Tepeyac | Soluciones en Nutrici\u00f3n Vegetal y Protecci\u00f3n de Cultivos","description":"Ofrecemos un gran cat\u00e1logo de soluciones en agricultura, nos distinguimos por nuestra atenci\u00f3n personalizada sin intermediarios.","publisher":{"@id":"https:\/\/www.ftepeyac.com.mx\/#organization"},"potentialAction":[{"@type":"SearchAction","target":{"@type":"EntryPoint","urlTemplate":"https:\/\/www.ftepeyac.com.mx\/?s={search_term_string}"},"query-input":{"@type":"PropertyValueSpecification","valueRequired":true,"valueName":"search_term_string"}}],"inLanguage":"en-US"},{"@type":"Organization","@id":"https:\/\/www.ftepeyac.com.mx\/#organization","name":"Fertilizantes Tepeyac | Soluciones en Nutrici\u00f3n Vegetal y Protecci\u00f3n de Cultivos","url":"https:\/\/www.ftepeyac.com.mx\/","logo":{"@type":"ImageObject","inLanguage":"en-US","@id":"https:\/\/www.ftepeyac.com.mx\/#\/schema\/logo\/image\/","url":"https:\/\/www.ftepeyac.com.mx\/wp-content\/uploads\/2019\/09\/tepeyac75-logo.png","contentUrl":"https:\/\/www.ftepeyac.com.mx\/wp-content\/uploads\/2019\/09\/tepeyac75-logo.png","width":700,"height":150,"caption":"Fertilizantes Tepeyac | Soluciones en Nutrici\u00f3n Vegetal y Protecci\u00f3n de Cultivos"},"image":{"@id":"https:\/\/www.ftepeyac.com.mx\/#\/schema\/logo\/image\/"},"sameAs":["https:\/\/www.facebook.com\/tepeyacgrupo","https:\/\/www.instagram.com\/fertilizantes.tepeyac\/","https:\/\/mx.linkedin.com\/company\/fertilizantes-tepeyac-del-noroeste"]}]}},"_links":{"self":[{"href":"https:\/\/www.ftepeyac.com.mx\/en\/wp-json\/wp\/v2\/product\/5816","targetHints":{"allow":["GET"]}}],"collection":[{"href":"https:\/\/www.ftepeyac.com.mx\/en\/wp-json\/wp\/v2\/product"}],"about":[{"href":"https:\/\/www.ftepeyac.com.mx\/en\/wp-json\/wp\/v2\/types\/product"}],"replies":[{"embeddable":true,"href":"https:\/\/www.ftepeyac.com.mx\/en\/wp-json\/wp\/v2\/comments?post=5816"}],"wp:featuredmedia":[{"embeddable":true,"href":"https:\/\/www.ftepeyac.com.mx\/en\/wp-json\/wp\/v2\/media\/5819"}],"wp:attachment":[{"href":"https:\/\/www.ftepeyac.com.mx\/en\/wp-json\/wp\/v2\/media?parent=5816"}],"wp:term":[{"taxonomy":"product_brand","embeddable":true,"href":"https:\/\/www.ftepeyac.com.mx\/en\/wp-json\/wp\/v2\/product_brand?post=5816"},{"taxonomy":"product_cat","embeddable":true,"href":"https:\/\/www.ftepeyac.com.mx\/en\/wp-json\/wp\/v2\/product_cat?post=5816"},{"taxonomy":"product_tag","embeddable":true,"href":"https:\/\/www.ftepeyac.com.mx\/en\/wp-json\/wp\/v2\/product_tag?post=5816"}],"curies":[{"name":"wp","href":"https:\/\/api.w.org\/{rel}","templated":true}]}}