{"id":6117,"date":"2021-10-06T18:51:00","date_gmt":"2021-10-06T18:51:00","guid":{"rendered":"https:\/\/www.ftepeyac.com.mx\/?post_type=product&#038;p=6117"},"modified":"2025-10-03T12:16:05","modified_gmt":"2025-10-03T12:16:05","slug":"grinamin-forte","status":"publish","type":"product","link":"https:\/\/www.ftepeyac.com.mx\/en\/product\/grinamin-forte\/","title":{"rendered":"Grinamin\u00ae FORTE"},"content":{"rendered":"","protected":false},"excerpt":{"rendered":"<h4>Grinamin\u00ae FORTE<\/h4>\n<p class=\"no-show\">Es un complejo nutricional con un balance perfecto entre nutrientes org\u00e1nicos y minerales, que se logra con la incorporaci\u00f3n de amino\u00e1cidos naturales y micro elementos de origen mineral.<\/p>\n<p class=\"no-show\">Grinamin\u00ae FORTE adem\u00e1s de ser un fertilizante que ayuda a corregir la carencia de elementos mayores y menores, es un activador del sistema de transaminaci\u00f3n de la planta. Los amino\u00e1cidos son los compuestos m\u00e1s importantes de la materia viva de las plantas.<\/p>\n<p class=\"no-show\">Por esto, en un programa de nutrici\u00f3n vegetal, la presencia de amino\u00e1cidos es fundamental, ya que son los elementos b\u00e1sicos de las prote\u00ednas, que forman la estructura de la planta.<\/p>\n<p class=\"no-show\">Los amino\u00e1cidos son los iniciadores de la producci\u00f3n de hormonas y ayudan a colocar en su lugar a los microelementos para ser aprovechados por el vegetal.<\/p>\n<p class=\"no-show\"><strong style=\"font-weight: 600;\">Presentation:<\/strong> 1 y 10 Lts.<\/p>\n<p><!--\n\n<p class=\"no-show\"><strong style=\"font-weight: 600;\">Cultivos:<\/strong><\/p>\n\n\n<img decoding=\"async\" class=\"no-show\" src=\"https:\/\/www.ftepeyac.com.mx\/wp-content\/uploads\/2019\/09\/forcrop-k35_cultivos.png\" \/>--><\/p>\n<p class=\"no-show\"><strong style=\"font-weight: 600;\">Manufacturer:<\/strong> Allister<\/p>\n<p><!--<a class=\"no-show\" href=\"https:\/\/www.ftepeyac.com.mx\/wp-content\/uploads\/2019\/09\/hoja_de_seguridad_folcrop_cab.pdf\" target=\"_blank\" rel=\"noopener\">Hoja de seguridad<\/a>\n\n<a class=\"no-show\" href=\"https:\/\/www.ftepeyac.com.mx\/wp-content\/uploads\/2019\/09\/ficha_tecnica_forcrop-k35.pdf\" target=\"_blank\" rel=\"noopener\">Ficha t\u00e9cnica<\/a>--> [&#8230;]<\/p>\n<p><a class=\"btn btn-secondary understrap-read-more-link\" href=\"https:\/\/www.ftepeyac.com.mx\/en\/product\/grinamin-forte\/\">Read More&#8230;<\/a><\/p>","protected":false},"featured_media":6118,"comment_status":"open","ping_status":"closed","template":"","meta":{"inline_featured_image":false},"product_brand":[],"product_cat":[65],"product_tag":[],"class_list":{"0":"post-6117","1":"product","2":"type-product","3":"status-publish","4":"has-post-thumbnail","6":"product_cat-fertilizantes-foliares","8":"first","9":"instock","10":"shipping-taxable","11":"product-type-simple"},"yoast_head":"<!-- This site is optimized with the Yoast SEO plugin v24.9 - https:\/\/yoast.com\/wordpress\/plugins\/seo\/ -->\n<title>Grinamin\u00ae FORTE - Fertilizantes Tepeyac<\/title>\n<meta name=\"robots\" content=\"index, follow, max-snippet:-1, max-image-preview:large, max-video-preview:-1\" \/>\n<link rel=\"canonical\" href=\"https:\/\/www.ftepeyac.com.mx\/en\/product\/grinamin-forte\/\" \/>\n<meta property=\"og:locale\" content=\"en_US\" \/>\n<meta property=\"og:type\" content=\"article\" \/>\n<meta property=\"og:title\" content=\"Grinamin\u00ae FORTE - Fertilizantes Tepeyac\" \/>\n<meta property=\"og:description\" content=\"Grinamin\u00ae FORTE Es un complejo nutricional con un balance perfecto entre nutrientes org\u00e1nicos y minerales, que se logra con la incorporaci\u00f3n de amino\u00e1cidos naturales y micro elementos de origen mineral. Grinamin\u00ae FORTE adem\u00e1s de ser un fertilizante que ayuda a corregir la carencia de elementos mayores y menores, es un activador del sistema de transaminaci\u00f3n de la planta. Los amino\u00e1cidos son los compuestos m\u00e1s importantes de la materia viva de las plantas. Por esto, en un programa de nutrici\u00f3n vegetal, la presencia de amino\u00e1cidos es fundamental, ya que son los elementos b\u00e1sicos de las prote\u00ednas, que forman la estructura de la planta. Los amino\u00e1cidos son los iniciadores de la producci\u00f3n de hormonas y ayudan a colocar en su lugar a los microelementos para ser aprovechados por el vegetal.  Presentaci\u00f3n: 1 y 10 Lts.  Fabricante: Allister   [...]Read More...\" \/>\n<meta property=\"og:url\" content=\"https:\/\/www.ftepeyac.com.mx\/en\/product\/grinamin-forte\/\" \/>\n<meta property=\"og:site_name\" content=\"Fertilizantes Tepeyac\" \/>\n<meta property=\"article:publisher\" content=\"https:\/\/www.facebook.com\/tepeyacgrupo\" \/>\n<meta property=\"article:modified_time\" content=\"2025-10-03T12:16:05+00:00\" \/>\n<meta property=\"og:image\" content=\"https:\/\/www.ftepeyac.com.mx\/wp-content\/uploads\/2021\/10\/gramin_forte.jpg\" \/>\n\t<meta property=\"og:image:width\" content=\"600\" \/>\n\t<meta property=\"og:image:height\" content=\"600\" \/>\n\t<meta property=\"og:image:type\" content=\"image\/jpeg\" \/>\n<meta name=\"twitter:card\" content=\"summary_large_image\" \/>\n<script type=\"application\/ld+json\" class=\"yoast-schema-graph\">{\"@context\":\"https:\/\/schema.org\",\"@graph\":[{\"@type\":\"WebPage\",\"@id\":\"https:\/\/www.ftepeyac.com.mx\/producto\/grinamin-forte\/\",\"url\":\"https:\/\/www.ftepeyac.com.mx\/producto\/grinamin-forte\/\",\"name\":\"Grinamin\u00ae FORTE - Fertilizantes Tepeyac\",\"isPartOf\":{\"@id\":\"https:\/\/www.ftepeyac.com.mx\/#website\"},\"primaryImageOfPage\":{\"@id\":\"https:\/\/www.ftepeyac.com.mx\/producto\/grinamin-forte\/#primaryimage\"},\"image\":{\"@id\":\"https:\/\/www.ftepeyac.com.mx\/producto\/grinamin-forte\/#primaryimage\"},\"thumbnailUrl\":\"https:\/\/www.ftepeyac.com.mx\/wp-content\/uploads\/2021\/10\/gramin_forte.jpg\",\"datePublished\":\"2021-10-06T18:51:00+00:00\",\"dateModified\":\"2025-10-03T12:16:05+00:00\",\"breadcrumb\":{\"@id\":\"https:\/\/www.ftepeyac.com.mx\/producto\/grinamin-forte\/#breadcrumb\"},\"inLanguage\":\"en-US\",\"potentialAction\":[{\"@type\":\"ReadAction\",\"target\":[\"https:\/\/www.ftepeyac.com.mx\/producto\/grinamin-forte\/\"]}]},{\"@type\":\"ImageObject\",\"inLanguage\":\"en-US\",\"@id\":\"https:\/\/www.ftepeyac.com.mx\/producto\/grinamin-forte\/#primaryimage\",\"url\":\"https:\/\/www.ftepeyac.com.mx\/wp-content\/uploads\/2021\/10\/gramin_forte.jpg\",\"contentUrl\":\"https:\/\/www.ftepeyac.com.mx\/wp-content\/uploads\/2021\/10\/gramin_forte.jpg\",\"width\":600,\"height\":600,\"caption\":\"gramin_forte\"},{\"@type\":\"BreadcrumbList\",\"@id\":\"https:\/\/www.ftepeyac.com.mx\/producto\/grinamin-forte\/#breadcrumb\",\"itemListElement\":[{\"@type\":\"ListItem\",\"position\":1,\"name\":\"Portada\",\"item\":\"https:\/\/www.ftepeyac.com.mx\/\"},{\"@type\":\"ListItem\",\"position\":2,\"name\":\"Productos\",\"item\":\"https:\/\/www.ftepeyac.com.mx\/shop\/\"},{\"@type\":\"ListItem\",\"position\":3,\"name\":\"Grinamin\u00ae FORTE\"}]},{\"@type\":\"WebSite\",\"@id\":\"https:\/\/www.ftepeyac.com.mx\/#website\",\"url\":\"https:\/\/www.ftepeyac.com.mx\/\",\"name\":\"Fertilizantes Tepeyac | Soluciones en Nutrici\u00f3n Vegetal y Protecci\u00f3n de Cultivos\",\"description\":\"Ofrecemos un gran cat\u00e1logo de soluciones en agricultura, nos distinguimos por nuestra atenci\u00f3n personalizada sin intermediarios.\",\"publisher\":{\"@id\":\"https:\/\/www.ftepeyac.com.mx\/#organization\"},\"potentialAction\":[{\"@type\":\"SearchAction\",\"target\":{\"@type\":\"EntryPoint\",\"urlTemplate\":\"https:\/\/www.ftepeyac.com.mx\/?s={search_term_string}\"},\"query-input\":{\"@type\":\"PropertyValueSpecification\",\"valueRequired\":true,\"valueName\":\"search_term_string\"}}],\"inLanguage\":\"en-US\"},{\"@type\":\"Organization\",\"@id\":\"https:\/\/www.ftepeyac.com.mx\/#organization\",\"name\":\"Fertilizantes Tepeyac | Soluciones en Nutrici\u00f3n Vegetal y Protecci\u00f3n de Cultivos\",\"url\":\"https:\/\/www.ftepeyac.com.mx\/\",\"logo\":{\"@type\":\"ImageObject\",\"inLanguage\":\"en-US\",\"@id\":\"https:\/\/www.ftepeyac.com.mx\/#\/schema\/logo\/image\/\",\"url\":\"https:\/\/www.ftepeyac.com.mx\/wp-content\/uploads\/2019\/09\/tepeyac75-logo.png\",\"contentUrl\":\"https:\/\/www.ftepeyac.com.mx\/wp-content\/uploads\/2019\/09\/tepeyac75-logo.png\",\"width\":700,\"height\":150,\"caption\":\"Fertilizantes Tepeyac | Soluciones en Nutrici\u00f3n Vegetal y Protecci\u00f3n de Cultivos\"},\"image\":{\"@id\":\"https:\/\/www.ftepeyac.com.mx\/#\/schema\/logo\/image\/\"},\"sameAs\":[\"https:\/\/www.facebook.com\/tepeyacgrupo\",\"https:\/\/www.instagram.com\/fertilizantes.tepeyac\/\",\"https:\/\/mx.linkedin.com\/company\/fertilizantes-tepeyac-del-noroeste\"]}]}<\/script>\n<!-- \/ Yoast SEO plugin. -->","yoast_head_json":{"title":"Grinamin\u00ae FORTE - Fertilizantes Tepeyac","robots":{"index":"index","follow":"follow","max-snippet":"max-snippet:-1","max-image-preview":"max-image-preview:large","max-video-preview":"max-video-preview:-1"},"canonical":"https:\/\/www.ftepeyac.com.mx\/en\/product\/grinamin-forte\/","og_locale":"en_US","og_type":"article","og_title":"Grinamin\u00ae FORTE - Fertilizantes Tepeyac","og_description":"Grinamin\u00ae FORTE Es un complejo nutricional con un balance perfecto entre nutrientes org\u00e1nicos y minerales, que se logra con la incorporaci\u00f3n de amino\u00e1cidos naturales y micro elementos de origen mineral. Grinamin\u00ae FORTE adem\u00e1s de ser un fertilizante que ayuda a corregir la carencia de elementos mayores y menores, es un activador del sistema de transaminaci\u00f3n de la planta. Los amino\u00e1cidos son los compuestos m\u00e1s importantes de la materia viva de las plantas. Por esto, en un programa de nutrici\u00f3n vegetal, la presencia de amino\u00e1cidos es fundamental, ya que son los elementos b\u00e1sicos de las prote\u00ednas, que forman la estructura de la planta. Los amino\u00e1cidos son los iniciadores de la producci\u00f3n de hormonas y ayudan a colocar en su lugar a los microelementos para ser aprovechados por el vegetal.  Presentaci\u00f3n: 1 y 10 Lts.  Fabricante: Allister   [...]Read More...","og_url":"https:\/\/www.ftepeyac.com.mx\/en\/product\/grinamin-forte\/","og_site_name":"Fertilizantes Tepeyac","article_publisher":"https:\/\/www.facebook.com\/tepeyacgrupo","article_modified_time":"2025-10-03T12:16:05+00:00","og_image":[{"width":600,"height":600,"url":"https:\/\/www.ftepeyac.com.mx\/wp-content\/uploads\/2021\/10\/gramin_forte.jpg","type":"image\/jpeg"}],"twitter_card":"summary_large_image","schema":{"@context":"https:\/\/schema.org","@graph":[{"@type":"WebPage","@id":"https:\/\/www.ftepeyac.com.mx\/producto\/grinamin-forte\/","url":"https:\/\/www.ftepeyac.com.mx\/producto\/grinamin-forte\/","name":"Grinamin\u00ae FORTE - Fertilizantes Tepeyac","isPartOf":{"@id":"https:\/\/www.ftepeyac.com.mx\/#website"},"primaryImageOfPage":{"@id":"https:\/\/www.ftepeyac.com.mx\/producto\/grinamin-forte\/#primaryimage"},"image":{"@id":"https:\/\/www.ftepeyac.com.mx\/producto\/grinamin-forte\/#primaryimage"},"thumbnailUrl":"https:\/\/www.ftepeyac.com.mx\/wp-content\/uploads\/2021\/10\/gramin_forte.jpg","datePublished":"2021-10-06T18:51:00+00:00","dateModified":"2025-10-03T12:16:05+00:00","breadcrumb":{"@id":"https:\/\/www.ftepeyac.com.mx\/producto\/grinamin-forte\/#breadcrumb"},"inLanguage":"en-US","potentialAction":[{"@type":"ReadAction","target":["https:\/\/www.ftepeyac.com.mx\/producto\/grinamin-forte\/"]}]},{"@type":"ImageObject","inLanguage":"en-US","@id":"https:\/\/www.ftepeyac.com.mx\/producto\/grinamin-forte\/#primaryimage","url":"https:\/\/www.ftepeyac.com.mx\/wp-content\/uploads\/2021\/10\/gramin_forte.jpg","contentUrl":"https:\/\/www.ftepeyac.com.mx\/wp-content\/uploads\/2021\/10\/gramin_forte.jpg","width":600,"height":600,"caption":"gramin_forte"},{"@type":"BreadcrumbList","@id":"https:\/\/www.ftepeyac.com.mx\/producto\/grinamin-forte\/#breadcrumb","itemListElement":[{"@type":"ListItem","position":1,"name":"Portada","item":"https:\/\/www.ftepeyac.com.mx\/"},{"@type":"ListItem","position":2,"name":"Productos","item":"https:\/\/www.ftepeyac.com.mx\/shop\/"},{"@type":"ListItem","position":3,"name":"Grinamin\u00ae FORTE"}]},{"@type":"WebSite","@id":"https:\/\/www.ftepeyac.com.mx\/#website","url":"https:\/\/www.ftepeyac.com.mx\/","name":"Fertilizantes Tepeyac | Soluciones en Nutrici\u00f3n Vegetal y Protecci\u00f3n de Cultivos","description":"Ofrecemos un gran cat\u00e1logo de soluciones en agricultura, nos distinguimos por nuestra atenci\u00f3n personalizada sin intermediarios.","publisher":{"@id":"https:\/\/www.ftepeyac.com.mx\/#organization"},"potentialAction":[{"@type":"SearchAction","target":{"@type":"EntryPoint","urlTemplate":"https:\/\/www.ftepeyac.com.mx\/?s={search_term_string}"},"query-input":{"@type":"PropertyValueSpecification","valueRequired":true,"valueName":"search_term_string"}}],"inLanguage":"en-US"},{"@type":"Organization","@id":"https:\/\/www.ftepeyac.com.mx\/#organization","name":"Fertilizantes Tepeyac | Soluciones en Nutrici\u00f3n Vegetal y Protecci\u00f3n de Cultivos","url":"https:\/\/www.ftepeyac.com.mx\/","logo":{"@type":"ImageObject","inLanguage":"en-US","@id":"https:\/\/www.ftepeyac.com.mx\/#\/schema\/logo\/image\/","url":"https:\/\/www.ftepeyac.com.mx\/wp-content\/uploads\/2019\/09\/tepeyac75-logo.png","contentUrl":"https:\/\/www.ftepeyac.com.mx\/wp-content\/uploads\/2019\/09\/tepeyac75-logo.png","width":700,"height":150,"caption":"Fertilizantes Tepeyac | Soluciones en Nutrici\u00f3n Vegetal y Protecci\u00f3n de Cultivos"},"image":{"@id":"https:\/\/www.ftepeyac.com.mx\/#\/schema\/logo\/image\/"},"sameAs":["https:\/\/www.facebook.com\/tepeyacgrupo","https:\/\/www.instagram.com\/fertilizantes.tepeyac\/","https:\/\/mx.linkedin.com\/company\/fertilizantes-tepeyac-del-noroeste"]}]}},"_links":{"self":[{"href":"https:\/\/www.ftepeyac.com.mx\/en\/wp-json\/wp\/v2\/product\/6117","targetHints":{"allow":["GET"]}}],"collection":[{"href":"https:\/\/www.ftepeyac.com.mx\/en\/wp-json\/wp\/v2\/product"}],"about":[{"href":"https:\/\/www.ftepeyac.com.mx\/en\/wp-json\/wp\/v2\/types\/product"}],"replies":[{"embeddable":true,"href":"https:\/\/www.ftepeyac.com.mx\/en\/wp-json\/wp\/v2\/comments?post=6117"}],"wp:featuredmedia":[{"embeddable":true,"href":"https:\/\/www.ftepeyac.com.mx\/en\/wp-json\/wp\/v2\/media\/6118"}],"wp:attachment":[{"href":"https:\/\/www.ftepeyac.com.mx\/en\/wp-json\/wp\/v2\/media?parent=6117"}],"wp:term":[{"taxonomy":"product_brand","embeddable":true,"href":"https:\/\/www.ftepeyac.com.mx\/en\/wp-json\/wp\/v2\/product_brand?post=6117"},{"taxonomy":"product_cat","embeddable":true,"href":"https:\/\/www.ftepeyac.com.mx\/en\/wp-json\/wp\/v2\/product_cat?post=6117"},{"taxonomy":"product_tag","embeddable":true,"href":"https:\/\/www.ftepeyac.com.mx\/en\/wp-json\/wp\/v2\/product_tag?post=6117"}],"curies":[{"name":"wp","href":"https:\/\/api.w.org\/{rel}","templated":true}]}}