{"id":6135,"date":"2021-10-06T19:06:35","date_gmt":"2021-10-06T19:06:35","guid":{"rendered":"https:\/\/www.ftepeyac.com.mx\/?post_type=product&#038;p=6135"},"modified":"2025-07-25T15:26:03","modified_gmt":"2025-07-25T15:26:03","slug":"kelatex-cab","status":"publish","type":"product","link":"https:\/\/www.ftepeyac.com.mx\/en\/product\/kelatex-cab\/","title":{"rendered":"KELATEX \u00ae Ca+B"},"content":{"rendered":"","protected":false},"excerpt":{"rendered":"<h4>KELATEX \u00ae Ca+B<\/h4>\n<p class=\"no-show\">Es una fuente de calcio y boro para aplicaci\u00f3n foliar, complementadas con L-amino\u00e1cidos libres y extractos org\u00e1nicos.<\/p>\n<p class=\"no-show\">La formulaci\u00f3n de KELATEX\u00ae Ca+B permite integrar calcio y boro. Elementos entre los cuales existe una fuerte complementaci\u00f3n metab\u00f3lica y que comparten, adem\u00e1s las condiciones que determinan la deficiencia de cada uno de ellos.<\/p>\n<p class=\"no-show\">Las funciones metab\u00f3licas m\u00e1s importantes, compartidas entre el calcio y el boro son la translocaci\u00f3n de carbohidratos dentro de la planta, enraizamiento y la formaci\u00f3n de paredes celulares.<\/p>\n<p class=\"no-show\">Sugerimos la aplicaci\u00f3n de KELATEX\u00ae Ca+B cuando haya problemas de abasto de microelementos ocasionados por pH elevado, presencia de carbonatos, falta de materia org\u00e1nica, etc., durante cualquier etapa de desarrollo en el cultivo, particularmente cuando la tasa de crecimiento sea elevada.<\/p>\n<p class=\"no-show\"><strong style=\"font-weight: 600;\">Presentation:<\/strong> 1 Kg.<\/p>\n<p class=\"no-show\"><strong style=\"font-weight: 600;\">Crops:<\/strong><\/p>\n<p><img decoding=\"async\" class=\"no-show\" src=\"https:\/\/www.ftepeyac.com.mx\/wp-content\/uploads\/2019\/09\/kelatex_cab.png\" \/><\/p>\n<p class=\"no-show\"><strong style=\"font-weight: 600;\">Manufacturer:<\/strong> Cosmocel<\/p>\n<p><!--<a class=\"no-show\" href=\"https:\/\/www.ftepeyac.com.mx\/wp-content\/uploads\/2019\/09\/hoja_de_seguridad_k_fol.pdf\" target=\"_blank\" rel=\"noopener\">Hoja de seguridad<\/a>\n\n<a class=\"no-show\" href=\"https:\/\/www.ftepeyac.com.mx\/wp-content\/uploads\/2019\/09\/ficha_tecnica_k_fol.pdf\" target=\"_blank\" rel=\"noopener\">Ficha t\u00e9cnica<\/a>--> [&#8230;]<\/p>\n<p><a class=\"btn btn-secondary understrap-read-more-link\" href=\"https:\/\/www.ftepeyac.com.mx\/en\/product\/kelatex-cab\/\">Read More&#8230;<\/a><\/p>","protected":false},"featured_media":6137,"comment_status":"open","ping_status":"closed","template":"","meta":{"inline_featured_image":false},"product_brand":[],"product_cat":[65],"product_tag":[],"class_list":{"0":"post-6135","1":"product","2":"type-product","3":"status-publish","4":"has-post-thumbnail","6":"product_cat-fertilizantes-foliares","8":"first","9":"instock","10":"shipping-taxable","11":"product-type-simple"},"yoast_head":"<!-- This site is optimized with the Yoast SEO plugin v24.9 - https:\/\/yoast.com\/wordpress\/plugins\/seo\/ -->\n<title>KELATEX \u00ae Ca+B - Fertilizantes Tepeyac<\/title>\n<meta name=\"robots\" content=\"index, follow, max-snippet:-1, max-image-preview:large, max-video-preview:-1\" \/>\n<link rel=\"canonical\" href=\"https:\/\/www.ftepeyac.com.mx\/en\/product\/kelatex-cab\/\" \/>\n<meta property=\"og:locale\" content=\"en_US\" \/>\n<meta property=\"og:type\" content=\"article\" \/>\n<meta property=\"og:title\" content=\"KELATEX \u00ae Ca+B - Fertilizantes Tepeyac\" \/>\n<meta property=\"og:description\" content=\"KELATEX \u00ae Ca+B Es una fuente de calcio y boro para aplicaci\u00f3n foliar, complementadas con L-amino\u00e1cidos libres y extractos org\u00e1nicos. La formulaci\u00f3n de KELATEX\u00ae Ca+B permite integrar calcio y boro. Elementos entre los cuales existe una fuerte complementaci\u00f3n metab\u00f3lica y que comparten, adem\u00e1s las condiciones que determinan la deficiencia de cada uno de ellos. Las funciones metab\u00f3licas m\u00e1s importantes, compartidas entre el calcio y el boro son la translocaci\u00f3n de carbohidratos dentro de la planta, enraizamiento y la formaci\u00f3n de paredes celulares. Sugerimos la aplicaci\u00f3n de KELATEX\u00ae Ca+B cuando haya problemas de abasto de microelementos ocasionados por pH elevado, presencia de carbonatos, falta de materia org\u00e1nica, etc., durante cualquier etapa de desarrollo en el cultivo, particularmente cuando la tasa de crecimiento sea elevada.  Presentaci\u00f3n: 1 Kg. Cultivos:  Fabricante: Cosmocel   [...]Read More...\" \/>\n<meta property=\"og:url\" content=\"https:\/\/www.ftepeyac.com.mx\/en\/product\/kelatex-cab\/\" \/>\n<meta property=\"og:site_name\" content=\"Fertilizantes Tepeyac\" \/>\n<meta property=\"article:publisher\" content=\"https:\/\/www.facebook.com\/tepeyacgrupo\" \/>\n<meta property=\"article:modified_time\" content=\"2025-07-25T15:26:03+00:00\" \/>\n<meta property=\"og:image\" content=\"https:\/\/www.ftepeyac.com.mx\/wp-content\/uploads\/2021\/10\/productos.jpg\" \/>\n\t<meta property=\"og:image:width\" content=\"600\" \/>\n\t<meta property=\"og:image:height\" content=\"600\" \/>\n\t<meta property=\"og:image:type\" content=\"image\/jpeg\" \/>\n<meta name=\"twitter:card\" content=\"summary_large_image\" \/>\n<script type=\"application\/ld+json\" class=\"yoast-schema-graph\">{\"@context\":\"https:\/\/schema.org\",\"@graph\":[{\"@type\":\"WebPage\",\"@id\":\"https:\/\/www.ftepeyac.com.mx\/producto\/kelatex-cab\/\",\"url\":\"https:\/\/www.ftepeyac.com.mx\/producto\/kelatex-cab\/\",\"name\":\"KELATEX \u00ae Ca+B - Fertilizantes Tepeyac\",\"isPartOf\":{\"@id\":\"https:\/\/www.ftepeyac.com.mx\/#website\"},\"primaryImageOfPage\":{\"@id\":\"https:\/\/www.ftepeyac.com.mx\/producto\/kelatex-cab\/#primaryimage\"},\"image\":{\"@id\":\"https:\/\/www.ftepeyac.com.mx\/producto\/kelatex-cab\/#primaryimage\"},\"thumbnailUrl\":\"https:\/\/www.ftepeyac.com.mx\/wp-content\/uploads\/2021\/10\/productos.jpg\",\"datePublished\":\"2021-10-06T19:06:35+00:00\",\"dateModified\":\"2025-07-25T15:26:03+00:00\",\"breadcrumb\":{\"@id\":\"https:\/\/www.ftepeyac.com.mx\/producto\/kelatex-cab\/#breadcrumb\"},\"inLanguage\":\"en-US\",\"potentialAction\":[{\"@type\":\"ReadAction\",\"target\":[\"https:\/\/www.ftepeyac.com.mx\/producto\/kelatex-cab\/\"]}]},{\"@type\":\"ImageObject\",\"inLanguage\":\"en-US\",\"@id\":\"https:\/\/www.ftepeyac.com.mx\/producto\/kelatex-cab\/#primaryimage\",\"url\":\"https:\/\/www.ftepeyac.com.mx\/wp-content\/uploads\/2021\/10\/productos.jpg\",\"contentUrl\":\"https:\/\/www.ftepeyac.com.mx\/wp-content\/uploads\/2021\/10\/productos.jpg\",\"width\":600,\"height\":600,\"caption\":\"kelatex cab\"},{\"@type\":\"BreadcrumbList\",\"@id\":\"https:\/\/www.ftepeyac.com.mx\/producto\/kelatex-cab\/#breadcrumb\",\"itemListElement\":[{\"@type\":\"ListItem\",\"position\":1,\"name\":\"Portada\",\"item\":\"https:\/\/www.ftepeyac.com.mx\/\"},{\"@type\":\"ListItem\",\"position\":2,\"name\":\"Productos\",\"item\":\"https:\/\/www.ftepeyac.com.mx\/shop\/\"},{\"@type\":\"ListItem\",\"position\":3,\"name\":\"KELATEX \u00ae Ca+B\"}]},{\"@type\":\"WebSite\",\"@id\":\"https:\/\/www.ftepeyac.com.mx\/#website\",\"url\":\"https:\/\/www.ftepeyac.com.mx\/\",\"name\":\"Fertilizantes Tepeyac | Soluciones en Nutrici\u00f3n Vegetal y Protecci\u00f3n de Cultivos\",\"description\":\"Ofrecemos un gran cat\u00e1logo de soluciones en agricultura, nos distinguimos por nuestra atenci\u00f3n personalizada sin intermediarios.\",\"publisher\":{\"@id\":\"https:\/\/www.ftepeyac.com.mx\/#organization\"},\"potentialAction\":[{\"@type\":\"SearchAction\",\"target\":{\"@type\":\"EntryPoint\",\"urlTemplate\":\"https:\/\/www.ftepeyac.com.mx\/?s={search_term_string}\"},\"query-input\":{\"@type\":\"PropertyValueSpecification\",\"valueRequired\":true,\"valueName\":\"search_term_string\"}}],\"inLanguage\":\"en-US\"},{\"@type\":\"Organization\",\"@id\":\"https:\/\/www.ftepeyac.com.mx\/#organization\",\"name\":\"Fertilizantes Tepeyac | Soluciones en Nutrici\u00f3n Vegetal y Protecci\u00f3n de Cultivos\",\"url\":\"https:\/\/www.ftepeyac.com.mx\/\",\"logo\":{\"@type\":\"ImageObject\",\"inLanguage\":\"en-US\",\"@id\":\"https:\/\/www.ftepeyac.com.mx\/#\/schema\/logo\/image\/\",\"url\":\"https:\/\/www.ftepeyac.com.mx\/wp-content\/uploads\/2019\/09\/tepeyac75-logo.png\",\"contentUrl\":\"https:\/\/www.ftepeyac.com.mx\/wp-content\/uploads\/2019\/09\/tepeyac75-logo.png\",\"width\":700,\"height\":150,\"caption\":\"Fertilizantes Tepeyac | Soluciones en Nutrici\u00f3n Vegetal y Protecci\u00f3n de Cultivos\"},\"image\":{\"@id\":\"https:\/\/www.ftepeyac.com.mx\/#\/schema\/logo\/image\/\"},\"sameAs\":[\"https:\/\/www.facebook.com\/tepeyacgrupo\",\"https:\/\/www.instagram.com\/fertilizantes.tepeyac\/\",\"https:\/\/mx.linkedin.com\/company\/fertilizantes-tepeyac-del-noroeste\"]}]}<\/script>\n<!-- \/ Yoast SEO plugin. -->","yoast_head_json":{"title":"KELATEX \u00ae Ca+B - Fertilizantes Tepeyac","robots":{"index":"index","follow":"follow","max-snippet":"max-snippet:-1","max-image-preview":"max-image-preview:large","max-video-preview":"max-video-preview:-1"},"canonical":"https:\/\/www.ftepeyac.com.mx\/en\/product\/kelatex-cab\/","og_locale":"en_US","og_type":"article","og_title":"KELATEX \u00ae Ca+B - Fertilizantes Tepeyac","og_description":"KELATEX \u00ae Ca+B Es una fuente de calcio y boro para aplicaci\u00f3n foliar, complementadas con L-amino\u00e1cidos libres y extractos org\u00e1nicos. La formulaci\u00f3n de KELATEX\u00ae Ca+B permite integrar calcio y boro. Elementos entre los cuales existe una fuerte complementaci\u00f3n metab\u00f3lica y que comparten, adem\u00e1s las condiciones que determinan la deficiencia de cada uno de ellos. Las funciones metab\u00f3licas m\u00e1s importantes, compartidas entre el calcio y el boro son la translocaci\u00f3n de carbohidratos dentro de la planta, enraizamiento y la formaci\u00f3n de paredes celulares. Sugerimos la aplicaci\u00f3n de KELATEX\u00ae Ca+B cuando haya problemas de abasto de microelementos ocasionados por pH elevado, presencia de carbonatos, falta de materia org\u00e1nica, etc., durante cualquier etapa de desarrollo en el cultivo, particularmente cuando la tasa de crecimiento sea elevada.  Presentaci\u00f3n: 1 Kg. Cultivos:  Fabricante: Cosmocel   [...]Read More...","og_url":"https:\/\/www.ftepeyac.com.mx\/en\/product\/kelatex-cab\/","og_site_name":"Fertilizantes Tepeyac","article_publisher":"https:\/\/www.facebook.com\/tepeyacgrupo","article_modified_time":"2025-07-25T15:26:03+00:00","og_image":[{"width":600,"height":600,"url":"https:\/\/www.ftepeyac.com.mx\/wp-content\/uploads\/2021\/10\/productos.jpg","type":"image\/jpeg"}],"twitter_card":"summary_large_image","schema":{"@context":"https:\/\/schema.org","@graph":[{"@type":"WebPage","@id":"https:\/\/www.ftepeyac.com.mx\/producto\/kelatex-cab\/","url":"https:\/\/www.ftepeyac.com.mx\/producto\/kelatex-cab\/","name":"KELATEX \u00ae Ca+B - Fertilizantes Tepeyac","isPartOf":{"@id":"https:\/\/www.ftepeyac.com.mx\/#website"},"primaryImageOfPage":{"@id":"https:\/\/www.ftepeyac.com.mx\/producto\/kelatex-cab\/#primaryimage"},"image":{"@id":"https:\/\/www.ftepeyac.com.mx\/producto\/kelatex-cab\/#primaryimage"},"thumbnailUrl":"https:\/\/www.ftepeyac.com.mx\/wp-content\/uploads\/2021\/10\/productos.jpg","datePublished":"2021-10-06T19:06:35+00:00","dateModified":"2025-07-25T15:26:03+00:00","breadcrumb":{"@id":"https:\/\/www.ftepeyac.com.mx\/producto\/kelatex-cab\/#breadcrumb"},"inLanguage":"en-US","potentialAction":[{"@type":"ReadAction","target":["https:\/\/www.ftepeyac.com.mx\/producto\/kelatex-cab\/"]}]},{"@type":"ImageObject","inLanguage":"en-US","@id":"https:\/\/www.ftepeyac.com.mx\/producto\/kelatex-cab\/#primaryimage","url":"https:\/\/www.ftepeyac.com.mx\/wp-content\/uploads\/2021\/10\/productos.jpg","contentUrl":"https:\/\/www.ftepeyac.com.mx\/wp-content\/uploads\/2021\/10\/productos.jpg","width":600,"height":600,"caption":"kelatex cab"},{"@type":"BreadcrumbList","@id":"https:\/\/www.ftepeyac.com.mx\/producto\/kelatex-cab\/#breadcrumb","itemListElement":[{"@type":"ListItem","position":1,"name":"Portada","item":"https:\/\/www.ftepeyac.com.mx\/"},{"@type":"ListItem","position":2,"name":"Productos","item":"https:\/\/www.ftepeyac.com.mx\/shop\/"},{"@type":"ListItem","position":3,"name":"KELATEX \u00ae Ca+B"}]},{"@type":"WebSite","@id":"https:\/\/www.ftepeyac.com.mx\/#website","url":"https:\/\/www.ftepeyac.com.mx\/","name":"Fertilizantes Tepeyac | Soluciones en Nutrici\u00f3n Vegetal y Protecci\u00f3n de Cultivos","description":"Ofrecemos un gran cat\u00e1logo de soluciones en agricultura, nos distinguimos por nuestra atenci\u00f3n personalizada sin intermediarios.","publisher":{"@id":"https:\/\/www.ftepeyac.com.mx\/#organization"},"potentialAction":[{"@type":"SearchAction","target":{"@type":"EntryPoint","urlTemplate":"https:\/\/www.ftepeyac.com.mx\/?s={search_term_string}"},"query-input":{"@type":"PropertyValueSpecification","valueRequired":true,"valueName":"search_term_string"}}],"inLanguage":"en-US"},{"@type":"Organization","@id":"https:\/\/www.ftepeyac.com.mx\/#organization","name":"Fertilizantes Tepeyac | Soluciones en Nutrici\u00f3n Vegetal y Protecci\u00f3n de Cultivos","url":"https:\/\/www.ftepeyac.com.mx\/","logo":{"@type":"ImageObject","inLanguage":"en-US","@id":"https:\/\/www.ftepeyac.com.mx\/#\/schema\/logo\/image\/","url":"https:\/\/www.ftepeyac.com.mx\/wp-content\/uploads\/2019\/09\/tepeyac75-logo.png","contentUrl":"https:\/\/www.ftepeyac.com.mx\/wp-content\/uploads\/2019\/09\/tepeyac75-logo.png","width":700,"height":150,"caption":"Fertilizantes Tepeyac | Soluciones en Nutrici\u00f3n Vegetal y Protecci\u00f3n de Cultivos"},"image":{"@id":"https:\/\/www.ftepeyac.com.mx\/#\/schema\/logo\/image\/"},"sameAs":["https:\/\/www.facebook.com\/tepeyacgrupo","https:\/\/www.instagram.com\/fertilizantes.tepeyac\/","https:\/\/mx.linkedin.com\/company\/fertilizantes-tepeyac-del-noroeste"]}]}},"_links":{"self":[{"href":"https:\/\/www.ftepeyac.com.mx\/en\/wp-json\/wp\/v2\/product\/6135","targetHints":{"allow":["GET"]}}],"collection":[{"href":"https:\/\/www.ftepeyac.com.mx\/en\/wp-json\/wp\/v2\/product"}],"about":[{"href":"https:\/\/www.ftepeyac.com.mx\/en\/wp-json\/wp\/v2\/types\/product"}],"replies":[{"embeddable":true,"href":"https:\/\/www.ftepeyac.com.mx\/en\/wp-json\/wp\/v2\/comments?post=6135"}],"wp:featuredmedia":[{"embeddable":true,"href":"https:\/\/www.ftepeyac.com.mx\/en\/wp-json\/wp\/v2\/media\/6137"}],"wp:attachment":[{"href":"https:\/\/www.ftepeyac.com.mx\/en\/wp-json\/wp\/v2\/media?parent=6135"}],"wp:term":[{"taxonomy":"product_brand","embeddable":true,"href":"https:\/\/www.ftepeyac.com.mx\/en\/wp-json\/wp\/v2\/product_brand?post=6135"},{"taxonomy":"product_cat","embeddable":true,"href":"https:\/\/www.ftepeyac.com.mx\/en\/wp-json\/wp\/v2\/product_cat?post=6135"},{"taxonomy":"product_tag","embeddable":true,"href":"https:\/\/www.ftepeyac.com.mx\/en\/wp-json\/wp\/v2\/product_tag?post=6135"}],"curies":[{"name":"wp","href":"https:\/\/api.w.org\/{rel}","templated":true}]}}