{"id":6360,"date":"2021-10-11T06:13:14","date_gmt":"2021-10-11T06:13:14","guid":{"rendered":"https:\/\/www.ftepeyac.com.mx\/?post_type=product&#038;p=6360"},"modified":"2022-04-18T01:41:54","modified_gmt":"2022-04-18T01:41:54","slug":"serifel","status":"publish","type":"product","link":"https:\/\/www.ftepeyac.com.mx\/en\/product\/serifel\/","title":{"rendered":"Serifel\u00ae"},"content":{"rendered":"","protected":false},"excerpt":{"rendered":"<h4>Serifel\u00ae<\/h4>\n<p class=\"no-show\">Es un innovador fungicida biol\u00f3gico, el m\u00e1s concentrado en el mercado debido a su formulaci\u00f3n con alta concentraci\u00f3n de esporas puras, estableciendo un alto est\u00e1ndar de calidad y control. Serifel\u00ae es una cepa \u00fanica que produce su propio perfil metab\u00f3lico con alta pureza gen\u00e9tica y estabilidad de las esporas, asegurando un patr\u00f3n de calidad y formulaci\u00f3n de alta tecnolog\u00eda. Estos atributos, proporcionan al agricultor valiosos beneficios como, confiabilidad y homogeneidad en el desempe\u00f1o, uso de dosis bajas con alta estabilidad en un amplio rango de temperatura, plazos de seguridad m\u00ednimos, (PHI, per\u00edodo de reingreso al \u00e1rea tratada) y, seguridad para los altos est\u00e1ndares de residuos en los cultivos de exportaci\u00f3n y procesos certificados.<\/p>\n<p class=\"no-show\">Serifel\u00ae es un innovador fungicida biol\u00f3gico, el m\u00e1s concentrado en el mercado debido a su formulaci\u00f3n con alta concentraci\u00f3n de esporas puras, estableciento un alto est\u00e1ndar de calidad y control. Serifel\u00ae es una cepa \u00fanica que produce su propio perfil metab\u00f3lico con alta pureza gen\u00e9tica y estabilidad de las esporas, asegurando un patr\u00f3n de calidad y formulaci\u00f3n de alta tecnolog\u00eda. Estos atributos, proporcionan al agricultor valiosos beneficios como, confiabilidad y homogeneidad en el desempe\u00f1o, uso de dosis bajas con alta estabilidad en un amplio rango de temperatura, plazos de seguridad m\u00ednimos, (PHI, per\u00edodo de reingreso al \u00e1rea tratada) y, seguridad para los altos est\u00e1ndares de residuos en los cultivos de exportaci\u00f3n y procesos certificados.<\/p>\n<p class=\"no-show\"><strong style=\"font-weight: 600;\">Presentation:<\/strong> 12 x 0.5 Kg<\/p>\n<p class=\"no-show\"><strong style=\"font-weight: 600;\">Crops:<\/strong><\/p>\n<p><img decoding=\"async\" class=\"no-show\" src=\"https:\/\/www.ftepeyac.com.mx\/wp-content\/uploads\/2019\/09\/SERIFEL_CULTIVOS.png\" \/><\/p>\n<p class=\"no-show\"><strong style=\"font-weight: 600;\">Manufacturer:<\/strong> BASF<\/p>\n<p><a class=\"no-show\" href=\"https:\/\/www.ftepeyac.com.mx\/wp-content\/uploads\/2019\/09\/SERIFEL_FICHA_TECNICA.pdf\" target=\"_blank\" rel=\"noopener\">Technical sheet<\/a><\/p>\n<p><a class=\"no-show\" href=\"https:\/\/www.ftepeyac.com.mx\/wp-content\/uploads\/2019\/09\/SERIFEL_HOJA_DE_SEGURIDAD.pdf\" target=\"_blank\" rel=\"noopener\">Safety sheet<\/a> [&#8230;]<\/p>\n<p><a class=\"btn btn-secondary understrap-read-more-link\" href=\"https:\/\/www.ftepeyac.com.mx\/en\/product\/serifel\/\">Read More&#8230;<\/a><\/p>","protected":false},"featured_media":6391,"comment_status":"open","ping_status":"closed","template":"","meta":{"inline_featured_image":false},"product_brand":[],"product_cat":[85,72],"product_tag":[],"class_list":{"0":"post-6360","1":"product","2":"type-product","3":"status-publish","4":"has-post-thumbnail","6":"product_cat-agroquimicos","7":"product_cat-fungicidas","9":"first","10":"instock","11":"shipping-taxable","12":"product-type-simple"},"yoast_head":"<!-- This site is optimized with the Yoast SEO plugin v24.9 - https:\/\/yoast.com\/wordpress\/plugins\/seo\/ -->\n<title>Serifel\u00ae - Fertilizantes Tepeyac<\/title>\n<meta name=\"robots\" content=\"index, follow, max-snippet:-1, max-image-preview:large, max-video-preview:-1\" \/>\n<link rel=\"canonical\" href=\"https:\/\/www.ftepeyac.com.mx\/en\/product\/serifel\/\" \/>\n<meta property=\"og:locale\" content=\"en_US\" \/>\n<meta property=\"og:type\" content=\"article\" \/>\n<meta property=\"og:title\" content=\"Serifel\u00ae - Fertilizantes Tepeyac\" \/>\n<meta property=\"og:description\" content=\"Serifel\u00ae Es un innovador fungicida biol\u00f3gico, el m\u00e1s concentrado en el mercado debido a su formulaci\u00f3n con alta concentraci\u00f3n de esporas puras, estableciendo un alto est\u00e1ndar de calidad y control. Serifel\u00ae es una cepa \u00fanica que produce su propio perfil metab\u00f3lico con alta pureza gen\u00e9tica y estabilidad de las esporas, asegurando un patr\u00f3n de calidad y formulaci\u00f3n de alta tecnolog\u00eda. Estos atributos, proporcionan al agricultor valiosos beneficios como, confiabilidad y homogeneidad en el desempe\u00f1o, uso de dosis bajas con alta estabilidad en un amplio rango de temperatura, plazos de seguridad m\u00ednimos, (PHI, per\u00edodo de reingreso al \u00e1rea tratada) y, seguridad para los altos est\u00e1ndares de residuos en los cultivos de exportaci\u00f3n y procesos certificados. Serifel\u00ae es un innovador fungicida biol\u00f3gico, el m\u00e1s concentrado en el mercado debido a su formulaci\u00f3n con alta concentraci\u00f3n de esporas puras, estableciento un alto est\u00e1ndar de calidad y control. Serifel\u00ae es una cepa \u00fanica que produce su propio perfil metab\u00f3lico con alta pureza gen\u00e9tica y estabilidad de las esporas, asegurando un patr\u00f3n de calidad y formulaci\u00f3n de alta tecnolog\u00eda. Estos atributos, proporcionan al agricultor valiosos beneficios como, confiabilidad y homogeneidad en el desempe\u00f1o, uso de dosis bajas con alta estabilidad en un amplio rango de temperatura, plazos de seguridad m\u00ednimos, (PHI, per\u00edodo de reingreso al \u00e1rea tratada) y, seguridad para los altos est\u00e1ndares de residuos en los cultivos de exportaci\u00f3n y procesos certificados. Presentaci\u00f3n: 12 x 0.5 Kg Cultivos:  Fabricante: BASF Ficha t\u00e9cnica  Hoja de seguridad [...]Read More...\" \/>\n<meta property=\"og:url\" content=\"https:\/\/www.ftepeyac.com.mx\/en\/product\/serifel\/\" \/>\n<meta property=\"og:site_name\" content=\"Fertilizantes Tepeyac\" \/>\n<meta property=\"article:publisher\" content=\"https:\/\/www.facebook.com\/tepeyacgrupo\" \/>\n<meta property=\"article:modified_time\" content=\"2022-04-18T01:41:54+00:00\" \/>\n<meta property=\"og:image\" content=\"https:\/\/www.ftepeyac.com.mx\/wp-content\/uploads\/2021\/10\/SERIFEL_PRODUCTO.jpg\" \/>\n\t<meta property=\"og:image:width\" content=\"600\" \/>\n\t<meta property=\"og:image:height\" content=\"600\" \/>\n\t<meta property=\"og:image:type\" content=\"image\/jpeg\" \/>\n<meta name=\"twitter:card\" content=\"summary_large_image\" \/>\n<script type=\"application\/ld+json\" class=\"yoast-schema-graph\">{\"@context\":\"https:\/\/schema.org\",\"@graph\":[{\"@type\":\"WebPage\",\"@id\":\"https:\/\/www.ftepeyac.com.mx\/en\/product\/serifel\/\",\"url\":\"https:\/\/www.ftepeyac.com.mx\/en\/product\/serifel\/\",\"name\":\"Serifel\u00ae - Fertilizantes Tepeyac\",\"isPartOf\":{\"@id\":\"https:\/\/www.ftepeyac.com.mx\/#website\"},\"primaryImageOfPage\":{\"@id\":\"https:\/\/www.ftepeyac.com.mx\/en\/product\/serifel\/#primaryimage\"},\"image\":{\"@id\":\"https:\/\/www.ftepeyac.com.mx\/en\/product\/serifel\/#primaryimage\"},\"thumbnailUrl\":\"https:\/\/www.ftepeyac.com.mx\/wp-content\/uploads\/2021\/10\/SERIFEL_PRODUCTO.jpg\",\"datePublished\":\"2021-10-11T06:13:14+00:00\",\"dateModified\":\"2022-04-18T01:41:54+00:00\",\"breadcrumb\":{\"@id\":\"https:\/\/www.ftepeyac.com.mx\/en\/product\/serifel\/#breadcrumb\"},\"inLanguage\":\"en-US\",\"potentialAction\":[{\"@type\":\"ReadAction\",\"target\":[\"https:\/\/www.ftepeyac.com.mx\/en\/product\/serifel\/\"]}]},{\"@type\":\"ImageObject\",\"inLanguage\":\"en-US\",\"@id\":\"https:\/\/www.ftepeyac.com.mx\/en\/product\/serifel\/#primaryimage\",\"url\":\"https:\/\/www.ftepeyac.com.mx\/wp-content\/uploads\/2021\/10\/SERIFEL_PRODUCTO.jpg\",\"contentUrl\":\"https:\/\/www.ftepeyac.com.mx\/wp-content\/uploads\/2021\/10\/SERIFEL_PRODUCTO.jpg\",\"width\":600,\"height\":600},{\"@type\":\"BreadcrumbList\",\"@id\":\"https:\/\/www.ftepeyac.com.mx\/en\/product\/serifel\/#breadcrumb\",\"itemListElement\":[{\"@type\":\"ListItem\",\"position\":1,\"name\":\"Portada\",\"item\":\"https:\/\/www.ftepeyac.com.mx\/\"},{\"@type\":\"ListItem\",\"position\":2,\"name\":\"Productos\",\"item\":\"https:\/\/www.ftepeyac.com.mx\/shop\/\"},{\"@type\":\"ListItem\",\"position\":3,\"name\":\"Serifel\u00ae\"}]},{\"@type\":\"WebSite\",\"@id\":\"https:\/\/www.ftepeyac.com.mx\/#website\",\"url\":\"https:\/\/www.ftepeyac.com.mx\/\",\"name\":\"Fertilizantes Tepeyac | Soluciones en Nutrici\u00f3n Vegetal y Protecci\u00f3n de Cultivos\",\"description\":\"Ofrecemos un gran cat\u00e1logo de soluciones en agricultura, nos distinguimos por nuestra atenci\u00f3n personalizada sin intermediarios.\",\"publisher\":{\"@id\":\"https:\/\/www.ftepeyac.com.mx\/#organization\"},\"potentialAction\":[{\"@type\":\"SearchAction\",\"target\":{\"@type\":\"EntryPoint\",\"urlTemplate\":\"https:\/\/www.ftepeyac.com.mx\/?s={search_term_string}\"},\"query-input\":{\"@type\":\"PropertyValueSpecification\",\"valueRequired\":true,\"valueName\":\"search_term_string\"}}],\"inLanguage\":\"en-US\"},{\"@type\":\"Organization\",\"@id\":\"https:\/\/www.ftepeyac.com.mx\/#organization\",\"name\":\"Fertilizantes Tepeyac | Soluciones en Nutrici\u00f3n Vegetal y Protecci\u00f3n de Cultivos\",\"url\":\"https:\/\/www.ftepeyac.com.mx\/\",\"logo\":{\"@type\":\"ImageObject\",\"inLanguage\":\"en-US\",\"@id\":\"https:\/\/www.ftepeyac.com.mx\/#\/schema\/logo\/image\/\",\"url\":\"https:\/\/www.ftepeyac.com.mx\/wp-content\/uploads\/2019\/09\/tepeyac75-logo.png\",\"contentUrl\":\"https:\/\/www.ftepeyac.com.mx\/wp-content\/uploads\/2019\/09\/tepeyac75-logo.png\",\"width\":700,\"height\":150,\"caption\":\"Fertilizantes Tepeyac | Soluciones en Nutrici\u00f3n Vegetal y Protecci\u00f3n de Cultivos\"},\"image\":{\"@id\":\"https:\/\/www.ftepeyac.com.mx\/#\/schema\/logo\/image\/\"},\"sameAs\":[\"https:\/\/www.facebook.com\/tepeyacgrupo\",\"https:\/\/www.instagram.com\/fertilizantes.tepeyac\/\",\"https:\/\/mx.linkedin.com\/company\/fertilizantes-tepeyac-del-noroeste\"]}]}<\/script>\n<!-- \/ Yoast SEO plugin. -->","yoast_head_json":{"title":"Serifel\u00ae - Fertilizantes Tepeyac","robots":{"index":"index","follow":"follow","max-snippet":"max-snippet:-1","max-image-preview":"max-image-preview:large","max-video-preview":"max-video-preview:-1"},"canonical":"https:\/\/www.ftepeyac.com.mx\/en\/product\/serifel\/","og_locale":"en_US","og_type":"article","og_title":"Serifel\u00ae - Fertilizantes Tepeyac","og_description":"Serifel\u00ae Es un innovador fungicida biol\u00f3gico, el m\u00e1s concentrado en el mercado debido a su formulaci\u00f3n con alta concentraci\u00f3n de esporas puras, estableciendo un alto est\u00e1ndar de calidad y control. Serifel\u00ae es una cepa \u00fanica que produce su propio perfil metab\u00f3lico con alta pureza gen\u00e9tica y estabilidad de las esporas, asegurando un patr\u00f3n de calidad y formulaci\u00f3n de alta tecnolog\u00eda. Estos atributos, proporcionan al agricultor valiosos beneficios como, confiabilidad y homogeneidad en el desempe\u00f1o, uso de dosis bajas con alta estabilidad en un amplio rango de temperatura, plazos de seguridad m\u00ednimos, (PHI, per\u00edodo de reingreso al \u00e1rea tratada) y, seguridad para los altos est\u00e1ndares de residuos en los cultivos de exportaci\u00f3n y procesos certificados. Serifel\u00ae es un innovador fungicida biol\u00f3gico, el m\u00e1s concentrado en el mercado debido a su formulaci\u00f3n con alta concentraci\u00f3n de esporas puras, estableciento un alto est\u00e1ndar de calidad y control. Serifel\u00ae es una cepa \u00fanica que produce su propio perfil metab\u00f3lico con alta pureza gen\u00e9tica y estabilidad de las esporas, asegurando un patr\u00f3n de calidad y formulaci\u00f3n de alta tecnolog\u00eda. Estos atributos, proporcionan al agricultor valiosos beneficios como, confiabilidad y homogeneidad en el desempe\u00f1o, uso de dosis bajas con alta estabilidad en un amplio rango de temperatura, plazos de seguridad m\u00ednimos, (PHI, per\u00edodo de reingreso al \u00e1rea tratada) y, seguridad para los altos est\u00e1ndares de residuos en los cultivos de exportaci\u00f3n y procesos certificados. Presentaci\u00f3n: 12 x 0.5 Kg Cultivos:  Fabricante: BASF Ficha t\u00e9cnica  Hoja de seguridad [...]Read More...","og_url":"https:\/\/www.ftepeyac.com.mx\/en\/product\/serifel\/","og_site_name":"Fertilizantes Tepeyac","article_publisher":"https:\/\/www.facebook.com\/tepeyacgrupo","article_modified_time":"2022-04-18T01:41:54+00:00","og_image":[{"width":600,"height":600,"url":"https:\/\/www.ftepeyac.com.mx\/wp-content\/uploads\/2021\/10\/SERIFEL_PRODUCTO.jpg","type":"image\/jpeg"}],"twitter_card":"summary_large_image","schema":{"@context":"https:\/\/schema.org","@graph":[{"@type":"WebPage","@id":"https:\/\/www.ftepeyac.com.mx\/en\/product\/serifel\/","url":"https:\/\/www.ftepeyac.com.mx\/en\/product\/serifel\/","name":"Serifel\u00ae - Fertilizantes Tepeyac","isPartOf":{"@id":"https:\/\/www.ftepeyac.com.mx\/#website"},"primaryImageOfPage":{"@id":"https:\/\/www.ftepeyac.com.mx\/en\/product\/serifel\/#primaryimage"},"image":{"@id":"https:\/\/www.ftepeyac.com.mx\/en\/product\/serifel\/#primaryimage"},"thumbnailUrl":"https:\/\/www.ftepeyac.com.mx\/wp-content\/uploads\/2021\/10\/SERIFEL_PRODUCTO.jpg","datePublished":"2021-10-11T06:13:14+00:00","dateModified":"2022-04-18T01:41:54+00:00","breadcrumb":{"@id":"https:\/\/www.ftepeyac.com.mx\/en\/product\/serifel\/#breadcrumb"},"inLanguage":"en-US","potentialAction":[{"@type":"ReadAction","target":["https:\/\/www.ftepeyac.com.mx\/en\/product\/serifel\/"]}]},{"@type":"ImageObject","inLanguage":"en-US","@id":"https:\/\/www.ftepeyac.com.mx\/en\/product\/serifel\/#primaryimage","url":"https:\/\/www.ftepeyac.com.mx\/wp-content\/uploads\/2021\/10\/SERIFEL_PRODUCTO.jpg","contentUrl":"https:\/\/www.ftepeyac.com.mx\/wp-content\/uploads\/2021\/10\/SERIFEL_PRODUCTO.jpg","width":600,"height":600},{"@type":"BreadcrumbList","@id":"https:\/\/www.ftepeyac.com.mx\/en\/product\/serifel\/#breadcrumb","itemListElement":[{"@type":"ListItem","position":1,"name":"Portada","item":"https:\/\/www.ftepeyac.com.mx\/"},{"@type":"ListItem","position":2,"name":"Productos","item":"https:\/\/www.ftepeyac.com.mx\/shop\/"},{"@type":"ListItem","position":3,"name":"Serifel\u00ae"}]},{"@type":"WebSite","@id":"https:\/\/www.ftepeyac.com.mx\/#website","url":"https:\/\/www.ftepeyac.com.mx\/","name":"Fertilizantes Tepeyac | Soluciones en Nutrici\u00f3n Vegetal y Protecci\u00f3n de Cultivos","description":"Ofrecemos un gran cat\u00e1logo de soluciones en agricultura, nos distinguimos por nuestra atenci\u00f3n personalizada sin intermediarios.","publisher":{"@id":"https:\/\/www.ftepeyac.com.mx\/#organization"},"potentialAction":[{"@type":"SearchAction","target":{"@type":"EntryPoint","urlTemplate":"https:\/\/www.ftepeyac.com.mx\/?s={search_term_string}"},"query-input":{"@type":"PropertyValueSpecification","valueRequired":true,"valueName":"search_term_string"}}],"inLanguage":"en-US"},{"@type":"Organization","@id":"https:\/\/www.ftepeyac.com.mx\/#organization","name":"Fertilizantes Tepeyac | Soluciones en Nutrici\u00f3n Vegetal y Protecci\u00f3n de Cultivos","url":"https:\/\/www.ftepeyac.com.mx\/","logo":{"@type":"ImageObject","inLanguage":"en-US","@id":"https:\/\/www.ftepeyac.com.mx\/#\/schema\/logo\/image\/","url":"https:\/\/www.ftepeyac.com.mx\/wp-content\/uploads\/2019\/09\/tepeyac75-logo.png","contentUrl":"https:\/\/www.ftepeyac.com.mx\/wp-content\/uploads\/2019\/09\/tepeyac75-logo.png","width":700,"height":150,"caption":"Fertilizantes Tepeyac | Soluciones en Nutrici\u00f3n Vegetal y Protecci\u00f3n de Cultivos"},"image":{"@id":"https:\/\/www.ftepeyac.com.mx\/#\/schema\/logo\/image\/"},"sameAs":["https:\/\/www.facebook.com\/tepeyacgrupo","https:\/\/www.instagram.com\/fertilizantes.tepeyac\/","https:\/\/mx.linkedin.com\/company\/fertilizantes-tepeyac-del-noroeste"]}]}},"_links":{"self":[{"href":"https:\/\/www.ftepeyac.com.mx\/en\/wp-json\/wp\/v2\/product\/6360","targetHints":{"allow":["GET"]}}],"collection":[{"href":"https:\/\/www.ftepeyac.com.mx\/en\/wp-json\/wp\/v2\/product"}],"about":[{"href":"https:\/\/www.ftepeyac.com.mx\/en\/wp-json\/wp\/v2\/types\/product"}],"replies":[{"embeddable":true,"href":"https:\/\/www.ftepeyac.com.mx\/en\/wp-json\/wp\/v2\/comments?post=6360"}],"wp:featuredmedia":[{"embeddable":true,"href":"https:\/\/www.ftepeyac.com.mx\/en\/wp-json\/wp\/v2\/media\/6391"}],"wp:attachment":[{"href":"https:\/\/www.ftepeyac.com.mx\/en\/wp-json\/wp\/v2\/media?parent=6360"}],"wp:term":[{"taxonomy":"product_brand","embeddable":true,"href":"https:\/\/www.ftepeyac.com.mx\/en\/wp-json\/wp\/v2\/product_brand?post=6360"},{"taxonomy":"product_cat","embeddable":true,"href":"https:\/\/www.ftepeyac.com.mx\/en\/wp-json\/wp\/v2\/product_cat?post=6360"},{"taxonomy":"product_tag","embeddable":true,"href":"https:\/\/www.ftepeyac.com.mx\/en\/wp-json\/wp\/v2\/product_tag?post=6360"}],"curies":[{"name":"wp","href":"https:\/\/api.w.org\/{rel}","templated":true}]}}