{"id":6409,"date":"2021-10-11T20:22:40","date_gmt":"2021-10-11T20:22:40","guid":{"rendered":"https:\/\/www.ftepeyac.com.mx\/?post_type=product&#038;p=6409"},"modified":"2025-04-04T10:17:38","modified_gmt":"2025-04-04T10:17:38","slug":"neemix-4-5","status":"publish","type":"product","link":"https:\/\/www.ftepeyac.com.mx\/en\/product\/neemix-4-5\/","title":{"rendered":"Neemix\u00ae 4.5"},"content":{"rendered":"","protected":false},"excerpt":{"rendered":"<h4>Neemix\u00ae 4.5<\/h4>\n<p class=\"no-show\">Neemix\u00ae 4.5 es un insecticida bot\u00e1nico regulador del crecimiento que tiene efecto sobre un gran n\u00famero de ordenes de insectos como: Ort\u00f3ptera, d\u00edptera, cole\u00f3ptera, lepid\u00f3ptera, thysan\u00f3ptera y hom\u00f3ptera que son los principales ordenes que afectan los cultivos agr\u00edcolas.<\/p>\n<p class=\"no-show\">Al aplicar de forma foliar Neemix\u00ae 4.5 inmediatamente comienza a actuar sobre los estados inmaduros de las diversas plagas. Lo primero que ocurre es el efecto anti\u00adalimentario. Una vez detenido el da\u00f1o a hojas y tallos, se interfiere la s\u00edntesis de la hormona de la muda (edicsona) lo que ocasiona que el insecto no pueda seguir su proceso de crecimiento. Por \u00faltimo se ejerce el efecto reproductivo afectando la ovipostura y reduciendo la fecundidad de los mismos.<\/p>\n<p class=\"no-show\"><strong style=\"font-weight: 600;\">Presentation:<\/strong> 1 Lt.<\/p>\n<p class=\"no-show\"><strong style=\"font-weight: 600;\">Crops:<\/strong><\/p>\n<p><img decoding=\"async\" class=\"no-show\" src=\"https:\/\/www.ftepeyac.com.mx\/wp-content\/uploads\/2021\/10\/Neemix_cultivos.png\" \/><\/p>\n<p class=\"no-show\"><strong style=\"font-weight: 600;\">Manufacturer:<\/strong> SummitAgro<\/p>\n<p><a class=\"no-show\" href=\"https:\/\/www.ftepeyac.com.mx\/wp-content\/uploads\/2021\/10\/Neemix_ficha_tecnica.pdf\" target=\"_blank\" rel=\"noopener\">Technical sheet<\/a><\/p>\n<p><a class=\"no-show\" href=\"https:\/\/www.ftepeyac.com.mx\/wp-content\/uploads\/2021\/10\/Neemix_hoja_de_seguridad.pdf\" target=\"_blank\" rel=\"noopener\">Safety sheet<\/a> [&#8230;]<\/p>\n<p><a class=\"btn btn-secondary understrap-read-more-link\" href=\"https:\/\/www.ftepeyac.com.mx\/en\/product\/neemix-4-5\/\">Read More&#8230;<\/a><\/p>","protected":false},"featured_media":6410,"comment_status":"open","ping_status":"closed","template":"","meta":{"inline_featured_image":false},"product_brand":[],"product_cat":[51,47],"product_tag":[],"class_list":{"0":"post-6409","1":"product","2":"type-product","3":"status-publish","4":"has-post-thumbnail","6":"product_cat-insecticidas","7":"product_cat-proteccion-de-cultivos","9":"first","10":"instock","11":"shipping-taxable","12":"product-type-simple"},"yoast_head":"<!-- This site is optimized with the Yoast SEO plugin v24.9 - https:\/\/yoast.com\/wordpress\/plugins\/seo\/ -->\n<title>Neemix\u00ae 4.5 - Fertilizantes Tepeyac<\/title>\n<meta name=\"robots\" content=\"index, follow, max-snippet:-1, max-image-preview:large, max-video-preview:-1\" \/>\n<link rel=\"canonical\" href=\"https:\/\/www.ftepeyac.com.mx\/en\/product\/neemix-4-5\/\" \/>\n<meta property=\"og:locale\" content=\"en_US\" \/>\n<meta property=\"og:type\" content=\"article\" \/>\n<meta property=\"og:title\" content=\"Neemix\u00ae 4.5 - Fertilizantes Tepeyac\" \/>\n<meta property=\"og:description\" content=\"Neemix\u00ae 4.5 Neemix\u00ae 4.5 es un insecticida bot\u00e1nico regulador del crecimiento que tiene efecto sobre un gran n\u00famero de ordenes de insectos como: Ort\u00f3ptera, d\u00edptera, cole\u00f3ptera, lepid\u00f3ptera, thysan\u00f3ptera y hom\u00f3ptera que son los principales ordenes que afectan los cultivos agr\u00edcolas.  Al aplicar de forma foliar Neemix\u00ae 4.5 inmediatamente comienza a actuar sobre los estados inmaduros de las diversas plagas. Lo primero que ocurre es el efecto anti\u00adalimentario. Una vez detenido el da\u00f1o a hojas y tallos, se interfiere la s\u00edntesis de la hormona de la muda (edicsona) lo que ocasiona que el insecto no pueda seguir su proceso de crecimiento. Por \u00faltimo se ejerce el efecto reproductivo afectando la ovipostura y reduciendo la fecundidad de los mismos.   Presentaci\u00f3n: 1 Lt. Cultivos:  Fabricante: SummitAgro Ficha t\u00e9cnica  Hoja de seguridad [...]Read More...\" \/>\n<meta property=\"og:url\" content=\"https:\/\/www.ftepeyac.com.mx\/en\/product\/neemix-4-5\/\" \/>\n<meta property=\"og:site_name\" content=\"Fertilizantes Tepeyac\" \/>\n<meta property=\"article:publisher\" content=\"https:\/\/www.facebook.com\/tepeyacgrupo\" \/>\n<meta property=\"article:modified_time\" content=\"2025-04-04T10:17:38+00:00\" \/>\n<meta property=\"og:image\" content=\"https:\/\/www.ftepeyac.com.mx\/wp-content\/uploads\/2021\/10\/Neemix.jpg\" \/>\n\t<meta property=\"og:image:width\" content=\"600\" \/>\n\t<meta property=\"og:image:height\" content=\"600\" \/>\n\t<meta property=\"og:image:type\" content=\"image\/jpeg\" \/>\n<meta name=\"twitter:card\" content=\"summary_large_image\" \/>\n<script type=\"application\/ld+json\" class=\"yoast-schema-graph\">{\"@context\":\"https:\/\/schema.org\",\"@graph\":[{\"@type\":\"WebPage\",\"@id\":\"https:\/\/www.ftepeyac.com.mx\/en\/product\/neemix-4-5\/\",\"url\":\"https:\/\/www.ftepeyac.com.mx\/en\/product\/neemix-4-5\/\",\"name\":\"Neemix\u00ae 4.5 - Fertilizantes Tepeyac\",\"isPartOf\":{\"@id\":\"https:\/\/www.ftepeyac.com.mx\/#website\"},\"primaryImageOfPage\":{\"@id\":\"https:\/\/www.ftepeyac.com.mx\/en\/product\/neemix-4-5\/#primaryimage\"},\"image\":{\"@id\":\"https:\/\/www.ftepeyac.com.mx\/en\/product\/neemix-4-5\/#primaryimage\"},\"thumbnailUrl\":\"https:\/\/www.ftepeyac.com.mx\/wp-content\/uploads\/2021\/10\/Neemix.jpg\",\"datePublished\":\"2021-10-11T20:22:40+00:00\",\"dateModified\":\"2025-04-04T10:17:38+00:00\",\"breadcrumb\":{\"@id\":\"https:\/\/www.ftepeyac.com.mx\/en\/product\/neemix-4-5\/#breadcrumb\"},\"inLanguage\":\"en-US\",\"potentialAction\":[{\"@type\":\"ReadAction\",\"target\":[\"https:\/\/www.ftepeyac.com.mx\/en\/product\/neemix-4-5\/\"]}]},{\"@type\":\"ImageObject\",\"inLanguage\":\"en-US\",\"@id\":\"https:\/\/www.ftepeyac.com.mx\/en\/product\/neemix-4-5\/#primaryimage\",\"url\":\"https:\/\/www.ftepeyac.com.mx\/wp-content\/uploads\/2021\/10\/Neemix.jpg\",\"contentUrl\":\"https:\/\/www.ftepeyac.com.mx\/wp-content\/uploads\/2021\/10\/Neemix.jpg\",\"width\":600,\"height\":600,\"caption\":\"Neemix\"},{\"@type\":\"BreadcrumbList\",\"@id\":\"https:\/\/www.ftepeyac.com.mx\/en\/product\/neemix-4-5\/#breadcrumb\",\"itemListElement\":[{\"@type\":\"ListItem\",\"position\":1,\"name\":\"Portada\",\"item\":\"https:\/\/www.ftepeyac.com.mx\/\"},{\"@type\":\"ListItem\",\"position\":2,\"name\":\"Productos\",\"item\":\"https:\/\/www.ftepeyac.com.mx\/shop\/\"},{\"@type\":\"ListItem\",\"position\":3,\"name\":\"Neemix\u00ae 4.5\"}]},{\"@type\":\"WebSite\",\"@id\":\"https:\/\/www.ftepeyac.com.mx\/#website\",\"url\":\"https:\/\/www.ftepeyac.com.mx\/\",\"name\":\"Fertilizantes Tepeyac | Soluciones en Nutrici\u00f3n Vegetal y Protecci\u00f3n de Cultivos\",\"description\":\"Ofrecemos un gran cat\u00e1logo de soluciones en agricultura, nos distinguimos por nuestra atenci\u00f3n personalizada sin intermediarios.\",\"publisher\":{\"@id\":\"https:\/\/www.ftepeyac.com.mx\/#organization\"},\"potentialAction\":[{\"@type\":\"SearchAction\",\"target\":{\"@type\":\"EntryPoint\",\"urlTemplate\":\"https:\/\/www.ftepeyac.com.mx\/?s={search_term_string}\"},\"query-input\":{\"@type\":\"PropertyValueSpecification\",\"valueRequired\":true,\"valueName\":\"search_term_string\"}}],\"inLanguage\":\"en-US\"},{\"@type\":\"Organization\",\"@id\":\"https:\/\/www.ftepeyac.com.mx\/#organization\",\"name\":\"Fertilizantes Tepeyac | Soluciones en Nutrici\u00f3n Vegetal y Protecci\u00f3n de Cultivos\",\"url\":\"https:\/\/www.ftepeyac.com.mx\/\",\"logo\":{\"@type\":\"ImageObject\",\"inLanguage\":\"en-US\",\"@id\":\"https:\/\/www.ftepeyac.com.mx\/#\/schema\/logo\/image\/\",\"url\":\"https:\/\/www.ftepeyac.com.mx\/wp-content\/uploads\/2019\/09\/tepeyac75-logo.png\",\"contentUrl\":\"https:\/\/www.ftepeyac.com.mx\/wp-content\/uploads\/2019\/09\/tepeyac75-logo.png\",\"width\":700,\"height\":150,\"caption\":\"Fertilizantes Tepeyac | Soluciones en Nutrici\u00f3n Vegetal y Protecci\u00f3n de Cultivos\"},\"image\":{\"@id\":\"https:\/\/www.ftepeyac.com.mx\/#\/schema\/logo\/image\/\"},\"sameAs\":[\"https:\/\/www.facebook.com\/tepeyacgrupo\",\"https:\/\/www.instagram.com\/fertilizantes.tepeyac\/\",\"https:\/\/mx.linkedin.com\/company\/fertilizantes-tepeyac-del-noroeste\"]}]}<\/script>\n<!-- \/ Yoast SEO plugin. -->","yoast_head_json":{"title":"Neemix\u00ae 4.5 - Fertilizantes Tepeyac","robots":{"index":"index","follow":"follow","max-snippet":"max-snippet:-1","max-image-preview":"max-image-preview:large","max-video-preview":"max-video-preview:-1"},"canonical":"https:\/\/www.ftepeyac.com.mx\/en\/product\/neemix-4-5\/","og_locale":"en_US","og_type":"article","og_title":"Neemix\u00ae 4.5 - Fertilizantes Tepeyac","og_description":"Neemix\u00ae 4.5 Neemix\u00ae 4.5 es un insecticida bot\u00e1nico regulador del crecimiento que tiene efecto sobre un gran n\u00famero de ordenes de insectos como: Ort\u00f3ptera, d\u00edptera, cole\u00f3ptera, lepid\u00f3ptera, thysan\u00f3ptera y hom\u00f3ptera que son los principales ordenes que afectan los cultivos agr\u00edcolas.  Al aplicar de forma foliar Neemix\u00ae 4.5 inmediatamente comienza a actuar sobre los estados inmaduros de las diversas plagas. Lo primero que ocurre es el efecto anti\u00adalimentario. Una vez detenido el da\u00f1o a hojas y tallos, se interfiere la s\u00edntesis de la hormona de la muda (edicsona) lo que ocasiona que el insecto no pueda seguir su proceso de crecimiento. Por \u00faltimo se ejerce el efecto reproductivo afectando la ovipostura y reduciendo la fecundidad de los mismos.   Presentaci\u00f3n: 1 Lt. Cultivos:  Fabricante: SummitAgro Ficha t\u00e9cnica  Hoja de seguridad [...]Read More...","og_url":"https:\/\/www.ftepeyac.com.mx\/en\/product\/neemix-4-5\/","og_site_name":"Fertilizantes Tepeyac","article_publisher":"https:\/\/www.facebook.com\/tepeyacgrupo","article_modified_time":"2025-04-04T10:17:38+00:00","og_image":[{"width":600,"height":600,"url":"https:\/\/www.ftepeyac.com.mx\/wp-content\/uploads\/2021\/10\/Neemix.jpg","type":"image\/jpeg"}],"twitter_card":"summary_large_image","schema":{"@context":"https:\/\/schema.org","@graph":[{"@type":"WebPage","@id":"https:\/\/www.ftepeyac.com.mx\/en\/product\/neemix-4-5\/","url":"https:\/\/www.ftepeyac.com.mx\/en\/product\/neemix-4-5\/","name":"Neemix\u00ae 4.5 - Fertilizantes Tepeyac","isPartOf":{"@id":"https:\/\/www.ftepeyac.com.mx\/#website"},"primaryImageOfPage":{"@id":"https:\/\/www.ftepeyac.com.mx\/en\/product\/neemix-4-5\/#primaryimage"},"image":{"@id":"https:\/\/www.ftepeyac.com.mx\/en\/product\/neemix-4-5\/#primaryimage"},"thumbnailUrl":"https:\/\/www.ftepeyac.com.mx\/wp-content\/uploads\/2021\/10\/Neemix.jpg","datePublished":"2021-10-11T20:22:40+00:00","dateModified":"2025-04-04T10:17:38+00:00","breadcrumb":{"@id":"https:\/\/www.ftepeyac.com.mx\/en\/product\/neemix-4-5\/#breadcrumb"},"inLanguage":"en-US","potentialAction":[{"@type":"ReadAction","target":["https:\/\/www.ftepeyac.com.mx\/en\/product\/neemix-4-5\/"]}]},{"@type":"ImageObject","inLanguage":"en-US","@id":"https:\/\/www.ftepeyac.com.mx\/en\/product\/neemix-4-5\/#primaryimage","url":"https:\/\/www.ftepeyac.com.mx\/wp-content\/uploads\/2021\/10\/Neemix.jpg","contentUrl":"https:\/\/www.ftepeyac.com.mx\/wp-content\/uploads\/2021\/10\/Neemix.jpg","width":600,"height":600,"caption":"Neemix"},{"@type":"BreadcrumbList","@id":"https:\/\/www.ftepeyac.com.mx\/en\/product\/neemix-4-5\/#breadcrumb","itemListElement":[{"@type":"ListItem","position":1,"name":"Portada","item":"https:\/\/www.ftepeyac.com.mx\/"},{"@type":"ListItem","position":2,"name":"Productos","item":"https:\/\/www.ftepeyac.com.mx\/shop\/"},{"@type":"ListItem","position":3,"name":"Neemix\u00ae 4.5"}]},{"@type":"WebSite","@id":"https:\/\/www.ftepeyac.com.mx\/#website","url":"https:\/\/www.ftepeyac.com.mx\/","name":"Fertilizantes Tepeyac | Soluciones en Nutrici\u00f3n Vegetal y Protecci\u00f3n de Cultivos","description":"Ofrecemos un gran cat\u00e1logo de soluciones en agricultura, nos distinguimos por nuestra atenci\u00f3n personalizada sin intermediarios.","publisher":{"@id":"https:\/\/www.ftepeyac.com.mx\/#organization"},"potentialAction":[{"@type":"SearchAction","target":{"@type":"EntryPoint","urlTemplate":"https:\/\/www.ftepeyac.com.mx\/?s={search_term_string}"},"query-input":{"@type":"PropertyValueSpecification","valueRequired":true,"valueName":"search_term_string"}}],"inLanguage":"en-US"},{"@type":"Organization","@id":"https:\/\/www.ftepeyac.com.mx\/#organization","name":"Fertilizantes Tepeyac | Soluciones en Nutrici\u00f3n Vegetal y Protecci\u00f3n de Cultivos","url":"https:\/\/www.ftepeyac.com.mx\/","logo":{"@type":"ImageObject","inLanguage":"en-US","@id":"https:\/\/www.ftepeyac.com.mx\/#\/schema\/logo\/image\/","url":"https:\/\/www.ftepeyac.com.mx\/wp-content\/uploads\/2019\/09\/tepeyac75-logo.png","contentUrl":"https:\/\/www.ftepeyac.com.mx\/wp-content\/uploads\/2019\/09\/tepeyac75-logo.png","width":700,"height":150,"caption":"Fertilizantes Tepeyac | Soluciones en Nutrici\u00f3n Vegetal y Protecci\u00f3n de Cultivos"},"image":{"@id":"https:\/\/www.ftepeyac.com.mx\/#\/schema\/logo\/image\/"},"sameAs":["https:\/\/www.facebook.com\/tepeyacgrupo","https:\/\/www.instagram.com\/fertilizantes.tepeyac\/","https:\/\/mx.linkedin.com\/company\/fertilizantes-tepeyac-del-noroeste"]}]}},"_links":{"self":[{"href":"https:\/\/www.ftepeyac.com.mx\/en\/wp-json\/wp\/v2\/product\/6409","targetHints":{"allow":["GET"]}}],"collection":[{"href":"https:\/\/www.ftepeyac.com.mx\/en\/wp-json\/wp\/v2\/product"}],"about":[{"href":"https:\/\/www.ftepeyac.com.mx\/en\/wp-json\/wp\/v2\/types\/product"}],"replies":[{"embeddable":true,"href":"https:\/\/www.ftepeyac.com.mx\/en\/wp-json\/wp\/v2\/comments?post=6409"}],"wp:featuredmedia":[{"embeddable":true,"href":"https:\/\/www.ftepeyac.com.mx\/en\/wp-json\/wp\/v2\/media\/6410"}],"wp:attachment":[{"href":"https:\/\/www.ftepeyac.com.mx\/en\/wp-json\/wp\/v2\/media?parent=6409"}],"wp:term":[{"taxonomy":"product_brand","embeddable":true,"href":"https:\/\/www.ftepeyac.com.mx\/en\/wp-json\/wp\/v2\/product_brand?post=6409"},{"taxonomy":"product_cat","embeddable":true,"href":"https:\/\/www.ftepeyac.com.mx\/en\/wp-json\/wp\/v2\/product_cat?post=6409"},{"taxonomy":"product_tag","embeddable":true,"href":"https:\/\/www.ftepeyac.com.mx\/en\/wp-json\/wp\/v2\/product_tag?post=6409"}],"curies":[{"name":"wp","href":"https:\/\/api.w.org\/{rel}","templated":true}]}}