{"id":6497,"date":"2021-10-12T22:34:31","date_gmt":"2021-10-12T22:34:31","guid":{"rendered":"https:\/\/www.ftepeyac.com.mx\/?post_type=product&#038;p=6497"},"modified":"2026-02-08T22:05:18","modified_gmt":"2026-02-08T22:05:18","slug":"scary-garlic-plus","status":"publish","type":"product","link":"https:\/\/www.ftepeyac.com.mx\/en\/product\/scary-garlic-plus\/","title":{"rendered":"SCARY GARLIC PLUS"},"content":{"rendered":"","protected":false},"excerpt":{"rendered":"<h4>SCARY GARLIC PLUS<\/h4>\n<p class=\"no-show\">SCARY GARLIC PLUS Tiene acci\u00f3n de repelencia y prevenci\u00f3n de reinfestaciones, (PLUS: CON UN GRADO M\u00c1S ALTO EN SU EFECTO DE REPELENCIA) ya que cuenta con extractos de capsicina que lo hacen m\u00e1s agresivo en su efecto ya sea para evitar las reinfestaciones por migraciones como tambi\u00e9n el sacarlos de sus refugios por la acci\u00f3n irritante que tiene el producto.<\/p>\n<p class=\"no-show\">BENEFICIO:<br \/>\n-Estimula el crecimiento de las plantas e incrementa su vigor.<br \/>\n-Promueve el equilibrio ecol\u00f3gico del microambiente atrayendo fauna ben\u00e9fica:<br \/>\n-Reduce o elimina el estr\u00e9s fisiol\u00f3gico causado por fitotoxicidad (uso de agroqu\u00edmicos) o labores en las plantas tratadas.<br \/>\n-Favorable para lograr cultivos libres de plaguicidas, bajo el manejo integrado de plagas (MIP) o dentro de la agricultura org\u00e1nica.<\/p>\n<p class=\"no-show\"><strong style=\"font-weight: 600;\">Presentation:<\/strong> 1 Lt., 5 Lt. y 20 Lt.<\/p>\n<p class=\"no-show\"><strong style=\"font-weight: 600;\">Crops:<\/strong><\/p>\n<p><img decoding=\"async\" class=\"no-show\" src=\"https:\/\/www.ftepeyac.com.mx\/wp-content\/uploads\/2021\/10\/Scary_garlic_cultivos.png\" \/><\/p>\n<p class=\"no-show\"><strong style=\"font-weight: 600;\">Manufacturer:<\/strong> IAN<\/p>\n<p><a class=\"no-show\" href=\"https:\/\/www.ftepeyac.com.mx\/wp-content\/uploads\/2021\/10\/Scary_garlic_ficha_tecnica.pdf\" target=\"_blank\" rel=\"noopener\">Technical sheet<\/a><\/p>\n<p><a class=\"no-show\" href=\"https:\/\/www.ftepeyac.com.mx\/wp-content\/uploads\/2021\/10\/Scary_garlic_hoja_de_seguridad.pdf\" target=\"_blank\" rel=\"noopener\">Safety sheet<\/a> [&#8230;]<\/p>\n<p><a class=\"btn btn-secondary understrap-read-more-link\" href=\"https:\/\/www.ftepeyac.com.mx\/en\/product\/scary-garlic-plus\/\">Read More&#8230;<\/a><\/p>","protected":false},"featured_media":6498,"comment_status":"open","ping_status":"closed","template":"","meta":{"inline_featured_image":false},"product_brand":[],"product_cat":[51,47],"product_tag":[],"class_list":{"0":"post-6497","1":"product","2":"type-product","3":"status-publish","4":"has-post-thumbnail","6":"product_cat-insecticidas","7":"product_cat-proteccion-de-cultivos","9":"first","10":"instock","11":"shipping-taxable","12":"product-type-simple"},"yoast_head":"<!-- This site is optimized with the Yoast SEO plugin v24.9 - https:\/\/yoast.com\/wordpress\/plugins\/seo\/ -->\n<title>SCARY GARLIC PLUS - Fertilizantes Tepeyac<\/title>\n<meta name=\"robots\" content=\"index, follow, max-snippet:-1, max-image-preview:large, max-video-preview:-1\" \/>\n<link rel=\"canonical\" href=\"https:\/\/www.ftepeyac.com.mx\/en\/product\/scary-garlic-plus\/\" \/>\n<meta property=\"og:locale\" content=\"en_US\" \/>\n<meta property=\"og:type\" content=\"article\" \/>\n<meta property=\"og:title\" content=\"SCARY GARLIC PLUS - Fertilizantes Tepeyac\" \/>\n<meta property=\"og:description\" content=\"SCARY GARLIC PLUS SCARY GARLIC PLUS Tiene acci\u00f3n de repelencia y prevenci\u00f3n de reinfestaciones, (PLUS: CON UN GRADO M\u00c1S ALTO EN SU EFECTO DE REPELENCIA) ya que cuenta con extractos de capsicina que lo hacen m\u00e1s agresivo en su efecto ya sea para evitar las reinfestaciones por migraciones como tambi\u00e9n el sacarlos de sus refugios por la acci\u00f3n irritante que tiene el producto.                                                                                              BENEFICIO: -Estimula el crecimiento de las plantas e incrementa su vigor. -Promueve el equilibrio ecol\u00f3gico del microambiente atrayendo fauna ben\u00e9fica: -Reduce o elimina el estr\u00e9s fisiol\u00f3gico causado por fitotoxicidad (uso de agroqu\u00edmicos) o labores en las plantas tratadas. -Favorable para lograr cultivos libres de plaguicidas, bajo el manejo integrado de plagas (MIP) o dentro de la agricultura org\u00e1nica.                                                                                                                                    Presentaci\u00f3n: 1 Lt., 5 Lt. y 20 Lt. Cultivos:  Fabricante: IAN Ficha t\u00e9cnica  Hoja de seguridad [...]Read More...\" \/>\n<meta property=\"og:url\" content=\"https:\/\/www.ftepeyac.com.mx\/en\/product\/scary-garlic-plus\/\" \/>\n<meta property=\"og:site_name\" content=\"Fertilizantes Tepeyac\" \/>\n<meta property=\"article:publisher\" content=\"https:\/\/www.facebook.com\/tepeyacgrupo\" \/>\n<meta property=\"article:modified_time\" content=\"2026-02-08T22:05:18+00:00\" \/>\n<meta property=\"og:image\" content=\"https:\/\/www.ftepeyac.com.mx\/wp-content\/uploads\/2021\/10\/Scary_garlic.jpg\" \/>\n\t<meta property=\"og:image:width\" content=\"600\" \/>\n\t<meta property=\"og:image:height\" content=\"600\" \/>\n\t<meta property=\"og:image:type\" content=\"image\/jpeg\" \/>\n<meta name=\"twitter:card\" content=\"summary_large_image\" \/>\n<script type=\"application\/ld+json\" class=\"yoast-schema-graph\">{\"@context\":\"https:\/\/schema.org\",\"@graph\":[{\"@type\":\"WebPage\",\"@id\":\"https:\/\/www.ftepeyac.com.mx\/en\/product\/scary-garlic-plus\/\",\"url\":\"https:\/\/www.ftepeyac.com.mx\/en\/product\/scary-garlic-plus\/\",\"name\":\"SCARY GARLIC PLUS - Fertilizantes Tepeyac\",\"isPartOf\":{\"@id\":\"https:\/\/www.ftepeyac.com.mx\/#website\"},\"primaryImageOfPage\":{\"@id\":\"https:\/\/www.ftepeyac.com.mx\/en\/product\/scary-garlic-plus\/#primaryimage\"},\"image\":{\"@id\":\"https:\/\/www.ftepeyac.com.mx\/en\/product\/scary-garlic-plus\/#primaryimage\"},\"thumbnailUrl\":\"https:\/\/www.ftepeyac.com.mx\/wp-content\/uploads\/2021\/10\/Scary_garlic.jpg\",\"datePublished\":\"2021-10-12T22:34:31+00:00\",\"dateModified\":\"2026-02-08T22:05:18+00:00\",\"breadcrumb\":{\"@id\":\"https:\/\/www.ftepeyac.com.mx\/en\/product\/scary-garlic-plus\/#breadcrumb\"},\"inLanguage\":\"en-US\",\"potentialAction\":[{\"@type\":\"ReadAction\",\"target\":[\"https:\/\/www.ftepeyac.com.mx\/en\/product\/scary-garlic-plus\/\"]}]},{\"@type\":\"ImageObject\",\"inLanguage\":\"en-US\",\"@id\":\"https:\/\/www.ftepeyac.com.mx\/en\/product\/scary-garlic-plus\/#primaryimage\",\"url\":\"https:\/\/www.ftepeyac.com.mx\/wp-content\/uploads\/2021\/10\/Scary_garlic.jpg\",\"contentUrl\":\"https:\/\/www.ftepeyac.com.mx\/wp-content\/uploads\/2021\/10\/Scary_garlic.jpg\",\"width\":600,\"height\":600,\"caption\":\"Scary_garlic\"},{\"@type\":\"BreadcrumbList\",\"@id\":\"https:\/\/www.ftepeyac.com.mx\/en\/product\/scary-garlic-plus\/#breadcrumb\",\"itemListElement\":[{\"@type\":\"ListItem\",\"position\":1,\"name\":\"Portada\",\"item\":\"https:\/\/www.ftepeyac.com.mx\/\"},{\"@type\":\"ListItem\",\"position\":2,\"name\":\"Productos\",\"item\":\"https:\/\/www.ftepeyac.com.mx\/shop\/\"},{\"@type\":\"ListItem\",\"position\":3,\"name\":\"SCARY GARLIC PLUS\"}]},{\"@type\":\"WebSite\",\"@id\":\"https:\/\/www.ftepeyac.com.mx\/#website\",\"url\":\"https:\/\/www.ftepeyac.com.mx\/\",\"name\":\"Fertilizantes Tepeyac | Soluciones en Nutrici\u00f3n Vegetal y Protecci\u00f3n de Cultivos\",\"description\":\"Ofrecemos un gran cat\u00e1logo de soluciones en agricultura, nos distinguimos por nuestra atenci\u00f3n personalizada sin intermediarios.\",\"publisher\":{\"@id\":\"https:\/\/www.ftepeyac.com.mx\/#organization\"},\"potentialAction\":[{\"@type\":\"SearchAction\",\"target\":{\"@type\":\"EntryPoint\",\"urlTemplate\":\"https:\/\/www.ftepeyac.com.mx\/?s={search_term_string}\"},\"query-input\":{\"@type\":\"PropertyValueSpecification\",\"valueRequired\":true,\"valueName\":\"search_term_string\"}}],\"inLanguage\":\"en-US\"},{\"@type\":\"Organization\",\"@id\":\"https:\/\/www.ftepeyac.com.mx\/#organization\",\"name\":\"Fertilizantes Tepeyac | Soluciones en Nutrici\u00f3n Vegetal y Protecci\u00f3n de Cultivos\",\"url\":\"https:\/\/www.ftepeyac.com.mx\/\",\"logo\":{\"@type\":\"ImageObject\",\"inLanguage\":\"en-US\",\"@id\":\"https:\/\/www.ftepeyac.com.mx\/#\/schema\/logo\/image\/\",\"url\":\"https:\/\/www.ftepeyac.com.mx\/wp-content\/uploads\/2019\/09\/tepeyac75-logo.png\",\"contentUrl\":\"https:\/\/www.ftepeyac.com.mx\/wp-content\/uploads\/2019\/09\/tepeyac75-logo.png\",\"width\":700,\"height\":150,\"caption\":\"Fertilizantes Tepeyac | Soluciones en Nutrici\u00f3n Vegetal y Protecci\u00f3n de Cultivos\"},\"image\":{\"@id\":\"https:\/\/www.ftepeyac.com.mx\/#\/schema\/logo\/image\/\"},\"sameAs\":[\"https:\/\/www.facebook.com\/tepeyacgrupo\",\"https:\/\/www.instagram.com\/fertilizantes.tepeyac\/\",\"https:\/\/mx.linkedin.com\/company\/fertilizantes-tepeyac-del-noroeste\"]}]}<\/script>\n<!-- \/ Yoast SEO plugin. -->","yoast_head_json":{"title":"SCARY GARLIC PLUS - Fertilizantes Tepeyac","robots":{"index":"index","follow":"follow","max-snippet":"max-snippet:-1","max-image-preview":"max-image-preview:large","max-video-preview":"max-video-preview:-1"},"canonical":"https:\/\/www.ftepeyac.com.mx\/en\/product\/scary-garlic-plus\/","og_locale":"en_US","og_type":"article","og_title":"SCARY GARLIC PLUS - Fertilizantes Tepeyac","og_description":"SCARY GARLIC PLUS SCARY GARLIC PLUS Tiene acci\u00f3n de repelencia y prevenci\u00f3n de reinfestaciones, (PLUS: CON UN GRADO M\u00c1S ALTO EN SU EFECTO DE REPELENCIA) ya que cuenta con extractos de capsicina que lo hacen m\u00e1s agresivo en su efecto ya sea para evitar las reinfestaciones por migraciones como tambi\u00e9n el sacarlos de sus refugios por la acci\u00f3n irritante que tiene el producto.                                                                                              BENEFICIO: -Estimula el crecimiento de las plantas e incrementa su vigor. -Promueve el equilibrio ecol\u00f3gico del microambiente atrayendo fauna ben\u00e9fica: -Reduce o elimina el estr\u00e9s fisiol\u00f3gico causado por fitotoxicidad (uso de agroqu\u00edmicos) o labores en las plantas tratadas. -Favorable para lograr cultivos libres de plaguicidas, bajo el manejo integrado de plagas (MIP) o dentro de la agricultura org\u00e1nica.                                                                                                                                    Presentaci\u00f3n: 1 Lt., 5 Lt. y 20 Lt. Cultivos:  Fabricante: IAN Ficha t\u00e9cnica  Hoja de seguridad [...]Read More...","og_url":"https:\/\/www.ftepeyac.com.mx\/en\/product\/scary-garlic-plus\/","og_site_name":"Fertilizantes Tepeyac","article_publisher":"https:\/\/www.facebook.com\/tepeyacgrupo","article_modified_time":"2026-02-08T22:05:18+00:00","og_image":[{"width":600,"height":600,"url":"https:\/\/www.ftepeyac.com.mx\/wp-content\/uploads\/2021\/10\/Scary_garlic.jpg","type":"image\/jpeg"}],"twitter_card":"summary_large_image","schema":{"@context":"https:\/\/schema.org","@graph":[{"@type":"WebPage","@id":"https:\/\/www.ftepeyac.com.mx\/en\/product\/scary-garlic-plus\/","url":"https:\/\/www.ftepeyac.com.mx\/en\/product\/scary-garlic-plus\/","name":"SCARY GARLIC PLUS - Fertilizantes Tepeyac","isPartOf":{"@id":"https:\/\/www.ftepeyac.com.mx\/#website"},"primaryImageOfPage":{"@id":"https:\/\/www.ftepeyac.com.mx\/en\/product\/scary-garlic-plus\/#primaryimage"},"image":{"@id":"https:\/\/www.ftepeyac.com.mx\/en\/product\/scary-garlic-plus\/#primaryimage"},"thumbnailUrl":"https:\/\/www.ftepeyac.com.mx\/wp-content\/uploads\/2021\/10\/Scary_garlic.jpg","datePublished":"2021-10-12T22:34:31+00:00","dateModified":"2026-02-08T22:05:18+00:00","breadcrumb":{"@id":"https:\/\/www.ftepeyac.com.mx\/en\/product\/scary-garlic-plus\/#breadcrumb"},"inLanguage":"en-US","potentialAction":[{"@type":"ReadAction","target":["https:\/\/www.ftepeyac.com.mx\/en\/product\/scary-garlic-plus\/"]}]},{"@type":"ImageObject","inLanguage":"en-US","@id":"https:\/\/www.ftepeyac.com.mx\/en\/product\/scary-garlic-plus\/#primaryimage","url":"https:\/\/www.ftepeyac.com.mx\/wp-content\/uploads\/2021\/10\/Scary_garlic.jpg","contentUrl":"https:\/\/www.ftepeyac.com.mx\/wp-content\/uploads\/2021\/10\/Scary_garlic.jpg","width":600,"height":600,"caption":"Scary_garlic"},{"@type":"BreadcrumbList","@id":"https:\/\/www.ftepeyac.com.mx\/en\/product\/scary-garlic-plus\/#breadcrumb","itemListElement":[{"@type":"ListItem","position":1,"name":"Portada","item":"https:\/\/www.ftepeyac.com.mx\/"},{"@type":"ListItem","position":2,"name":"Productos","item":"https:\/\/www.ftepeyac.com.mx\/shop\/"},{"@type":"ListItem","position":3,"name":"SCARY GARLIC PLUS"}]},{"@type":"WebSite","@id":"https:\/\/www.ftepeyac.com.mx\/#website","url":"https:\/\/www.ftepeyac.com.mx\/","name":"Fertilizantes Tepeyac | Soluciones en Nutrici\u00f3n Vegetal y Protecci\u00f3n de Cultivos","description":"Ofrecemos un gran cat\u00e1logo de soluciones en agricultura, nos distinguimos por nuestra atenci\u00f3n personalizada sin intermediarios.","publisher":{"@id":"https:\/\/www.ftepeyac.com.mx\/#organization"},"potentialAction":[{"@type":"SearchAction","target":{"@type":"EntryPoint","urlTemplate":"https:\/\/www.ftepeyac.com.mx\/?s={search_term_string}"},"query-input":{"@type":"PropertyValueSpecification","valueRequired":true,"valueName":"search_term_string"}}],"inLanguage":"en-US"},{"@type":"Organization","@id":"https:\/\/www.ftepeyac.com.mx\/#organization","name":"Fertilizantes Tepeyac | Soluciones en Nutrici\u00f3n Vegetal y Protecci\u00f3n de Cultivos","url":"https:\/\/www.ftepeyac.com.mx\/","logo":{"@type":"ImageObject","inLanguage":"en-US","@id":"https:\/\/www.ftepeyac.com.mx\/#\/schema\/logo\/image\/","url":"https:\/\/www.ftepeyac.com.mx\/wp-content\/uploads\/2019\/09\/tepeyac75-logo.png","contentUrl":"https:\/\/www.ftepeyac.com.mx\/wp-content\/uploads\/2019\/09\/tepeyac75-logo.png","width":700,"height":150,"caption":"Fertilizantes Tepeyac | Soluciones en Nutrici\u00f3n Vegetal y Protecci\u00f3n de Cultivos"},"image":{"@id":"https:\/\/www.ftepeyac.com.mx\/#\/schema\/logo\/image\/"},"sameAs":["https:\/\/www.facebook.com\/tepeyacgrupo","https:\/\/www.instagram.com\/fertilizantes.tepeyac\/","https:\/\/mx.linkedin.com\/company\/fertilizantes-tepeyac-del-noroeste"]}]}},"_links":{"self":[{"href":"https:\/\/www.ftepeyac.com.mx\/en\/wp-json\/wp\/v2\/product\/6497","targetHints":{"allow":["GET"]}}],"collection":[{"href":"https:\/\/www.ftepeyac.com.mx\/en\/wp-json\/wp\/v2\/product"}],"about":[{"href":"https:\/\/www.ftepeyac.com.mx\/en\/wp-json\/wp\/v2\/types\/product"}],"replies":[{"embeddable":true,"href":"https:\/\/www.ftepeyac.com.mx\/en\/wp-json\/wp\/v2\/comments?post=6497"}],"wp:featuredmedia":[{"embeddable":true,"href":"https:\/\/www.ftepeyac.com.mx\/en\/wp-json\/wp\/v2\/media\/6498"}],"wp:attachment":[{"href":"https:\/\/www.ftepeyac.com.mx\/en\/wp-json\/wp\/v2\/media?parent=6497"}],"wp:term":[{"taxonomy":"product_brand","embeddable":true,"href":"https:\/\/www.ftepeyac.com.mx\/en\/wp-json\/wp\/v2\/product_brand?post=6497"},{"taxonomy":"product_cat","embeddable":true,"href":"https:\/\/www.ftepeyac.com.mx\/en\/wp-json\/wp\/v2\/product_cat?post=6497"},{"taxonomy":"product_tag","embeddable":true,"href":"https:\/\/www.ftepeyac.com.mx\/en\/wp-json\/wp\/v2\/product_tag?post=6497"}],"curies":[{"name":"wp","href":"https:\/\/api.w.org\/{rel}","templated":true}]}}