{"id":8827,"date":"2023-01-19T07:28:59","date_gmt":"2023-01-19T07:28:59","guid":{"rendered":"https:\/\/www.ftepeyac.com.mx\/?post_type=product&#038;p=8827"},"modified":"2023-03-30T03:49:22","modified_gmt":"2023-03-30T03:49:22","slug":"instarpac","status":"publish","type":"product","link":"https:\/\/www.ftepeyac.com.mx\/en\/product\/instarpac\/","title":{"rendered":"Instarpac"},"content":{"rendered":"","protected":false},"excerpt":{"rendered":"<h4>LAMBDA CYHALOTRINA<\/h4>\n<p class=\"no-show\">INSTARPAC es un insecticida de amplio espectro utilizado en la agricultura para el control de plagas ocasionadas por insectos, cole\u00f3pteros y lepid\u00f3pteros. INSTARPAC est\u00e1 conformado por cristales de Lambda Cyhalotrina, los cuales son altamente insolubles, por lo que despu\u00e9s de la aplicaci\u00f3n quedan retenidos en la superficie de las hojas, donde permanecen, resistiendo el lavado de las lluvias y ejerciendo su acci\u00f3n insecticida en forma inmediata.<\/p>\n<p class=\"no-show\"><strong style=\"font-weight: 600;\">Presentation:<\/strong> 1 Lt.<\/p>\n<p class=\"no-show\"><strong style=\"font-weight: 600;\">Crops:<\/strong><\/p>\n<p><img decoding=\"async\" class=\"no-show\" src=\"https:\/\/www.ftepeyac.com.mx\/wp-content\/uploads\/2019\/09\/instrapac-cultivos.png\" alt=\"Mezcla f\u00edsica\" \/><\/p>\n<p class=\"no-show\"><strong style=\"font-weight: 600;\">Manufacturer:<\/strong> INDIAPAC<\/p>\n<p><a class=\"no-show\" href=\"https:\/\/www.ftepeyac.com.mx\/wp-content\/uploads\/2019\/09\/instarpac_hoja_seguridad-1.pdf\" target=\"_blank\" rel=\"noopener\">Safety sheet<\/a><\/p>\n<p><a class=\"no-show\" href=\"https:\/\/www.ftepeyac.com.mx\/wp-content\/uploads\/2019\/09\/instarpac_ficha_tecnica-1.pdf\" target=\"_blank\" rel=\"noopener\">Technical sheet<\/a> [&#8230;]<\/p>\n<p><a class=\"btn btn-secondary understrap-read-more-link\" href=\"https:\/\/www.ftepeyac.com.mx\/en\/product\/instarpac\/\">Read More&#8230;<\/a><\/p>","protected":false},"featured_media":9216,"comment_status":"open","ping_status":"closed","template":"","meta":{"inline_featured_image":false},"product_brand":[],"product_cat":[101],"product_tag":[],"class_list":{"0":"post-8827","1":"product","2":"type-product","3":"status-publish","4":"has-post-thumbnail","6":"product_cat-insecticidas-indiapac","8":"first","9":"instock","10":"shipping-taxable","11":"product-type-simple"},"yoast_head":"<!-- This site is optimized with the Yoast SEO plugin v24.9 - https:\/\/yoast.com\/wordpress\/plugins\/seo\/ -->\n<title>Instarpac - Fertilizantes Tepeyac<\/title>\n<meta name=\"robots\" content=\"index, follow, max-snippet:-1, max-image-preview:large, max-video-preview:-1\" \/>\n<link rel=\"canonical\" href=\"https:\/\/www.ftepeyac.com.mx\/en\/product\/instarpac\/\" \/>\n<meta property=\"og:locale\" content=\"en_US\" \/>\n<meta property=\"og:type\" content=\"article\" \/>\n<meta property=\"og:title\" content=\"Instarpac - Fertilizantes Tepeyac\" \/>\n<meta property=\"og:description\" content=\"LAMBDA CYHALOTRINA INSTARPAC es un insecticida de amplio espectro utilizado en la agricultura para el control de plagas ocasionadas por insectos, cole\u00f3pteros y lepid\u00f3pteros. INSTARPAC est\u00e1 conformado por cristales de Lambda Cyhalotrina, los cuales son altamente insolubles, por lo que despu\u00e9s de la aplicaci\u00f3n quedan retenidos en la superficie de las hojas, donde permanecen, resistiendo el lavado de las lluvias y ejerciendo su acci\u00f3n insecticida en forma inmediata. Presentaci\u00f3n: 1 Lt. Cultivos:  Fabricante: INDIAPAC Hoja de seguridad  Ficha t\u00e9cnica [...]Read More...\" \/>\n<meta property=\"og:url\" content=\"https:\/\/www.ftepeyac.com.mx\/en\/product\/instarpac\/\" \/>\n<meta property=\"og:site_name\" content=\"Fertilizantes Tepeyac\" \/>\n<meta property=\"article:publisher\" content=\"https:\/\/www.facebook.com\/tepeyacgrupo\" \/>\n<meta property=\"article:modified_time\" content=\"2023-03-30T03:49:22+00:00\" \/>\n<meta property=\"og:image\" content=\"https:\/\/www.ftepeyac.com.mx\/wp-content\/uploads\/2019\/09\/Instarpac.jpg\" \/>\n\t<meta property=\"og:image:width\" content=\"600\" \/>\n\t<meta property=\"og:image:height\" content=\"600\" \/>\n\t<meta property=\"og:image:type\" content=\"image\/jpeg\" \/>\n<meta name=\"twitter:card\" content=\"summary_large_image\" \/>\n<script type=\"application\/ld+json\" class=\"yoast-schema-graph\">{\"@context\":\"https:\/\/schema.org\",\"@graph\":[{\"@type\":\"WebPage\",\"@id\":\"https:\/\/www.ftepeyac.com.mx\/producto\/instarpac\/\",\"url\":\"https:\/\/www.ftepeyac.com.mx\/producto\/instarpac\/\",\"name\":\"Instarpac - Fertilizantes Tepeyac\",\"isPartOf\":{\"@id\":\"https:\/\/www.ftepeyac.com.mx\/#website\"},\"primaryImageOfPage\":{\"@id\":\"https:\/\/www.ftepeyac.com.mx\/producto\/instarpac\/#primaryimage\"},\"image\":{\"@id\":\"https:\/\/www.ftepeyac.com.mx\/producto\/instarpac\/#primaryimage\"},\"thumbnailUrl\":\"https:\/\/www.ftepeyac.com.mx\/wp-content\/uploads\/2019\/09\/Instarpac.jpg\",\"datePublished\":\"2023-01-19T07:28:59+00:00\",\"dateModified\":\"2023-03-30T03:49:22+00:00\",\"breadcrumb\":{\"@id\":\"https:\/\/www.ftepeyac.com.mx\/producto\/instarpac\/#breadcrumb\"},\"inLanguage\":\"en-US\",\"potentialAction\":[{\"@type\":\"ReadAction\",\"target\":[\"https:\/\/www.ftepeyac.com.mx\/producto\/instarpac\/\"]}]},{\"@type\":\"ImageObject\",\"inLanguage\":\"en-US\",\"@id\":\"https:\/\/www.ftepeyac.com.mx\/producto\/instarpac\/#primaryimage\",\"url\":\"https:\/\/www.ftepeyac.com.mx\/wp-content\/uploads\/2019\/09\/Instarpac.jpg\",\"contentUrl\":\"https:\/\/www.ftepeyac.com.mx\/wp-content\/uploads\/2019\/09\/Instarpac.jpg\",\"width\":600,\"height\":600},{\"@type\":\"BreadcrumbList\",\"@id\":\"https:\/\/www.ftepeyac.com.mx\/producto\/instarpac\/#breadcrumb\",\"itemListElement\":[{\"@type\":\"ListItem\",\"position\":1,\"name\":\"Portada\",\"item\":\"https:\/\/www.ftepeyac.com.mx\/\"},{\"@type\":\"ListItem\",\"position\":2,\"name\":\"Productos\",\"item\":\"https:\/\/www.ftepeyac.com.mx\/shop\/\"},{\"@type\":\"ListItem\",\"position\":3,\"name\":\"Instarpac\"}]},{\"@type\":\"WebSite\",\"@id\":\"https:\/\/www.ftepeyac.com.mx\/#website\",\"url\":\"https:\/\/www.ftepeyac.com.mx\/\",\"name\":\"Fertilizantes Tepeyac | Soluciones en Nutrici\u00f3n Vegetal y Protecci\u00f3n de Cultivos\",\"description\":\"Ofrecemos un gran cat\u00e1logo de soluciones en agricultura, nos distinguimos por nuestra atenci\u00f3n personalizada sin intermediarios.\",\"publisher\":{\"@id\":\"https:\/\/www.ftepeyac.com.mx\/#organization\"},\"potentialAction\":[{\"@type\":\"SearchAction\",\"target\":{\"@type\":\"EntryPoint\",\"urlTemplate\":\"https:\/\/www.ftepeyac.com.mx\/?s={search_term_string}\"},\"query-input\":{\"@type\":\"PropertyValueSpecification\",\"valueRequired\":true,\"valueName\":\"search_term_string\"}}],\"inLanguage\":\"en-US\"},{\"@type\":\"Organization\",\"@id\":\"https:\/\/www.ftepeyac.com.mx\/#organization\",\"name\":\"Fertilizantes Tepeyac | Soluciones en Nutrici\u00f3n Vegetal y Protecci\u00f3n de Cultivos\",\"url\":\"https:\/\/www.ftepeyac.com.mx\/\",\"logo\":{\"@type\":\"ImageObject\",\"inLanguage\":\"en-US\",\"@id\":\"https:\/\/www.ftepeyac.com.mx\/#\/schema\/logo\/image\/\",\"url\":\"https:\/\/www.ftepeyac.com.mx\/wp-content\/uploads\/2019\/09\/tepeyac75-logo.png\",\"contentUrl\":\"https:\/\/www.ftepeyac.com.mx\/wp-content\/uploads\/2019\/09\/tepeyac75-logo.png\",\"width\":700,\"height\":150,\"caption\":\"Fertilizantes Tepeyac | Soluciones en Nutrici\u00f3n Vegetal y Protecci\u00f3n de Cultivos\"},\"image\":{\"@id\":\"https:\/\/www.ftepeyac.com.mx\/#\/schema\/logo\/image\/\"},\"sameAs\":[\"https:\/\/www.facebook.com\/tepeyacgrupo\",\"https:\/\/www.instagram.com\/fertilizantes.tepeyac\/\",\"https:\/\/mx.linkedin.com\/company\/fertilizantes-tepeyac-del-noroeste\"]}]}<\/script>\n<!-- \/ Yoast SEO plugin. -->","yoast_head_json":{"title":"Instarpac - Fertilizantes Tepeyac","robots":{"index":"index","follow":"follow","max-snippet":"max-snippet:-1","max-image-preview":"max-image-preview:large","max-video-preview":"max-video-preview:-1"},"canonical":"https:\/\/www.ftepeyac.com.mx\/en\/product\/instarpac\/","og_locale":"en_US","og_type":"article","og_title":"Instarpac - Fertilizantes Tepeyac","og_description":"LAMBDA CYHALOTRINA INSTARPAC es un insecticida de amplio espectro utilizado en la agricultura para el control de plagas ocasionadas por insectos, cole\u00f3pteros y lepid\u00f3pteros. INSTARPAC est\u00e1 conformado por cristales de Lambda Cyhalotrina, los cuales son altamente insolubles, por lo que despu\u00e9s de la aplicaci\u00f3n quedan retenidos en la superficie de las hojas, donde permanecen, resistiendo el lavado de las lluvias y ejerciendo su acci\u00f3n insecticida en forma inmediata. Presentaci\u00f3n: 1 Lt. Cultivos:  Fabricante: INDIAPAC Hoja de seguridad  Ficha t\u00e9cnica [...]Read More...","og_url":"https:\/\/www.ftepeyac.com.mx\/en\/product\/instarpac\/","og_site_name":"Fertilizantes Tepeyac","article_publisher":"https:\/\/www.facebook.com\/tepeyacgrupo","article_modified_time":"2023-03-30T03:49:22+00:00","og_image":[{"width":600,"height":600,"url":"https:\/\/www.ftepeyac.com.mx\/wp-content\/uploads\/2019\/09\/Instarpac.jpg","type":"image\/jpeg"}],"twitter_card":"summary_large_image","schema":{"@context":"https:\/\/schema.org","@graph":[{"@type":"WebPage","@id":"https:\/\/www.ftepeyac.com.mx\/producto\/instarpac\/","url":"https:\/\/www.ftepeyac.com.mx\/producto\/instarpac\/","name":"Instarpac - Fertilizantes Tepeyac","isPartOf":{"@id":"https:\/\/www.ftepeyac.com.mx\/#website"},"primaryImageOfPage":{"@id":"https:\/\/www.ftepeyac.com.mx\/producto\/instarpac\/#primaryimage"},"image":{"@id":"https:\/\/www.ftepeyac.com.mx\/producto\/instarpac\/#primaryimage"},"thumbnailUrl":"https:\/\/www.ftepeyac.com.mx\/wp-content\/uploads\/2019\/09\/Instarpac.jpg","datePublished":"2023-01-19T07:28:59+00:00","dateModified":"2023-03-30T03:49:22+00:00","breadcrumb":{"@id":"https:\/\/www.ftepeyac.com.mx\/producto\/instarpac\/#breadcrumb"},"inLanguage":"en-US","potentialAction":[{"@type":"ReadAction","target":["https:\/\/www.ftepeyac.com.mx\/producto\/instarpac\/"]}]},{"@type":"ImageObject","inLanguage":"en-US","@id":"https:\/\/www.ftepeyac.com.mx\/producto\/instarpac\/#primaryimage","url":"https:\/\/www.ftepeyac.com.mx\/wp-content\/uploads\/2019\/09\/Instarpac.jpg","contentUrl":"https:\/\/www.ftepeyac.com.mx\/wp-content\/uploads\/2019\/09\/Instarpac.jpg","width":600,"height":600},{"@type":"BreadcrumbList","@id":"https:\/\/www.ftepeyac.com.mx\/producto\/instarpac\/#breadcrumb","itemListElement":[{"@type":"ListItem","position":1,"name":"Portada","item":"https:\/\/www.ftepeyac.com.mx\/"},{"@type":"ListItem","position":2,"name":"Productos","item":"https:\/\/www.ftepeyac.com.mx\/shop\/"},{"@type":"ListItem","position":3,"name":"Instarpac"}]},{"@type":"WebSite","@id":"https:\/\/www.ftepeyac.com.mx\/#website","url":"https:\/\/www.ftepeyac.com.mx\/","name":"Fertilizantes Tepeyac | Soluciones en Nutrici\u00f3n Vegetal y Protecci\u00f3n de Cultivos","description":"Ofrecemos un gran cat\u00e1logo de soluciones en agricultura, nos distinguimos por nuestra atenci\u00f3n personalizada sin intermediarios.","publisher":{"@id":"https:\/\/www.ftepeyac.com.mx\/#organization"},"potentialAction":[{"@type":"SearchAction","target":{"@type":"EntryPoint","urlTemplate":"https:\/\/www.ftepeyac.com.mx\/?s={search_term_string}"},"query-input":{"@type":"PropertyValueSpecification","valueRequired":true,"valueName":"search_term_string"}}],"inLanguage":"en-US"},{"@type":"Organization","@id":"https:\/\/www.ftepeyac.com.mx\/#organization","name":"Fertilizantes Tepeyac | Soluciones en Nutrici\u00f3n Vegetal y Protecci\u00f3n de Cultivos","url":"https:\/\/www.ftepeyac.com.mx\/","logo":{"@type":"ImageObject","inLanguage":"en-US","@id":"https:\/\/www.ftepeyac.com.mx\/#\/schema\/logo\/image\/","url":"https:\/\/www.ftepeyac.com.mx\/wp-content\/uploads\/2019\/09\/tepeyac75-logo.png","contentUrl":"https:\/\/www.ftepeyac.com.mx\/wp-content\/uploads\/2019\/09\/tepeyac75-logo.png","width":700,"height":150,"caption":"Fertilizantes Tepeyac | Soluciones en Nutrici\u00f3n Vegetal y Protecci\u00f3n de Cultivos"},"image":{"@id":"https:\/\/www.ftepeyac.com.mx\/#\/schema\/logo\/image\/"},"sameAs":["https:\/\/www.facebook.com\/tepeyacgrupo","https:\/\/www.instagram.com\/fertilizantes.tepeyac\/","https:\/\/mx.linkedin.com\/company\/fertilizantes-tepeyac-del-noroeste"]}]}},"_links":{"self":[{"href":"https:\/\/www.ftepeyac.com.mx\/en\/wp-json\/wp\/v2\/product\/8827","targetHints":{"allow":["GET"]}}],"collection":[{"href":"https:\/\/www.ftepeyac.com.mx\/en\/wp-json\/wp\/v2\/product"}],"about":[{"href":"https:\/\/www.ftepeyac.com.mx\/en\/wp-json\/wp\/v2\/types\/product"}],"replies":[{"embeddable":true,"href":"https:\/\/www.ftepeyac.com.mx\/en\/wp-json\/wp\/v2\/comments?post=8827"}],"wp:featuredmedia":[{"embeddable":true,"href":"https:\/\/www.ftepeyac.com.mx\/en\/wp-json\/wp\/v2\/media\/9216"}],"wp:attachment":[{"href":"https:\/\/www.ftepeyac.com.mx\/en\/wp-json\/wp\/v2\/media?parent=8827"}],"wp:term":[{"taxonomy":"product_brand","embeddable":true,"href":"https:\/\/www.ftepeyac.com.mx\/en\/wp-json\/wp\/v2\/product_brand?post=8827"},{"taxonomy":"product_cat","embeddable":true,"href":"https:\/\/www.ftepeyac.com.mx\/en\/wp-json\/wp\/v2\/product_cat?post=8827"},{"taxonomy":"product_tag","embeddable":true,"href":"https:\/\/www.ftepeyac.com.mx\/en\/wp-json\/wp\/v2\/product_tag?post=8827"}],"curies":[{"name":"wp","href":"https:\/\/api.w.org\/{rel}","templated":true}]}}